{"id":3288,"date":"2022-01-19T16:17:32","date_gmt":"2022-01-19T16:17:32","guid":{"rendered":"https:\/\/adultxxxdate.net\/daha-once-hic-katilmadiginiz-baglanti-sitelerini-bulma\/"},"modified":"2022-01-19T16:17:32","modified_gmt":"2022-01-19T16:17:32","slug":"daha-once-hic-katilmadiginiz-baglanti-sitelerini-bulma","status":"publish","type":"page","link":"https:\/\/adultxxxdate.net\/tr\/daha-once-hic-katilmadiginiz-baglanti-sitelerini-bulma\/","title":{"rendered":"Daha \u00d6nce Hi\u00e7 Kat\u0131lmad\u0131\u011f\u0131n\u0131z Ba\u011flant\u0131 Sitelerini Bulma"},"content":{"rendered":"<p>Ekibimiz, \u015fimdi deneyebilece\u011finiz 40 arkada\u015fl\u0131k uygulamas\u0131n\u0131n bir listesini bir araya getirmi\u015f.<\/p>\n<p>Herhangi bir \u00f6neriniz varsa l\u00fctfen ileti\u015fim sayfam\u0131z arac\u0131l\u0131\u011f\u0131yla bizimle ileti\u015fime ge\u00e7in ve \u00f6nerdi\u011finiz ek uygulamalar\u0131 incelemeye \u00e7al\u0131\u015faca\u011f\u0131z.<\/p>\n<h2>Nas\u0131l Kat\u0131l\u0131nr?<\/h2>\n<ol>\n<li>\u0130htiya\u00e7lar\u0131n\u0131za en uygun uygulamay\u0131 bulun<\/li>\n<li>Kay\u0131t sayfas\u0131n\u0131 tamamlama<\/li>\n<li>B\u00f6lgenizdeki yerel k\u0131zlara mesaj mesaj\u0131<\/li>\n<\/ol>\n<h2>T\u00fcm Yorumlar\u0131m\u0131z<\/h2>\n<ul class=\"wpb_page_list\"><li class=\"page_item page-item-1994\"><a href=\"https:\/\/adultxxxdate.net\/tr\/daha-once-hic-katilmadiginiz-baglanti-sitelerini-bulma\/cheatcougars-inceleme\/\">Cheatcougars \u0130nceleme<\/a><\/li>\n<li class=\"page_item page-item-2013\"><a href=\"https:\/\/adultxxxdate.net\/tr\/daha-once-hic-katilmadiginiz-baglanti-sitelerini-bulma\/findmyflings-inceleme\/\">Findmyflings \u0130nceleme<\/a><\/li>\n<li class=\"page_item page-item-2018\"><a href=\"https:\/\/adultxxxdate.net\/tr\/daha-once-hic-katilmadiginiz-baglanti-sitelerini-bulma\/localhussies-inceleme\/\">Localhussies \u0130nceleme<\/a><\/li>\n<li class=\"page_item page-item-2020\"><a href=\"https:\/\/adultxxxdate.net\/tr\/daha-once-hic-katilmadiginiz-baglanti-sitelerini-bulma\/collarspace-incelemesi\/\">Collarspace \u0130ncelemesi<\/a><\/li>\n<li class=\"page_item page-item-2021\"><a href=\"https:\/\/adultxxxdate.net\/tr\/daha-once-hic-katilmadiginiz-baglanti-sitelerini-bulma\/iwantu-inceleme\/\">Iwantu \u0130nceleme<\/a><\/li>\n<li class=\"page_item page-item-2024\"><a href=\"https:\/\/adultxxxdate.net\/tr\/daha-once-hic-katilmadiginiz-baglanti-sitelerini-bulma\/uberhorny-incelemesi\/\">Uberhorny \u0130ncelemesi<\/a><\/li>\n<li class=\"page_item page-item-2025\"><a href=\"https:\/\/adultxxxdate.net\/tr\/daha-once-hic-katilmadiginiz-baglanti-sitelerini-bulma\/snapsext-incelemesi\/\">Snapsext \u0130ncelemesi<\/a><\/li>\n<li class=\"page_item page-item-2069\"><a href=\"https:\/\/adultxxxdate.net\/tr\/daha-once-hic-katilmadiginiz-baglanti-sitelerini-bulma\/omgchat-inceleme\/\">Omgchat \u0130nceleme<\/a><\/li>\n<li class=\"page_item page-item-2071\"><a href=\"https:\/\/adultxxxdate.net\/tr\/daha-once-hic-katilmadiginiz-baglanti-sitelerini-bulma\/sosyal-seks-incelemesi\/\">Sosyal Seks \u0130ncelemesi<\/a><\/li>\n<li class=\"page_item page-item-2074\"><a href=\"https:\/\/adultxxxdate.net\/tr\/daha-once-hic-katilmadiginiz-baglanti-sitelerini-bulma\/xcheaters-inceleme\/\">Xcheaters \u0130nceleme<\/a><\/li>\n<li class=\"page_item page-item-2076\"><a href=\"https:\/\/adultxxxdate.net\/tr\/daha-once-hic-katilmadiginiz-baglanti-sitelerini-bulma\/fabswingers-inceleme\/\">Fabswingers \u0130nceleme<\/a><\/li>\n<li class=\"page_item page-item-2077\"><a href=\"https:\/\/adultxxxdate.net\/tr\/daha-once-hic-katilmadiginiz-baglanti-sitelerini-bulma\/fuckbook-inceleme\/\">Fuckbook \u0130nceleme<\/a><\/li>\n<li class=\"page_item page-item-2133\"><a href=\"https:\/\/adultxxxdate.net\/tr\/daha-once-hic-katilmadiginiz-baglanti-sitelerini-bulma\/onenightfriend-inceleme\/\">Onenightfriend \u0130nceleme<\/a><\/li>\n<li class=\"page_item page-item-2136\"><a href=\"https:\/\/adultxxxdate.net\/tr\/daha-once-hic-katilmadiginiz-baglanti-sitelerini-bulma\/kirli-tinder-incelemesi\/\">Kirli Tinder \u0130ncelemesi<\/a><\/li>\n<li class=\"page_item page-item-2143\"><a href=\"https:\/\/adultxxxdate.net\/tr\/daha-once-hic-katilmadiginiz-baglanti-sitelerini-bulma\/instabang-inceleme\/\">Instabang \u0130nceleme<\/a><\/li>\n<li class=\"page_item page-item-2144\"><a href=\"https:\/\/adultxxxdate.net\/tr\/daha-once-hic-katilmadiginiz-baglanti-sitelerini-bulma\/fling-incelemesi\/\">Fling \u0130ncelemesi<\/a><\/li>\n<li class=\"page_item page-item-2164\"><a href=\"https:\/\/adultxxxdate.net\/tr\/daha-once-hic-katilmadiginiz-baglanti-sitelerini-bulma\/kinkyads-inceleme\/\">Kinkyads \u0130nceleme<\/a><\/li>\n<li class=\"page_item page-item-2185\"><a href=\"https:\/\/adultxxxdate.net\/tr\/daha-once-hic-katilmadiginiz-baglanti-sitelerini-bulma\/yetiskin-arkadas-bulucu-incelemesi\/\">Yeti\u015fkin Arkada\u015f Bulucu \u0130ncelemesi<\/a><\/li>\n<li class=\"page_item page-item-2189\"><a href=\"https:\/\/adultxxxdate.net\/tr\/daha-once-hic-katilmadiginiz-baglanti-sitelerini-bulma\/snapmilfs-incelemesi\/\">Snapmilfs \u0130ncelemesi<\/a><\/li>\n<li class=\"page_item page-item-2204\"><a href=\"https:\/\/adultxxxdate.net\/tr\/daha-once-hic-katilmadiginiz-baglanti-sitelerini-bulma\/snapleakswiki-incelemesi\/\">Snapleakswiki \u0130ncelemesi<\/a><\/li>\n<li class=\"page_item page-item-2207\"><a href=\"https:\/\/adultxxxdate.net\/tr\/daha-once-hic-katilmadiginiz-baglanti-sitelerini-bulma\/amerika-sex-guide-inceleme\/\">Amerika Sex Guide \u0130nceleme<\/a><\/li>\n<li class=\"page_item page-item-2744\"><a href=\"https:\/\/adultxxxdate.net\/tr\/daha-once-hic-katilmadiginiz-baglanti-sitelerini-bulma\/wildsmash-incelemesi\/\">Wildsmash \u0130ncelemesi<\/a><\/li>\n<li class=\"page_item page-item-2746\"><a href=\"https:\/\/adultxxxdate.net\/tr\/daha-once-hic-katilmadiginiz-baglanti-sitelerini-bulma\/flirt-buddies-inceleme\/\">Flirt Buddies \u0130nceleme<\/a><\/li>\n<li class=\"page_item page-item-2747\"><a href=\"https:\/\/adultxxxdate.net\/tr\/daha-once-hic-katilmadiginiz-baglanti-sitelerini-bulma\/2fuck-inceleme\/\">2Fuck \u0130nceleme<\/a><\/li>\n<li class=\"page_item page-item-2749\"><a href=\"https:\/\/adultxxxdate.net\/tr\/daha-once-hic-katilmadiginiz-baglanti-sitelerini-bulma\/bang-locals-inceleme\/\">Bang Locals \u0130nceleme<\/a><\/li>\n<\/ul>\n<h2>Siteleri Nas\u0131l S\u0131ral\u0131yoruz?<\/h2>\n<p>Harika soru, en iyi tan\u0131\u015fma uygulamalar\u0131n\u0131 yak\u0131n\u0131n\u0131zda yerel k\u0131zlarla g\u00fcndelik seks bulman\u0131n ne kadar kolay oldu\u011funa g\u00f6re s\u0131ral\u0131yoruz.<\/p>\n<p>Seks ar\u0131yorsan\u0131z, sizin i\u00e7in buldu\u011fumuz uygulamalardan daha fazla araman\u0131za gerek yoktur.<\/p>\n","protected":false},"excerpt":{"rendered":"<p>Ekibimiz, \u015fimdi deneyebilece\u011finiz 40 arkada\u015fl\u0131k uygulamas\u0131n\u0131n bir listesini bir araya getirmi\u015f. Herhangi bir \u00f6neriniz varsa l\u00fctfen ileti\u015fim sayfam\u0131z arac\u0131l\u0131\u011f\u0131yla bizimle ileti\u015fime ge\u00e7in ve \u00f6nerdi\u011finiz ek uygulamalar\u0131 incelemeye \u00e7al\u0131\u015faca\u011f\u0131z. Nas\u0131l Kat\u0131l\u0131nr? \u0130htiya\u00e7lar\u0131n\u0131za en uygun uygulamay\u0131 bulun Kay\u0131t sayfas\u0131n\u0131 tamamlama B\u00f6lgenizdeki yerel k\u0131zlara mesaj mesaj\u0131 T\u00fcm Yorumlar\u0131m\u0131z Siteleri Nas\u0131l S\u0131ral\u0131yoruz? Harika soru, en iyi tan\u0131\u015fma uygulamalar\u0131n\u0131 yak\u0131n\u0131n\u0131zda [&hellip;]<\/p>\n","protected":false},"author":1,"featured_media":0,"parent":0,"menu_order":0,"comment_status":"closed","ping_status":"closed","template":"page-full-width.php","meta":[],"_links":{"self":[{"href":"https:\/\/adultxxxdate.net\/tr\/wp-json\/wp\/v2\/pages\/3288"}],"collection":[{"href":"https:\/\/adultxxxdate.net\/tr\/wp-json\/wp\/v2\/pages"}],"about":[{"href":"https:\/\/adultxxxdate.net\/tr\/wp-json\/wp\/v2\/types\/page"}],"author":[{"embeddable":true,"href":"https:\/\/adultxxxdate.net\/tr\/wp-json\/wp\/v2\/users\/1"}],"replies":[{"embeddable":true,"href":"https:\/\/adultxxxdate.net\/tr\/wp-json\/wp\/v2\/comments?post=3288"}],"version-history":[{"count":0,"href":"https:\/\/adultxxxdate.net\/tr\/wp-json\/wp\/v2\/pages\/3288\/revisions"}],"wp:attachment":[{"href":"https:\/\/adultxxxdate.net\/tr\/wp-json\/wp\/v2\/media?parent=3288"}],"curies":[{"name":"wp","href":"https:\/\/api.w.org\/{rel}","templated":true}]}}