{"id":2934,"date":"2021-08-31T12:37:41","date_gmt":"2021-08-31T12:37:41","guid":{"rendered":"https:\/\/adultxxxdate.net\/ucretsiz-seks-siteleri-kredi-karti-yok\/"},"modified":"2025-09-21T14:59:00","modified_gmt":"2025-09-21T14:59:00","slug":"ucretsiz-seks-siteleri-kredi-karti-yok","status":"publish","type":"page","link":"https:\/\/adultxxxdate.net\/tr\/ucretsiz-seks-siteleri-kredi-karti-yok\/","title":{"rendered":"\u00dccretsiz Seks Siteleri Kredi Kart\u0131 Yok"},"content":{"rendered":"<h1>\u00dccretsiz Siki\u015f Siteleri Kredi Kart\u0131 Yok &#8211; Yak\u0131n\u0131n\u0131zdaki \ud83d\udc8b\ud83d\udcf1\ud83d\udd25 Azg\u0131n Fahi\u015felerle Tan\u0131\u015f\u0131n<\/h1>\n<p>K\u00fc\u00e7\u00fck konu\u015fmay\u0131 atlayal\u0131m: Kendine g\u00fcvenen, cinsel a\u00e7\u0131dan a\u00e7\u0131k kad\u0131nlarla e\u011flenceli, g\u00fcndelik ili\u015fkiler ar\u0131yorsan\u0131z, yaln\u0131z de\u011filsiniz &#8211; ve evet, onlar\u0131 yak\u0131n\u0131n\u0131zda bulmak kesinlikle m\u00fcmk\u00fcn. \u0130ster macerac\u0131 MILF&#8217;ler, ister cesur pumalar, ister cilveli bo\u015fanm\u0131\u015flar ya da dramay\u0131 yeni bitirmi\u015f azg\u0131n kad\u0131nlar olsun, yak\u0131nlarda sizinle ayn\u0131 \u015feyi isteyen tonlarca a\u00e7\u0131k fikirli ate\u015fli fahi\u015fe var: bask\u0131 yok, beklenti yok &#8211; sadece kimya, fl\u00f6rt ve unutulmaz geceler. Bu t\u00fcr bireylerle ba\u011flant\u0131 kurmak i\u00e7in en iyi platformlar\u0131 arayanlar i\u00e7in, \u00e7e\u015fitli <a href=\"https:\/\/adultxxxdate.net\/free-meet-and-fuck-sites\/\">siki\u015f sitelerini<\/a> ke\u015ffetmek m\u00fckemmel bir ba\u015flang\u0131\u00e7 noktas\u0131 olabilir ve her tercihe uygun \u00e7ok say\u0131da se\u00e7enek sunar. <strong>Bu k\u0131lavuz size yard\u0131mc\u0131 olacakt\u0131r:<\/strong> \u2705 B\u00f6lgenizdeki \u2705<br \/>\nger\u00e7ek, ate\u015fli yerel fahi\u015feleri bulun S\u0131radan<br \/>\n\u2705 kar\u015f\u0131la\u015fmalar i\u00e7in en iyi fl\u00f6rt uygulamalar\u0131n\u0131 kullan\u0131n Yan\u0131t<br \/>\n\u2705 alan mesajlarla \u00f6ne \u00e7\u0131k\u0131n Herkes gibi g\u00f6r\u00fcnmeden &#8220;hey&#8221;den ba\u011flant\u0131ya ge\u00e7in    <\/p>\n<p>G\u00fcn\u00fcm\u00fcz\u00fcn b\u00f6lgenizdeki kendine g\u00fcvenen fahi\u015feleri ne istediklerini biliyorlar ve bunu istemekten korkmuyorlar. Ve bir\u00e7o\u011funun istedi\u011fi \u015fey: <\/p>\n<p>\u2714\ufe0f \u0130li\u015fki bask\u0131s\u0131<br \/>\n\u2714\ufe0f olmadan e\u011flence Ger\u00e7ek kimyaya<br \/>\n\u2714\ufe0f d\u00f6n\u00fc\u015fen cilveli sohbetler Kendine g\u00fcvenen ve dramadan uzak<br \/>\n\u2714\ufe0f gen\u00e7 erkekler Sabah\u0131n erken saatlerine ba\u011fl\u0131 olmayan gece ge\u00e7 saatlerde heyecan  <\/p>\n<p>\u0130ster bekar bir anne, ister merakl\u0131 bir puma, ister vah\u015fi taraf\u0131n\u0131 ke\u015ffeden bir kad\u0131n olsun, bunu anlayan birini ar\u0131yor &#8211; ve bu siz olabilirsiniz. Arzular\u0131n\u0131za en uygun olan\u0131 bulmak i\u00e7in <a href=\"https:\/\/adultxxxdate.net\/\">G\u00fcndelik tan\u0131\u015fma sitelerindeki<\/a> olanaklar\u0131 ke\u015ffedin. <\/p>\n<h2>\ud83d\udcf1 Yak\u0131n\u0131n\u0131zdaki Yerel Fahi\u015felerle Tan\u0131\u015fmak i\u00e7in En \u0130yi Fl\u00f6rt Uygulamalar\u0131<\/h2>\n<p>Tahminleri atlay\u0131p do\u011frudan e\u011flenceli k\u0131sma ge\u00e7mek ister misiniz? Bu uygulamalar, s\u0131radan ba\u011flant\u0131lar arayan yerel, seksi fahi\u015felerle doludur &#8211; ve bunlara g\u00f6z atmak veya kat\u0131lmak \u00fccretsizdir:<br \/>\nEn iyi: S\u0131radan fl\u00f6rtler ve MILF&#8217;lerle h\u0131zl\u0131, cilveli sohbetler <\/p>\n<p>\u2714\ufe0f Spontane ba\u011flant\u0131lar<br \/>\n\u2714\ufe0f i\u00e7in harika A\u00e7\u0131k, cesur ve e\u011flenceli<br \/>\n\u2714\ufe0f kad\u0131nlar Basit aray\u00fcz ve h\u0131zl\u0131 e\u015fle\u015ftirme<\/p>\n<h3>\ud83d\udc60 Ashley Madison&#8217;\u0131n foto\u011fraf\u0131.<\/h3>\n<p>\u0130\u00e7in en iyisi: Evli veya merakl\u0131 kad\u0131nlarla gizli ba\u011flant\u0131lar<\/p>\n<p>\u2714\ufe0f Gizli ka\u00e7amaklar ve \u00f6zel e\u011flence<br \/>\n\u2714\ufe0f i\u00e7in tasarland\u0131 G\u00fcndelik romantizm<br \/>\n\u2714\ufe0f arayan bir\u00e7ok 30+ kad\u0131n G\u00fcvenli, yarg\u0131lamadan uzak sohbet alan\u0131<\/p>\n<h3>\ud83d\udd25 Yeti\u015fkin Arkada\u015f Bulucu<\/h3>\n<p>\u0130\u00e7in en iyisi: \u00c7\u0131lg\u0131n sohbetler, ba\u011flant\u0131lar ve aradaki her \u015fey<\/p>\n<p>\u2714\ufe0f MILF&#8217;ler, pumalar ve macerac\u0131 bekarlardan<br \/>\n\u2714\ufe0f olu\u015fan a\u00e7\u0131k fikirli topluluk Kameral\u0131 sohbet, fanteziler ve ger\u00e7ek hayattaki bulu\u015fmalar<br \/>\n\u2714\ufe0f i\u00e7in ideal Bu gece konu\u015fmaya haz\u0131r \u00e7ok say\u0131da yerel ma\u00e7<\/p>\n<h3>\ud83d\udc8b Puma Hayat\u0131<\/h3>\n<p>\u0130\u00e7in en iyisi: Gen\u00e7 erkekleri seven ya\u015fl\u0131, deneyimli fahi\u015feler<\/p>\n<p>\u2714\ufe0f E\u011flence<br \/>\n\u2714\ufe0f arayan MILF&#8217;ler ve pumalarla dolu Yerel filtreler, yak\u0131ndaki<br \/>\n\u2714\ufe0f kad\u0131nlarla ba\u011flant\u0131 kurman\u0131za yard\u0131mc\u0131 olur Buradaki kad\u0131nlar liderli\u011fi ele ge\u00e7irin &#8211; ve takip etti\u011finizde sevin<\/p>\n<h3>\ud83e\udde1 MILF Arkada\u015f Kul\u00fcb\u00fc<\/h3>\n<p>\u0130\u00e7in en iyisi: Ya\u015f fark\u0131 ka\u00e7amaklar arayan sofistike fahi\u015feler<\/p>\n<p>\u2714\ufe0f Do\u011frulanm\u0131\u015f, olgun kad\u0131n \u00fcyeler<br \/>\n\u2714\ufe0f Gizli, fl\u00f6rt\u00f6z ve sayg\u0131l\u0131 platform<br \/>\n\u2714\ufe0f Bask\u0131s\u0131z, seksi kar\u015f\u0131la\u015fmalar i\u00e7in ideal<\/p>\n<h2>\ud83d\udcac Do\u011fru T\u00fcrde Dikkati \u00c7ekmek i\u00e7in Fl\u00f6rt \u0130pu\u00e7lar\u0131<\/h2>\n<p>Ko\u015fulsuz e\u011flence ar\u0131yorsan\u0131z, ona do\u011fru \u015fekilde yakla\u015fman\u0131z gerekir: kendinden emin, cilveli ve sayg\u0131l\u0131.<\/p>\n<h3>\u2705 1. Profilinizi Ba\u011flant\u0131ya Haz\u0131r Hale Getirin (Utanmadan) <\/h3>\n<p>Havan\u0131z konusunda net olun &#8211; ancak \u015f\u0131k tutun.<\/p>\n<p><strong>\u00d6rnek biyografi:  <\/strong><em>Rahat, dramadan uzak ve tamamen harika enerji ve g\u00fc\u00e7l\u00fc kimya hakk\u0131nda. Ne istedi\u011fini bilen ve e\u011flenmekten korkmayan biriyle ba\u011flant\u0131 kurmak istiyor. <\/em><\/p>\n<p>\ud83d\udcf8 Temiz, yeni bir foto\u011fraf kullan\u0131n. Y\u00fcz\u00fcn\u00fc g\u00f6ster. G\u00fcl\u00fcmsemek. G\u00fcven &gt; esnemesi.   <\/p>\n<h3>\u2705 2. Ona Ciddiymi\u015fsin Gibi Mesaj G\u00f6nder <\/h3>\n<p>&#8220;Hey&#8221; g\u00f6ndermeyin. Spam de\u011fil, seksi hissetmesini sa\u011flay\u0131n. <\/p>\n<p><strong>Denemek:<\/strong><\/p>\n<ul>\n<li><em>O g\u00f6r\u00fcn\u00fcme sahipsin &#8211; kendinden emin, e\u011flenceli ve ilgin\u00e7 olacak kadar tehlikeli. Ben bu i\u015fin i\u00e7indeyim. <\/em><\/li>\n<li><em>Zaman\u0131n\u0131z\u0131 bo\u015fa harcamak i\u00e7in burada de\u011filim &#8211; ama ak\u015fam\u0131n\u0131z\u0131 bo\u015fa harcaman\u0131za yard\u0131mc\u0131 olmay\u0131 \u00e7ok isterim.<\/em><\/li>\n<\/ul>\n<p>Fl\u00f6rt. Oyunbaz. Dolays\u0131z.  <\/p>\n<h3>\u2705 3. B\u0131rak\u0131n Liderlik Etsin &#8211; Ve Yapt\u0131\u011f\u0131nda Haz\u0131r Olun <\/h3>\n<p>A\u00e7\u0131k fikirli kad\u0131nlar, i\u015fleri fazla karma\u015f\u0131kla\u015ft\u0131rmayan erkekleri sever. Enerji oraya ula\u015ft\u0131\u011f\u0131nda, \u015f\u00f6yle bir \u015fey s\u00f6yleyin: <em>Hadi keselim &#8211; bu hafta sonu i\u00e7kiler, yoksa i\u00e7kileri atlay\u0131p ne olaca\u011f\u0131n\u0131 g\u00f6rmeli miyiz?<\/em> <\/p>\n<p>Kendine g\u00fcveni onu tahrik ediyor. Sadece havay\u0131 okuyun ve s\u0131n\u0131rlar\u0131na sayg\u0131 g\u00f6sterin. <\/p>\n<h2>\ud83d\udca6 B\u00f6lgenizdeki Bu Fahi\u015feler Asl\u0131nda Ne Ar\u0131yor?<\/h2>\n<p>Duruma g\u00f6re de\u011fi\u015fir &#8211; ancak \u00e7o\u011fu \u015funun pe\u015findedir:<\/p>\n<p>\u2714\ufe0f Ger\u00e7ek kimya<br \/>\n\u2714\ufe0f Bir yere<br \/>\n\u2714\ufe0f giden s\u0131cak sohbetler Bask\u0131 yok, \u00f6nce e\u011flence<br \/>\n\u2714\ufe0f fl\u00f6rt \u0130yi fl\u00f6rt eden ve i\u015fleri hafif tutan erkekler  <\/p>\n<p>\u0130ster bir kez ister devam ediyor olsun, <a href=\"https:\/\/adultxxxdate.net\/free-hookup-ads\/\">hi\u00e7bir ko\u015fula ba\u011fl\u0131<\/a> kalmadan e\u011flenmek i\u00e7in burada &#8211; ve sizin de yapt\u0131\u011f\u0131n\u0131zdan emin olun.<\/p>\n<h2>\u2705 Son D\u00fc\u015f\u00fcnceler! O yak\u0131nda&#8230; ve Haz\u0131r <\/h2>\n<p>Sonsuz kayd\u0131rmalardan s\u0131k\u0131ld\u0131ysan\u0131z ve yak\u0131n\u0131n\u0131zdaki e\u011flenceli, a\u00e7\u0131k fikirli bir kad\u0131nla ger\u00e7ek bir ba\u011flant\u0131 ar\u0131yorsan\u0131z, bu tam size g\u00f6re. Toplama hatlar\u0131na ihtiyac\u0131n\u0131z yok. <\/p>\n<p><strong>Sadece ihtiyac\u0131n var:<\/strong><\/p>\n<p>\u2705 Fl\u00f6rt\u00f6z, ger\u00e7ek bir profil<br \/>\n\u2705 Onu g\u00fcl\u00fcmseten<br \/>\n\u2705 bir mesaj Ve onu h\u0131zl\u0131 bir \u015fekilde bulmak i\u00e7in do\u011fru fl\u00f6rt uygulamas\u0131<\/p>\n\n\t<div class=\"space-shortcode-wrap space-shortcode-4 relative\">\n\t\t<div class=\"space-shortcode-wrap-ins relative\">\n\n\t\t\t\n\t\t\t<div class=\"space-casinos-3-archive-items box-100 relative\">\n\n\t\t\t\t\t\t\t\t\n\t\t\t\t\t\t\t\n\t\t\t\t<div class=\"space-casinos-3-archive-item box-100 relative\">\n\t\t\t\t\t<div class=\"space-casinos-3-archive-item-ins relative\">\n\t\t\t\t\t\t<div class=\"space-casinos-3-archive-item-logo box-25 relative\">\n\t\t\t\t\t\t\t<div class=\"space-casinos-3-archive-item-logo-ins box-100 text-center relative\">\n\t\t\t\t\t\t\t\t\t\t\t\t\t\t\t\t<a href=\"\/links\/banglocals\" title=\"Bang Yerlileri\" target=\"_blank\" rel=\"nofollow\">\n\t\t\t\t\t\t\t\t\t<img src=\"https:\/\/adultxxxdate.net\/wp-content\/uploads\/2021\/07\/banglocals-logo2-190x80.png\" alt=\"Bang Yerlileri\">\n\t\t\t\t\t\t\t\t<\/a>\n\t\t\t\t\t\t\t\t\t\t\t\t\t\t\t<\/div>\n\t\t\t\t\t\t\t<div class=\"space-casinos-3-archive-item-count absolute\">\n\t\t\t\t\t\t\t\t<span>1<\/span>\n\t\t\t\t\t\t\t<\/div>\n\t\t\t\t\t\t<\/div>\n\t\t\t\t\t\t<div class=\"space-casinos-3-archive-item-terms box-25 relative\">\n\t\t\t\t\t\t\t<div class=\"space-casinos-3-archive-item-terms-ins box-100 text-center relative\">\n\t\t\t\t\t\t\t\t<img style=\"width: 16px; height: 16px;\" src=\"\/wp-content\/themes\/mercury\/female-organs-vagina-svgrepo-com.svg\"> Female Members: <b>48%<\/b><br>\n\t\t\t\t\t\t\t\t\t<img style=\"width: 16px; height: 16px;\" src=\"\/wp-content\/themes\/mercury\/time-svgrepo-com.svg\"> Sign Up Speed: <b>H\u0131zl\u0131<\/b><br>\n\t\t\t\t\t\t\t\t\t<img style=\"width: 16px; height: 16px;\" src=\"\/wp-content\/themes\/mercury\/woman-svgrepo-com.svg\"> Age Range: <b>18-75<\/b><br>\n\t\t\t\t\t\t\t\t\t<img style=\"width: 16px; height: 16px;\" src=\"\/wp-content\/themes\/mercury\/money-svgrepo-com.svg\"> Free Trial: <b>Yes<\/b><br>\n\t\t\t\t\t\t\t<\/div>\n\t\t\t\t\t\t<\/div>\n\t\t\t\t\t\t<div class=\"space-casinos-3-archive-item-rating box-25 relative\">\n\t\t\t\t\t\t\t<div class=\"space-casinos-3-archive-item-rating-ins box-100 text-center relative\">\n\t\t\t\t\t\t\t\t\t\t\t\t\t\t\t\t<div class=\"space-casinos-3-archive-item-rating-box relative\">\n\t\t\t\t\t\t\t\t\t<div class=\"star-rating\"><span class=\"screen-reader-text\">3,8 rating<\/span><div class=\"star star-full\" aria-hidden=\"true\"><\/div><div class=\"star star-full\" aria-hidden=\"true\"><\/div><div class=\"star star-full\" aria-hidden=\"true\"><\/div><div class=\"star star-half\" aria-hidden=\"true\"><\/div><div class=\"star star-empty\" aria-hidden=\"true\"><\/div><\/div>\t\t\t\t\t\t\t\t\t<span>3.8<\/span>\n\t\t\t\t\t\t\t\t<\/div>\n\n\t\t\t\t\t\t\t\t\t\t\t\t\t\t\t\t\n\t\t\t\t\t\t\t<\/div>\n\t\t\t\t\t\t<\/div>\n\t\t\t\t\t\t<div class=\"space-casinos-3-archive-item-button box-25 relative\">\n\t\t\t\t\t\t\t<div class=\"space-casinos-3-archive-item-button-ins box-100 text-center relative\">\n\t\t\t\t\t\t\t\t<a style=\"background-color: #ef3024 !important;\" href=\"\/links\/banglocals\" title=\"\u00dccretsiz Kay\u0131t\" target=\"_blank\" rel=\"nofollow\"><i class=\"fas fa-check-circle\"><\/i> \u00dccretsiz Kay\u0131t<\/a>\n\n\t\t\t\t\t\t\t<\/div>\n\t\t\t\t\t\t<\/div>\n\t\t\t\t\t<\/div>\n\t\t\t\t<\/div>\n\n\t\t\t\t\t\t\t\t\n\t\t\t\t\t\t\t\n\t\t\t\t<div class=\"space-casinos-3-archive-item box-100 relative\">\n\t\t\t\t\t<div class=\"space-casinos-3-archive-item-ins relative\">\n\t\t\t\t\t\t<div class=\"space-casinos-3-archive-item-logo box-25 relative\">\n\t\t\t\t\t\t\t<div class=\"space-casinos-3-archive-item-logo-ins box-100 text-center relative\">\n\t\t\t\t\t\t\t\t\t\t\t\t\t\t\t\t<a href=\"\/links\/onenightfriend\" title=\"OneNight Arkada\u015f\" target=\"_blank\" rel=\"nofollow\">\n\t\t\t\t\t\t\t\t\t<img src=\"https:\/\/adultxxxdate.net\/wp-content\/uploads\/2021\/07\/onenightfriend-logo-132x80.png\" alt=\"OneNight Arkada\u015f\">\n\t\t\t\t\t\t\t\t<\/a>\n\t\t\t\t\t\t\t\t\t\t\t\t\t\t\t<\/div>\n\t\t\t\t\t\t\t<div class=\"space-casinos-3-archive-item-count absolute\">\n\t\t\t\t\t\t\t\t<span>2<\/span>\n\t\t\t\t\t\t\t<\/div>\n\t\t\t\t\t\t<\/div>\n\t\t\t\t\t\t<div class=\"space-casinos-3-archive-item-terms box-25 relative\">\n\t\t\t\t\t\t\t<div class=\"space-casinos-3-archive-item-terms-ins box-100 text-center relative\">\n\t\t\t\t\t\t\t\t<img style=\"width: 16px; height: 16px;\" src=\"\/wp-content\/themes\/mercury\/female-organs-vagina-svgrepo-com.svg\"> Female Members: <b>49%<\/b><br>\n\t\t\t\t\t\t\t\t\t<img style=\"width: 16px; height: 16px;\" src=\"\/wp-content\/themes\/mercury\/time-svgrepo-com.svg\"> Sign Up Speed: <b>H\u0131zl\u0131<\/b><br>\n\t\t\t\t\t\t\t\t\t<img style=\"width: 16px; height: 16px;\" src=\"\/wp-content\/themes\/mercury\/woman-svgrepo-com.svg\"> Age Range: <b>18-68<\/b><br>\n\t\t\t\t\t\t\t\t\t<img style=\"width: 16px; height: 16px;\" src=\"\/wp-content\/themes\/mercury\/money-svgrepo-com.svg\"> Free Trial: <b>Yes<\/b><br>\n\t\t\t\t\t\t\t<\/div>\n\t\t\t\t\t\t<\/div>\n\t\t\t\t\t\t<div class=\"space-casinos-3-archive-item-rating box-25 relative\">\n\t\t\t\t\t\t\t<div class=\"space-casinos-3-archive-item-rating-ins box-100 text-center relative\">\n\t\t\t\t\t\t\t\t\t\t\t\t\t\t\t\t<div class=\"space-casinos-3-archive-item-rating-box relative\">\n\t\t\t\t\t\t\t\t\t<div class=\"star-rating\"><span class=\"screen-reader-text\">3,8 rating<\/span><div class=\"star star-full\" aria-hidden=\"true\"><\/div><div class=\"star star-full\" aria-hidden=\"true\"><\/div><div class=\"star star-full\" aria-hidden=\"true\"><\/div><div class=\"star star-half\" aria-hidden=\"true\"><\/div><div class=\"star star-empty\" aria-hidden=\"true\"><\/div><\/div>\t\t\t\t\t\t\t\t\t<span>3.8<\/span>\n\t\t\t\t\t\t\t\t<\/div>\n\n\t\t\t\t\t\t\t\t\t\t\t\t\t\t\t\t\n\t\t\t\t\t\t\t<\/div>\n\t\t\t\t\t\t<\/div>\n\t\t\t\t\t\t<div class=\"space-casinos-3-archive-item-button box-25 relative\">\n\t\t\t\t\t\t\t<div class=\"space-casinos-3-archive-item-button-ins box-100 text-center relative\">\n\t\t\t\t\t\t\t\t<a style=\"background-color: #ef3024 !important;\" href=\"\/links\/onenightfriend\" title=\"\u00dccretsiz Kay\u0131t\" target=\"_blank\" rel=\"nofollow\"><i class=\"fas fa-check-circle\"><\/i> \u00dccretsiz Kay\u0131t<\/a>\n\n\t\t\t\t\t\t\t<\/div>\n\t\t\t\t\t\t<\/div>\n\t\t\t\t\t<\/div>\n\t\t\t\t<\/div>\n\n\t\t\t\t\t\t\t\t\n\t\t\t\t\t\t\t\n\t\t\t\t<div class=\"space-casinos-3-archive-item box-100 relative\">\n\t\t\t\t\t<div class=\"space-casinos-3-archive-item-ins relative\">\n\t\t\t\t\t\t<div class=\"space-casinos-3-archive-item-logo box-25 relative\">\n\t\t\t\t\t\t\t<div class=\"space-casinos-3-archive-item-logo-ins box-100 text-center relative\">\n\t\t\t\t\t\t\t\t\t\t\t\t\t\t\t\t<a href=\"\/links\/waystomeet\" title=\"WaysToMeet\" target=\"_blank\" rel=\"nofollow\">\n\t\t\t\t\t\t\t\t\t<img src=\"https:\/\/adultxxxdate.net\/wp-content\/uploads\/2021\/07\/waystomeet-dark-80x80.png\" alt=\"WaysToMeet\">\n\t\t\t\t\t\t\t\t<\/a>\n\t\t\t\t\t\t\t\t\t\t\t\t\t\t\t<\/div>\n\t\t\t\t\t\t\t<div class=\"space-casinos-3-archive-item-count absolute\">\n\t\t\t\t\t\t\t\t<span>3<\/span>\n\t\t\t\t\t\t\t<\/div>\n\t\t\t\t\t\t<\/div>\n\t\t\t\t\t\t<div class=\"space-casinos-3-archive-item-terms box-25 relative\">\n\t\t\t\t\t\t\t<div class=\"space-casinos-3-archive-item-terms-ins box-100 text-center relative\">\n\t\t\t\t\t\t\t\t<img style=\"width: 16px; height: 16px;\" src=\"\/wp-content\/themes\/mercury\/female-organs-vagina-svgrepo-com.svg\"> Female Members: <b>48%<\/b><br>\n\t\t\t\t\t\t\t\t\t<img style=\"width: 16px; height: 16px;\" src=\"\/wp-content\/themes\/mercury\/time-svgrepo-com.svg\"> Sign Up Speed: <b>H\u0131zl\u0131<\/b><br>\n\t\t\t\t\t\t\t\t\t<img style=\"width: 16px; height: 16px;\" src=\"\/wp-content\/themes\/mercury\/woman-svgrepo-com.svg\"> Age Range: <b>18-75<\/b><br>\n\t\t\t\t\t\t\t\t\t<img style=\"width: 16px; height: 16px;\" src=\"\/wp-content\/themes\/mercury\/money-svgrepo-com.svg\"> Free Trial: <b>Yes<\/b><br>\n\t\t\t\t\t\t\t<\/div>\n\t\t\t\t\t\t<\/div>\n\t\t\t\t\t\t<div class=\"space-casinos-3-archive-item-rating box-25 relative\">\n\t\t\t\t\t\t\t<div class=\"space-casinos-3-archive-item-rating-ins box-100 text-center relative\">\n\t\t\t\t\t\t\t\t\t\t\t\t\t\t\t\t<div class=\"space-casinos-3-archive-item-rating-box relative\">\n\t\t\t\t\t\t\t\t\t<div class=\"star-rating\"><span class=\"screen-reader-text\">3,8 rating<\/span><div class=\"star star-full\" aria-hidden=\"true\"><\/div><div class=\"star star-full\" aria-hidden=\"true\"><\/div><div class=\"star star-full\" aria-hidden=\"true\"><\/div><div class=\"star star-half\" aria-hidden=\"true\"><\/div><div class=\"star star-empty\" aria-hidden=\"true\"><\/div><\/div>\t\t\t\t\t\t\t\t\t<span>3.8<\/span>\n\t\t\t\t\t\t\t\t<\/div>\n\n\t\t\t\t\t\t\t\t\t\t\t\t\t\t\t\t\n\t\t\t\t\t\t\t<\/div>\n\t\t\t\t\t\t<\/div>\n\t\t\t\t\t\t<div class=\"space-casinos-3-archive-item-button box-25 relative\">\n\t\t\t\t\t\t\t<div class=\"space-casinos-3-archive-item-button-ins box-100 text-center relative\">\n\t\t\t\t\t\t\t\t<a style=\"background-color: #ef3024 !important;\" href=\"\/links\/waystomeet\" title=\"\u00dccretsiz Kay\u0131t\" target=\"_blank\" rel=\"nofollow\"><i class=\"fas fa-check-circle\"><\/i> \u00dccretsiz Kay\u0131t<\/a>\n\n\t\t\t\t\t\t\t<\/div>\n\t\t\t\t\t\t<\/div>\n\t\t\t\t\t<\/div>\n\t\t\t\t<\/div>\n\n\t\t\t\t\t\t\t\t\n\t\t\t\t\t\t\t\n\t\t\t\t<div class=\"space-casinos-3-archive-item box-100 relative\">\n\t\t\t\t\t<div class=\"space-casinos-3-archive-item-ins relative\">\n\t\t\t\t\t\t<div class=\"space-casinos-3-archive-item-logo box-25 relative\">\n\t\t\t\t\t\t\t<div class=\"space-casinos-3-archive-item-logo-ins box-100 text-center relative\">\n\t\t\t\t\t\t\t\t\t\t\t\t\t\t\t\t<a href=\"\/links\/milfplay\" title=\"MilfPlay\" target=\"_blank\" rel=\"nofollow\">\n\t\t\t\t\t\t\t\t\t<img src=\"https:\/\/adultxxxdate.net\/wp-content\/uploads\/2021\/07\/milfplay-logo.png\" alt=\"MilfPlay\">\n\t\t\t\t\t\t\t\t<\/a>\n\t\t\t\t\t\t\t\t\t\t\t\t\t\t\t<\/div>\n\t\t\t\t\t\t\t<div class=\"space-casinos-3-archive-item-count absolute\">\n\t\t\t\t\t\t\t\t<span>4<\/span>\n\t\t\t\t\t\t\t<\/div>\n\t\t\t\t\t\t<\/div>\n\t\t\t\t\t\t<div class=\"space-casinos-3-archive-item-terms box-25 relative\">\n\t\t\t\t\t\t\t<div class=\"space-casinos-3-archive-item-terms-ins box-100 text-center relative\">\n\t\t\t\t\t\t\t\t<img style=\"width: 16px; height: 16px;\" src=\"\/wp-content\/themes\/mercury\/female-organs-vagina-svgrepo-com.svg\"> Female Members: <b>48%<\/b><br>\n\t\t\t\t\t\t\t\t\t<img style=\"width: 16px; height: 16px;\" src=\"\/wp-content\/themes\/mercury\/time-svgrepo-com.svg\"> Sign Up Speed: <b>H\u0131zl\u0131<\/b><br>\n\t\t\t\t\t\t\t\t\t<img style=\"width: 16px; height: 16px;\" src=\"\/wp-content\/themes\/mercury\/woman-svgrepo-com.svg\"> Age Range: <b>18-75<\/b><br>\n\t\t\t\t\t\t\t\t\t<img style=\"width: 16px; height: 16px;\" src=\"\/wp-content\/themes\/mercury\/money-svgrepo-com.svg\"> Free Trial: <b>Yes<\/b><br>\n\t\t\t\t\t\t\t<\/div>\n\t\t\t\t\t\t<\/div>\n\t\t\t\t\t\t<div class=\"space-casinos-3-archive-item-rating box-25 relative\">\n\t\t\t\t\t\t\t<div class=\"space-casinos-3-archive-item-rating-ins box-100 text-center relative\">\n\t\t\t\t\t\t\t\t\t\t\t\t\t\t\t\t<div class=\"space-casinos-3-archive-item-rating-box relative\">\n\t\t\t\t\t\t\t\t\t<div class=\"star-rating\"><span class=\"screen-reader-text\">3,8 rating<\/span><div class=\"star star-full\" aria-hidden=\"true\"><\/div><div class=\"star star-full\" aria-hidden=\"true\"><\/div><div class=\"star star-full\" aria-hidden=\"true\"><\/div><div class=\"star star-half\" aria-hidden=\"true\"><\/div><div class=\"star star-empty\" aria-hidden=\"true\"><\/div><\/div>\t\t\t\t\t\t\t\t\t<span>3.8<\/span>\n\t\t\t\t\t\t\t\t<\/div>\n\n\t\t\t\t\t\t\t\t\t\t\t\t\t\t\t\t\n\t\t\t\t\t\t\t<\/div>\n\t\t\t\t\t\t<\/div>\n\t\t\t\t\t\t<div class=\"space-casinos-3-archive-item-button box-25 relative\">\n\t\t\t\t\t\t\t<div class=\"space-casinos-3-archive-item-button-ins box-100 text-center relative\">\n\t\t\t\t\t\t\t\t<a style=\"background-color: #ef3024 !important;\" href=\"\/links\/milfplay\" title=\"\u00dccretsiz Kay\u0131t\" target=\"_blank\" rel=\"nofollow\"><i class=\"fas fa-check-circle\"><\/i> \u00dccretsiz Kay\u0131t<\/a>\n\n\t\t\t\t\t\t\t<\/div>\n\t\t\t\t\t\t<\/div>\n\t\t\t\t\t<\/div>\n\t\t\t\t<\/div>\n\n\t\t\t\t\t\t\t\t\n\t\t\t\t\t\t\t\n\t\t\t\t<div class=\"space-casinos-3-archive-item box-100 relative\">\n\t\t\t\t\t<div class=\"space-casinos-3-archive-item-ins relative\">\n\t\t\t\t\t\t<div class=\"space-casinos-3-archive-item-logo box-25 relative\">\n\t\t\t\t\t\t\t<div class=\"space-casinos-3-archive-item-logo-ins box-100 text-center relative\">\n\t\t\t\t\t\t\t\t\t\t\t\t\t\t\t\t<a href=\"\/links\/comewithyou\" title=\"ComeWithYou\" target=\"_blank\" rel=\"nofollow\">\n\t\t\t\t\t\t\t\t\t<img src=\"https:\/\/adultxxxdate.net\/wp-content\/uploads\/2021\/07\/comewithyou-logo.png\" alt=\"ComeWithYou\">\n\t\t\t\t\t\t\t\t<\/a>\n\t\t\t\t\t\t\t\t\t\t\t\t\t\t\t<\/div>\n\t\t\t\t\t\t\t<div class=\"space-casinos-3-archive-item-count absolute\">\n\t\t\t\t\t\t\t\t<span>5<\/span>\n\t\t\t\t\t\t\t<\/div>\n\t\t\t\t\t\t<\/div>\n\t\t\t\t\t\t<div class=\"space-casinos-3-archive-item-terms box-25 relative\">\n\t\t\t\t\t\t\t<div class=\"space-casinos-3-archive-item-terms-ins box-100 text-center relative\">\n\t\t\t\t\t\t\t\t<img style=\"width: 16px; height: 16px;\" src=\"\/wp-content\/themes\/mercury\/female-organs-vagina-svgrepo-com.svg\"> Female Members: <b>51%<\/b><br>\n\t\t\t\t\t\t\t\t\t<img style=\"width: 16px; height: 16px;\" src=\"\/wp-content\/themes\/mercury\/time-svgrepo-com.svg\"> Sign Up Speed: <b>H\u0131zl\u0131<\/b><br>\n\t\t\t\t\t\t\t\t\t<img style=\"width: 16px; height: 16px;\" src=\"\/wp-content\/themes\/mercury\/woman-svgrepo-com.svg\"> Age Range: <b>18-65<\/b><br>\n\t\t\t\t\t\t\t\t\t<img style=\"width: 16px; height: 16px;\" src=\"\/wp-content\/themes\/mercury\/money-svgrepo-com.svg\"> Free Trial: <b>Yes<\/b><br>\n\t\t\t\t\t\t\t<\/div>\n\t\t\t\t\t\t<\/div>\n\t\t\t\t\t\t<div class=\"space-casinos-3-archive-item-rating box-25 relative\">\n\t\t\t\t\t\t\t<div class=\"space-casinos-3-archive-item-rating-ins box-100 text-center relative\">\n\t\t\t\t\t\t\t\t\t\t\t\t\t\t\t\t<div class=\"space-casinos-3-archive-item-rating-box relative\">\n\t\t\t\t\t\t\t\t\t<div class=\"star-rating\"><span class=\"screen-reader-text\">4,0 rating<\/span><div class=\"star star-full\" aria-hidden=\"true\"><\/div><div class=\"star star-full\" aria-hidden=\"true\"><\/div><div class=\"star star-full\" aria-hidden=\"true\"><\/div><div class=\"star star-full\" aria-hidden=\"true\"><\/div><div class=\"star star-empty\" aria-hidden=\"true\"><\/div><\/div>\t\t\t\t\t\t\t\t\t<span>4.0<\/span>\n\t\t\t\t\t\t\t\t<\/div>\n\n\t\t\t\t\t\t\t\t\t\t\t\t\t\t\t\t\n\t\t\t\t\t\t\t<\/div>\n\t\t\t\t\t\t<\/div>\n\t\t\t\t\t\t<div class=\"space-casinos-3-archive-item-button box-25 relative\">\n\t\t\t\t\t\t\t<div class=\"space-casinos-3-archive-item-button-ins box-100 text-center relative\">\n\t\t\t\t\t\t\t\t<a style=\"background-color: #ef3024 !important;\" href=\"\/links\/comewithyou\" title=\"\u00dccretsiz Kay\u0131t\" target=\"_blank\" rel=\"nofollow\"><i class=\"fas fa-check-circle\"><\/i> \u00dccretsiz Kay\u0131t<\/a>\n\n\t\t\t\t\t\t\t<\/div>\n\t\t\t\t\t\t<\/div>\n\t\t\t\t\t<\/div>\n\t\t\t\t<\/div>\n\n\t\t\t\t\n\t\t\t<\/div>\n\t\t\t\n\t\t<\/div>\n\t<\/div>\n\n\n<h3>\ud83d\udc49 Yerel fahi\u015felerle tan\u0131\u015fmaya haz\u0131r m\u0131s\u0131n\u0131z?<\/h3>\n<p>En iyi tan\u0131\u015fma platformlar\u0131ndan birine (veya daha fazlas\u0131na!) kat\u0131larak \u015fimdi ba\u015flay\u0131n:<\/p>\n<ul>\n<li>Yaramaz Ol<\/li>\n<li>Ashley Madison<\/li>\n<li>AdultFriendFinder (Yeti\u015fkinArkada\u015f Bulucu)<\/li>\n<li>Puma Hayat\u0131<\/li>\n<li>MILF Arkada\u015f Kul\u00fcb\u00fc<\/li>\n<\/ul>\n<p>\ud83d\udccd O yerel \ud83d\udcac O \u00e7evrimi\u00e7i \ud83d\udd25 Ve onu anlayan birini ar\u0131yor<\/p>\n<p>Mesaj\u0131 g\u00f6nderin. Sohbeti ba\u015flat\u0131n. Ve i\u015flerin h\u0131zl\u0131 bir \u015fekilde e\u011flenceli hale gelmesine izin verin. \ud83d\udc8b\ud83d\udcf1\ud83d\ude08   <\/p>\n","protected":false},"excerpt":{"rendered":"<p>\u00dccretsiz Siki\u015f Siteleri Kredi Kart\u0131 Yok &#8211; Yak\u0131n\u0131n\u0131zdaki \ud83d\udc8b\ud83d\udcf1\ud83d\udd25 Azg\u0131n Fahi\u015felerle Tan\u0131\u015f\u0131n K\u00fc\u00e7\u00fck konu\u015fmay\u0131 atlayal\u0131m: Kendine g\u00fcvenen, cinsel a\u00e7\u0131dan a\u00e7\u0131k kad\u0131nlarla e\u011flenceli, g\u00fcndelik ili\u015fkiler ar\u0131yorsan\u0131z, yaln\u0131z de\u011filsiniz &#8211; ve evet, onlar\u0131 yak\u0131n\u0131n\u0131zda bulmak kesinlikle m\u00fcmk\u00fcn. \u0130ster macerac\u0131 MILF&#8217;ler, ister cesur pumalar, ister cilveli bo\u015fanm\u0131\u015flar ya da dramay\u0131 yeni bitirmi\u015f azg\u0131n kad\u0131nlar olsun, yak\u0131nlarda sizinle ayn\u0131 [&hellip;]<\/p>\n","protected":false},"author":1,"featured_media":0,"parent":0,"menu_order":0,"comment_status":"closed","ping_status":"closed","template":"page-without-title.php","meta":[],"_links":{"self":[{"href":"https:\/\/adultxxxdate.net\/tr\/wp-json\/wp\/v2\/pages\/2934"}],"collection":[{"href":"https:\/\/adultxxxdate.net\/tr\/wp-json\/wp\/v2\/pages"}],"about":[{"href":"https:\/\/adultxxxdate.net\/tr\/wp-json\/wp\/v2\/types\/page"}],"author":[{"embeddable":true,"href":"https:\/\/adultxxxdate.net\/tr\/wp-json\/wp\/v2\/users\/1"}],"replies":[{"embeddable":true,"href":"https:\/\/adultxxxdate.net\/tr\/wp-json\/wp\/v2\/comments?post=2934"}],"version-history":[{"count":1,"href":"https:\/\/adultxxxdate.net\/tr\/wp-json\/wp\/v2\/pages\/2934\/revisions"}],"predecessor-version":[{"id":3326,"href":"https:\/\/adultxxxdate.net\/tr\/wp-json\/wp\/v2\/pages\/2934\/revisions\/3326"}],"wp:attachment":[{"href":"https:\/\/adultxxxdate.net\/tr\/wp-json\/wp\/v2\/media?parent=2934"}],"curies":[{"name":"wp","href":"https:\/\/api.w.org\/{rel}","templated":true}]}}