{"id":2765,"date":"2021-12-16T16:55:31","date_gmt":"2021-12-16T16:55:31","guid":{"rendered":"https:\/\/adultxxxdate.net\/porno-oyunlari-giris-yok\/"},"modified":"2021-12-16T16:55:31","modified_gmt":"2021-12-16T16:55:31","slug":"porno-oyunlari-giris-yok","status":"publish","type":"page","link":"https:\/\/adultxxxdate.net\/tr\/porno-oyunlari-giris-yok\/","title":{"rendered":"Porno Oyunlar\u0131 Giri\u015f Yok"},"content":{"rendered":"<h1>Porno Oyunlar\u0131 Giri\u015f Yok<\/h1>\n\n\t<div class=\"space-shortcode-wrap space-games-shortcode-1 relative relative\">\n\t\t<div class=\"space-shortcode-wrap-ins relative\">\n\n\t\t\t\n\t\t\t<div class=\"space-games-archive-items box-100 relative\">\n\n\t\t\t\t\n\t\t\t\t<div class=\"space-games-archive-item box-50 relative\">\n\t\t\t\t\t<div class=\"space-games-archive-item-ins relative\">\n\t\t\t\t\t\t\t\t\t\t\t\t<div class=\"space-games-archive-item-img relative\">\n\t\t\t\t\t\t\t<a href=\"\/links\/hentaiheroes\" title=\"Hentai Kahramanlar\u0131\">\n\t\t\t\t\t\t\t\t<img src=\"https:\/\/adultxxxdate.net\/wp-content\/uploads\/2021\/04\/hentaiheroes_main-review-450x317.jpg\" alt=\"Hentai Kahramanlar\u0131\">\n\t\t\t\t\t\t\t<\/a>\n\t\t\t\t\t\t<\/div>\n\t\t\t\t\t\t\t\t\t\t\t\t<div class=\"space-games-archive-item-wrap text-center relative\">\n\t\t\t\t\t\t\t<div class=\"space-games-archive-item-title relative\">\n\t\t\t\t\t\t\t\t<a href=\"\/links\/hentaiheroes\" title=\"Hentai Kahramanlar\u0131\">Hentai Kahramanlar\u0131<\/a>\n\t\t\t\t\t\t\t<\/div>\n\n\t\t\t\t\t\t\t\t\t\t\t\t\t\t<div class=\"space-games-archive-item-short-desc relative\">\n\t\t\t\t\t\t\t\tSanal bir d\u00fcnyada gezinmenizi sa\u011flayan anime tarz\u0131 bir yeti\u015fkin seks oyunu.\t\t\t\t\t\t\t<\/div>\n\t\t\t\t\t\t\t\n\t\t\t\t\t\t\t<div class=\"space-games-archive-item-button relative\">\n\t\t\t\t\t\t\t\t<a href=\"\/links\/hentaiheroes\" title=\"\u015eimdi \u00c7al\" target=\"_blank\" rel=\"nofollow\">\u015eimdi \u00c7al<\/a>\n\t\t\t\t\t\t\t<\/div>\n\n\t\t\t\t\t\t\t\t\t\t\t\t\t\n\t\t\t\t\t\t<\/div>\n\t\t\t\t\t<\/div>\n\t\t\t\t<\/div>\n\n\t\t\t\t\n\t\t\t\t<div class=\"space-games-archive-item box-50 relative\">\n\t\t\t\t\t<div class=\"space-games-archive-item-ins relative\">\n\t\t\t\t\t\t\t\t\t\t\t\t<div class=\"space-games-archive-item-img relative\">\n\t\t\t\t\t\t\t<a href=\"\/links\/sexemulator\" title=\"SexEmulator\">\n\t\t\t\t\t\t\t\t<img src=\"https:\/\/adultxxxdate.net\/wp-content\/uploads\/2021\/04\/sex-emulator-review-image-450x317.jpg\" alt=\"SexEmulator\">\n\t\t\t\t\t\t\t<\/a>\n\t\t\t\t\t\t<\/div>\n\t\t\t\t\t\t\t\t\t\t\t\t<div class=\"space-games-archive-item-wrap text-center relative\">\n\t\t\t\t\t\t\t<div class=\"space-games-archive-item-title relative\">\n\t\t\t\t\t\t\t\t<a href=\"\/links\/sexemulator\" title=\"SexEmulator\">SexEmulator<\/a>\n\t\t\t\t\t\t\t<\/div>\n\n\t\t\t\t\t\t\t\t\t\t\t\t\t\t<div class=\"space-games-archive-item-short-desc relative\">\n\t\t\t\t\t\t\t\tEn iyi derecelendirilmi\u015f 3D seks oyunlar\u0131ndan biri. Karakterinizi olu\u015fturun ve fantezilerinize \u00f6yk\u00fcn.\t\t\t\t\t\t\t<\/div>\n\t\t\t\t\t\t\t\n\t\t\t\t\t\t\t<div class=\"space-games-archive-item-button relative\">\n\t\t\t\t\t\t\t\t<a href=\"\/links\/sexemulator\" title=\"\u015eimdi \u00c7al\" target=\"_blank\" rel=\"nofollow\">\u015eimdi \u00c7al<\/a>\n\t\t\t\t\t\t\t<\/div>\n\n\t\t\t\t\t\t\t\t\t\t\t\t\t\n\t\t\t\t\t\t<\/div>\n\t\t\t\t\t<\/div>\n\t\t\t\t<\/div>\n\n\t\t\t\t\n\t\t\t<\/div>\n\t\t\n\t\t<\/div>\n\t<\/div>\n\n\n<h2>\u00dccretsiz Seks Oyunlar\u0131 Kay\u0131t Yok<\/h2>\n<p>Cinsel hayat\u0131 iyile\u015ftirmek, yo\u011fun programlar\u0131 ile bir\u00e7ok yeti\u015fkin i\u00e7in en zorlu g\u00f6revlerden biridir. Cinsel ya\u015fam\u0131n\u0131z\u0131 iyile\u015ftirmeye karar verdiyseniz, geni\u015f porno oyunlar\u0131 koleksiyonu i\u00e7in uzmanla\u015fm\u0131\u015f ve \u00f6nerilen platformla ileti\u015fim kurmaktan \u00e7ekinmeyin. Seks oyunlar\u0131n\u0131n ana turistik yerlerini birbiri ard\u0131na ke\u015ffedebilir ve bo\u015f zamanlar\u0131 m\u00fcmk\u00fcn oldu\u011funca keyifli ge\u00e7irebilirsiniz. Yeti\u015fkin e\u011flenceli \u015feyler bak\u0131m\u0131ndan zengin seks oyunlar\u0131 oynamaya ba\u015flad\u0131ktan sonra,% 100 cinsel tatmin alabilir ve geli\u015fmi\u015f cinsel ya\u015fam hakk\u0131ndaki isteklerinizi ger\u00e7ekle\u015ftirebilirsiniz.<\/p>\n<h2>Porno Oyunlar\u0131 Kay\u0131t Yok<\/h2>\n<p>\u00dc\u00e7 boyutlu seks oyunlar\u0131n\u0131n her oyuncusu bir dizi olumlu \u015fey al\u0131r. Beklenenden daha fazla cinsel e\u011flence elde ederler ve \u00f6n sevi\u015fme seanslar\u0131nda bir \u015feyleri baharatlamak i\u00e7in te\u015fvik ederler. Birbiri ard\u0131na en modern 3D seks oyunlar\u0131n\u0131 oynamaya ve isteklerinin \u00f6tesinde bo\u015f zamanlar\u0131n tad\u0131n\u0131 \u00e7\u0131karmaya istekliler. Bu kategorideki seks oyunlar\u0131 oyuncular\u0131n\u0131n referanslar\u0131n\u0131 okursan\u0131z, yeterli yard\u0131m alabilir ve <a href=\"https:\/\/adultxxxdate.net\/tr\/iphone-icin-xxx-oyunlari\/\">uygun seks oyununu<\/a> nas\u0131l se\u00e7ece\u011finiz ve oynayaca\u011f\u0131n\u0131z konusunda emin olabilirsiniz. 3D seks oyununun hayran\u0131 olacak ve bu t\u00fcr yeti\u015fkin e\u011flencesine kat\u0131lmaya te\u015fvik edileceksiniz.<\/p>\n<p>Kumul, liste okulu, arzu hayalleri ve di\u011fer oyunlar gibi \u00e7evrimi\u00e7i seks oyunlar\u0131n\u0131n oyuncular\u0131, yeti\u015fkin e\u011flenceli \u015feyleri ke\u015ffetmek i\u00e7in s\u00fcrekli artan bir \u015fans elde eder. M\u00fcmk\u00fcn olan en y\u00fcksek cinsel tatmin i\u00e7in her se\u00e7ene\u011fi bulur ve kullan\u0131rlar. Seks oyunu d\u00fcnyas\u0131na kat\u0131lma yolunda ola\u011fan\u00fcst\u00fc bir geli\u015fme sa\u011flarlar. Yeti\u015fkin e\u011flenceli \u015feyler bak\u0131m\u0131ndan zengin porno oyunlar\u0131n\u0131n nas\u0131l se\u00e7ilece\u011fi ve oynanece\u011fi hakk\u0131nda \u00f6nerilere dikkat edebilirsiniz. Harika bir yard\u0131m alacak ve bir dizi yeti\u015fkin e\u011flenceli \u015feye sahip olacaks\u0131n\u0131z.<\/p>\n","protected":false},"excerpt":{"rendered":"<p>Porno Oyunlar\u0131 Giri\u015f Yok \u00dccretsiz Seks Oyunlar\u0131 Kay\u0131t Yok Cinsel hayat\u0131 iyile\u015ftirmek, yo\u011fun programlar\u0131 ile bir\u00e7ok yeti\u015fkin i\u00e7in en zorlu g\u00f6revlerden biridir. Cinsel ya\u015fam\u0131n\u0131z\u0131 iyile\u015ftirmeye karar verdiyseniz, geni\u015f porno oyunlar\u0131 koleksiyonu i\u00e7in uzmanla\u015fm\u0131\u015f ve \u00f6nerilen platformla ileti\u015fim kurmaktan \u00e7ekinmeyin. Seks oyunlar\u0131n\u0131n ana turistik yerlerini birbiri ard\u0131na ke\u015ffedebilir ve bo\u015f zamanlar\u0131 m\u00fcmk\u00fcn oldu\u011funca keyifli ge\u00e7irebilirsiniz. Yeti\u015fkin [&hellip;]<\/p>\n","protected":false},"author":1,"featured_media":0,"parent":0,"menu_order":0,"comment_status":"closed","ping_status":"closed","template":"page-without-title.php","meta":[],"_links":{"self":[{"href":"https:\/\/adultxxxdate.net\/tr\/wp-json\/wp\/v2\/pages\/2765"}],"collection":[{"href":"https:\/\/adultxxxdate.net\/tr\/wp-json\/wp\/v2\/pages"}],"about":[{"href":"https:\/\/adultxxxdate.net\/tr\/wp-json\/wp\/v2\/types\/page"}],"author":[{"embeddable":true,"href":"https:\/\/adultxxxdate.net\/tr\/wp-json\/wp\/v2\/users\/1"}],"replies":[{"embeddable":true,"href":"https:\/\/adultxxxdate.net\/tr\/wp-json\/wp\/v2\/comments?post=2765"}],"version-history":[{"count":0,"href":"https:\/\/adultxxxdate.net\/tr\/wp-json\/wp\/v2\/pages\/2765\/revisions"}],"wp:attachment":[{"href":"https:\/\/adultxxxdate.net\/tr\/wp-json\/wp\/v2\/media?parent=2765"}],"curies":[{"name":"wp","href":"https:\/\/api.w.org\/{rel}","templated":true}]}}