{"id":2717,"date":"2021-12-16T16:56:00","date_gmt":"2021-12-16T16:56:00","guid":{"rendered":"https:\/\/adultxxxdate.net\/iphone-icin-xxx-oyunlari\/"},"modified":"2021-12-16T16:56:00","modified_gmt":"2021-12-16T16:56:00","slug":"iphone-icin-xxx-oyunlari","status":"publish","type":"page","link":"https:\/\/adultxxxdate.net\/tr\/iphone-icin-xxx-oyunlari\/","title":{"rendered":"iPhone i\u00e7in XXX Oyunlar\u0131"},"content":{"rendered":"<h1>iPhone i\u00e7in XXX Oyunlar\u0131<\/h1>\n\n\t<div class=\"space-shortcode-wrap space-games-shortcode-1 relative relative\">\n\t\t<div class=\"space-shortcode-wrap-ins relative\">\n\n\t\t\t\n\t\t\t<div class=\"space-games-archive-items box-100 relative\">\n\n\t\t\t\t\n\t\t\t\t<div class=\"space-games-archive-item box-50 relative\">\n\t\t\t\t\t<div class=\"space-games-archive-item-ins relative\">\n\t\t\t\t\t\t\t\t\t\t\t\t<div class=\"space-games-archive-item-img relative\">\n\t\t\t\t\t\t\t<a href=\"\/links\/hentaiheroes\" title=\"Hentai Kahramanlar\u0131\">\n\t\t\t\t\t\t\t\t<img src=\"https:\/\/adultxxxdate.net\/wp-content\/uploads\/2021\/04\/hentaiheroes_main-review-450x317.jpg\" alt=\"Hentai Kahramanlar\u0131\">\n\t\t\t\t\t\t\t<\/a>\n\t\t\t\t\t\t<\/div>\n\t\t\t\t\t\t\t\t\t\t\t\t<div class=\"space-games-archive-item-wrap text-center relative\">\n\t\t\t\t\t\t\t<div class=\"space-games-archive-item-title relative\">\n\t\t\t\t\t\t\t\t<a href=\"\/links\/hentaiheroes\" title=\"Hentai Kahramanlar\u0131\">Hentai Kahramanlar\u0131<\/a>\n\t\t\t\t\t\t\t<\/div>\n\n\t\t\t\t\t\t\t\t\t\t\t\t\t\t<div class=\"space-games-archive-item-short-desc relative\">\n\t\t\t\t\t\t\t\tSanal bir d\u00fcnyada gezinmenizi sa\u011flayan anime tarz\u0131 bir yeti\u015fkin seks oyunu.\t\t\t\t\t\t\t<\/div>\n\t\t\t\t\t\t\t\n\t\t\t\t\t\t\t<div class=\"space-games-archive-item-button relative\">\n\t\t\t\t\t\t\t\t<a href=\"\/links\/hentaiheroes\" title=\"\u015eimdi \u00c7al\" target=\"_blank\" rel=\"nofollow\">\u015eimdi \u00c7al<\/a>\n\t\t\t\t\t\t\t<\/div>\n\n\t\t\t\t\t\t\t\t\t\t\t\t\t\n\t\t\t\t\t\t<\/div>\n\t\t\t\t\t<\/div>\n\t\t\t\t<\/div>\n\n\t\t\t\t\n\t\t\t\t<div class=\"space-games-archive-item box-50 relative\">\n\t\t\t\t\t<div class=\"space-games-archive-item-ins relative\">\n\t\t\t\t\t\t\t\t\t\t\t\t<div class=\"space-games-archive-item-img relative\">\n\t\t\t\t\t\t\t<a href=\"\/links\/sexemulator\" title=\"SexEmulator\">\n\t\t\t\t\t\t\t\t<img src=\"https:\/\/adultxxxdate.net\/wp-content\/uploads\/2021\/04\/sex-emulator-review-image-450x317.jpg\" alt=\"SexEmulator\">\n\t\t\t\t\t\t\t<\/a>\n\t\t\t\t\t\t<\/div>\n\t\t\t\t\t\t\t\t\t\t\t\t<div class=\"space-games-archive-item-wrap text-center relative\">\n\t\t\t\t\t\t\t<div class=\"space-games-archive-item-title relative\">\n\t\t\t\t\t\t\t\t<a href=\"\/links\/sexemulator\" title=\"SexEmulator\">SexEmulator<\/a>\n\t\t\t\t\t\t\t<\/div>\n\n\t\t\t\t\t\t\t\t\t\t\t\t\t\t<div class=\"space-games-archive-item-short-desc relative\">\n\t\t\t\t\t\t\t\tEn iyi derecelendirilmi\u015f 3D seks oyunlar\u0131ndan biri. Karakterinizi olu\u015fturun ve fantezilerinize \u00f6yk\u00fcn.\t\t\t\t\t\t\t<\/div>\n\t\t\t\t\t\t\t\n\t\t\t\t\t\t\t<div class=\"space-games-archive-item-button relative\">\n\t\t\t\t\t\t\t\t<a href=\"\/links\/sexemulator\" title=\"\u015eimdi \u00c7al\" target=\"_blank\" rel=\"nofollow\">\u015eimdi \u00c7al<\/a>\n\t\t\t\t\t\t\t<\/div>\n\n\t\t\t\t\t\t\t\t\t\t\t\t\t\n\t\t\t\t\t\t<\/div>\n\t\t\t\t\t<\/div>\n\t\t\t\t<\/div>\n\n\t\t\t\t\n\t\t\t<\/div>\n\t\t\n\t\t<\/div>\n\t<\/div>\n\n\n<h2>iOS i\u00e7in Seks Oyunlar\u0131<\/h2>\n<p>Herhangi bir <a href=\"https:\/\/adultxxxdate.net\/tr\/porno-oyunlari-giris-yok\/\">seks oyununun<\/a> her oyuncusu, yeti\u015fkin e\u011flence ve seks hayat\u0131nda iyi bir geli\u015fme elde etmek i\u00e7in ba\u015far\u0131s\u0131z olmaz. D\u00fcnya \u00e7ap\u0131nda bir\u00e7ok \u00e7ift, daha iyi seks i\u00e7in ileti\u015fim becerilerini geli\u015ftirmek i\u00e7in seks oyunlar\u0131 oynar. Seks \u00f6ncesi, s\u0131ras\u0131nda ve sonras\u0131nda yeni \u015feyler yapmak ve seks partneri ile ileti\u015fim kurmak i\u00e7in ilgi alanlar\u0131 olur. Yeti\u015fkin e\u011flencelerini azaltmak i\u00e7in herhangi bir \u00e7abadan yoksun m\u00fckemmel seks bekliyorlar. Bir\u00e7ok yeti\u015fkin, b\u00fcy\u00fck seksin hi\u00e7 beklemedikleri bir anda geldi\u011fi durumlara sahip olmak ister. Bunun nedeni, harika seksin i\u015f gerektirdi\u011fini hissetmeleridir. Bundan sonraki en iyi seks oyunlar\u0131 \u00fczerinde \u00e7al\u0131\u015fabilir ve seks hayatlar\u0131n\u0131 \u015fimdikinden daha iyi hale getirebilirler.<\/p>\n<h2>iPhone Seks Oyunlar\u0131<\/h2>\n<p>Yareel baharatl\u0131 bir \u00e7evrimi\u00e7i seks oyunudur ve son derece ba\u011f\u0131ml\u0131l\u0131k yap\u0131c\u0131 do\u011fas\u0131 ve s\u00fcrprizlerle dolu olmas\u0131yla \u00fcnl\u00fcd\u00fcr. Bu seks oyununun bir oyuncusu olarak, ilk ba\u015fta kendi avatar\u0131n\u0131z\u0131 yapman\u0131z ve istedi\u011finiz \u015fekilde ki\u015fiselle\u015ftirmeniz gerekir. Bu platformda di\u011fer ger\u00e7ek kullan\u0131c\u0131larla bulu\u015fmaya ve bulu\u015fmaya devam edebilirsiniz. Avatar\u0131n birinci s\u0131n\u0131f \u00f6zellikleri, oyuncular\u0131n gizli cinsel arzular\u0131n\u0131 yerine getirmelerine yard\u0131mc\u0131 olmakta ve s\u0131n\u0131rs\u0131z \u00e7evrimi\u00e7i sanal seks \u015fans\u0131 sa\u011flamaktad\u0131r. \u0130lgin\u00e7 \u00f6zellikler ve harika grafikler bu oyunu \u00e7ok pop\u00fcler hale getirir ve her oyuncuya% 100 cinsel tatmin verir.<\/p>\n<p>Second Life, herkesin hi\u00e7bir \u00fccret \u00f6demeden kat\u0131labilece\u011fi ve sanal seks d\u00fcnyas\u0131na zorluk ve gecikme olmadan girebilece\u011fi en iyi \u00e7evrimi\u00e7i seks oyunudur. \u00c7ok iyi \u00fcne sahip bu porno oyununda en iyi karakterler var. Bu oyun her oyuncuyu memnun eder. \u0130kinci hayat\u0131 ke\u015ffetmek ve sanal cinsel e\u011flencenizde bir \u015feyleri renklendirmek i\u00e7in her \u015fans\u0131 kullanmak i\u00e7in uygun bir zamand\u0131r. Bu oyun d\u00fcnyas\u0131nda, oyuncular i\u015flerini b\u00fcy\u00fctebilir ve \u00e7ok pop\u00fcler olmak i\u00e7in harika \u015feyler yapabilirler. Bu oyunda kad\u0131n karakterler \u00f6zenle tasarlanm\u0131\u015f ve do\u011fas\u0131 gere\u011fi birinci s\u0131n\u0131f.<\/p>\n","protected":false},"excerpt":{"rendered":"<p>iPhone i\u00e7in XXX Oyunlar\u0131 iOS i\u00e7in Seks Oyunlar\u0131 Herhangi bir seks oyununun her oyuncusu, yeti\u015fkin e\u011flence ve seks hayat\u0131nda iyi bir geli\u015fme elde etmek i\u00e7in ba\u015far\u0131s\u0131z olmaz. D\u00fcnya \u00e7ap\u0131nda bir\u00e7ok \u00e7ift, daha iyi seks i\u00e7in ileti\u015fim becerilerini geli\u015ftirmek i\u00e7in seks oyunlar\u0131 oynar. Seks \u00f6ncesi, s\u0131ras\u0131nda ve sonras\u0131nda yeni \u015feyler yapmak ve seks partneri ile ileti\u015fim [&hellip;]<\/p>\n","protected":false},"author":1,"featured_media":0,"parent":0,"menu_order":0,"comment_status":"closed","ping_status":"closed","template":"page-without-title.php","meta":[],"_links":{"self":[{"href":"https:\/\/adultxxxdate.net\/tr\/wp-json\/wp\/v2\/pages\/2717"}],"collection":[{"href":"https:\/\/adultxxxdate.net\/tr\/wp-json\/wp\/v2\/pages"}],"about":[{"href":"https:\/\/adultxxxdate.net\/tr\/wp-json\/wp\/v2\/types\/page"}],"author":[{"embeddable":true,"href":"https:\/\/adultxxxdate.net\/tr\/wp-json\/wp\/v2\/users\/1"}],"replies":[{"embeddable":true,"href":"https:\/\/adultxxxdate.net\/tr\/wp-json\/wp\/v2\/comments?post=2717"}],"version-history":[{"count":0,"href":"https:\/\/adultxxxdate.net\/tr\/wp-json\/wp\/v2\/pages\/2717\/revisions"}],"wp:attachment":[{"href":"https:\/\/adultxxxdate.net\/tr\/wp-json\/wp\/v2\/media?parent=2717"}],"curies":[{"name":"wp","href":"https:\/\/api.w.org\/{rel}","templated":true}]}}