{"id":3291,"date":"2022-01-19T16:17:32","date_gmt":"2022-01-19T16:17:32","guid":{"rendered":"https:\/\/adultxxxdate.net\/hitta-anslutningswebbplatser-som-du-aldrig-har-gatt-med-i-tidigare\/"},"modified":"2022-01-19T16:17:32","modified_gmt":"2022-01-19T16:17:32","slug":"hitta-anslutningswebbplatser-som-du-aldrig-har-gatt-med-i-tidigare","status":"publish","type":"page","link":"https:\/\/adultxxxdate.net\/sv\/hitta-anslutningswebbplatser-som-du-aldrig-har-gatt-med-i-tidigare\/","title":{"rendered":"Hitta anslutningswebbplatser som du aldrig har g\u00e5tt med i tidigare"},"content":{"rendered":"<p>V\u00e5rt team har sammanst\u00e4llt en lista med 40 dejtingappar du kan prova nu.<\/p>\n<p>Om du har n\u00e5gra rekommendationer, v\u00e4nligen kontakta oss via v\u00e5r kontaktsida s\u00e5 f\u00f6rs\u00f6ker vi granska eventuella ytterligare appar du f\u00f6resl\u00e5r.<\/p>\n<h2>S\u00e5 h\u00e4r g\u00e5r du med<\/h2>\n<ol>\n<li>Hitta den app som passar dina behov b\u00e4st<\/li>\n<li>Fyll i registreringssidan<\/li>\n<li>Skicka meddelanden till lokala flickor i ditt omr\u00e5de<\/li>\n<\/ol>\n<h2>Alla v\u00e5ra recensioner<\/h2>\n<ul class=\"wpb_page_list\"><li class=\"page_item page-item-2002\"><a href=\"https:\/\/adultxxxdate.net\/sv\/hitta-anslutningswebbplatser-som-du-aldrig-har-gatt-med-i-tidigare\/cheatingcougars-recension\/\">Cheatingcougars Recension<\/a><\/li>\n<li class=\"page_item page-item-2028\"><a href=\"https:\/\/adultxxxdate.net\/sv\/hitta-anslutningswebbplatser-som-du-aldrig-har-gatt-med-i-tidigare\/lokalhussies-recension\/\">Lokalhussies Recension<\/a><\/li>\n<li class=\"page_item page-item-2037\"><a href=\"https:\/\/adultxxxdate.net\/sv\/hitta-anslutningswebbplatser-som-du-aldrig-har-gatt-med-i-tidigare\/findmyflings-recension\/\">Findmyflings Recension<\/a><\/li>\n<li class=\"page_item page-item-2056\"><a href=\"https:\/\/adultxxxdate.net\/sv\/hitta-anslutningswebbplatser-som-du-aldrig-har-gatt-med-i-tidigare\/uberhorny-recension\/\">Uberhorny Recension<\/a><\/li>\n<li class=\"page_item page-item-2058\"><a href=\"https:\/\/adultxxxdate.net\/sv\/hitta-anslutningswebbplatser-som-du-aldrig-har-gatt-med-i-tidigare\/fuckbook-recension\/\">Fuckbook Recension<\/a><\/li>\n<li class=\"page_item page-item-2059\"><a href=\"https:\/\/adultxxxdate.net\/sv\/hitta-anslutningswebbplatser-som-du-aldrig-har-gatt-med-i-tidigare\/snapsext-recension\/\">Snapsext Recension<\/a><\/li>\n<li class=\"page_item page-item-2060\"><a href=\"https:\/\/adultxxxdate.net\/sv\/hitta-anslutningswebbplatser-som-du-aldrig-har-gatt-med-i-tidigare\/iwantu-recension\/\">Iwantu Recension<\/a><\/li>\n<li class=\"page_item page-item-2068\"><a href=\"https:\/\/adultxxxdate.net\/sv\/hitta-anslutningswebbplatser-som-du-aldrig-har-gatt-med-i-tidigare\/collarspace-recension\/\">Collarspace Recension<\/a><\/li>\n<li class=\"page_item page-item-2100\"><a href=\"https:\/\/adultxxxdate.net\/sv\/hitta-anslutningswebbplatser-som-du-aldrig-har-gatt-med-i-tidigare\/onenightfriend-recension\/\">Onenightfriend Recension<\/a><\/li>\n<li class=\"page_item page-item-2110\"><a href=\"https:\/\/adultxxxdate.net\/sv\/hitta-anslutningswebbplatser-som-du-aldrig-har-gatt-med-i-tidigare\/omgchat-recension\/\">Omgchat Recension<\/a><\/li>\n<li class=\"page_item page-item-2113\"><a href=\"https:\/\/adultxxxdate.net\/sv\/hitta-anslutningswebbplatser-som-du-aldrig-har-gatt-med-i-tidigare\/fabswingers-recension\/\">Fabswingers Recension<\/a><\/li>\n<li class=\"page_item page-item-2114\"><a href=\"https:\/\/adultxxxdate.net\/sv\/hitta-anslutningswebbplatser-som-du-aldrig-har-gatt-med-i-tidigare\/social-sex-review\/\">Social Sex Review<\/a><\/li>\n<li class=\"page_item page-item-2116\"><a href=\"https:\/\/adultxxxdate.net\/sv\/hitta-anslutningswebbplatser-som-du-aldrig-har-gatt-med-i-tidigare\/xcheaters-recension\/\">Xcheaters Recension<\/a><\/li>\n<li class=\"page_item page-item-2127\"><a href=\"https:\/\/adultxxxdate.net\/sv\/hitta-anslutningswebbplatser-som-du-aldrig-har-gatt-med-i-tidigare\/dirty-tinder-recension\/\">Dirty Tinder Recension<\/a><\/li>\n<li class=\"page_item page-item-2134\"><a href=\"https:\/\/adultxxxdate.net\/sv\/hitta-anslutningswebbplatser-som-du-aldrig-har-gatt-med-i-tidigare\/instabang-recension\/\">Instabang Recension<\/a><\/li>\n<li class=\"page_item page-item-2135\"><a href=\"https:\/\/adultxxxdate.net\/sv\/hitta-anslutningswebbplatser-som-du-aldrig-har-gatt-med-i-tidigare\/fling-recension\/\">Fling Recension<\/a><\/li>\n<li class=\"page_item page-item-2163\"><a href=\"https:\/\/adultxxxdate.net\/sv\/hitta-anslutningswebbplatser-som-du-aldrig-har-gatt-med-i-tidigare\/kinkyads-recension\/\">Kinkyads Recension<\/a><\/li>\n<li class=\"page_item page-item-2180\"><a href=\"https:\/\/adultxxxdate.net\/sv\/hitta-anslutningswebbplatser-som-du-aldrig-har-gatt-med-i-tidigare\/recension-av-adult-friend-finder\/\">Recension av Adult Friend Finder<\/a><\/li>\n<li class=\"page_item page-item-2181\"><a href=\"https:\/\/adultxxxdate.net\/sv\/hitta-anslutningswebbplatser-som-du-aldrig-har-gatt-med-i-tidigare\/snapmilfs-recension\/\">Snapmilfs Recension<\/a><\/li>\n<li class=\"page_item page-item-2186\"><a href=\"https:\/\/adultxxxdate.net\/sv\/hitta-anslutningswebbplatser-som-du-aldrig-har-gatt-med-i-tidigare\/snapleakswiki-recension\/\">Snapleakswiki Recension<\/a><\/li>\n<li class=\"page_item page-item-2195\"><a href=\"https:\/\/adultxxxdate.net\/sv\/hitta-anslutningswebbplatser-som-du-aldrig-har-gatt-med-i-tidigare\/usa-sex-guide-recension\/\">Usa Sex Guide Recension<\/a><\/li>\n<li class=\"page_item page-item-2736\"><a href=\"https:\/\/adultxxxdate.net\/sv\/hitta-anslutningswebbplatser-som-du-aldrig-har-gatt-med-i-tidigare\/wildsmash-recension\/\">Wildsmash Recension<\/a><\/li>\n<li class=\"page_item page-item-2737\"><a href=\"https:\/\/adultxxxdate.net\/sv\/hitta-anslutningswebbplatser-som-du-aldrig-har-gatt-med-i-tidigare\/flirt-buddies-recension\/\">Flirt Buddies Recension<\/a><\/li>\n<li class=\"page_item page-item-2739\"><a href=\"https:\/\/adultxxxdate.net\/sv\/hitta-anslutningswebbplatser-som-du-aldrig-har-gatt-med-i-tidigare\/2fuck-recension\/\">2Fuck Recension<\/a><\/li>\n<li class=\"page_item page-item-2741\"><a href=\"https:\/\/adultxxxdate.net\/sv\/hitta-anslutningswebbplatser-som-du-aldrig-har-gatt-med-i-tidigare\/bang-locals-recension\/\">Bang Locals Recension<\/a><\/li>\n<\/ul>\n<h2>Hur vi rankar webbplatserna<\/h2>\n<p>Bra fr\u00e5ga, vi rankar de b\u00e4sta dejtingapparna om hur l\u00e4tt det \u00e4r att hitta avslappnad sex med lokala flickor n\u00e4ra dig.<\/p>\n<p>Om du letar efter sex beh\u00f6ver du inte leta l\u00e4ngre \u00e4n de appar vi har hittat \u00e5t dig.<\/p>\n","protected":false},"excerpt":{"rendered":"<p>V\u00e5rt team har sammanst\u00e4llt en lista med 40 dejtingappar du kan prova nu. Om du har n\u00e5gra rekommendationer, v\u00e4nligen kontakta oss via v\u00e5r kontaktsida s\u00e5 f\u00f6rs\u00f6ker vi granska eventuella ytterligare appar du f\u00f6resl\u00e5r. S\u00e5 h\u00e4r g\u00e5r du med Hitta den app som passar dina behov b\u00e4st Fyll i registreringssidan Skicka meddelanden till lokala flickor i [&hellip;]<\/p>\n","protected":false},"author":1,"featured_media":0,"parent":0,"menu_order":0,"comment_status":"closed","ping_status":"closed","template":"page-full-width.php","meta":[],"_links":{"self":[{"href":"https:\/\/adultxxxdate.net\/sv\/wp-json\/wp\/v2\/pages\/3291"}],"collection":[{"href":"https:\/\/adultxxxdate.net\/sv\/wp-json\/wp\/v2\/pages"}],"about":[{"href":"https:\/\/adultxxxdate.net\/sv\/wp-json\/wp\/v2\/types\/page"}],"author":[{"embeddable":true,"href":"https:\/\/adultxxxdate.net\/sv\/wp-json\/wp\/v2\/users\/1"}],"replies":[{"embeddable":true,"href":"https:\/\/adultxxxdate.net\/sv\/wp-json\/wp\/v2\/comments?post=3291"}],"version-history":[{"count":0,"href":"https:\/\/adultxxxdate.net\/sv\/wp-json\/wp\/v2\/pages\/3291\/revisions"}],"wp:attachment":[{"href":"https:\/\/adultxxxdate.net\/sv\/wp-json\/wp\/v2\/media?parent=3291"}],"curies":[{"name":"wp","href":"https:\/\/api.w.org\/{rel}","templated":true}]}}