{"id":2929,"date":"2021-08-31T12:37:41","date_gmt":"2021-08-31T12:37:41","guid":{"rendered":"https:\/\/adultxxxdate.net\/gratis-sexsidor-inget-kreditkort\/"},"modified":"2025-09-21T15:02:35","modified_gmt":"2025-09-21T15:02:35","slug":"gratis-sexsidor-inget-kreditkort","status":"publish","type":"page","link":"https:\/\/adultxxxdate.net\/sv\/gratis-sexsidor-inget-kreditkort\/","title":{"rendered":"Gratis sexsidor inget kreditkort"},"content":{"rendered":"<h1>Gratis Knulla Webbplatser Inget Kreditkort &#8211; Tr\u00e4ffa K\u00e5ta Sluts N\u00e4ra Dig \ud83d\udc8b\ud83d\udcf1\ud83d\udd25<\/h1>\n<p>L\u00e5t oss hoppa \u00f6ver sm\u00e5pratet: om du letar efter roliga, avslappnade tr\u00e4ffar med sj\u00e4lvs\u00e4kra, sexuellt \u00f6ppna kvinnor \u00e4r du inte ensam &#8211; och ja, det \u00e4r absolut m\u00f6jligt att hitta dem n\u00e4ra dig. Oavsett om de \u00e4r \u00e4ventyrliga MILF:er, dj\u00e4rva pumor, fl\u00f6rtiga fr\u00e5nskilda eller k\u00e5ta kvinnor som precis \u00e4r klara med dramat, finns det massor av \u00f6ppensinnade heta slynor i n\u00e4rheten som vill ha samma sak som du: ingen press, inga f\u00f6rv\u00e4ntningar &#8211; bara kemi, flirt och of\u00f6rgl\u00f6mliga n\u00e4tter. F\u00f6r dem som letar efter de b\u00e4sta plattformarna f\u00f6r att f\u00e5 kontakt med s\u00e5dana individer kan det vara en utm\u00e4rkt utg\u00e5ngspunkt att utforska olika <a href=\"https:\/\/adultxxxdate.net\/free-meet-and-fuck-sites\/\">knullsajter<\/a> , eftersom det erbjuder en uppsj\u00f6 av alternativ som passar alla preferenser. <strong>Den h\u00e4r guiden hj\u00e4lper dig:<\/strong> \u2705 Hitta riktiga, heta lokala slynor i ditt omr\u00e5de \u2705<br \/>\nAnv\u00e4nd de b\u00e4sta dejtingapparna f\u00f6r avslappnade m\u00f6ten<br \/>\n\u2705 Stick ut med meddelanden som f\u00e5r svar<br \/>\n\u2705 G\u00e5 fr\u00e5n &#8221;hej&#8221; till hookup &#8211; utan att l\u00e5ta som alla andra    <\/p>\n<p>Dagens sj\u00e4lvs\u00e4kra slynor i ditt omr\u00e5de vet vad de vill ha &#8211; och de \u00e4r inte r\u00e4dda f\u00f6r att be om det. Och det m\u00e5nga vill ha \u00e4r: <\/p>\n<p>\u2714\ufe0f Kul utan press<br \/>\n\u2714\ufe0f p\u00e5 f\u00f6rh\u00e5llandet Flirtiga konversationer som blir till verklig kemi<br \/>\n\u2714\ufe0f Yngre m\u00e4n som \u00e4r sj\u00e4lvs\u00e4kra och odramatiska<br \/>\n\u2714\ufe0f Sp\u00e4nning sent p\u00e5 kv\u00e4llen utan att vara bunden till tidiga morgonf\u00f6rpliktelser  <\/p>\n<p>Oavsett om hon \u00e4r en ensamst\u00e5ende mamma, en nyfiken puma eller en kvinna som utforskar sin vilda sida, letar hon efter n\u00e5gon som f\u00f6rst\u00e5r det &#8211; och det kan vara du. Utforska m\u00f6jligheterna p\u00e5 <a href=\"https:\/\/adultxxxdate.net\/\">Casual dejtingsajter<\/a> f\u00f6r att hitta den perfekta matchningen f\u00f6r dina \u00f6nskem\u00e5l. <\/p>\n<h2>\ud83d\udcf1 B\u00e4sta dejtingappar f\u00f6r att tr\u00e4ffa lokala slampor n\u00e4ra dig<\/h2>\n<p>Vill du hoppa \u00f6ver gissningarna och g\u00e5 direkt till den roliga delen? Dessa appar \u00e4r fullpackade med lokala, sexiga slynor som letar efter avslappnade kontakter &#8211; och de \u00e4r gratis att bl\u00e4ddra eller g\u00e5 med i:<br \/>\nB\u00e4st f\u00f6r: Snabba, flirtiga chattar med avslappnade dejtare och MILFs <\/p>\n<p>\u2714\ufe0f Perfekt f\u00f6r spontana anslutningar<br \/>\n\u2714\ufe0f Kvinnor som \u00e4r \u00f6ppna, dj\u00e4rva och lekfulla<br \/>\n\u2714\ufe0f Enkelt gr\u00e4nssnitt och snabb matchning<\/p>\n<h3>\ud83d\udc60 Ashley Madison<\/h3>\n<p>B\u00e4st f\u00f6r: Diskreta kontakter med gifta eller nyfikna kvinnor<\/p>\n<p>\u2714\ufe0f Byggd f\u00f6r hemliga flirtar och privat n\u00f6je<br \/>\n\u2714\ufe0f M\u00e5nga kvinnor 30+ letar efter avslappnad romantik<br \/>\n\u2714\ufe0f S\u00e4kert, d\u00f6mande chattutrymme<\/p>\n<h3>\ud83d\udd25 AdultFriendFinder (p\u00e5 engelska)<\/h3>\n<p>B\u00e4st f\u00f6r: Vilda chattar, hookups och allt d\u00e4remellan<\/p>\n<p>\u2714\ufe0f \u00d6ppensinnad gemenskap av MILF:er, pumor och \u00e4ventyrliga singlar<br \/>\n\u2714\ufe0f Perfekt f\u00f6r cam-chatt, fantasier och verkliga m\u00f6ten<br \/>\n\u2714\ufe0f Massor av lokala matchningar redo att prata ikv\u00e4ll<\/p>\n<h3>\ud83d\udc8b Puma Liv<\/h3>\n<p>B\u00e4st f\u00f6r: \u00c4ldre, erfarna slynor som \u00e4lskar yngre m\u00e4n<\/p>\n<p>\u2714\ufe0f Full av MILFs och pumor som letar efter skoj<br \/>\n\u2714\ufe0f Lokala filter hj\u00e4lper dig att ansluta n\u00e4rliggande<br \/>\n\u2714\ufe0f Kvinnor h\u00e4r tar t\u00e4ten &#8211; och \u00e4lskar n\u00e4r du f\u00f6ljer<\/p>\n<h3>\ud83e\udde1 MILF:s Dejtingklubb<\/h3>\n<p>B\u00e4st f\u00f6r: Sofistikerade slynor som letar efter \u00e5ldersskillnader<\/p>\n<p>\u2714\ufe0f Verifierade, mogna kvinnliga medlemmar<br \/>\n\u2714\ufe0f Diskret, flirtig och respektfull plattform<br \/>\n\u2714\ufe0f Perfekt f\u00f6r sexiga m\u00f6ten utan press<\/p>\n<h2>\ud83d\udcac Flirtiga tips f\u00f6r att f\u00e5 r\u00e4tt sorts uppm\u00e4rksamhet<\/h2>\n<p>Om du letar efter skoj utan f\u00f6rbeh\u00e5ll m\u00e5ste du n\u00e4rma dig det p\u00e5 r\u00e4tt s\u00e4tt: sj\u00e4lvs\u00e4ker, flirtig och respektfull.<\/p>\n<h3>\u2705 1. veckor G\u00f6r din profil redo f\u00f6r anslutning (utan att vara kr\u00e5nglig) <\/h3>\n<p>Var tydlig med din atmosf\u00e4r &#8211; men h\u00e5ll den stilren.<\/p>\n<p><strong>Exempel p\u00e5 biografi:  <\/strong><em>Avslappnat, utan drama och med bra energi och stark kemi. Vill du f\u00e5 kontakt med n\u00e5gon som vet vad hon vill &#8211; och som inte \u00e4r r\u00e4dd f\u00f6r att ha kul. <\/em><\/p>\n<p>\ud83d\udcf8 Anv\u00e4nd ett rent, nytaget foto. Visa ditt ansikte. Leende. Sj\u00e4lvf\u00f6rtroendet &gt; flexar.   <\/p>\n<h3>\u2705 2. veckor Skicka ett meddelande till henne som om du menar det <\/h3>\n<p>Skicka inte &#8221;hej&#8221;. F\u00e5 henne att k\u00e4nna sig sexig, inte spammad. <\/p>\n<p><strong>F\u00f6rs\u00f6ka:<\/strong><\/p>\n<ul>\n<li><em>Du har det d\u00e4r utseendet &#8211; sj\u00e4lvs\u00e4ker, rolig och precis tillr\u00e4ckligt farlig f\u00f6r att vara intressant. Jag gillar det. <\/em><\/li>\n<li><em>Inte h\u00e4r f\u00f6r att sl\u00f6sa bort din tid &#8211; men jag skulle g\u00e4rna hj\u00e4lpa dig att sl\u00f6sa bort din kv\u00e4ll.<\/em><\/li>\n<\/ul>\n<p>Flirtig. Lekfull. Direkt.  <\/p>\n<h3>\u2705 3. veckor L\u00e5t henne leda &#8211; och var redo n\u00e4r hon g\u00f6r det <\/h3>\n<p>\u00d6ppensinnade kvinnor \u00e4lskar killar som inte komplicerar saker och ting. N\u00e4r energin finns d\u00e4r, s\u00e4g n\u00e5got i stil med: <em>L\u00e5t oss ta det lugnt &#8211; drycker i helgen, eller ska vi hoppa \u00f6ver drinkarna och se vad som h\u00e4nder?<\/em> <\/p>\n<p>Sj\u00e4lvf\u00f6rtroende g\u00f6r henne upphetsad. Det \u00e4r bara att l\u00e4sa av st\u00e4mningen &#8211; och respektera hennes gr\u00e4nser. <\/p>\n<h2>\ud83d\udca6 Vad letar dessa slynor i ditt omr\u00e5de egentligen efter?<\/h2>\n<p>Det beror p\u00e5 &#8211; men de flesta \u00e4r ute efter:<\/p>\n<p>\u2714\ufe0f Riktig kemi<br \/>\n\u2714\ufe0f Heta konversationer som leder n\u00e5gonstans<br \/>\n\u2714\ufe0f Ingen press, rolig f\u00f6rsta dejting<br \/>\n\u2714\ufe0f Killar som flirtar bra och h\u00e5ller saker l\u00e4tta  <\/p>\n<p>Oavsett om det \u00e4r en g\u00e5ng eller p\u00e5g\u00e5ende, \u00e4r hon h\u00e4r f\u00f6r att roa sig utan <a href=\"https:\/\/adultxxxdate.net\/free-hookup-ads\/\">f\u00f6rbeh\u00e5ll<\/a> &#8211; och se till att du ocks\u00e5 g\u00f6r det.<\/p>\n<h2>\u2705 Avslutande tankar! Hon \u00e4r i n\u00e4rheten&#8230; och Klar <\/h2>\n<p>Om du \u00e4r tr\u00f6tt p\u00e5 o\u00e4ndligt svepande och letar efter en riktig kontakt med en rolig, \u00f6ppensinnad kvinna n\u00e4ra dig, \u00e4r det h\u00e4r din stund. Du beh\u00f6ver inga upph\u00e4mtningslinjer. <\/p>\n<p><strong>Du beh\u00f6ver bara:<\/strong><\/p>\n<p>\u2705 En fl\u00f6rtig, riktig profil<br \/>\n\u2705 Ett meddelande som f\u00e5r henne att le<br \/>\n\u2705 Och r\u00e4tt dejtingapp f\u00f6r att hitta henne snabbt<\/p>\n\n\t<div class=\"space-shortcode-wrap space-shortcode-4 relative\">\n\t\t<div class=\"space-shortcode-wrap-ins relative\">\n\n\t\t\t\n\t\t\t<div class=\"space-casinos-3-archive-items box-100 relative\">\n\n\t\t\t\t\t\t\t\t\n\t\t\t\t\t\t\t\n\t\t\t\t<div class=\"space-casinos-3-archive-item box-100 relative\">\n\t\t\t\t\t<div class=\"space-casinos-3-archive-item-ins relative\">\n\t\t\t\t\t\t<div class=\"space-casinos-3-archive-item-logo box-25 relative\">\n\t\t\t\t\t\t\t<div class=\"space-casinos-3-archive-item-logo-ins box-100 text-center relative\">\n\t\t\t\t\t\t\t\t\t\t\t\t\t\t\t\t<a href=\"\/links\/waystomeet\" title=\"WaysToMeet\" target=\"_blank\" rel=\"nofollow\">\n\t\t\t\t\t\t\t\t\t<img src=\"https:\/\/adultxxxdate.net\/wp-content\/uploads\/2021\/07\/waystomeet-dark-80x80.png\" alt=\"WaysToMeet\">\n\t\t\t\t\t\t\t\t<\/a>\n\t\t\t\t\t\t\t\t\t\t\t\t\t\t\t<\/div>\n\t\t\t\t\t\t\t<div class=\"space-casinos-3-archive-item-count absolute\">\n\t\t\t\t\t\t\t\t<span>1<\/span>\n\t\t\t\t\t\t\t<\/div>\n\t\t\t\t\t\t<\/div>\n\t\t\t\t\t\t<div class=\"space-casinos-3-archive-item-terms box-25 relative\">\n\t\t\t\t\t\t\t<div class=\"space-casinos-3-archive-item-terms-ins box-100 text-center relative\">\n\t\t\t\t\t\t\t\t<img style=\"width: 16px; height: 16px;\" src=\"\/wp-content\/themes\/mercury\/female-organs-vagina-svgrepo-com.svg\"> Female Members: <b>48%<\/b><br>\n\t\t\t\t\t\t\t\t\t<img style=\"width: 16px; height: 16px;\" src=\"\/wp-content\/themes\/mercury\/time-svgrepo-com.svg\"> Sign Up Speed: <b>Snabb<\/b><br>\n\t\t\t\t\t\t\t\t\t<img style=\"width: 16px; height: 16px;\" src=\"\/wp-content\/themes\/mercury\/woman-svgrepo-com.svg\"> Age Range: <b>18-75<\/b><br>\n\t\t\t\t\t\t\t\t\t<img style=\"width: 16px; height: 16px;\" src=\"\/wp-content\/themes\/mercury\/money-svgrepo-com.svg\"> Free Trial: <b>Yes<\/b><br>\n\t\t\t\t\t\t\t<\/div>\n\t\t\t\t\t\t<\/div>\n\t\t\t\t\t\t<div class=\"space-casinos-3-archive-item-rating box-25 relative\">\n\t\t\t\t\t\t\t<div class=\"space-casinos-3-archive-item-rating-ins box-100 text-center relative\">\n\t\t\t\t\t\t\t\t\t\t\t\t\t\t\t\t<div class=\"space-casinos-3-archive-item-rating-box relative\">\n\t\t\t\t\t\t\t\t\t<div class=\"star-rating\"><span class=\"screen-reader-text\">3,8 rating<\/span><div class=\"star star-full\" aria-hidden=\"true\"><\/div><div class=\"star star-full\" aria-hidden=\"true\"><\/div><div class=\"star star-full\" aria-hidden=\"true\"><\/div><div class=\"star star-half\" aria-hidden=\"true\"><\/div><div class=\"star star-empty\" aria-hidden=\"true\"><\/div><\/div>\t\t\t\t\t\t\t\t\t<span>3.8<\/span>\n\t\t\t\t\t\t\t\t<\/div>\n\n\t\t\t\t\t\t\t\t\t\t\t\t\t\t\t\t\n\t\t\t\t\t\t\t<\/div>\n\t\t\t\t\t\t<\/div>\n\t\t\t\t\t\t<div class=\"space-casinos-3-archive-item-button box-25 relative\">\n\t\t\t\t\t\t\t<div class=\"space-casinos-3-archive-item-button-ins box-100 text-center relative\">\n\t\t\t\t\t\t\t\t<a style=\"background-color: #ef3024 !important;\" href=\"\/links\/waystomeet\" title=\"Gratis registrering\" target=\"_blank\" rel=\"nofollow\"><i class=\"fas fa-check-circle\"><\/i> Gratis registrering<\/a>\n\n\t\t\t\t\t\t\t<\/div>\n\t\t\t\t\t\t<\/div>\n\t\t\t\t\t<\/div>\n\t\t\t\t<\/div>\n\n\t\t\t\t\t\t\t\t\n\t\t\t\t\t\t\t\n\t\t\t\t<div class=\"space-casinos-3-archive-item box-100 relative\">\n\t\t\t\t\t<div class=\"space-casinos-3-archive-item-ins relative\">\n\t\t\t\t\t\t<div class=\"space-casinos-3-archive-item-logo box-25 relative\">\n\t\t\t\t\t\t\t<div class=\"space-casinos-3-archive-item-logo-ins box-100 text-center relative\">\n\t\t\t\t\t\t\t\t\t\t\t\t\t\t\t\t<a href=\"\/links\/milfplay\" title=\"MilfPlay\" target=\"_blank\" rel=\"nofollow\">\n\t\t\t\t\t\t\t\t\t<img src=\"https:\/\/adultxxxdate.net\/wp-content\/uploads\/2021\/07\/milfplay-logo.png\" alt=\"MilfPlay\">\n\t\t\t\t\t\t\t\t<\/a>\n\t\t\t\t\t\t\t\t\t\t\t\t\t\t\t<\/div>\n\t\t\t\t\t\t\t<div class=\"space-casinos-3-archive-item-count absolute\">\n\t\t\t\t\t\t\t\t<span>2<\/span>\n\t\t\t\t\t\t\t<\/div>\n\t\t\t\t\t\t<\/div>\n\t\t\t\t\t\t<div class=\"space-casinos-3-archive-item-terms box-25 relative\">\n\t\t\t\t\t\t\t<div class=\"space-casinos-3-archive-item-terms-ins box-100 text-center relative\">\n\t\t\t\t\t\t\t\t<img style=\"width: 16px; height: 16px;\" src=\"\/wp-content\/themes\/mercury\/female-organs-vagina-svgrepo-com.svg\"> Female Members: <b>48%<\/b><br>\n\t\t\t\t\t\t\t\t\t<img style=\"width: 16px; height: 16px;\" src=\"\/wp-content\/themes\/mercury\/time-svgrepo-com.svg\"> Sign Up Speed: <b>Snabb<\/b><br>\n\t\t\t\t\t\t\t\t\t<img style=\"width: 16px; height: 16px;\" src=\"\/wp-content\/themes\/mercury\/woman-svgrepo-com.svg\"> Age Range: <b>18-75<\/b><br>\n\t\t\t\t\t\t\t\t\t<img style=\"width: 16px; height: 16px;\" src=\"\/wp-content\/themes\/mercury\/money-svgrepo-com.svg\"> Free Trial: <b>Yes<\/b><br>\n\t\t\t\t\t\t\t<\/div>\n\t\t\t\t\t\t<\/div>\n\t\t\t\t\t\t<div class=\"space-casinos-3-archive-item-rating box-25 relative\">\n\t\t\t\t\t\t\t<div class=\"space-casinos-3-archive-item-rating-ins box-100 text-center relative\">\n\t\t\t\t\t\t\t\t\t\t\t\t\t\t\t\t<div class=\"space-casinos-3-archive-item-rating-box relative\">\n\t\t\t\t\t\t\t\t\t<div class=\"star-rating\"><span class=\"screen-reader-text\">3,8 rating<\/span><div class=\"star star-full\" aria-hidden=\"true\"><\/div><div class=\"star star-full\" aria-hidden=\"true\"><\/div><div class=\"star star-full\" aria-hidden=\"true\"><\/div><div class=\"star star-half\" aria-hidden=\"true\"><\/div><div class=\"star star-empty\" aria-hidden=\"true\"><\/div><\/div>\t\t\t\t\t\t\t\t\t<span>3.8<\/span>\n\t\t\t\t\t\t\t\t<\/div>\n\n\t\t\t\t\t\t\t\t\t\t\t\t\t\t\t\t\n\t\t\t\t\t\t\t<\/div>\n\t\t\t\t\t\t<\/div>\n\t\t\t\t\t\t<div class=\"space-casinos-3-archive-item-button box-25 relative\">\n\t\t\t\t\t\t\t<div class=\"space-casinos-3-archive-item-button-ins box-100 text-center relative\">\n\t\t\t\t\t\t\t\t<a style=\"background-color: #ef3024 !important;\" href=\"\/links\/milfplay\" title=\"Gratis registrering\" target=\"_blank\" rel=\"nofollow\"><i class=\"fas fa-check-circle\"><\/i> Gratis registrering<\/a>\n\n\t\t\t\t\t\t\t<\/div>\n\t\t\t\t\t\t<\/div>\n\t\t\t\t\t<\/div>\n\t\t\t\t<\/div>\n\n\t\t\t\t\t\t\t\t\n\t\t\t\t\t\t\t\n\t\t\t\t<div class=\"space-casinos-3-archive-item box-100 relative\">\n\t\t\t\t\t<div class=\"space-casinos-3-archive-item-ins relative\">\n\t\t\t\t\t\t<div class=\"space-casinos-3-archive-item-logo box-25 relative\">\n\t\t\t\t\t\t\t<div class=\"space-casinos-3-archive-item-logo-ins box-100 text-center relative\">\n\t\t\t\t\t\t\t\t\t\t\t\t\t\t\t\t<a href=\"\/links\/banglocals\" title=\"Bang Lokalbefolkningen\" target=\"_blank\" rel=\"nofollow\">\n\t\t\t\t\t\t\t\t\t<img src=\"https:\/\/adultxxxdate.net\/wp-content\/uploads\/2021\/07\/banglocals-logo2-190x80.png\" alt=\"Bang Lokalbefolkningen\">\n\t\t\t\t\t\t\t\t<\/a>\n\t\t\t\t\t\t\t\t\t\t\t\t\t\t\t<\/div>\n\t\t\t\t\t\t\t<div class=\"space-casinos-3-archive-item-count absolute\">\n\t\t\t\t\t\t\t\t<span>3<\/span>\n\t\t\t\t\t\t\t<\/div>\n\t\t\t\t\t\t<\/div>\n\t\t\t\t\t\t<div class=\"space-casinos-3-archive-item-terms box-25 relative\">\n\t\t\t\t\t\t\t<div class=\"space-casinos-3-archive-item-terms-ins box-100 text-center relative\">\n\t\t\t\t\t\t\t\t<img style=\"width: 16px; height: 16px;\" src=\"\/wp-content\/themes\/mercury\/female-organs-vagina-svgrepo-com.svg\"> Female Members: <b>48%<\/b><br>\n\t\t\t\t\t\t\t\t\t<img style=\"width: 16px; height: 16px;\" src=\"\/wp-content\/themes\/mercury\/time-svgrepo-com.svg\"> Sign Up Speed: <b>Snabb<\/b><br>\n\t\t\t\t\t\t\t\t\t<img style=\"width: 16px; height: 16px;\" src=\"\/wp-content\/themes\/mercury\/woman-svgrepo-com.svg\"> Age Range: <b>18-75<\/b><br>\n\t\t\t\t\t\t\t\t\t<img style=\"width: 16px; height: 16px;\" src=\"\/wp-content\/themes\/mercury\/money-svgrepo-com.svg\"> Free Trial: <b>Yes<\/b><br>\n\t\t\t\t\t\t\t<\/div>\n\t\t\t\t\t\t<\/div>\n\t\t\t\t\t\t<div class=\"space-casinos-3-archive-item-rating box-25 relative\">\n\t\t\t\t\t\t\t<div class=\"space-casinos-3-archive-item-rating-ins box-100 text-center relative\">\n\t\t\t\t\t\t\t\t\t\t\t\t\t\t\t\t<div class=\"space-casinos-3-archive-item-rating-box relative\">\n\t\t\t\t\t\t\t\t\t<div class=\"star-rating\"><span class=\"screen-reader-text\">3,8 rating<\/span><div class=\"star star-full\" aria-hidden=\"true\"><\/div><div class=\"star star-full\" aria-hidden=\"true\"><\/div><div class=\"star star-full\" aria-hidden=\"true\"><\/div><div class=\"star star-half\" aria-hidden=\"true\"><\/div><div class=\"star star-empty\" aria-hidden=\"true\"><\/div><\/div>\t\t\t\t\t\t\t\t\t<span>3.8<\/span>\n\t\t\t\t\t\t\t\t<\/div>\n\n\t\t\t\t\t\t\t\t\t\t\t\t\t\t\t\t\n\t\t\t\t\t\t\t<\/div>\n\t\t\t\t\t\t<\/div>\n\t\t\t\t\t\t<div class=\"space-casinos-3-archive-item-button box-25 relative\">\n\t\t\t\t\t\t\t<div class=\"space-casinos-3-archive-item-button-ins box-100 text-center relative\">\n\t\t\t\t\t\t\t\t<a style=\"background-color: #ef3024 !important;\" href=\"\/links\/banglocals\" title=\"Gratis registrering\" target=\"_blank\" rel=\"nofollow\"><i class=\"fas fa-check-circle\"><\/i> Gratis registrering<\/a>\n\n\t\t\t\t\t\t\t<\/div>\n\t\t\t\t\t\t<\/div>\n\t\t\t\t\t<\/div>\n\t\t\t\t<\/div>\n\n\t\t\t\t\t\t\t\t\n\t\t\t\t\t\t\t\n\t\t\t\t<div class=\"space-casinos-3-archive-item box-100 relative\">\n\t\t\t\t\t<div class=\"space-casinos-3-archive-item-ins relative\">\n\t\t\t\t\t\t<div class=\"space-casinos-3-archive-item-logo box-25 relative\">\n\t\t\t\t\t\t\t<div class=\"space-casinos-3-archive-item-logo-ins box-100 text-center relative\">\n\t\t\t\t\t\t\t\t\t\t\t\t\t\t\t\t<a href=\"\/links\/onenightfriend\" title=\"OneNightV\u00e4nend\" target=\"_blank\" rel=\"nofollow\">\n\t\t\t\t\t\t\t\t\t<img src=\"https:\/\/adultxxxdate.net\/wp-content\/uploads\/2021\/07\/onenightfriend-logo-132x80.png\" alt=\"OneNightV\u00e4nend\">\n\t\t\t\t\t\t\t\t<\/a>\n\t\t\t\t\t\t\t\t\t\t\t\t\t\t\t<\/div>\n\t\t\t\t\t\t\t<div class=\"space-casinos-3-archive-item-count absolute\">\n\t\t\t\t\t\t\t\t<span>4<\/span>\n\t\t\t\t\t\t\t<\/div>\n\t\t\t\t\t\t<\/div>\n\t\t\t\t\t\t<div class=\"space-casinos-3-archive-item-terms box-25 relative\">\n\t\t\t\t\t\t\t<div class=\"space-casinos-3-archive-item-terms-ins box-100 text-center relative\">\n\t\t\t\t\t\t\t\t<img style=\"width: 16px; height: 16px;\" src=\"\/wp-content\/themes\/mercury\/female-organs-vagina-svgrepo-com.svg\"> Female Members: <b>49%<\/b><br>\n\t\t\t\t\t\t\t\t\t<img style=\"width: 16px; height: 16px;\" src=\"\/wp-content\/themes\/mercury\/time-svgrepo-com.svg\"> Sign Up Speed: <b>Snabb<\/b><br>\n\t\t\t\t\t\t\t\t\t<img style=\"width: 16px; height: 16px;\" src=\"\/wp-content\/themes\/mercury\/woman-svgrepo-com.svg\"> Age Range: <b>18-68<\/b><br>\n\t\t\t\t\t\t\t\t\t<img style=\"width: 16px; height: 16px;\" src=\"\/wp-content\/themes\/mercury\/money-svgrepo-com.svg\"> Free Trial: <b>Yes<\/b><br>\n\t\t\t\t\t\t\t<\/div>\n\t\t\t\t\t\t<\/div>\n\t\t\t\t\t\t<div class=\"space-casinos-3-archive-item-rating box-25 relative\">\n\t\t\t\t\t\t\t<div class=\"space-casinos-3-archive-item-rating-ins box-100 text-center relative\">\n\t\t\t\t\t\t\t\t\t\t\t\t\t\t\t\t<div class=\"space-casinos-3-archive-item-rating-box relative\">\n\t\t\t\t\t\t\t\t\t<div class=\"star-rating\"><span class=\"screen-reader-text\">3,8 rating<\/span><div class=\"star star-full\" aria-hidden=\"true\"><\/div><div class=\"star star-full\" aria-hidden=\"true\"><\/div><div class=\"star star-full\" aria-hidden=\"true\"><\/div><div class=\"star star-half\" aria-hidden=\"true\"><\/div><div class=\"star star-empty\" aria-hidden=\"true\"><\/div><\/div>\t\t\t\t\t\t\t\t\t<span>3.8<\/span>\n\t\t\t\t\t\t\t\t<\/div>\n\n\t\t\t\t\t\t\t\t\t\t\t\t\t\t\t\t\n\t\t\t\t\t\t\t<\/div>\n\t\t\t\t\t\t<\/div>\n\t\t\t\t\t\t<div class=\"space-casinos-3-archive-item-button box-25 relative\">\n\t\t\t\t\t\t\t<div class=\"space-casinos-3-archive-item-button-ins box-100 text-center relative\">\n\t\t\t\t\t\t\t\t<a style=\"background-color: #ef3024 !important;\" href=\"\/links\/onenightfriend\" title=\"Gratis registrering\" target=\"_blank\" rel=\"nofollow\"><i class=\"fas fa-check-circle\"><\/i> Gratis registrering<\/a>\n\n\t\t\t\t\t\t\t<\/div>\n\t\t\t\t\t\t<\/div>\n\t\t\t\t\t<\/div>\n\t\t\t\t<\/div>\n\n\t\t\t\t\t\t\t\t\n\t\t\t\t\t\t\t\n\t\t\t\t<div class=\"space-casinos-3-archive-item box-100 relative\">\n\t\t\t\t\t<div class=\"space-casinos-3-archive-item-ins relative\">\n\t\t\t\t\t\t<div class=\"space-casinos-3-archive-item-logo box-25 relative\">\n\t\t\t\t\t\t\t<div class=\"space-casinos-3-archive-item-logo-ins box-100 text-center relative\">\n\t\t\t\t\t\t\t\t\t\t\t\t\t\t\t\t<a href=\"\/links\/comewithyou\" title=\"Kom med dig\" target=\"_blank\" rel=\"nofollow\">\n\t\t\t\t\t\t\t\t\t<img src=\"https:\/\/adultxxxdate.net\/wp-content\/uploads\/2021\/07\/comewithyou-logo.png\" alt=\"Kom med dig\">\n\t\t\t\t\t\t\t\t<\/a>\n\t\t\t\t\t\t\t\t\t\t\t\t\t\t\t<\/div>\n\t\t\t\t\t\t\t<div class=\"space-casinos-3-archive-item-count absolute\">\n\t\t\t\t\t\t\t\t<span>5<\/span>\n\t\t\t\t\t\t\t<\/div>\n\t\t\t\t\t\t<\/div>\n\t\t\t\t\t\t<div class=\"space-casinos-3-archive-item-terms box-25 relative\">\n\t\t\t\t\t\t\t<div class=\"space-casinos-3-archive-item-terms-ins box-100 text-center relative\">\n\t\t\t\t\t\t\t\t<img style=\"width: 16px; height: 16px;\" src=\"\/wp-content\/themes\/mercury\/female-organs-vagina-svgrepo-com.svg\"> Female Members: <b>51%<\/b><br>\n\t\t\t\t\t\t\t\t\t<img style=\"width: 16px; height: 16px;\" src=\"\/wp-content\/themes\/mercury\/time-svgrepo-com.svg\"> Sign Up Speed: <b>Snabb<\/b><br>\n\t\t\t\t\t\t\t\t\t<img style=\"width: 16px; height: 16px;\" src=\"\/wp-content\/themes\/mercury\/woman-svgrepo-com.svg\"> Age Range: <b>18-65<\/b><br>\n\t\t\t\t\t\t\t\t\t<img style=\"width: 16px; height: 16px;\" src=\"\/wp-content\/themes\/mercury\/money-svgrepo-com.svg\"> Free Trial: <b>Yes<\/b><br>\n\t\t\t\t\t\t\t<\/div>\n\t\t\t\t\t\t<\/div>\n\t\t\t\t\t\t<div class=\"space-casinos-3-archive-item-rating box-25 relative\">\n\t\t\t\t\t\t\t<div class=\"space-casinos-3-archive-item-rating-ins box-100 text-center relative\">\n\t\t\t\t\t\t\t\t\t\t\t\t\t\t\t\t<div class=\"space-casinos-3-archive-item-rating-box relative\">\n\t\t\t\t\t\t\t\t\t<div class=\"star-rating\"><span class=\"screen-reader-text\">4,0 rating<\/span><div class=\"star star-full\" aria-hidden=\"true\"><\/div><div class=\"star star-full\" aria-hidden=\"true\"><\/div><div class=\"star star-full\" aria-hidden=\"true\"><\/div><div class=\"star star-full\" aria-hidden=\"true\"><\/div><div class=\"star star-empty\" aria-hidden=\"true\"><\/div><\/div>\t\t\t\t\t\t\t\t\t<span>4.0<\/span>\n\t\t\t\t\t\t\t\t<\/div>\n\n\t\t\t\t\t\t\t\t\t\t\t\t\t\t\t\t\n\t\t\t\t\t\t\t<\/div>\n\t\t\t\t\t\t<\/div>\n\t\t\t\t\t\t<div class=\"space-casinos-3-archive-item-button box-25 relative\">\n\t\t\t\t\t\t\t<div class=\"space-casinos-3-archive-item-button-ins box-100 text-center relative\">\n\t\t\t\t\t\t\t\t<a style=\"background-color: #ef3024 !important;\" href=\"\/links\/comewithyou\" title=\"Gratis registrering\" target=\"_blank\" rel=\"nofollow\"><i class=\"fas fa-check-circle\"><\/i> Gratis registrering<\/a>\n\n\t\t\t\t\t\t\t<\/div>\n\t\t\t\t\t\t<\/div>\n\t\t\t\t\t<\/div>\n\t\t\t\t<\/div>\n\n\t\t\t\t\n\t\t\t<\/div>\n\t\t\t\n\t\t<\/div>\n\t<\/div>\n\n\n<h3>\ud83d\udc49 \u00c4r du redo att tr\u00e4ffa lokala slynor?<\/h3>\n<p>B\u00f6rja nu genom att g\u00e5 med i en (eller flera!) av de b\u00e4sta dejtingplattformarna:<\/p>\n<ul>\n<li>Var stygg<\/li>\n<li>Ashley Madison<\/li>\n<li>AdultFriendFinder (p\u00e5 engelska)<\/li>\n<li>Cougar Liv<\/li>\n<li>MILF:s Dejtingklubb<\/li>\n<\/ul>\n<p>\ud83d\udccd Hon \u00e4r lokal \ud83d\udcac Hon \u00e4r online \ud83d\udd25 Och hon letar efter n\u00e5gon som f\u00f6rst\u00e5r<\/p>\n<p>Skicka meddelandet. Starta chatten. Och l\u00e5t saker och ting bli roliga &#8211; snabbt. \ud83d\udc8b\ud83d\udcf1\ud83d\ude08   <\/p>\n","protected":false},"excerpt":{"rendered":"<p>Gratis Knulla Webbplatser Inget Kreditkort &#8211; Tr\u00e4ffa K\u00e5ta Sluts N\u00e4ra Dig \ud83d\udc8b\ud83d\udcf1\ud83d\udd25 L\u00e5t oss hoppa \u00f6ver sm\u00e5pratet: om du letar efter roliga, avslappnade tr\u00e4ffar med sj\u00e4lvs\u00e4kra, sexuellt \u00f6ppna kvinnor \u00e4r du inte ensam &#8211; och ja, det \u00e4r absolut m\u00f6jligt att hitta dem n\u00e4ra dig. Oavsett om de \u00e4r \u00e4ventyrliga MILF:er, dj\u00e4rva pumor, fl\u00f6rtiga fr\u00e5nskilda [&hellip;]<\/p>\n","protected":false},"author":1,"featured_media":0,"parent":0,"menu_order":0,"comment_status":"closed","ping_status":"closed","template":"page-without-title.php","meta":[],"_links":{"self":[{"href":"https:\/\/adultxxxdate.net\/sv\/wp-json\/wp\/v2\/pages\/2929"}],"collection":[{"href":"https:\/\/adultxxxdate.net\/sv\/wp-json\/wp\/v2\/pages"}],"about":[{"href":"https:\/\/adultxxxdate.net\/sv\/wp-json\/wp\/v2\/types\/page"}],"author":[{"embeddable":true,"href":"https:\/\/adultxxxdate.net\/sv\/wp-json\/wp\/v2\/users\/1"}],"replies":[{"embeddable":true,"href":"https:\/\/adultxxxdate.net\/sv\/wp-json\/wp\/v2\/comments?post=2929"}],"version-history":[{"count":1,"href":"https:\/\/adultxxxdate.net\/sv\/wp-json\/wp\/v2\/pages\/2929\/revisions"}],"predecessor-version":[{"id":3331,"href":"https:\/\/adultxxxdate.net\/sv\/wp-json\/wp\/v2\/pages\/2929\/revisions\/3331"}],"wp:attachment":[{"href":"https:\/\/adultxxxdate.net\/sv\/wp-json\/wp\/v2\/media?parent=2929"}],"curies":[{"name":"wp","href":"https:\/\/api.w.org\/{rel}","templated":true}]}}