{"id":2763,"date":"2021-12-16T16:55:31","date_gmt":"2021-12-16T16:55:31","guid":{"rendered":"https:\/\/adultxxxdate.net\/porrspel-ingen-inloggning\/"},"modified":"2021-12-16T16:55:31","modified_gmt":"2021-12-16T16:55:31","slug":"porrspel-ingen-inloggning","status":"publish","type":"page","link":"https:\/\/adultxxxdate.net\/sv\/porrspel-ingen-inloggning\/","title":{"rendered":"Porrspel ingen inloggning"},"content":{"rendered":"<h1>Porrspel ingen inloggning<\/h1>\n\n\t<div class=\"space-shortcode-wrap space-games-shortcode-1 relative relative\">\n\t\t<div class=\"space-shortcode-wrap-ins relative\">\n\n\t\t\t\n\t\t\t<div class=\"space-games-archive-items box-100 relative\">\n\n\t\t\t\t\n\t\t\t\t<div class=\"space-games-archive-item box-50 relative\">\n\t\t\t\t\t<div class=\"space-games-archive-item-ins relative\">\n\t\t\t\t\t\t\t\t\t\t\t\t<div class=\"space-games-archive-item-img relative\">\n\t\t\t\t\t\t\t<a href=\"\/links\/hentaiheroes\" title=\"Hentai hj\u00e4ltar\">\n\t\t\t\t\t\t\t\t<img src=\"https:\/\/adultxxxdate.net\/wp-content\/uploads\/2021\/04\/hentaiheroes_main-review-450x317.jpg\" alt=\"Hentai hj\u00e4ltar\">\n\t\t\t\t\t\t\t<\/a>\n\t\t\t\t\t\t<\/div>\n\t\t\t\t\t\t\t\t\t\t\t\t<div class=\"space-games-archive-item-wrap text-center relative\">\n\t\t\t\t\t\t\t<div class=\"space-games-archive-item-title relative\">\n\t\t\t\t\t\t\t\t<a href=\"\/links\/hentaiheroes\" title=\"Hentai hj\u00e4ltar\">Hentai hj\u00e4ltar<\/a>\n\t\t\t\t\t\t\t<\/div>\n\n\t\t\t\t\t\t\t\t\t\t\t\t\t\t<div class=\"space-games-archive-item-short-desc relative\">\n\t\t\t\t\t\t\t\tEn anime stil vuxen sexspel, som l\u00e5ter dig navigera i en virtuell v\u00e4rld.\t\t\t\t\t\t\t<\/div>\n\t\t\t\t\t\t\t\n\t\t\t\t\t\t\t<div class=\"space-games-archive-item-button relative\">\n\t\t\t\t\t\t\t\t<a href=\"\/links\/hentaiheroes\" title=\"Spela nu\" target=\"_blank\" rel=\"nofollow\">Spela nu<\/a>\n\t\t\t\t\t\t\t<\/div>\n\n\t\t\t\t\t\t\t\t\t\t\t\t\t\n\t\t\t\t\t\t<\/div>\n\t\t\t\t\t<\/div>\n\t\t\t\t<\/div>\n\n\t\t\t\t\n\t\t\t\t<div class=\"space-games-archive-item box-50 relative\">\n\t\t\t\t\t<div class=\"space-games-archive-item-ins relative\">\n\t\t\t\t\t\t\t\t\t\t\t\t<div class=\"space-games-archive-item-img relative\">\n\t\t\t\t\t\t\t<a href=\"\/links\/sexemulator\" title=\"Sexemulator\">\n\t\t\t\t\t\t\t\t<img src=\"https:\/\/adultxxxdate.net\/wp-content\/uploads\/2021\/04\/sex-emulator-review-image-450x317.jpg\" alt=\"Sexemulator\">\n\t\t\t\t\t\t\t<\/a>\n\t\t\t\t\t\t<\/div>\n\t\t\t\t\t\t\t\t\t\t\t\t<div class=\"space-games-archive-item-wrap text-center relative\">\n\t\t\t\t\t\t\t<div class=\"space-games-archive-item-title relative\">\n\t\t\t\t\t\t\t\t<a href=\"\/links\/sexemulator\" title=\"Sexemulator\">Sexemulator<\/a>\n\t\t\t\t\t\t\t<\/div>\n\n\t\t\t\t\t\t\t\t\t\t\t\t\t\t<div class=\"space-games-archive-item-short-desc relative\">\n\t\t\t\t\t\t\t\tEtt av de b\u00e4st rankade 3D-sexspelen. Skapa din karakt\u00e4r och efterlikna dina fantasier.\t\t\t\t\t\t\t<\/div>\n\t\t\t\t\t\t\t\n\t\t\t\t\t\t\t<div class=\"space-games-archive-item-button relative\">\n\t\t\t\t\t\t\t\t<a href=\"\/links\/sexemulator\" title=\"Spela nu\" target=\"_blank\" rel=\"nofollow\">Spela nu<\/a>\n\t\t\t\t\t\t\t<\/div>\n\n\t\t\t\t\t\t\t\t\t\t\t\t\t\n\t\t\t\t\t\t<\/div>\n\t\t\t\t\t<\/div>\n\t\t\t\t<\/div>\n\n\t\t\t\t\n\t\t\t<\/div>\n\t\t\n\t\t<\/div>\n\t<\/div>\n\n\n<h2>Gratis sexspel ingen registrering<\/h2>\n<p>Att f\u00f6rb\u00e4ttra sexlivet \u00e4r en av de mest utmanande uppgifterna f\u00f6r m\u00e5nga vuxna med sitt upptagna schema. Om du har best\u00e4mt dig f\u00f6r att f\u00f6rb\u00e4ttra ditt sexliv kan du g\u00e4rna ta kontakt med plattformen som specialiserat sig p\u00e5 och f\u00f6resl\u00e5s f\u00f6r sin stora samling av porrspel. Du kan utforska de st\u00f6rsta attraktionerna i sexspelen en efter en och tillbringa fritiden s\u00e5 roligt som m\u00f6jligt. N\u00e4r du har b\u00f6rjat spela sexspelen rik p\u00e5 vuxna underh\u00e5llande saker kan du f\u00e5 100% sexuell tillfredsst\u00e4llelse och f\u00e5 dina \u00f6nskem\u00e5l om det f\u00f6rb\u00e4ttrade sexlivet att g\u00e5 i uppfyllelse.<\/p>\n<h2>Porrspel ingen registrering<\/h2>\n<p>Varje spelare i de tredimensionella sexspelen f\u00e5r en rad gynnsamma saker. De f\u00e5r mer \u00e4n f\u00f6rv\u00e4ntat sexuellt kul och uppmuntras att krydda saker i sin f\u00f6rspelssession. De \u00e4r villiga att spela de modernaste 3D-sexspelen en efter en och njuta av fritiden bortom sina \u00f6nskem\u00e5l. Om du l\u00e4ser vittnesm\u00e5l fr\u00e5n spelare av sexspel i denna kategori kan du f\u00e5 tillr\u00e4ckligt med hj\u00e4lp och se till hur du v\u00e4ljer och <a href=\"https:\/\/adultxxxdate.net\/sv\/xxx-spel-for-iphone\/\">spelar l\u00e4mpligt sexspel<\/a>. Du kommer att bli ett av 3D-sexspelet och uppmuntras att engagera dig i denna form av vuxenkul.<\/p>\n<p>Spelare av online sexspel som bakom sanddynen, listskolan, dr\u00f6mmar om lust och andra spel f\u00e5r st\u00e4ndigt \u00f6kande chanser att utforska de vuxna underh\u00e5llande sakerna. De hittar och anv\u00e4nder alla alternativ f\u00f6r h\u00f6gsta m\u00f6jliga sexuella tillfredsst\u00e4llelse. De ser till att det blir en exceptionell f\u00f6rb\u00e4ttring av deras s\u00e4tt att delta i sexspelsv\u00e4rlden. Du kan notera f\u00f6rslag om hur man v\u00e4ljer och spelar porrspel rik p\u00e5 vuxna underh\u00e5llande saker. Du kommer att f\u00e5 den fantastiska hj\u00e4lpen och ha en rad vuxna underh\u00e5llande saker.<\/p>\n","protected":false},"excerpt":{"rendered":"<p>Porrspel ingen inloggning Gratis sexspel ingen registrering Att f\u00f6rb\u00e4ttra sexlivet \u00e4r en av de mest utmanande uppgifterna f\u00f6r m\u00e5nga vuxna med sitt upptagna schema. Om du har best\u00e4mt dig f\u00f6r att f\u00f6rb\u00e4ttra ditt sexliv kan du g\u00e4rna ta kontakt med plattformen som specialiserat sig p\u00e5 och f\u00f6resl\u00e5s f\u00f6r sin stora samling av porrspel. Du kan [&hellip;]<\/p>\n","protected":false},"author":1,"featured_media":0,"parent":0,"menu_order":0,"comment_status":"closed","ping_status":"closed","template":"page-without-title.php","meta":[],"_links":{"self":[{"href":"https:\/\/adultxxxdate.net\/sv\/wp-json\/wp\/v2\/pages\/2763"}],"collection":[{"href":"https:\/\/adultxxxdate.net\/sv\/wp-json\/wp\/v2\/pages"}],"about":[{"href":"https:\/\/adultxxxdate.net\/sv\/wp-json\/wp\/v2\/types\/page"}],"author":[{"embeddable":true,"href":"https:\/\/adultxxxdate.net\/sv\/wp-json\/wp\/v2\/users\/1"}],"replies":[{"embeddable":true,"href":"https:\/\/adultxxxdate.net\/sv\/wp-json\/wp\/v2\/comments?post=2763"}],"version-history":[{"count":0,"href":"https:\/\/adultxxxdate.net\/sv\/wp-json\/wp\/v2\/pages\/2763\/revisions"}],"wp:attachment":[{"href":"https:\/\/adultxxxdate.net\/sv\/wp-json\/wp\/v2\/media?parent=2763"}],"curies":[{"name":"wp","href":"https:\/\/api.w.org\/{rel}","templated":true}]}}