{"id":2714,"date":"2021-12-16T16:56:00","date_gmt":"2021-12-16T16:56:00","guid":{"rendered":"https:\/\/adultxxxdate.net\/xxx-spel-for-iphone\/"},"modified":"2021-12-16T16:56:00","modified_gmt":"2021-12-16T16:56:00","slug":"xxx-spel-for-iphone","status":"publish","type":"page","link":"https:\/\/adultxxxdate.net\/sv\/xxx-spel-for-iphone\/","title":{"rendered":"XXX-spel f\u00f6r iPhone"},"content":{"rendered":"<h1>XXX-spel f\u00f6r iPhone<\/h1>\n\n\t<div class=\"space-shortcode-wrap space-games-shortcode-1 relative relative\">\n\t\t<div class=\"space-shortcode-wrap-ins relative\">\n\n\t\t\t\n\t\t\t<div class=\"space-games-archive-items box-100 relative\">\n\n\t\t\t\t\n\t\t\t\t<div class=\"space-games-archive-item box-50 relative\">\n\t\t\t\t\t<div class=\"space-games-archive-item-ins relative\">\n\t\t\t\t\t\t\t\t\t\t\t\t<div class=\"space-games-archive-item-img relative\">\n\t\t\t\t\t\t\t<a href=\"\/links\/hentaiheroes\" title=\"Hentai hj\u00e4ltar\">\n\t\t\t\t\t\t\t\t<img src=\"https:\/\/adultxxxdate.net\/wp-content\/uploads\/2021\/04\/hentaiheroes_main-review-450x317.jpg\" alt=\"Hentai hj\u00e4ltar\">\n\t\t\t\t\t\t\t<\/a>\n\t\t\t\t\t\t<\/div>\n\t\t\t\t\t\t\t\t\t\t\t\t<div class=\"space-games-archive-item-wrap text-center relative\">\n\t\t\t\t\t\t\t<div class=\"space-games-archive-item-title relative\">\n\t\t\t\t\t\t\t\t<a href=\"\/links\/hentaiheroes\" title=\"Hentai hj\u00e4ltar\">Hentai hj\u00e4ltar<\/a>\n\t\t\t\t\t\t\t<\/div>\n\n\t\t\t\t\t\t\t\t\t\t\t\t\t\t<div class=\"space-games-archive-item-short-desc relative\">\n\t\t\t\t\t\t\t\tEn anime stil vuxen sexspel, som l\u00e5ter dig navigera i en virtuell v\u00e4rld.\t\t\t\t\t\t\t<\/div>\n\t\t\t\t\t\t\t\n\t\t\t\t\t\t\t<div class=\"space-games-archive-item-button relative\">\n\t\t\t\t\t\t\t\t<a href=\"\/links\/hentaiheroes\" title=\"Spela nu\" target=\"_blank\" rel=\"nofollow\">Spela nu<\/a>\n\t\t\t\t\t\t\t<\/div>\n\n\t\t\t\t\t\t\t\t\t\t\t\t\t\n\t\t\t\t\t\t<\/div>\n\t\t\t\t\t<\/div>\n\t\t\t\t<\/div>\n\n\t\t\t\t\n\t\t\t\t<div class=\"space-games-archive-item box-50 relative\">\n\t\t\t\t\t<div class=\"space-games-archive-item-ins relative\">\n\t\t\t\t\t\t\t\t\t\t\t\t<div class=\"space-games-archive-item-img relative\">\n\t\t\t\t\t\t\t<a href=\"\/links\/sexemulator\" title=\"Sexemulator\">\n\t\t\t\t\t\t\t\t<img src=\"https:\/\/adultxxxdate.net\/wp-content\/uploads\/2021\/04\/sex-emulator-review-image-450x317.jpg\" alt=\"Sexemulator\">\n\t\t\t\t\t\t\t<\/a>\n\t\t\t\t\t\t<\/div>\n\t\t\t\t\t\t\t\t\t\t\t\t<div class=\"space-games-archive-item-wrap text-center relative\">\n\t\t\t\t\t\t\t<div class=\"space-games-archive-item-title relative\">\n\t\t\t\t\t\t\t\t<a href=\"\/links\/sexemulator\" title=\"Sexemulator\">Sexemulator<\/a>\n\t\t\t\t\t\t\t<\/div>\n\n\t\t\t\t\t\t\t\t\t\t\t\t\t\t<div class=\"space-games-archive-item-short-desc relative\">\n\t\t\t\t\t\t\t\tEtt av de b\u00e4st rankade 3D-sexspelen. Skapa din karakt\u00e4r och efterlikna dina fantasier.\t\t\t\t\t\t\t<\/div>\n\t\t\t\t\t\t\t\n\t\t\t\t\t\t\t<div class=\"space-games-archive-item-button relative\">\n\t\t\t\t\t\t\t\t<a href=\"\/links\/sexemulator\" title=\"Spela nu\" target=\"_blank\" rel=\"nofollow\">Spela nu<\/a>\n\t\t\t\t\t\t\t<\/div>\n\n\t\t\t\t\t\t\t\t\t\t\t\t\t\n\t\t\t\t\t\t<\/div>\n\t\t\t\t\t<\/div>\n\t\t\t\t<\/div>\n\n\t\t\t\t\n\t\t\t<\/div>\n\t\t\n\t\t<\/div>\n\t<\/div>\n\n\n<h2>Sexspel f\u00f6r iOS<\/h2>\n<p>Varje spelare i n\u00e5got <a href=\"https:\/\/adultxxxdate.net\/sv\/porrspel-ingen-inloggning\/\">sexspel<\/a> misslyckas inte med att f\u00e5 en bra f\u00f6rb\u00e4ttring i sitt vuxna roliga och sexliv. M\u00e5nga par \u00f6ver hela v\u00e4rlden spelar sexspel f\u00f6r att finslipa sina kommunikationsf\u00e4rdigheter f\u00f6r b\u00e4ttre sex. De f\u00e5r intresse att g\u00f6ra nya saker och kommunicera med sexpartnern f\u00f6re, under och efter sex. De f\u00f6rv\u00e4ntar sig perfekt sex utan anstr\u00e4ngning att minska sitt vuxna kul. M\u00e5nga vuxna vill ha situationer d\u00e4r bra sex anl\u00e4nder precis n\u00e4r de minst f\u00f6rv\u00e4ntar sig det. Detta beror p\u00e5 att de k\u00e4nner att bra sex kr\u00e4ver arbete. De kan arbeta p\u00e5 de b\u00e4sta sexspelen h\u00e4refter och g\u00f6ra sitt sexliv b\u00e4ttre \u00e4n nu.<\/p>\n<h2>iPhone Sex Spel<\/h2>\n<p>Yareel \u00e4r ett kryddigt online sexspel och k\u00e4nt f\u00f6r sin mycket beroendeframkallande natur och full av \u00f6verraskningar. Som spelare av detta sexspel m\u00e5ste du g\u00f6ra din egen avatar f\u00f6rst och anpassa den p\u00e5 det s\u00e4tt du \u00f6nskar. Du kan forts\u00e4tta med m\u00f6tet och dejta med andra riktiga anv\u00e4ndare p\u00e5 denna plattform. Avatarens f\u00f6rstklassiga funktioner hj\u00e4lper spelare att uppfylla sina dolda sexuella \u00f6nskningar och ge chanser till obegr\u00e4nsat virtuellt sex online. Intressanta funktioner och bra grafik g\u00f6r detta spel mycket popul\u00e4rt och ger 100% sexuell tillfredsst\u00e4llelse till varje spelare.<\/p>\n<p>Second Life \u00e4r ett toppsexspel online d\u00e4r alla kan g\u00e5 med utan kostnad och komma in i den virtuella sexv\u00e4rlden utan sv\u00e5righeter och dr\u00f6jsm\u00e5l. Det finns toppkarakt\u00e4rer i detta porrspel med mycket gott rykte. Det h\u00e4r spelet g\u00f6r varje spelare glad. Det \u00e4r den l\u00e4mpliga tiden att utforska det andra livet och anv\u00e4nda varje chans att krydda saker i ditt virtuella sexuella kul upp. I den h\u00e4r spelv\u00e4rlden kan spelare v\u00e4xa sin verksamhet och g\u00f6ra stora saker f\u00f6r att bli mycket popul\u00e4r. Kvinnliga karakt\u00e4rer i detta spel \u00e4r noggrant utformade och f\u00f6rstklassiga av naturen.<\/p>\n","protected":false},"excerpt":{"rendered":"<p>XXX-spel f\u00f6r iPhone Sexspel f\u00f6r iOS Varje spelare i n\u00e5got sexspel misslyckas inte med att f\u00e5 en bra f\u00f6rb\u00e4ttring i sitt vuxna roliga och sexliv. M\u00e5nga par \u00f6ver hela v\u00e4rlden spelar sexspel f\u00f6r att finslipa sina kommunikationsf\u00e4rdigheter f\u00f6r b\u00e4ttre sex. De f\u00e5r intresse att g\u00f6ra nya saker och kommunicera med sexpartnern f\u00f6re, under och efter [&hellip;]<\/p>\n","protected":false},"author":1,"featured_media":0,"parent":0,"menu_order":0,"comment_status":"closed","ping_status":"closed","template":"page-without-title.php","meta":[],"_links":{"self":[{"href":"https:\/\/adultxxxdate.net\/sv\/wp-json\/wp\/v2\/pages\/2714"}],"collection":[{"href":"https:\/\/adultxxxdate.net\/sv\/wp-json\/wp\/v2\/pages"}],"about":[{"href":"https:\/\/adultxxxdate.net\/sv\/wp-json\/wp\/v2\/types\/page"}],"author":[{"embeddable":true,"href":"https:\/\/adultxxxdate.net\/sv\/wp-json\/wp\/v2\/users\/1"}],"replies":[{"embeddable":true,"href":"https:\/\/adultxxxdate.net\/sv\/wp-json\/wp\/v2\/comments?post=2714"}],"version-history":[{"count":0,"href":"https:\/\/adultxxxdate.net\/sv\/wp-json\/wp\/v2\/pages\/2714\/revisions"}],"wp:attachment":[{"href":"https:\/\/adultxxxdate.net\/sv\/wp-json\/wp\/v2\/media?parent=2714"}],"curies":[{"name":"wp","href":"https:\/\/api.w.org\/{rel}","templated":true}]}}