{"id":3294,"date":"2022-01-19T16:17:32","date_gmt":"2022-01-19T16:17:32","guid":{"rendered":"https:\/\/adultxxxdate.net\/encontre-sites-de-hookup-que-nunca-se-juntou-antes\/"},"modified":"2022-01-19T16:17:32","modified_gmt":"2022-01-19T16:17:32","slug":"encontre-sites-de-hookup-que-nunca-se-juntou-antes","status":"publish","type":"page","link":"https:\/\/adultxxxdate.net\/pt-pt\/encontre-sites-de-hookup-que-nunca-se-juntou-antes\/","title":{"rendered":"Encontre sites de hookup que nunca se juntou antes"},"content":{"rendered":"<p>A nossa equipa reuniu uma lista de 40 aplica\u00e7\u00f5es de encontros que podes experimentar agora.<\/p>\n<p>Se tiver alguma recomenda\u00e7\u00e3o contacte-nos atrav\u00e9s da nossa p\u00e1gina de contacto e tentaremos rever quaisquer aplica\u00e7\u00f5es adicionais que sugira.<\/p>\n<h2>Como Aderir<\/h2>\n<ol>\n<li>Encontre a app que melhor se adequa \u00e0s suas necessidades<\/li>\n<li>Preencha a p\u00e1gina de inscri\u00e7\u00e3o<\/li>\n<li>Mensagem meninas locais na sua \u00e1rea<\/li>\n<\/ol>\n<h2>Todas as nossas opini\u00f5es<\/h2>\n<ul class=\"wpb_page_list\"><li class=\"page_item page-item-1998\"><a href=\"https:\/\/adultxxxdate.net\/pt-pt\/encontre-sites-de-hookup-que-nunca-se-juntou-antes\/analise-de-cheatingcougars\/\">An\u00e1lise de Cheatingcougars<\/a><\/li>\n<li class=\"page_item page-item-2015\"><a href=\"https:\/\/adultxxxdate.net\/pt-pt\/encontre-sites-de-hookup-que-nunca-se-juntou-antes\/analise-findmyflings\/\">An\u00e1lise findmyflings<\/a><\/li>\n<li class=\"page_item page-item-2022\"><a href=\"https:\/\/adultxxxdate.net\/pt-pt\/encontre-sites-de-hookup-que-nunca-se-juntou-antes\/analise-localhussies\/\">An\u00e1lise localhussies<\/a><\/li>\n<li class=\"page_item page-item-2047\"><a href=\"https:\/\/adultxxxdate.net\/pt-pt\/encontre-sites-de-hookup-que-nunca-se-juntou-antes\/avaliacao-uberhorny\/\">Avalia\u00e7\u00e3o uberhorny<\/a><\/li>\n<li class=\"page_item page-item-2048\"><a href=\"https:\/\/adultxxxdate.net\/pt-pt\/encontre-sites-de-hookup-que-nunca-se-juntou-antes\/analise-do-livro-de-fadas\/\">An\u00e1lise do livro de fadas<\/a><\/li>\n<li class=\"page_item page-item-2049\"><a href=\"https:\/\/adultxxxdate.net\/pt-pt\/encontre-sites-de-hookup-que-nunca-se-juntou-antes\/analise-snapsext\/\">An\u00e1lise snapsext<\/a><\/li>\n<li class=\"page_item page-item-2052\"><a href=\"https:\/\/adultxxxdate.net\/pt-pt\/encontre-sites-de-hookup-que-nunca-se-juntou-antes\/analise-iwantu\/\">An\u00e1lise Iwantu<\/a><\/li>\n<li class=\"page_item page-item-2067\"><a href=\"https:\/\/adultxxxdate.net\/pt-pt\/encontre-sites-de-hookup-que-nunca-se-juntou-antes\/analise-collarspace\/\">An\u00e1lise collarspace<\/a><\/li>\n<li class=\"page_item page-item-2090\"><a href=\"https:\/\/adultxxxdate.net\/pt-pt\/encontre-sites-de-hookup-que-nunca-se-juntou-antes\/analise-onenightfriend\/\">An\u00e1lise Onenightfriend<\/a><\/li>\n<li class=\"page_item page-item-2104\"><a href=\"https:\/\/adultxxxdate.net\/pt-pt\/encontre-sites-de-hookup-que-nunca-se-juntou-antes\/analise-omgchat\/\">An\u00e1lise Omgchat<\/a><\/li>\n<li class=\"page_item page-item-2106\"><a href=\"https:\/\/adultxxxdate.net\/pt-pt\/encontre-sites-de-hookup-que-nunca-se-juntou-antes\/analise-de-fabswingers\/\">An\u00e1lise de Fabswingers<\/a><\/li>\n<li class=\"page_item page-item-2107\"><a href=\"https:\/\/adultxxxdate.net\/pt-pt\/encontre-sites-de-hookup-que-nunca-se-juntou-antes\/comentario-sobre-sexo-social\/\">Coment\u00e1rio sobre sexo social<\/a><\/li>\n<li class=\"page_item page-item-2109\"><a href=\"https:\/\/adultxxxdate.net\/pt-pt\/encontre-sites-de-hookup-que-nunca-se-juntou-antes\/analise-de-xcheaters\/\">An\u00e1lise de Xcheaters<\/a><\/li>\n<li class=\"page_item page-item-2118\"><a href=\"https:\/\/adultxxxdate.net\/pt-pt\/encontre-sites-de-hookup-que-nunca-se-juntou-antes\/analise-dirty-tinder\/\">An\u00e1lise dirty Tinder<\/a><\/li>\n<li class=\"page_item page-item-2124\"><a href=\"https:\/\/adultxxxdate.net\/pt-pt\/encontre-sites-de-hookup-que-nunca-se-juntou-antes\/analise-fling\/\">An\u00e1lise fling<\/a><\/li>\n<li class=\"page_item page-item-2125\"><a href=\"https:\/\/adultxxxdate.net\/pt-pt\/encontre-sites-de-hookup-que-nunca-se-juntou-antes\/avaliacao-do-instabang\/\">Avalia\u00e7\u00e3o do Instabang<\/a><\/li>\n<li class=\"page_item page-item-2162\"><a href=\"https:\/\/adultxxxdate.net\/pt-pt\/encontre-sites-de-hookup-que-nunca-se-juntou-antes\/analise-kinkyads\/\">An\u00e1lise Kinkyads<\/a><\/li>\n<li class=\"page_item page-item-2167\"><a href=\"https:\/\/adultxxxdate.net\/pt-pt\/encontre-sites-de-hookup-que-nunca-se-juntou-antes\/analise-snapmilfs\/\">An\u00e1lise snapmilfs<\/a><\/li>\n<li class=\"page_item page-item-2169\"><a href=\"https:\/\/adultxxxdate.net\/pt-pt\/encontre-sites-de-hookup-que-nunca-se-juntou-antes\/comentario-snapleakswiki\/\">Coment\u00e1rio snapleakswiki<\/a><\/li>\n<li class=\"page_item page-item-2173\"><a href=\"https:\/\/adultxxxdate.net\/pt-pt\/encontre-sites-de-hookup-que-nunca-se-juntou-antes\/comentario-do-descobridor-de-amigo-adulto\/\">Coment\u00e1rio do descobridor de amigo adulto<\/a><\/li>\n<li class=\"page_item page-item-2176\"><a href=\"https:\/\/adultxxxdate.net\/pt-pt\/encontre-sites-de-hookup-que-nunca-se-juntou-antes\/revisao-do-guia-sexual-dos-eua\/\">Revis\u00e3o do Guia Sexual dos Eua<\/a><\/li>\n<li class=\"page_item page-item-2720\"><a href=\"https:\/\/adultxxxdate.net\/pt-pt\/encontre-sites-de-hookup-que-nunca-se-juntou-antes\/2fuck-review\/\">2Fuck Review<\/a><\/li>\n<li class=\"page_item page-item-2722\"><a href=\"https:\/\/adultxxxdate.net\/pt-pt\/encontre-sites-de-hookup-que-nunca-se-juntou-antes\/analise-flirt-buddies\/\">An\u00e1lise flirt Buddies<\/a><\/li>\n<li class=\"page_item page-item-2723\"><a href=\"https:\/\/adultxxxdate.net\/pt-pt\/encontre-sites-de-hookup-que-nunca-se-juntou-antes\/analise-wildsmash\/\">An\u00e1lise wildsmash<\/a><\/li>\n<li class=\"page_item page-item-2725\"><a href=\"https:\/\/adultxxxdate.net\/pt-pt\/encontre-sites-de-hookup-que-nunca-se-juntou-antes\/bang-locals-review\/\">Bang Locals Review<\/a><\/li>\n<\/ul>\n<h2>Como classificamos os sites<\/h2>\n<p>Grande pergunta, classificamos as melhores aplica\u00e7\u00f5es de namoro sobre como \u00e9 f\u00e1cil encontrar sexo casual com raparigas locais perto de si.<\/p>\n<p>Se procura sexo, n\u00e3o precisa de procurar mais do que as aplica\u00e7\u00f5es que encontr\u00e1mos para si.<\/p>\n","protected":false},"excerpt":{"rendered":"<p>A nossa equipa reuniu uma lista de 40 aplica\u00e7\u00f5es de encontros que podes experimentar agora. Se tiver alguma recomenda\u00e7\u00e3o contacte-nos atrav\u00e9s da nossa p\u00e1gina de contacto e tentaremos rever quaisquer aplica\u00e7\u00f5es adicionais que sugira. Como Aderir Encontre a app que melhor se adequa \u00e0s suas necessidades Preencha a p\u00e1gina de inscri\u00e7\u00e3o Mensagem meninas locais na [&hellip;]<\/p>\n","protected":false},"author":1,"featured_media":0,"parent":0,"menu_order":0,"comment_status":"closed","ping_status":"closed","template":"page-full-width.php","meta":[],"_links":{"self":[{"href":"https:\/\/adultxxxdate.net\/pt-pt\/wp-json\/wp\/v2\/pages\/3294"}],"collection":[{"href":"https:\/\/adultxxxdate.net\/pt-pt\/wp-json\/wp\/v2\/pages"}],"about":[{"href":"https:\/\/adultxxxdate.net\/pt-pt\/wp-json\/wp\/v2\/types\/page"}],"author":[{"embeddable":true,"href":"https:\/\/adultxxxdate.net\/pt-pt\/wp-json\/wp\/v2\/users\/1"}],"replies":[{"embeddable":true,"href":"https:\/\/adultxxxdate.net\/pt-pt\/wp-json\/wp\/v2\/comments?post=3294"}],"version-history":[{"count":0,"href":"https:\/\/adultxxxdate.net\/pt-pt\/wp-json\/wp\/v2\/pages\/3294\/revisions"}],"wp:attachment":[{"href":"https:\/\/adultxxxdate.net\/pt-pt\/wp-json\/wp\/v2\/media?parent=3294"}],"curies":[{"name":"wp","href":"https:\/\/api.w.org\/{rel}","templated":true}]}}