{"id":2921,"date":"2021-08-31T12:37:41","date_gmt":"2021-08-31T12:37:41","guid":{"rendered":"https:\/\/adultxxxdate.net\/sites-de-sexo-gratuitos-sem-cartao-de-credito\/"},"modified":"2025-09-21T14:58:59","modified_gmt":"2025-09-21T14:58:59","slug":"sites-de-sexo-gratuitos-sem-cartao-de-credito","status":"publish","type":"page","link":"https:\/\/adultxxxdate.net\/pt-pt\/sites-de-sexo-gratuitos-sem-cartao-de-credito\/","title":{"rendered":"Sites de sexo gratuitos sem cart\u00e3o de cr\u00e9dito"},"content":{"rendered":"<h1>Free Fuck Sites Sem Cart\u00e3o de Cr\u00e9dito &#8211; Conhe\u00e7a Horny Sluts perto de voc\u00ea \ud83d\udc8b\ud83d\udcf1\ud83d\udd25<\/h1>\n<p>Vamos pular a conversa fiada: se voc\u00ea est\u00e1 procurando encontros divertidos e casuais com mulheres confiantes e sexualmente abertas, voc\u00ea n\u00e3o est\u00e1 sozinho &#8211; e sim, \u00e9 absolutamente poss\u00edvel encontr\u00e1-las perto de voc\u00ea. Sejam MILFs aventureiras, pumas ousados, divorciados paqueradores ou mulheres com tes\u00e3o que acabaram com o drama, h\u00e1 toneladas de vadias quentes de mente aberta por perto que querem a mesma coisa que voc\u00ea: sem press\u00e3o, sem expectativas &#8211; apenas qu\u00edmica, paquera e noites inesquec\u00edveis. Para aqueles que procuram as melhores plataformas para se conectar com esses indiv\u00edduos, explorar v\u00e1rios <a href=\"https:\/\/adultxxxdate.net\/free-meet-and-fuck-sites\/\">sites de foda<\/a> pode ser um excelente ponto de partida, oferecendo uma infinidade de op\u00e7\u00f5es para atender a todas as prefer\u00eancias. <strong>Este guia ir\u00e1 ajud\u00e1-lo a:<\/strong> \u2705 Encontre vadias locais reais e quentes em sua \u00e1rea \u2705<br \/>\nUse os melhores aplicativos de namoro para encontros casuais Destaque-se<br \/>\n\u2705 com mensagens que recebem respostas<br \/>\n\u2705 V\u00e1 de &#8220;ei&#8221; para conex\u00e3o &#8211; sem soar como todos os outros    <\/p>\n<p>As vadias confiantes de hoje na sua \u00e1rea sabem o que querem &#8211; e n\u00e3o t\u00eam medo de pedir. E o que muitos querem \u00e9: <\/p>\n<p>\u2714\ufe0f Divers\u00e3o sem a press\u00e3o \u2714\ufe0f<br \/>\ndo relacionamento Conversas de paquera que se transformam em qu\u00edmica<br \/>\n\u2714\ufe0f real Homens mais jovens confiantes e sem<br \/>\n\u2714\ufe0f dramas Excita\u00e7\u00e3o noturna sem amarras matinais  <\/p>\n<p>Seja ela uma m\u00e3e solteira, um puma curioso ou uma mulher explorando seu lado selvagem, ela est\u00e1 procurando algu\u00e9m que consiga &#8211; e isso pode ser voc\u00ea. Explore as possibilidades em <a href=\"https:\/\/adultxxxdate.net\/\">sites de namoro casual<\/a> para encontrar a combina\u00e7\u00e3o perfeita para seus desejos. <\/p>\n<h2>\ud83d\udcf1 Melhores aplicativos de namoro para conhecer vadias locais perto de voc\u00ea<\/h2>\n<p>Quer pular as conjeturas e ir direto para a parte divertida? Esses aplicativos est\u00e3o repletos de vadias locais e sensuais que procuram conex\u00f5es casuais &#8211; e s\u00e3o livres para navegar ou participar:<br \/>\nMelhor para: Bate-papos r\u00e1pidos e flertes com datadores casuais e MILFs <\/p>\n<p>\u2714\ufe0f \u00d3timo para conex\u00f5es espont\u00e2neas<br \/>\n\u2714\ufe0f Mulheres abertas, ousadas e brincalhonas<br \/>\n\u2714\ufe0f Interface simples e correspond\u00eancia r\u00e1pida<\/p>\n<h3>\ud83d\udc60 Ashley Madison \u2022<\/h3>\n<p>Ideal para: Conex\u00f5es discretas com mulheres casadas ou curiosas<\/p>\n<p>\u2714\ufe0f Constru\u00eddo para encontros secretos e divers\u00e3o<br \/>\n\u2714\ufe0f privada Muitas mulheres 30+ \u00e0 procura de romance<br \/>\n\u2714\ufe0f casual Espa\u00e7o de bate-papo seguro e sem julgamentos<\/p>\n<h3>\ud83d\udd25 AdultFriendFinder<\/h3>\n<p>Ideal para: bate-papos selvagens, conex\u00f5es e tudo mais<\/p>\n<p>\u2714\ufe0f Comunidade de mente aberta de MILFs, pumas e solteiros<br \/>\n\u2714\ufe0f aventureiros Ideal para bate-papo com c\u00e2meras, fantasias e encontros<br \/>\n\u2714\ufe0f da vida real Muitos jogos locais prontos para falar esta noite<\/p>\n<h3>\ud83d\udc8b Vida de Puma<\/h3>\n<p>Melhor para: Vadias mais velhas e experientes que amam homens mais jovens<\/p>\n<p>\u2714\ufe0f Cheio de MILFs e pumas \u00e0 procura de divers\u00e3o<br \/>\n\u2714\ufe0f Filtros locais ajudam voc\u00ea a se conectar nas proximidades<br \/>\n\u2714\ufe0f As mulheres aqui assumem a lideran\u00e7a &#8211; e amam quando voc\u00ea segue<\/p>\n<h3>\ud83e\udde1 O Clube de Namoro MILF<\/h3>\n<p>Ideal para: Vadias sofisticadas \u00e0 procura de voos com diferen\u00e7a de idade<\/p>\n<p>\u2714\ufe0f Membros femininos<br \/>\n\u2714\ufe0f maduros e comprovados Plataforma<br \/>\n\u2714\ufe0f discreta, paqueradora e respeitosa Ideal para encontros sensuais e sem press\u00e3o<\/p>\n<h2>\ud83d\udcac Dicas de paquera para atrair o tipo certo de aten\u00e7\u00e3o<\/h2>\n<p>Se voc\u00ea est\u00e1 procurando divers\u00e3o sem cordas, voc\u00ea precisa abord\u00e1-lo da maneira certa: confiante, paquerador e respeitoso.<\/p>\n<h3>\u2705 1\u00ba. Prepare o seu perfil para a liga\u00e7\u00e3o (sem ser cringe) <\/h3>\n<p>Seja claro sobre sua vibe &#8211; mas mantenha-a elegante.<\/p>\n<p><strong>Exemplo de biografia:  <\/strong><em>Descontra\u00eddo, sem dramas e tudo sobre grande energia e qu\u00edmica forte. Procurando se conectar com algu\u00e9m que sabe o que ela quer &#8211; e n\u00e3o tem medo de se divertir. <\/em><\/p>\n<p>\ud83d\udcf8 Use uma foto limpa e recente. Mostre o seu rosto. Sorria. Flexionamento da confian\u00e7a &gt; .   <\/p>\n<h3>\u2705 2\u00ba. Envie-lhe uma mensagem como voc\u00ea quer dizer <\/h3>\n<p>N\u00e3o envie &#8220;ei&#8221;. Fa\u00e7a com que ela se sinta sexy, n\u00e3o spam. <\/p>\n<p><strong>Experimente:<\/strong><\/p>\n<ul>\n<li><em>Voc\u00ea tem esse olhar &#8211; confiante, divertido e perigoso o suficiente para ser interessante. Eu gosto disso. <\/em><\/li>\n<li><em>N\u00e3o est\u00e1 aqui para perder seu tempo &#8211; mas eu adoraria ajud\u00e1-lo a perder sua noite.<\/em><\/li>\n<\/ul>\n<p>Paquera. L\u00fadico. Direto.  <\/p>\n<h3>\u2705 3\u00ba. Deixe-a liderar &#8211; e esteja pronto quando o fizer <\/h3>\n<p>Mulheres de mente aberta adoram caras que n\u00e3o complicam demais as coisas. Quando a energia estiver l\u00e1, diga algo como: <em>Vamos cortar para ela &#8211; bebidas neste fim de semana, ou devemos pular as bebidas e ver o que acontece?<\/em> <\/p>\n<p>A confian\u00e7a liga-a. Basta ler a vibe &#8211; e respeitar seus limites. <\/p>\n<h2>\ud83d\udca6 O que essas vadias na sua \u00e1rea est\u00e3o realmente procurando?<\/h2>\n<p>Depende &#8211; mas a maioria est\u00e1 ap\u00f3s:<\/p>\n<p>\u2714\ufe0f Qu\u00edmica<br \/>\n\u2714\ufe0f real Conversas quentes que v\u00e3o a algum lugar \u2714\ufe0f<br \/>\nSem press\u00e3o, namoro<br \/>\n\u2714\ufe0f divertido Primeiro Caras que flertam bem e mant\u00eam as coisas leves  <\/p>\n<p>Seja uma vez ou em andamento, ela est\u00e1 aqui para se divertir <a href=\"https:\/\/adultxxxdate.net\/free-hookup-ads\/\">sem amarras<\/a> &#8211; e certifique-se de que voc\u00ea tamb\u00e9m o fa\u00e7a.<\/p>\n<h2>\u2705 Considera\u00e7\u00f5es finais! Ela est\u00e1 por perto. . . e Pronto <\/h2>\n<p>Se voc\u00ea est\u00e1 cansado de deslizar sem fim e procurar uma conex\u00e3o real com uma mulher divertida e de mente aberta perto de voc\u00ea, este \u00e9 o seu momento. Voc\u00ea n\u00e3o precisa de linhas de coleta. <\/p>\n<p><strong>Voc\u00ea s\u00f3 precisa:<\/strong><\/p>\n<p>\u2705 Um perfil<br \/>\n\u2705 de paquera e real Uma mensagem que a faz sorrir<br \/>\n\u2705 E o aplicativo de namoro certo para encontr\u00e1-la rapidamente<\/p>\n\n\t<div class=\"space-shortcode-wrap space-shortcode-4 relative\">\n\t\t<div class=\"space-shortcode-wrap-ins relative\">\n\n\t\t\t\n\t\t\t<div class=\"space-casinos-3-archive-items box-100 relative\">\n\n\t\t\t\t\t\t\t\t\n\t\t\t\t\t\t\t\n\t\t\t\t<div class=\"space-casinos-3-archive-item box-100 relative\">\n\t\t\t\t\t<div class=\"space-casinos-3-archive-item-ins relative\">\n\t\t\t\t\t\t<div class=\"space-casinos-3-archive-item-logo box-25 relative\">\n\t\t\t\t\t\t\t<div class=\"space-casinos-3-archive-item-logo-ins box-100 text-center relative\">\n\t\t\t\t\t\t\t\t\t\t\t\t\t\t\t\t<a href=\"\/links\/milfplay\" title=\"MilfPlay\" target=\"_blank\" rel=\"nofollow\">\n\t\t\t\t\t\t\t\t\t<img src=\"https:\/\/adultxxxdate.net\/wp-content\/uploads\/2021\/07\/milfplay-logo.png\" alt=\"MilfPlay\">\n\t\t\t\t\t\t\t\t<\/a>\n\t\t\t\t\t\t\t\t\t\t\t\t\t\t\t<\/div>\n\t\t\t\t\t\t\t<div class=\"space-casinos-3-archive-item-count absolute\">\n\t\t\t\t\t\t\t\t<span>1<\/span>\n\t\t\t\t\t\t\t<\/div>\n\t\t\t\t\t\t<\/div>\n\t\t\t\t\t\t<div class=\"space-casinos-3-archive-item-terms box-25 relative\">\n\t\t\t\t\t\t\t<div class=\"space-casinos-3-archive-item-terms-ins box-100 text-center relative\">\n\t\t\t\t\t\t\t\t<img style=\"width: 16px; height: 16px;\" src=\"\/wp-content\/themes\/mercury\/female-organs-vagina-svgrepo-com.svg\"> Female Members: <b>48%<\/b><br>\n\t\t\t\t\t\t\t\t\t<img style=\"width: 16px; height: 16px;\" src=\"\/wp-content\/themes\/mercury\/time-svgrepo-com.svg\"> Sign Up Speed: <b>R\u00e1pido<\/b><br>\n\t\t\t\t\t\t\t\t\t<img style=\"width: 16px; height: 16px;\" src=\"\/wp-content\/themes\/mercury\/woman-svgrepo-com.svg\"> Age Range: <b>18-75<\/b><br>\n\t\t\t\t\t\t\t\t\t<img style=\"width: 16px; height: 16px;\" src=\"\/wp-content\/themes\/mercury\/money-svgrepo-com.svg\"> Free Trial: <b>Yes<\/b><br>\n\t\t\t\t\t\t\t<\/div>\n\t\t\t\t\t\t<\/div>\n\t\t\t\t\t\t<div class=\"space-casinos-3-archive-item-rating box-25 relative\">\n\t\t\t\t\t\t\t<div class=\"space-casinos-3-archive-item-rating-ins box-100 text-center relative\">\n\t\t\t\t\t\t\t\t\t\t\t\t\t\t\t\t<div class=\"space-casinos-3-archive-item-rating-box relative\">\n\t\t\t\t\t\t\t\t\t<div class=\"star-rating\"><span class=\"screen-reader-text\">3,8 rating<\/span><div class=\"star star-full\" aria-hidden=\"true\"><\/div><div class=\"star star-full\" aria-hidden=\"true\"><\/div><div class=\"star star-full\" aria-hidden=\"true\"><\/div><div class=\"star star-half\" aria-hidden=\"true\"><\/div><div class=\"star star-empty\" aria-hidden=\"true\"><\/div><\/div>\t\t\t\t\t\t\t\t\t<span>3.8<\/span>\n\t\t\t\t\t\t\t\t<\/div>\n\n\t\t\t\t\t\t\t\t\t\t\t\t\t\t\t\t\n\t\t\t\t\t\t\t<\/div>\n\t\t\t\t\t\t<\/div>\n\t\t\t\t\t\t<div class=\"space-casinos-3-archive-item-button box-25 relative\">\n\t\t\t\t\t\t\t<div class=\"space-casinos-3-archive-item-button-ins box-100 text-center relative\">\n\t\t\t\t\t\t\t\t<a style=\"background-color: #ef3024 !important;\" href=\"\/links\/milfplay\" title=\"Inscri\u00e7\u00e3o gratuita\" target=\"_blank\" rel=\"nofollow\"><i class=\"fas fa-check-circle\"><\/i> Inscri\u00e7\u00e3o gratuita<\/a>\n\n\t\t\t\t\t\t\t<\/div>\n\t\t\t\t\t\t<\/div>\n\t\t\t\t\t<\/div>\n\t\t\t\t<\/div>\n\n\t\t\t\t\t\t\t\t\n\t\t\t\t\t\t\t\n\t\t\t\t<div class=\"space-casinos-3-archive-item box-100 relative\">\n\t\t\t\t\t<div class=\"space-casinos-3-archive-item-ins relative\">\n\t\t\t\t\t\t<div class=\"space-casinos-3-archive-item-logo box-25 relative\">\n\t\t\t\t\t\t\t<div class=\"space-casinos-3-archive-item-logo-ins box-100 text-center relative\">\n\t\t\t\t\t\t\t\t\t\t\t\t\t\t\t\t<a href=\"\/links\/banglocals\" title=\"Bang Locais\" target=\"_blank\" rel=\"nofollow\">\n\t\t\t\t\t\t\t\t\t<img src=\"https:\/\/adultxxxdate.net\/wp-content\/uploads\/2021\/07\/banglocals-logo2-190x80.png\" alt=\"Bang Locais\">\n\t\t\t\t\t\t\t\t<\/a>\n\t\t\t\t\t\t\t\t\t\t\t\t\t\t\t<\/div>\n\t\t\t\t\t\t\t<div class=\"space-casinos-3-archive-item-count absolute\">\n\t\t\t\t\t\t\t\t<span>2<\/span>\n\t\t\t\t\t\t\t<\/div>\n\t\t\t\t\t\t<\/div>\n\t\t\t\t\t\t<div class=\"space-casinos-3-archive-item-terms box-25 relative\">\n\t\t\t\t\t\t\t<div class=\"space-casinos-3-archive-item-terms-ins box-100 text-center relative\">\n\t\t\t\t\t\t\t\t<img style=\"width: 16px; height: 16px;\" src=\"\/wp-content\/themes\/mercury\/female-organs-vagina-svgrepo-com.svg\"> Female Members: <b>48%<\/b><br>\n\t\t\t\t\t\t\t\t\t<img style=\"width: 16px; height: 16px;\" src=\"\/wp-content\/themes\/mercury\/time-svgrepo-com.svg\"> Sign Up Speed: <b>R\u00e1pido<\/b><br>\n\t\t\t\t\t\t\t\t\t<img style=\"width: 16px; height: 16px;\" src=\"\/wp-content\/themes\/mercury\/woman-svgrepo-com.svg\"> Age Range: <b>18-75<\/b><br>\n\t\t\t\t\t\t\t\t\t<img style=\"width: 16px; height: 16px;\" src=\"\/wp-content\/themes\/mercury\/money-svgrepo-com.svg\"> Free Trial: <b>Yes<\/b><br>\n\t\t\t\t\t\t\t<\/div>\n\t\t\t\t\t\t<\/div>\n\t\t\t\t\t\t<div class=\"space-casinos-3-archive-item-rating box-25 relative\">\n\t\t\t\t\t\t\t<div class=\"space-casinos-3-archive-item-rating-ins box-100 text-center relative\">\n\t\t\t\t\t\t\t\t\t\t\t\t\t\t\t\t<div class=\"space-casinos-3-archive-item-rating-box relative\">\n\t\t\t\t\t\t\t\t\t<div class=\"star-rating\"><span class=\"screen-reader-text\">3,8 rating<\/span><div class=\"star star-full\" aria-hidden=\"true\"><\/div><div class=\"star star-full\" aria-hidden=\"true\"><\/div><div class=\"star star-full\" aria-hidden=\"true\"><\/div><div class=\"star star-half\" aria-hidden=\"true\"><\/div><div class=\"star star-empty\" aria-hidden=\"true\"><\/div><\/div>\t\t\t\t\t\t\t\t\t<span>3.8<\/span>\n\t\t\t\t\t\t\t\t<\/div>\n\n\t\t\t\t\t\t\t\t\t\t\t\t\t\t\t\t\n\t\t\t\t\t\t\t<\/div>\n\t\t\t\t\t\t<\/div>\n\t\t\t\t\t\t<div class=\"space-casinos-3-archive-item-button box-25 relative\">\n\t\t\t\t\t\t\t<div class=\"space-casinos-3-archive-item-button-ins box-100 text-center relative\">\n\t\t\t\t\t\t\t\t<a style=\"background-color: #ef3024 !important;\" href=\"\/links\/banglocals\" title=\"Inscri\u00e7\u00e3o gratuita\" target=\"_blank\" rel=\"nofollow\"><i class=\"fas fa-check-circle\"><\/i> Inscri\u00e7\u00e3o gratuita<\/a>\n\n\t\t\t\t\t\t\t<\/div>\n\t\t\t\t\t\t<\/div>\n\t\t\t\t\t<\/div>\n\t\t\t\t<\/div>\n\n\t\t\t\t\t\t\t\t\n\t\t\t\t\t\t\t\n\t\t\t\t<div class=\"space-casinos-3-archive-item box-100 relative\">\n\t\t\t\t\t<div class=\"space-casinos-3-archive-item-ins relative\">\n\t\t\t\t\t\t<div class=\"space-casinos-3-archive-item-logo box-25 relative\">\n\t\t\t\t\t\t\t<div class=\"space-casinos-3-archive-item-logo-ins box-100 text-center relative\">\n\t\t\t\t\t\t\t\t\t\t\t\t\t\t\t\t<a href=\"\/links\/onenightfriend\" title=\"OneNightFriend\" target=\"_blank\" rel=\"nofollow\">\n\t\t\t\t\t\t\t\t\t<img src=\"https:\/\/adultxxxdate.net\/wp-content\/uploads\/2021\/07\/onenightfriend-logo-132x80.png\" alt=\"OneNightFriend\">\n\t\t\t\t\t\t\t\t<\/a>\n\t\t\t\t\t\t\t\t\t\t\t\t\t\t\t<\/div>\n\t\t\t\t\t\t\t<div class=\"space-casinos-3-archive-item-count absolute\">\n\t\t\t\t\t\t\t\t<span>3<\/span>\n\t\t\t\t\t\t\t<\/div>\n\t\t\t\t\t\t<\/div>\n\t\t\t\t\t\t<div class=\"space-casinos-3-archive-item-terms box-25 relative\">\n\t\t\t\t\t\t\t<div class=\"space-casinos-3-archive-item-terms-ins box-100 text-center relative\">\n\t\t\t\t\t\t\t\t<img style=\"width: 16px; height: 16px;\" src=\"\/wp-content\/themes\/mercury\/female-organs-vagina-svgrepo-com.svg\"> Female Members: <b>49%<\/b><br>\n\t\t\t\t\t\t\t\t\t<img style=\"width: 16px; height: 16px;\" src=\"\/wp-content\/themes\/mercury\/time-svgrepo-com.svg\"> Sign Up Speed: <b>R\u00e1pido<\/b><br>\n\t\t\t\t\t\t\t\t\t<img style=\"width: 16px; height: 16px;\" src=\"\/wp-content\/themes\/mercury\/woman-svgrepo-com.svg\"> Age Range: <b>18-68<\/b><br>\n\t\t\t\t\t\t\t\t\t<img style=\"width: 16px; height: 16px;\" src=\"\/wp-content\/themes\/mercury\/money-svgrepo-com.svg\"> Free Trial: <b>Yes<\/b><br>\n\t\t\t\t\t\t\t<\/div>\n\t\t\t\t\t\t<\/div>\n\t\t\t\t\t\t<div class=\"space-casinos-3-archive-item-rating box-25 relative\">\n\t\t\t\t\t\t\t<div class=\"space-casinos-3-archive-item-rating-ins box-100 text-center relative\">\n\t\t\t\t\t\t\t\t\t\t\t\t\t\t\t\t<div class=\"space-casinos-3-archive-item-rating-box relative\">\n\t\t\t\t\t\t\t\t\t<div class=\"star-rating\"><span class=\"screen-reader-text\">3,8 rating<\/span><div class=\"star star-full\" aria-hidden=\"true\"><\/div><div class=\"star star-full\" aria-hidden=\"true\"><\/div><div class=\"star star-full\" aria-hidden=\"true\"><\/div><div class=\"star star-half\" aria-hidden=\"true\"><\/div><div class=\"star star-empty\" aria-hidden=\"true\"><\/div><\/div>\t\t\t\t\t\t\t\t\t<span>3.8<\/span>\n\t\t\t\t\t\t\t\t<\/div>\n\n\t\t\t\t\t\t\t\t\t\t\t\t\t\t\t\t\n\t\t\t\t\t\t\t<\/div>\n\t\t\t\t\t\t<\/div>\n\t\t\t\t\t\t<div class=\"space-casinos-3-archive-item-button box-25 relative\">\n\t\t\t\t\t\t\t<div class=\"space-casinos-3-archive-item-button-ins box-100 text-center relative\">\n\t\t\t\t\t\t\t\t<a style=\"background-color: #ef3024 !important;\" href=\"\/links\/onenightfriend\" title=\"Inscri\u00e7\u00e3o gratuita\" target=\"_blank\" rel=\"nofollow\"><i class=\"fas fa-check-circle\"><\/i> Inscri\u00e7\u00e3o gratuita<\/a>\n\n\t\t\t\t\t\t\t<\/div>\n\t\t\t\t\t\t<\/div>\n\t\t\t\t\t<\/div>\n\t\t\t\t<\/div>\n\n\t\t\t\t\t\t\t\t\n\t\t\t\t\t\t\t\n\t\t\t\t<div class=\"space-casinos-3-archive-item box-100 relative\">\n\t\t\t\t\t<div class=\"space-casinos-3-archive-item-ins relative\">\n\t\t\t\t\t\t<div class=\"space-casinos-3-archive-item-logo box-25 relative\">\n\t\t\t\t\t\t\t<div class=\"space-casinos-3-archive-item-logo-ins box-100 text-center relative\">\n\t\t\t\t\t\t\t\t\t\t\t\t\t\t\t\t<a href=\"\/links\/waystomeet\" title=\"WaysToMeet\" target=\"_blank\" rel=\"nofollow\">\n\t\t\t\t\t\t\t\t\t<img src=\"https:\/\/adultxxxdate.net\/wp-content\/uploads\/2021\/07\/waystomeet-dark-80x80.png\" alt=\"WaysToMeet\">\n\t\t\t\t\t\t\t\t<\/a>\n\t\t\t\t\t\t\t\t\t\t\t\t\t\t\t<\/div>\n\t\t\t\t\t\t\t<div class=\"space-casinos-3-archive-item-count absolute\">\n\t\t\t\t\t\t\t\t<span>4<\/span>\n\t\t\t\t\t\t\t<\/div>\n\t\t\t\t\t\t<\/div>\n\t\t\t\t\t\t<div class=\"space-casinos-3-archive-item-terms box-25 relative\">\n\t\t\t\t\t\t\t<div class=\"space-casinos-3-archive-item-terms-ins box-100 text-center relative\">\n\t\t\t\t\t\t\t\t<img style=\"width: 16px; height: 16px;\" src=\"\/wp-content\/themes\/mercury\/female-organs-vagina-svgrepo-com.svg\"> Female Members: <b>48%<\/b><br>\n\t\t\t\t\t\t\t\t\t<img style=\"width: 16px; height: 16px;\" src=\"\/wp-content\/themes\/mercury\/time-svgrepo-com.svg\"> Sign Up Speed: <b>R\u00e1pido<\/b><br>\n\t\t\t\t\t\t\t\t\t<img style=\"width: 16px; height: 16px;\" src=\"\/wp-content\/themes\/mercury\/woman-svgrepo-com.svg\"> Age Range: <b>18-75<\/b><br>\n\t\t\t\t\t\t\t\t\t<img style=\"width: 16px; height: 16px;\" src=\"\/wp-content\/themes\/mercury\/money-svgrepo-com.svg\"> Free Trial: <b>Yes<\/b><br>\n\t\t\t\t\t\t\t<\/div>\n\t\t\t\t\t\t<\/div>\n\t\t\t\t\t\t<div class=\"space-casinos-3-archive-item-rating box-25 relative\">\n\t\t\t\t\t\t\t<div class=\"space-casinos-3-archive-item-rating-ins box-100 text-center relative\">\n\t\t\t\t\t\t\t\t\t\t\t\t\t\t\t\t<div class=\"space-casinos-3-archive-item-rating-box relative\">\n\t\t\t\t\t\t\t\t\t<div class=\"star-rating\"><span class=\"screen-reader-text\">3,8 rating<\/span><div class=\"star star-full\" aria-hidden=\"true\"><\/div><div class=\"star star-full\" aria-hidden=\"true\"><\/div><div class=\"star star-full\" aria-hidden=\"true\"><\/div><div class=\"star star-half\" aria-hidden=\"true\"><\/div><div class=\"star star-empty\" aria-hidden=\"true\"><\/div><\/div>\t\t\t\t\t\t\t\t\t<span>3.8<\/span>\n\t\t\t\t\t\t\t\t<\/div>\n\n\t\t\t\t\t\t\t\t\t\t\t\t\t\t\t\t\n\t\t\t\t\t\t\t<\/div>\n\t\t\t\t\t\t<\/div>\n\t\t\t\t\t\t<div class=\"space-casinos-3-archive-item-button box-25 relative\">\n\t\t\t\t\t\t\t<div class=\"space-casinos-3-archive-item-button-ins box-100 text-center relative\">\n\t\t\t\t\t\t\t\t<a style=\"background-color: #ef3024 !important;\" href=\"\/links\/waystomeet\" title=\"Inscri\u00e7\u00e3o gratuita\" target=\"_blank\" rel=\"nofollow\"><i class=\"fas fa-check-circle\"><\/i> Inscri\u00e7\u00e3o gratuita<\/a>\n\n\t\t\t\t\t\t\t<\/div>\n\t\t\t\t\t\t<\/div>\n\t\t\t\t\t<\/div>\n\t\t\t\t<\/div>\n\n\t\t\t\t\t\t\t\t\n\t\t\t\t\t\t\t\n\t\t\t\t<div class=\"space-casinos-3-archive-item box-100 relative\">\n\t\t\t\t\t<div class=\"space-casinos-3-archive-item-ins relative\">\n\t\t\t\t\t\t<div class=\"space-casinos-3-archive-item-logo box-25 relative\">\n\t\t\t\t\t\t\t<div class=\"space-casinos-3-archive-item-logo-ins box-100 text-center relative\">\n\t\t\t\t\t\t\t\t\t\t\t\t\t\t\t\t<a href=\"\/links\/comewithyou\" title=\"ComeWithYou\" target=\"_blank\" rel=\"nofollow\">\n\t\t\t\t\t\t\t\t\t<img src=\"https:\/\/adultxxxdate.net\/wp-content\/uploads\/2021\/07\/comewithyou-logo.png\" alt=\"ComeWithYou\">\n\t\t\t\t\t\t\t\t<\/a>\n\t\t\t\t\t\t\t\t\t\t\t\t\t\t\t<\/div>\n\t\t\t\t\t\t\t<div class=\"space-casinos-3-archive-item-count absolute\">\n\t\t\t\t\t\t\t\t<span>5<\/span>\n\t\t\t\t\t\t\t<\/div>\n\t\t\t\t\t\t<\/div>\n\t\t\t\t\t\t<div class=\"space-casinos-3-archive-item-terms box-25 relative\">\n\t\t\t\t\t\t\t<div class=\"space-casinos-3-archive-item-terms-ins box-100 text-center relative\">\n\t\t\t\t\t\t\t\t<img style=\"width: 16px; height: 16px;\" src=\"\/wp-content\/themes\/mercury\/female-organs-vagina-svgrepo-com.svg\"> Female Members: <b>51%<\/b><br>\n\t\t\t\t\t\t\t\t\t<img style=\"width: 16px; height: 16px;\" src=\"\/wp-content\/themes\/mercury\/time-svgrepo-com.svg\"> Sign Up Speed: <b>R\u00e1pido<\/b><br>\n\t\t\t\t\t\t\t\t\t<img style=\"width: 16px; height: 16px;\" src=\"\/wp-content\/themes\/mercury\/woman-svgrepo-com.svg\"> Age Range: <b>18-65<\/b><br>\n\t\t\t\t\t\t\t\t\t<img style=\"width: 16px; height: 16px;\" src=\"\/wp-content\/themes\/mercury\/money-svgrepo-com.svg\"> Free Trial: <b>Yes<\/b><br>\n\t\t\t\t\t\t\t<\/div>\n\t\t\t\t\t\t<\/div>\n\t\t\t\t\t\t<div class=\"space-casinos-3-archive-item-rating box-25 relative\">\n\t\t\t\t\t\t\t<div class=\"space-casinos-3-archive-item-rating-ins box-100 text-center relative\">\n\t\t\t\t\t\t\t\t\t\t\t\t\t\t\t\t<div class=\"space-casinos-3-archive-item-rating-box relative\">\n\t\t\t\t\t\t\t\t\t<div class=\"star-rating\"><span class=\"screen-reader-text\">4,0 rating<\/span><div class=\"star star-full\" aria-hidden=\"true\"><\/div><div class=\"star star-full\" aria-hidden=\"true\"><\/div><div class=\"star star-full\" aria-hidden=\"true\"><\/div><div class=\"star star-full\" aria-hidden=\"true\"><\/div><div class=\"star star-empty\" aria-hidden=\"true\"><\/div><\/div>\t\t\t\t\t\t\t\t\t<span>4.0<\/span>\n\t\t\t\t\t\t\t\t<\/div>\n\n\t\t\t\t\t\t\t\t\t\t\t\t\t\t\t\t\n\t\t\t\t\t\t\t<\/div>\n\t\t\t\t\t\t<\/div>\n\t\t\t\t\t\t<div class=\"space-casinos-3-archive-item-button box-25 relative\">\n\t\t\t\t\t\t\t<div class=\"space-casinos-3-archive-item-button-ins box-100 text-center relative\">\n\t\t\t\t\t\t\t\t<a style=\"background-color: #ef3024 !important;\" href=\"\/links\/comewithyou\" title=\"Inscri\u00e7\u00e3o gratuita\" target=\"_blank\" rel=\"nofollow\"><i class=\"fas fa-check-circle\"><\/i> Inscri\u00e7\u00e3o gratuita<\/a>\n\n\t\t\t\t\t\t\t<\/div>\n\t\t\t\t\t\t<\/div>\n\t\t\t\t\t<\/div>\n\t\t\t\t<\/div>\n\n\t\t\t\t\n\t\t\t<\/div>\n\t\t\t\n\t\t<\/div>\n\t<\/div>\n\n\n<h3>\ud83d\udc49 Pronto para conhecer as vadias locais?<\/h3>\n<p>Comece agora por se juntar a uma (ou mais!) das principais plataformas de namoro:<\/p>\n<ul>\n<li>Seja travesso<\/li>\n<li>Ashley Madison<\/li>\n<li>AdultFriendFinder<\/li>\n<li>Vida cougar<\/li>\n<li>O Clube de Namoro MILF<\/li>\n<\/ul>\n<p>\ud83d\udccd Ela \u00e9 local \ud83d\udcac Ela est\u00e1 online \ud83d\udd25 E ela est\u00e1 procurando algu\u00e9m que consiga<\/p>\n<p>Envie a mensagem. Inicie o bate-papo. E deixe as coisas se divertirem &#8211; r\u00e1pido. \ud83d\udc8b\ud83d\udcf1\ud83d\ude08   <\/p>\n","protected":false},"excerpt":{"rendered":"<p>Free Fuck Sites Sem Cart\u00e3o de Cr\u00e9dito &#8211; Conhe\u00e7a Horny Sluts perto de voc\u00ea \ud83d\udc8b\ud83d\udcf1\ud83d\udd25 Vamos pular a conversa fiada: se voc\u00ea est\u00e1 procurando encontros divertidos e casuais com mulheres confiantes e sexualmente abertas, voc\u00ea n\u00e3o est\u00e1 sozinho &#8211; e sim, \u00e9 absolutamente poss\u00edvel encontr\u00e1-las perto de voc\u00ea. Sejam MILFs aventureiras, pumas ousados, divorciados paqueradores [&hellip;]<\/p>\n","protected":false},"author":1,"featured_media":0,"parent":0,"menu_order":0,"comment_status":"closed","ping_status":"closed","template":"page-without-title.php","meta":[],"_links":{"self":[{"href":"https:\/\/adultxxxdate.net\/pt-pt\/wp-json\/wp\/v2\/pages\/2921"}],"collection":[{"href":"https:\/\/adultxxxdate.net\/pt-pt\/wp-json\/wp\/v2\/pages"}],"about":[{"href":"https:\/\/adultxxxdate.net\/pt-pt\/wp-json\/wp\/v2\/types\/page"}],"author":[{"embeddable":true,"href":"https:\/\/adultxxxdate.net\/pt-pt\/wp-json\/wp\/v2\/users\/1"}],"replies":[{"embeddable":true,"href":"https:\/\/adultxxxdate.net\/pt-pt\/wp-json\/wp\/v2\/comments?post=2921"}],"version-history":[{"count":1,"href":"https:\/\/adultxxxdate.net\/pt-pt\/wp-json\/wp\/v2\/pages\/2921\/revisions"}],"predecessor-version":[{"id":3325,"href":"https:\/\/adultxxxdate.net\/pt-pt\/wp-json\/wp\/v2\/pages\/2921\/revisions\/3325"}],"wp:attachment":[{"href":"https:\/\/adultxxxdate.net\/pt-pt\/wp-json\/wp\/v2\/media?parent=2921"}],"curies":[{"name":"wp","href":"https:\/\/api.w.org\/{rel}","templated":true}]}}