{"id":2753,"date":"2021-12-16T16:55:31","date_gmt":"2021-12-16T16:55:31","guid":{"rendered":"https:\/\/adultxxxdate.net\/jogos-pornograficos-sem-login\/"},"modified":"2021-12-16T16:55:31","modified_gmt":"2021-12-16T16:55:31","slug":"jogos-pornograficos-sem-login","status":"publish","type":"page","link":"https:\/\/adultxxxdate.net\/pt-pt\/jogos-pornograficos-sem-login\/","title":{"rendered":"Jogos pornogr\u00e1ficos sem login"},"content":{"rendered":"<h1>Jogos pornogr\u00e1ficos sem login<\/h1>\n\n\t<div class=\"space-shortcode-wrap space-games-shortcode-1 relative relative\">\n\t\t<div class=\"space-shortcode-wrap-ins relative\">\n\n\t\t\t\n\t\t\t<div class=\"space-games-archive-items box-100 relative\">\n\n\t\t\t\t\n\t\t\t\t<div class=\"space-games-archive-item box-50 relative\">\n\t\t\t\t\t<div class=\"space-games-archive-item-ins relative\">\n\t\t\t\t\t\t\t\t\t\t\t\t<div class=\"space-games-archive-item-img relative\">\n\t\t\t\t\t\t\t<a href=\"\/links\/hentaiheroes\" title=\"Her\u00f3is Hentai\">\n\t\t\t\t\t\t\t\t<img src=\"https:\/\/adultxxxdate.net\/wp-content\/uploads\/2021\/04\/hentaiheroes_main-review-450x317.jpg\" alt=\"Her\u00f3is Hentai\">\n\t\t\t\t\t\t\t<\/a>\n\t\t\t\t\t\t<\/div>\n\t\t\t\t\t\t\t\t\t\t\t\t<div class=\"space-games-archive-item-wrap text-center relative\">\n\t\t\t\t\t\t\t<div class=\"space-games-archive-item-title relative\">\n\t\t\t\t\t\t\t\t<a href=\"\/links\/hentaiheroes\" title=\"Her\u00f3is Hentai\">Her\u00f3is Hentai<\/a>\n\t\t\t\t\t\t\t<\/div>\n\n\t\t\t\t\t\t\t\t\t\t\t\t\t\t<div class=\"space-games-archive-item-short-desc relative\">\n\t\t\t\t\t\t\t\tUm jogo de sexo adulto estilo anime, que permite navegar num mundo virtual.\t\t\t\t\t\t\t<\/div>\n\t\t\t\t\t\t\t\n\t\t\t\t\t\t\t<div class=\"space-games-archive-item-button relative\">\n\t\t\t\t\t\t\t\t<a href=\"\/links\/hentaiheroes\" title=\"Jogue agora\" target=\"_blank\" rel=\"nofollow\">Jogue agora<\/a>\n\t\t\t\t\t\t\t<\/div>\n\n\t\t\t\t\t\t\t\t\t\t\t\t\t\n\t\t\t\t\t\t<\/div>\n\t\t\t\t\t<\/div>\n\t\t\t\t<\/div>\n\n\t\t\t\t\n\t\t\t\t<div class=\"space-games-archive-item box-50 relative\">\n\t\t\t\t\t<div class=\"space-games-archive-item-ins relative\">\n\t\t\t\t\t\t\t\t\t\t\t\t<div class=\"space-games-archive-item-img relative\">\n\t\t\t\t\t\t\t<a href=\"\/links\/sexemulator\" title=\"SexEmulator\">\n\t\t\t\t\t\t\t\t<img src=\"https:\/\/adultxxxdate.net\/wp-content\/uploads\/2021\/04\/sex-emulator-review-image-450x317.jpg\" alt=\"SexEmulator\">\n\t\t\t\t\t\t\t<\/a>\n\t\t\t\t\t\t<\/div>\n\t\t\t\t\t\t\t\t\t\t\t\t<div class=\"space-games-archive-item-wrap text-center relative\">\n\t\t\t\t\t\t\t<div class=\"space-games-archive-item-title relative\">\n\t\t\t\t\t\t\t\t<a href=\"\/links\/sexemulator\" title=\"SexEmulator\">SexEmulator<\/a>\n\t\t\t\t\t\t\t<\/div>\n\n\t\t\t\t\t\t\t\t\t\t\t\t\t\t<div class=\"space-games-archive-item-short-desc relative\">\n\t\t\t\t\t\t\t\tUm dos melhores jogos sexuais 3D. Cria o teu car\u00e1cter e imita as tuas fantasias.\t\t\t\t\t\t\t<\/div>\n\t\t\t\t\t\t\t\n\t\t\t\t\t\t\t<div class=\"space-games-archive-item-button relative\">\n\t\t\t\t\t\t\t\t<a href=\"\/links\/sexemulator\" title=\"Jogue agora\" target=\"_blank\" rel=\"nofollow\">Jogue agora<\/a>\n\t\t\t\t\t\t\t<\/div>\n\n\t\t\t\t\t\t\t\t\t\t\t\t\t\n\t\t\t\t\t\t<\/div>\n\t\t\t\t\t<\/div>\n\t\t\t\t<\/div>\n\n\t\t\t\t\n\t\t\t<\/div>\n\t\t\n\t\t<\/div>\n\t<\/div>\n\n\n<h2>Jogos sexuais gratuitos sem inscri\u00e7\u00e3o<\/h2>\n<p>Melhorar a vida sexual \u00e9 uma das tarefas mais desafiantes para muitos adultos com a sua agenda preenchida. Se decidiu melhorar a sua vida sexual, ent\u00e3o pode sentir-se \u00e0 vontade para entrar em contacto com a plataforma especializada e sugerida para a sua grande cole\u00e7\u00e3o de jogos pornogr\u00e1ficos. Voc\u00ea pode explorar as principais atra\u00e7\u00f5es dos jogos sexuais um ap\u00f3s o outro e passar o lazer o mais agrad\u00e1vel poss\u00edvel. Uma vez que voc\u00ea tenha come\u00e7ado a jogar os jogos sexuais ricos em coisas de entretenimento adulto, voc\u00ea pode obter 100% satisfa\u00e7\u00e3o sexual e fazer os seus desejos sobre a vida sexual melhorada tornar-se realidade.<\/p>\n<h2>Jogos pornogr\u00e1ficos sem inscri\u00e7\u00e3o<\/h2>\n<p>Todos os jogadores dos jogos sexuais tridimensionais recebem uma s\u00e9rie de coisas favor\u00e1veis. Eles recebem mais do que o esperado divers\u00e3o sexual e encorajados a apimentar as coisas na sua sess\u00e3o preliminar. Eles est\u00e3o dispostos a jogar os jogos sexuais 3D mais modernos uns atr\u00e1s dos outros e desfrutar do tempo livre para al\u00e9m dos seus desejos. Se ler testemunhos de jogadores de jogos sexuais nesta categoria, ent\u00e3o pode obter assist\u00eancia suficiente e garantir como escolher e <a href=\"https:\/\/adultxxxdate.net\/pt-pt\/xxx-jogos-para-iphone\/\">jogar o jogo sexual adequado<\/a>. Voc\u00ea se tornar\u00e1 f\u00e3 do jogo sexual 3D e ser\u00e1 encorajado a se envolver nesta forma de divers\u00e3o adulta.<\/p>\n<p>Os jogadores dos jogos de sexo online, como por tr\u00e1s da duna, escola de lista, sonhos de desejo, e outros jogos t\u00eam cada vez mais oportunidades de explorar as coisas divertidas para adultos. Eles encontram e usam todas as op\u00e7\u00f5es para a maior satisfa\u00e7\u00e3o sexual poss\u00edvel. Eles fazem uma melhoria excecional na sua maneira de participar no mundo dos jogos sexuais. Voc\u00ea pode tomar nota de sugest\u00f5es sobre como escolher e jogar os jogos pornogr\u00e1ficos ricos em coisas divertidas para adultos. Voc\u00ea vai receber a ajuda incr\u00edvel e ter uma variedade de coisas divertidas para adultos.<\/p>\n","protected":false},"excerpt":{"rendered":"<p>Jogos pornogr\u00e1ficos sem login Jogos sexuais gratuitos sem inscri\u00e7\u00e3o Melhorar a vida sexual \u00e9 uma das tarefas mais desafiantes para muitos adultos com a sua agenda preenchida. Se decidiu melhorar a sua vida sexual, ent\u00e3o pode sentir-se \u00e0 vontade para entrar em contacto com a plataforma especializada e sugerida para a sua grande cole\u00e7\u00e3o de [&hellip;]<\/p>\n","protected":false},"author":1,"featured_media":0,"parent":0,"menu_order":0,"comment_status":"closed","ping_status":"closed","template":"page-without-title.php","meta":[],"_links":{"self":[{"href":"https:\/\/adultxxxdate.net\/pt-pt\/wp-json\/wp\/v2\/pages\/2753"}],"collection":[{"href":"https:\/\/adultxxxdate.net\/pt-pt\/wp-json\/wp\/v2\/pages"}],"about":[{"href":"https:\/\/adultxxxdate.net\/pt-pt\/wp-json\/wp\/v2\/types\/page"}],"author":[{"embeddable":true,"href":"https:\/\/adultxxxdate.net\/pt-pt\/wp-json\/wp\/v2\/users\/1"}],"replies":[{"embeddable":true,"href":"https:\/\/adultxxxdate.net\/pt-pt\/wp-json\/wp\/v2\/comments?post=2753"}],"version-history":[{"count":0,"href":"https:\/\/adultxxxdate.net\/pt-pt\/wp-json\/wp\/v2\/pages\/2753\/revisions"}],"wp:attachment":[{"href":"https:\/\/adultxxxdate.net\/pt-pt\/wp-json\/wp\/v2\/media?parent=2753"}],"curies":[{"name":"wp","href":"https:\/\/api.w.org\/{rel}","templated":true}]}}