{"id":2709,"date":"2021-12-16T16:56:00","date_gmt":"2021-12-16T16:56:00","guid":{"rendered":"https:\/\/adultxxxdate.net\/xxx-jogos-para-iphone\/"},"modified":"2021-12-16T16:56:00","modified_gmt":"2021-12-16T16:56:00","slug":"xxx-jogos-para-iphone","status":"publish","type":"page","link":"https:\/\/adultxxxdate.net\/pt-pt\/xxx-jogos-para-iphone\/","title":{"rendered":"XxX Jogos para iPhone"},"content":{"rendered":"<h1>XxX Jogos para iPhone<\/h1>\n\n\t<div class=\"space-shortcode-wrap space-games-shortcode-1 relative relative\">\n\t\t<div class=\"space-shortcode-wrap-ins relative\">\n\n\t\t\t\n\t\t\t<div class=\"space-games-archive-items box-100 relative\">\n\n\t\t\t\t\n\t\t\t\t<div class=\"space-games-archive-item box-50 relative\">\n\t\t\t\t\t<div class=\"space-games-archive-item-ins relative\">\n\t\t\t\t\t\t\t\t\t\t\t\t<div class=\"space-games-archive-item-img relative\">\n\t\t\t\t\t\t\t<a href=\"\/links\/hentaiheroes\" title=\"Her\u00f3is Hentai\">\n\t\t\t\t\t\t\t\t<img src=\"https:\/\/adultxxxdate.net\/wp-content\/uploads\/2021\/04\/hentaiheroes_main-review-450x317.jpg\" alt=\"Her\u00f3is Hentai\">\n\t\t\t\t\t\t\t<\/a>\n\t\t\t\t\t\t<\/div>\n\t\t\t\t\t\t\t\t\t\t\t\t<div class=\"space-games-archive-item-wrap text-center relative\">\n\t\t\t\t\t\t\t<div class=\"space-games-archive-item-title relative\">\n\t\t\t\t\t\t\t\t<a href=\"\/links\/hentaiheroes\" title=\"Her\u00f3is Hentai\">Her\u00f3is Hentai<\/a>\n\t\t\t\t\t\t\t<\/div>\n\n\t\t\t\t\t\t\t\t\t\t\t\t\t\t<div class=\"space-games-archive-item-short-desc relative\">\n\t\t\t\t\t\t\t\tUm jogo de sexo adulto estilo anime, que permite navegar num mundo virtual.\t\t\t\t\t\t\t<\/div>\n\t\t\t\t\t\t\t\n\t\t\t\t\t\t\t<div class=\"space-games-archive-item-button relative\">\n\t\t\t\t\t\t\t\t<a href=\"\/links\/hentaiheroes\" title=\"Jogue agora\" target=\"_blank\" rel=\"nofollow\">Jogue agora<\/a>\n\t\t\t\t\t\t\t<\/div>\n\n\t\t\t\t\t\t\t\t\t\t\t\t\t\n\t\t\t\t\t\t<\/div>\n\t\t\t\t\t<\/div>\n\t\t\t\t<\/div>\n\n\t\t\t\t\n\t\t\t\t<div class=\"space-games-archive-item box-50 relative\">\n\t\t\t\t\t<div class=\"space-games-archive-item-ins relative\">\n\t\t\t\t\t\t\t\t\t\t\t\t<div class=\"space-games-archive-item-img relative\">\n\t\t\t\t\t\t\t<a href=\"\/links\/sexemulator\" title=\"SexEmulator\">\n\t\t\t\t\t\t\t\t<img src=\"https:\/\/adultxxxdate.net\/wp-content\/uploads\/2021\/04\/sex-emulator-review-image-450x317.jpg\" alt=\"SexEmulator\">\n\t\t\t\t\t\t\t<\/a>\n\t\t\t\t\t\t<\/div>\n\t\t\t\t\t\t\t\t\t\t\t\t<div class=\"space-games-archive-item-wrap text-center relative\">\n\t\t\t\t\t\t\t<div class=\"space-games-archive-item-title relative\">\n\t\t\t\t\t\t\t\t<a href=\"\/links\/sexemulator\" title=\"SexEmulator\">SexEmulator<\/a>\n\t\t\t\t\t\t\t<\/div>\n\n\t\t\t\t\t\t\t\t\t\t\t\t\t\t<div class=\"space-games-archive-item-short-desc relative\">\n\t\t\t\t\t\t\t\tUm dos melhores jogos sexuais 3D. Cria o teu car\u00e1cter e imita as tuas fantasias.\t\t\t\t\t\t\t<\/div>\n\t\t\t\t\t\t\t\n\t\t\t\t\t\t\t<div class=\"space-games-archive-item-button relative\">\n\t\t\t\t\t\t\t\t<a href=\"\/links\/sexemulator\" title=\"Jogue agora\" target=\"_blank\" rel=\"nofollow\">Jogue agora<\/a>\n\t\t\t\t\t\t\t<\/div>\n\n\t\t\t\t\t\t\t\t\t\t\t\t\t\n\t\t\t\t\t\t<\/div>\n\t\t\t\t\t<\/div>\n\t\t\t\t<\/div>\n\n\t\t\t\t\n\t\t\t<\/div>\n\t\t\n\t\t<\/div>\n\t<\/div>\n\n\n<h2>Jogos Sexuais para iOS<\/h2>\n<p>Todos os jogadores de qualquer <a href=\"https:\/\/adultxxxdate.net\/pt-pt\/jogos-pornograficos-sem-login\/\">jogo sexual<\/a> n\u00e3o deixam de ter uma boa melhoria na sua divers\u00e3o adulta e na sua vida sexual. Muitos casais em todo o mundo jogam jogos sexuais para aprimorar as suas habilidades de comunica\u00e7\u00e3o para melhor sexo. Eles t\u00eam interesses para fazer coisas novas e comunicar com o parceiro sexual antes, durante e depois do sexo. Esperam sexo perfeito desprovido de qualquer esfor\u00e7o para reduzir a divers\u00e3o adulta. Muitos adultos desejam ter situa\u00e7\u00f5es em que o grande sexo chega quando menos esperam. Isto \u00e9 porque sentem que o sexo faz trabalho. Podem trabalhar nos melhores jogos sexuais a seguir e tornar a sua vida sexual melhor do que agora.<\/p>\n<h2>Jogos sexuais iPhone<\/h2>\n<p>Yareel \u00e9 um jogo sexual online picante e conhecido pela sua natureza altamente viciante e cheio de surpresas. Como jogador deste jogo sexual, tens de fazer o teu pr\u00f3prio avatar no in\u00edcio e personaliz\u00e1-lo da maneira que desejas. Voc\u00ea pode prosseguir com a reuni\u00e3o e namoro com outros utilizadores reais nesta plataforma. As caracter\u00edsticas de primeira classe do avatar ajudam os jogadores a realizar os seus desejos sexuais ocultos e a proporcionar oportunidades para sexo virtual online ilimitado. Caracter\u00edsticas interessantes e grandes gr\u00e1ficos tornam este jogo muito popular e d\u00e3o 100% satisfa\u00e7\u00e3o sexual a cada jogador.<\/p>\n<p>Second Life \u00e9 um jogo de sexo online de topo onde todos podem se juntar sem custos e entrar no mundo do sexo virtual sem dificuldade e atraso. H\u00e1 personagens de topo neste jogo pornogr\u00e1fico de muito boa reputa\u00e7\u00e3o. Este jogo deixa todos os jogadores encantados. \u00c9 o momento adequado para explorar a segunda vida e usar todas as oportunidades para apimentar as coisas na sua divers\u00e3o sexual virtual. Neste mundo de jogos, os jogadores podem crescer o seu neg\u00f3cio e fazer grandes coisas para se tornarem muito populares. As personagens femininas deste jogo s\u00e3o cuidadosamente desenhadas e de primeira qualidade por natureza.<\/p>\n","protected":false},"excerpt":{"rendered":"<p>XxX Jogos para iPhone Jogos Sexuais para iOS Todos os jogadores de qualquer jogo sexual n\u00e3o deixam de ter uma boa melhoria na sua divers\u00e3o adulta e na sua vida sexual. Muitos casais em todo o mundo jogam jogos sexuais para aprimorar as suas habilidades de comunica\u00e7\u00e3o para melhor sexo. Eles t\u00eam interesses para fazer [&hellip;]<\/p>\n","protected":false},"author":1,"featured_media":0,"parent":0,"menu_order":0,"comment_status":"closed","ping_status":"closed","template":"page-without-title.php","meta":[],"_links":{"self":[{"href":"https:\/\/adultxxxdate.net\/pt-pt\/wp-json\/wp\/v2\/pages\/2709"}],"collection":[{"href":"https:\/\/adultxxxdate.net\/pt-pt\/wp-json\/wp\/v2\/pages"}],"about":[{"href":"https:\/\/adultxxxdate.net\/pt-pt\/wp-json\/wp\/v2\/types\/page"}],"author":[{"embeddable":true,"href":"https:\/\/adultxxxdate.net\/pt-pt\/wp-json\/wp\/v2\/users\/1"}],"replies":[{"embeddable":true,"href":"https:\/\/adultxxxdate.net\/pt-pt\/wp-json\/wp\/v2\/comments?post=2709"}],"version-history":[{"count":0,"href":"https:\/\/adultxxxdate.net\/pt-pt\/wp-json\/wp\/v2\/pages\/2709\/revisions"}],"wp:attachment":[{"href":"https:\/\/adultxxxdate.net\/pt-pt\/wp-json\/wp\/v2\/media?parent=2709"}],"curies":[{"name":"wp","href":"https:\/\/api.w.org\/{rel}","templated":true}]}}