{"id":3323,"date":"2021-08-31T12:37:41","date_gmt":"2021-08-31T12:37:41","guid":{"rendered":"https:\/\/adultxxxdate.net\/gratis-sexsider-uten-kredittkort\/"},"modified":"2021-08-31T12:37:41","modified_gmt":"2021-08-31T12:37:41","slug":"gratis-sexsider-uten-kredittkort","status":"publish","type":"page","link":"https:\/\/adultxxxdate.net\/no\/gratis-sexsider-uten-kredittkort\/","title":{"rendered":"Gratis sexsider uten kredittkort"},"content":{"rendered":"<h1>Gratis knullesider uten kredittkort &#8211; M\u00f8t k\u00e5te ludder i n\u00e6rheten av deg \ud83d\udc8b\ud83d\udcf1\ud83d\udd25<\/h1>\n<p>La oss hoppe over sm\u00e5praten: hvis du leter etter morsomme, uformelle hookups med selvsikre, seksuelt \u00e5pne kvinner, er du ikke alene &#8211; og ja, det er absolutt mulig \u00e5 finne dem i n\u00e6rheten av deg. Enten de er eventyrlystne MILF-er, dristige pumaer, fl\u00f8rtende skilte eller k\u00e5te kvinner som nettopp er ferdige med dramaet, er det tonnevis av fordomsfrie hete ludder i n\u00e6rheten som vil ha det samme som deg: ikke noe press, ingen forventninger &#8211; bare kjemi, fl\u00f8rting og uforglemmelige netter. For de som s\u00f8ker etter de beste plattformene for \u00e5 f\u00e5 kontakt med slike individer, kan det \u00e5 utforske forskjellige <a href=\"https:\/\/adultxxxdate.net\/free-meet-and-fuck-sites\/\">knullesider<\/a> v\u00e6re et utmerket utgangspunkt, og tilby en mengde alternativer som passer alle preferanser. <strong>Denne guiden vil hjelpe deg:<\/strong> \u2705 Finn ekte, hotte lokale ludder i ditt omr\u00e5de<br \/>\n\u2705 Bruk de beste datingappene for tilfeldige<br \/>\n\u2705 m\u00f8ter Skill deg ut med meldinger som f\u00e5r svar<br \/>\n\u2705 G\u00e5 fra &laquo;hei&raquo; til hookup &#8211; uten \u00e5 h\u00f8res ut som alle andre    <\/p>\n<p>Dagens selvsikre ludder i ditt omr\u00e5de vet hva de vil ha &#8211; og de er ikke redde for \u00e5 be om det. Og det mange \u00f8nsker er: <\/p>\n<p>\u2714\ufe0f Moro uten forholdspress \u2714\ufe0f<br \/>\nFl\u00f8rtende samtaler som blir til ekte kjemi<br \/>\n\u2714\ufe0f Yngre menn som er selvsikre og dramafrie<br \/>\n\u2714\ufe0f Spenning sent p\u00e5 kvelden uten strenge tidlig om morgenen  <\/p>\n<p>Enten hun er alenemor, en nysgjerrig puma eller en kvinne som utforsker sin ville side, leter hun etter noen som forst\u00e5r det &#8211; og det kan v\u00e6re deg. Utforsk mulighetene p\u00e5 <a href=\"https:\/\/adultxxxdate.net\/\">uformelle datingsider<\/a> for \u00e5 finne den perfekte matchen for dine \u00f8nsker. <\/p>\n<h2>\ud83d\udcf1 Beste datingapper for \u00e5 m\u00f8te lokale ludder i n\u00e6rheten av deg<\/h2>\n<p>Vil du hoppe over gjettingen og g\u00e5 rett til den morsomme delen? Disse appene er fullpakket med lokale, sexy ludder som leter etter uformelle forbindelser &#8211; og de er gratis \u00e5 bla gjennom eller bli med:<br \/>\nBest for: Raske, fl\u00f8rtende chatter med uformelle datere og MILF-er <\/p>\n<p>\u2714\ufe0f Flott for spontane hookups\u2714\ufe0f<br \/>\n Kvinner som er \u00e5pne, dristige og lekne<br \/>\n\u2714\ufe0f Enkelt grensesnitt og rask matching<\/p>\n<h3>\ud83d\udc60 Ashley Madison<\/h3>\n<p>Best for: Diskrete forbindelser med gifte eller nysgjerrige kvinner<\/p>\n<p>\u2714\ufe0f Bygget for hemmelige slenger og privat moro<br \/>\n\u2714\ufe0f Mange kvinner 30+ p\u00e5 jakt etter uformell romantikk<br \/>\n\u2714\ufe0f Sikkert, d\u00f8mmefritt chatterom<\/p>\n<h3>\ud83d\udd25 AdultFriendFinder<\/h3>\n<p>Best for: Ville chatter, hookups og alt i mellom<\/p>\n<p>\u2714\ufe0f Fordomsfritt fellesskap av MILF-er, pumaer og eventyrlystne singler<br \/>\n\u2714\ufe0f Ideell for cam-chat, fantasier og m\u00f8ter<br \/>\n\u2714\ufe0f i det virkelige liv Mange lokale kamper klare til \u00e5 snakke i kveld<\/p>\n<h3>\ud83d\udc8b Cougar Life<\/h3>\n<p>Best for: Eldre, erfarne ludder som elsker yngre menn<\/p>\n<p>\u2714\ufe0f Full av MILF-er og pumaer p\u00e5 jakt etter moro<br \/>\n\u2714\ufe0f Lokale filtre hjelper deg med \u00e5 koble til n\u00e6rliggende<br \/>\n\u2714\ufe0f Kvinner her tar ledelsen &#8211; og elsker n\u00e5r du f\u00f8lger<\/p>\n<h3>\ud83e\udde1 MILF Dating-klubben<\/h3>\n<p>Best for: Sofistikerte ludder p\u00e5 jakt etter slenger med aldersforskjell<\/p>\n<p>\u2714\ufe0f Verifiserte, modne kvinnelige medlemmer<br \/>\n\u2714\ufe0f Diskret, fl\u00f8rtende og respektfull plattform<br \/>\n\u2714\ufe0f Ideell for sexy m\u00f8ter uten press<\/p>\n<h2>\ud83d\udcac Fl\u00f8rtende tips for \u00e5 tiltrekke seg riktig type oppmerksomhet<\/h2>\n<p>Hvis du leter etter uforpliktende moro, m\u00e5 du n\u00e6rme deg det p\u00e5 riktig m\u00e5te: selvsikker, fl\u00f8rtende og respektfull.<\/p>\n<h3>\u2705 1. Gj\u00f8r profilen din klar for tilkobling (uten \u00e5 v\u00e6re cringe) <\/h3>\n<p>V\u00e6r tydelig p\u00e5 stemningen din &#8211; men hold den stilig.<\/p>\n<p><strong>Eksempel p\u00e5 biografi:  <\/strong><em>Avslappet, dramafri og handler om god energi og sterk kjemi. \u00d8nsker \u00e5 komme i kontakt med noen som vet hva hun vil &#8211; og ikke er redd for \u00e5 ha det g\u00f8y. <\/em><\/p>\n<p>\ud83d\udcf8 Bruk et rent, nylig bilde. Vis ansiktet ditt. Smile. Selvtillit &gt; som b\u00f8yer seg.   <\/p>\n<h3>\u2705 2. Send henne en melding som om du mener det <\/h3>\n<p>Ikke send \u00abhei\u00bb. F\u00e5 henne til \u00e5 f\u00f8le seg sexy, ikke spammet. <\/p>\n<p><strong>Fors\u00f8ke:<\/strong><\/p>\n<ul>\n<li><em>Du har det utseendet &#8211; selvsikker, morsom og akkurat farlig nok til \u00e5 v\u00e6re interessant. Jeg er interessert i det. <\/em><\/li>\n<li><em>Ikke her for \u00e5 kaste bort tiden din &#8211; men jeg vil gjerne hjelpe deg med \u00e5 kaste bort kvelden din.<\/em><\/li>\n<\/ul>\n<p>Fl\u00f8rtende. Leken. Direkte.  <\/p>\n<h3>\u2705 3. La henne lede &#8211; og v\u00e6r klar n\u00e5r hun gj\u00f8r det <\/h3>\n<p>Fordomsfrie kvinner elsker gutter som ikke overkompliserer ting. N\u00e5r energien er der, si noe s\u00e5nt som: <em>La oss kutte til det &#8211; drinker denne helgen, eller skal vi hoppe over drinkene og se hva som skjer?<\/em> <\/p>\n<p>Selvtillit tenner henne. Bare les stemningen &#8211; og respekter grensene hennes. <\/p>\n<h2>\ud83d\udca6 Hva leter disse t\u00f8ytene i ditt omr\u00e5de egentlig etter?<\/h2>\n<p>Det kommer an p\u00e5 &#8211; men de fleste er etter:<\/p>\n<p>\u2714\ufe0f Ekte kjemi<br \/>\n\u2714\ufe0f Varme samtaler som g\u00e5r et sted \u2714\ufe0f<br \/>\nUten press, morsom dating<br \/>\n\u2714\ufe0f Gutter som fl\u00f8rter godt og holder ting lett  <\/p>\n<p>Enten det er en gang eller p\u00e5g\u00e5ende, er hun her for \u00e5 kose seg <a href=\"https:\/\/adultxxxdate.net\/free-hookup-ads\/\">uten forpliktelser<\/a> &#8211; og s\u00f8rge for at du ogs\u00e5 gj\u00f8r det.<\/p>\n<h2>\u2705 Avsluttende tanker! Hun er i n\u00e6rheten &#8230; og klar <\/h2>\n<p>Hvis du er lei av endel\u00f8s sveiping og leter etter en ekte forbindelse med en morsom, fordomsfri kvinne i n\u00e6rheten av deg, er dette ditt \u00f8yeblikk. Du trenger ikke hentelinjer. <\/p>\n<p><strong>Du trenger bare:<\/strong><\/p>\n<p>\u2705 En fl\u00f8rtende, ekte profil<br \/>\n\u2705 En melding som f\u00e5r henne til \u00e5 smile<br \/>\n\u2705 Og den rette datingappen for \u00e5 finne henne raskt<\/p>\n\n<h3>\ud83d\udc49 Klar til \u00e5 m\u00f8te lokale ludder?<\/h3>\n<p>Start n\u00e5 ved \u00e5 bli med p\u00e5 en (eller flere!) av de beste datingplattformene:<\/p>\n<ul>\n<li>V\u00e6r slem<\/li>\n<li>Ashley Madison<\/li>\n<li>AdultFriendFinder<\/li>\n<li>Cougar Life<\/li>\n<li>MILF Dating-klubben<\/li>\n<\/ul>\n<p>\ud83d\udccd Hun er lokal \ud83d\udcac Hun er online \ud83d\udd25 Og hun leter etter noen som forst\u00e5r det<\/p>\n<p>Send meldingen. Start chatten. Og la ting bli g\u00f8y &#8211; raskt. \ud83d\udc8b\ud83d\udcf1\ud83d\ude08   <\/p>\n","protected":false},"excerpt":{"rendered":"<p>Gratis knullesider uten kredittkort &#8211; M\u00f8t k\u00e5te ludder i n\u00e6rheten av deg \ud83d\udc8b\ud83d\udcf1\ud83d\udd25 La oss hoppe over sm\u00e5praten: hvis du leter etter morsomme, uformelle hookups med selvsikre, seksuelt \u00e5pne kvinner, er du ikke alene &#8211; og ja, det er absolutt mulig \u00e5 finne dem i n\u00e6rheten av deg. Enten de er eventyrlystne MILF-er, dristige pumaer, [&hellip;]<\/p>\n","protected":false},"author":1,"featured_media":0,"parent":0,"menu_order":0,"comment_status":"closed","ping_status":"closed","template":"page-without-title.php","meta":[],"_links":{"self":[{"href":"https:\/\/adultxxxdate.net\/no\/wp-json\/wp\/v2\/pages\/3323"}],"collection":[{"href":"https:\/\/adultxxxdate.net\/no\/wp-json\/wp\/v2\/pages"}],"about":[{"href":"https:\/\/adultxxxdate.net\/no\/wp-json\/wp\/v2\/types\/page"}],"author":[{"embeddable":true,"href":"https:\/\/adultxxxdate.net\/no\/wp-json\/wp\/v2\/users\/1"}],"replies":[{"embeddable":true,"href":"https:\/\/adultxxxdate.net\/no\/wp-json\/wp\/v2\/comments?post=3323"}],"version-history":[{"count":0,"href":"https:\/\/adultxxxdate.net\/no\/wp-json\/wp\/v2\/pages\/3323\/revisions"}],"wp:attachment":[{"href":"https:\/\/adultxxxdate.net\/no\/wp-json\/wp\/v2\/media?parent=3323"}],"curies":[{"name":"wp","href":"https:\/\/api.w.org\/{rel}","templated":true}]}}