{"id":2937,"date":"2021-08-31T12:37:41","date_gmt":"2021-08-31T12:37:41","guid":{"rendered":"https:\/\/adultxxxdate.net\/siti-di-sesso-gratuiti-senza-carta-di-credito\/"},"modified":"2025-09-21T15:02:40","modified_gmt":"2025-09-21T15:02:40","slug":"siti-di-sesso-gratuiti-senza-carta-di-credito","status":"publish","type":"page","link":"https:\/\/adultxxxdate.net\/it\/siti-di-sesso-gratuiti-senza-carta-di-credito\/","title":{"rendered":"Siti di sesso gratuiti Senza carta di credito"},"content":{"rendered":"<h1>Siti di scopate gratuiti senza carta di credito &#8211; Incontra troie arrapate vicino a te \ud83d\udc8b\ud83d\udcf1\ud83d\udd25<\/h1>\n<p>Saltiamo le chiacchiere: se stai cercando incontri divertenti e casuali con donne sicure di s\u00e9 e sessualmente aperte, non sei solo &#8211; e s\u00ec, \u00e8 assolutamente possibile trovarle vicino a te. Che si tratti di MILF avventurose, puma audaci, divorziate civettuole o donne arrapate che hanno appena finito con il dramma, ci sono tonnellate di troie calde di mentalit\u00e0 aperta nelle vicinanze che vogliono la stessa cosa che vuoi tu: nessuna pressione, nessuna aspettativa: solo chimica, flirt e notti indimenticabili. Per coloro che cercano le migliori piattaforme per entrare in contatto con tali individui, esplorare vari <a href=\"https:\/\/adultxxxdate.net\/free-meet-and-fuck-sites\/\">siti di sesso<\/a> pu\u00f2 essere un ottimo punto di partenza, offrendo una miriade di opzioni per soddisfare ogni preferenza. <strong>Questa guida ti aiuter\u00e0:<\/strong> \u2705 Trova troie locali vere e sexy nella tua zona<br \/>\n\u2705 Usa le migliori app di appuntamenti per incontri casuali<br \/>\n\u2705 Distinguiti con messaggi che ottengono risposte<br \/>\n\u2705 Passa da &#8220;ehi&#8221; a collegamento, senza sembrare come tutti gli altri    <\/p>\n<p>Le troie sicure di s\u00e9 di oggi nella tua zona sanno cosa vogliono e non hanno paura di chiederlo. E quello che molti vogliono \u00e8: <\/p>\n<p>\u2714\ufe0f Divertimento senza la pressione \u2714\ufe0f<br \/>\ndella relazione Conversazioni flirtanti che si trasformano in vera chimica<br \/>\n\u2714\ufe0f Uomini pi\u00f9 giovani che sono sicuri di s\u00e9 e senza<br \/>\n\u2714\ufe0f drammi Eccitazione a tarda notte senza vincoli mattutini  <\/p>\n<p>Che si tratti di una mamma single, di una puma curiosa o di una donna che esplora il suo lato selvaggio, \u00e8 alla ricerca di qualcuno che lo capisca, e questo potresti essere tu. Esplora le possibilit\u00e0 sui <a href=\"https:\/\/adultxxxdate.net\/\">siti di incontri casuali<\/a> per trovare l&#8217;abbinamento perfetto per i tuoi desideri. <\/p>\n<h2>\ud83d\udcf1 Le migliori app di appuntamenti per incontrare troie locali vicino a te<\/h2>\n<p>Vuoi saltare le congetture e passare direttamente alla parte divertente? Queste app sono piene di troie locali e sexy in cerca di connessioni casuali e sono gratuite da sfogliare o iscriversi:<br \/>\nIdeale per: chat veloci e civettuole con datari occasionali e MILF <\/p>\n<p>\u2714\ufe0f Ottimo per incontri spontanei Donne<br \/>\n\u2714\ufe0f aperte, audaci e giocose<br \/>\n\u2714\ufe0f Interfaccia semplice e abbinamento veloce<\/p>\n<h3>\ud83d\udc60 Ashley Madison<\/h3>\n<p>Ideale per: Connessioni discrete con donne sposate o curiose<\/p>\n<p>\u2714\ufe0f Costruito per avventure segrete e divertimento<br \/>\n\u2714\ufe0f privato Molte donne 30+ in cerca di romanticismo<br \/>\n\u2714\ufe0f casuale Spazio chat sicuro e privo di giudizi<\/p>\n<h3>\ud83d\udd25 AdultFriendFinder<\/h3>\n<p>Ideale per: chat selvagge, incontri e tutto il resto<\/p>\n<p>\u2714\ufe0f Comunit\u00e0 di mentalit\u00e0 aperta di MILF, puma e single<br \/>\n\u2714\ufe0f avventurosi Ideale per chat in cam, fantasie e incontri<br \/>\n\u2714\ufe0f nella vita reale Un sacco di partite locali pronte a parlare stasera<\/p>\n<h3>\ud83d\udc8b Vita da puma<\/h3>\n<p>Ideale per: troie anziane ed esperte che amano uomini pi\u00f9 giovani<\/p>\n<p>\u2714\ufe0f Pieno di MILF e puma in cerca di divertimento<br \/>\n\u2714\ufe0f I filtri locali ti aiutano a connetterti nelle vicinanze<br \/>\n\u2714\ufe0f Le donne qui prendono l&#8217;iniziativa e amano quando ti seguono<\/p>\n<h3>\ud83e\udde1 Il club di incontri MILF<\/h3>\n<p>Ideale per: Troie sofisticate in cerca di avventure con differenza di et\u00e0<\/p>\n<p>\u2714\ufe0f Membri<br \/>\n\u2714\ufe0f femminili maturi e verificati Piattaforma<br \/>\n\u2714\ufe0f discreta, civettuola e rispettosa Ideale per incontri sexy e senza pressioni<\/p>\n<h2>\ud83d\udcac Consigli civettuoli per attirare il giusto tipo di attenzione<\/h2>\n<p>Se stai cercando un divertimento senza vincoli, devi affrontarlo nel modo giusto: fiducioso, civettuolo e rispettoso.<\/p>\n<h3>\u2705 1. Rendi il tuo profilo pronto per l&#8217;incontro (senza essere imbarazzante) <\/h3>\n<p>Sii chiaro sulla tua atmosfera, ma mantienila di classe.<\/p>\n<p><strong>Esempio di biografia:  <\/strong><em>Rilassato, senza drammi e tutto incentrato su grande energia e forte chimica. Cercando di entrare in contatto con qualcuno che sa cosa vuole e non ha paura di divertirsi. <\/em><\/p>\n<p>\ud83d\udcf8 Usa una foto pulita e recente. Mostra la tua faccia. Sorriso. Flessibilit\u00e0 della fiducia &gt; .   <\/p>\n<h3>\u2705 numero arabo. Inviale un messaggio come se lo intendessi <\/h3>\n<p>Non inviare &#8220;ehi&#8221;. Falla sentire sexy, non spammandata. <\/p>\n<p><strong>Provare:<\/strong><\/p>\n<ul>\n<li><em>Hai quell&#8217;aspetto: sicuro di s\u00e9, divertente e abbastanza pericoloso da essere interessante. Mi piace. <\/em><\/li>\n<li><em>Non sono qui per farti perdere tempo, ma mi piacerebbe aiutarti a sprecare la tua serata.<\/em><\/li>\n<\/ul>\n<p>Flirty. Giocoso. Diretto.  <\/p>\n<h3>\u2705 3. Lascia che sia lei a guidare &#8211; e sii pronto quando lo fa <\/h3>\n<p>Le donne di mentalit\u00e0 aperta amano i ragazzi che non complicano eccessivamente le cose. Una volta che l&#8217;energia \u00e8 l\u00ec, d\u00ec qualcosa del tipo: <em>Andiamo al sodo &#8211; bevi questo fine settimana, o dovremmo saltare i drink e vedere cosa succede?<\/em> <\/p>\n<p>La fiducia in se stessa la eccita. Basta leggere l&#8217;atmosfera e rispettare i suoi limiti. <\/p>\n<h2>\ud83d\udca6 Cosa stanno cercando queste troie nella tua zona?<\/h2>\n<p>Dipende, ma la maggior parte sono alla ricerca di:<\/p>\n<p>\u2714\ufe0f Vera chimica<br \/>\n\u2714\ufe0f Conversazioni calde che vanno da qualche parte<br \/>\n\u2714\ufe0f Incontri<br \/>\n\u2714\ufe0f divertenti e senza pressione Ragazzi che flirtano bene e mantengono le cose leggere  <\/p>\n<p>Che si tratti di una sola volta o di un giorno in corso, \u00e8 qui per divertirsi <a href=\"https:\/\/adultxxxdate.net\/free-hookup-ads\/\">senza vincoli<\/a> e assicurarsi che lo facciate anche voi.<\/p>\n<h2>\u2705 Considerazioni finali! \u00c8 nelle vicinanze&#8230; e pronto <\/h2>\n<p>Se sei stanco di scorrere all&#8217;infinito e cerchi una vera connessione con una donna divertente e di mentalit\u00e0 aperta vicino a te, questo \u00e8 il tuo momento. Non hai bisogno di linee di ritiro. <\/p>\n<p><strong>Hai solo bisogno di:<\/strong><\/p>\n<p>\u2705 Un profilo<br \/>\n\u2705 civettuolo e reale Un messaggio che la fa sorridere<br \/>\n\u2705 E l&#8217;app di appuntamenti giusta per trovarla velocemente<\/p>\n\n\t<div class=\"space-shortcode-wrap space-shortcode-4 relative\">\n\t\t<div class=\"space-shortcode-wrap-ins relative\">\n\n\t\t\t\n\t\t\t<div class=\"space-casinos-3-archive-items box-100 relative\">\n\n\t\t\t\t\t\t\t\t\n\t\t\t\t\t\t\t\n\t\t\t\t<div class=\"space-casinos-3-archive-item box-100 relative\">\n\t\t\t\t\t<div class=\"space-casinos-3-archive-item-ins relative\">\n\t\t\t\t\t\t<div class=\"space-casinos-3-archive-item-logo box-25 relative\">\n\t\t\t\t\t\t\t<div class=\"space-casinos-3-archive-item-logo-ins box-100 text-center relative\">\n\t\t\t\t\t\t\t\t\t\t\t\t\t\t\t\t<a href=\"\/links\/banglocals\" title=\"Bang Locali\" target=\"_blank\" rel=\"nofollow\">\n\t\t\t\t\t\t\t\t\t<img src=\"https:\/\/adultxxxdate.net\/wp-content\/uploads\/2021\/07\/banglocals-logo2-190x80.png\" alt=\"Bang Locali\">\n\t\t\t\t\t\t\t\t<\/a>\n\t\t\t\t\t\t\t\t\t\t\t\t\t\t\t<\/div>\n\t\t\t\t\t\t\t<div class=\"space-casinos-3-archive-item-count absolute\">\n\t\t\t\t\t\t\t\t<span>1<\/span>\n\t\t\t\t\t\t\t<\/div>\n\t\t\t\t\t\t<\/div>\n\t\t\t\t\t\t<div class=\"space-casinos-3-archive-item-terms box-25 relative\">\n\t\t\t\t\t\t\t<div class=\"space-casinos-3-archive-item-terms-ins box-100 text-center relative\">\n\t\t\t\t\t\t\t\t<img style=\"width: 16px; height: 16px;\" src=\"\/wp-content\/themes\/mercury\/female-organs-vagina-svgrepo-com.svg\"> Female Members: <b>48%<\/b><br>\n\t\t\t\t\t\t\t\t\t<img style=\"width: 16px; height: 16px;\" src=\"\/wp-content\/themes\/mercury\/time-svgrepo-com.svg\"> Sign Up Speed: <b>Veloce<\/b><br>\n\t\t\t\t\t\t\t\t\t<img style=\"width: 16px; height: 16px;\" src=\"\/wp-content\/themes\/mercury\/woman-svgrepo-com.svg\"> Age Range: <b>18-75<\/b><br>\n\t\t\t\t\t\t\t\t\t<img style=\"width: 16px; height: 16px;\" src=\"\/wp-content\/themes\/mercury\/money-svgrepo-com.svg\"> Free Trial: <b>Yes<\/b><br>\n\t\t\t\t\t\t\t<\/div>\n\t\t\t\t\t\t<\/div>\n\t\t\t\t\t\t<div class=\"space-casinos-3-archive-item-rating box-25 relative\">\n\t\t\t\t\t\t\t<div class=\"space-casinos-3-archive-item-rating-ins box-100 text-center relative\">\n\t\t\t\t\t\t\t\t\t\t\t\t\t\t\t\t<div class=\"space-casinos-3-archive-item-rating-box relative\">\n\t\t\t\t\t\t\t\t\t<div class=\"star-rating\"><span class=\"screen-reader-text\">3,8 rating<\/span><div class=\"star star-full\" aria-hidden=\"true\"><\/div><div class=\"star star-full\" aria-hidden=\"true\"><\/div><div class=\"star star-full\" aria-hidden=\"true\"><\/div><div class=\"star star-half\" aria-hidden=\"true\"><\/div><div class=\"star star-empty\" aria-hidden=\"true\"><\/div><\/div>\t\t\t\t\t\t\t\t\t<span>3.8<\/span>\n\t\t\t\t\t\t\t\t<\/div>\n\n\t\t\t\t\t\t\t\t\t\t\t\t\t\t\t\t\n\t\t\t\t\t\t\t<\/div>\n\t\t\t\t\t\t<\/div>\n\t\t\t\t\t\t<div class=\"space-casinos-3-archive-item-button box-25 relative\">\n\t\t\t\t\t\t\t<div class=\"space-casinos-3-archive-item-button-ins box-100 text-center relative\">\n\t\t\t\t\t\t\t\t<a style=\"background-color: #ef3024 !important;\" href=\"\/links\/banglocals\" title=\"Iscrizione gratuita\" target=\"_blank\" rel=\"nofollow\"><i class=\"fas fa-check-circle\"><\/i> Iscrizione gratuita<\/a>\n\n\t\t\t\t\t\t\t<\/div>\n\t\t\t\t\t\t<\/div>\n\t\t\t\t\t<\/div>\n\t\t\t\t<\/div>\n\n\t\t\t\t\t\t\t\t\n\t\t\t\t\t\t\t\n\t\t\t\t<div class=\"space-casinos-3-archive-item box-100 relative\">\n\t\t\t\t\t<div class=\"space-casinos-3-archive-item-ins relative\">\n\t\t\t\t\t\t<div class=\"space-casinos-3-archive-item-logo box-25 relative\">\n\t\t\t\t\t\t\t<div class=\"space-casinos-3-archive-item-logo-ins box-100 text-center relative\">\n\t\t\t\t\t\t\t\t\t\t\t\t\t\t\t\t<a href=\"\/links\/onenightfriend\" title=\"OneNightFriend\" target=\"_blank\" rel=\"nofollow\">\n\t\t\t\t\t\t\t\t\t<img src=\"https:\/\/adultxxxdate.net\/wp-content\/uploads\/2021\/07\/onenightfriend-logo-132x80.png\" alt=\"OneNightFriend\">\n\t\t\t\t\t\t\t\t<\/a>\n\t\t\t\t\t\t\t\t\t\t\t\t\t\t\t<\/div>\n\t\t\t\t\t\t\t<div class=\"space-casinos-3-archive-item-count absolute\">\n\t\t\t\t\t\t\t\t<span>2<\/span>\n\t\t\t\t\t\t\t<\/div>\n\t\t\t\t\t\t<\/div>\n\t\t\t\t\t\t<div class=\"space-casinos-3-archive-item-terms box-25 relative\">\n\t\t\t\t\t\t\t<div class=\"space-casinos-3-archive-item-terms-ins box-100 text-center relative\">\n\t\t\t\t\t\t\t\t<img style=\"width: 16px; height: 16px;\" src=\"\/wp-content\/themes\/mercury\/female-organs-vagina-svgrepo-com.svg\"> Female Members: <b>49%<\/b><br>\n\t\t\t\t\t\t\t\t\t<img style=\"width: 16px; height: 16px;\" src=\"\/wp-content\/themes\/mercury\/time-svgrepo-com.svg\"> Sign Up Speed: <b>Veloce<\/b><br>\n\t\t\t\t\t\t\t\t\t<img style=\"width: 16px; height: 16px;\" src=\"\/wp-content\/themes\/mercury\/woman-svgrepo-com.svg\"> Age Range: <b>18-68<\/b><br>\n\t\t\t\t\t\t\t\t\t<img style=\"width: 16px; height: 16px;\" src=\"\/wp-content\/themes\/mercury\/money-svgrepo-com.svg\"> Free Trial: <b>Yes<\/b><br>\n\t\t\t\t\t\t\t<\/div>\n\t\t\t\t\t\t<\/div>\n\t\t\t\t\t\t<div class=\"space-casinos-3-archive-item-rating box-25 relative\">\n\t\t\t\t\t\t\t<div class=\"space-casinos-3-archive-item-rating-ins box-100 text-center relative\">\n\t\t\t\t\t\t\t\t\t\t\t\t\t\t\t\t<div class=\"space-casinos-3-archive-item-rating-box relative\">\n\t\t\t\t\t\t\t\t\t<div class=\"star-rating\"><span class=\"screen-reader-text\">3,8 rating<\/span><div class=\"star star-full\" aria-hidden=\"true\"><\/div><div class=\"star star-full\" aria-hidden=\"true\"><\/div><div class=\"star star-full\" aria-hidden=\"true\"><\/div><div class=\"star star-half\" aria-hidden=\"true\"><\/div><div class=\"star star-empty\" aria-hidden=\"true\"><\/div><\/div>\t\t\t\t\t\t\t\t\t<span>3.8<\/span>\n\t\t\t\t\t\t\t\t<\/div>\n\n\t\t\t\t\t\t\t\t\t\t\t\t\t\t\t\t\n\t\t\t\t\t\t\t<\/div>\n\t\t\t\t\t\t<\/div>\n\t\t\t\t\t\t<div class=\"space-casinos-3-archive-item-button box-25 relative\">\n\t\t\t\t\t\t\t<div class=\"space-casinos-3-archive-item-button-ins box-100 text-center relative\">\n\t\t\t\t\t\t\t\t<a style=\"background-color: #ef3024 !important;\" href=\"\/links\/onenightfriend\" title=\"Iscrizione gratuita\" target=\"_blank\" rel=\"nofollow\"><i class=\"fas fa-check-circle\"><\/i> Iscrizione gratuita<\/a>\n\n\t\t\t\t\t\t\t<\/div>\n\t\t\t\t\t\t<\/div>\n\t\t\t\t\t<\/div>\n\t\t\t\t<\/div>\n\n\t\t\t\t\t\t\t\t\n\t\t\t\t\t\t\t\n\t\t\t\t<div class=\"space-casinos-3-archive-item box-100 relative\">\n\t\t\t\t\t<div class=\"space-casinos-3-archive-item-ins relative\">\n\t\t\t\t\t\t<div class=\"space-casinos-3-archive-item-logo box-25 relative\">\n\t\t\t\t\t\t\t<div class=\"space-casinos-3-archive-item-logo-ins box-100 text-center relative\">\n\t\t\t\t\t\t\t\t\t\t\t\t\t\t\t\t<a href=\"\/links\/milfplay\" title=\"MilfPlay\" target=\"_blank\" rel=\"nofollow\">\n\t\t\t\t\t\t\t\t\t<img src=\"https:\/\/adultxxxdate.net\/wp-content\/uploads\/2021\/07\/milfplay-logo.png\" alt=\"MilfPlay\">\n\t\t\t\t\t\t\t\t<\/a>\n\t\t\t\t\t\t\t\t\t\t\t\t\t\t\t<\/div>\n\t\t\t\t\t\t\t<div class=\"space-casinos-3-archive-item-count absolute\">\n\t\t\t\t\t\t\t\t<span>3<\/span>\n\t\t\t\t\t\t\t<\/div>\n\t\t\t\t\t\t<\/div>\n\t\t\t\t\t\t<div class=\"space-casinos-3-archive-item-terms box-25 relative\">\n\t\t\t\t\t\t\t<div class=\"space-casinos-3-archive-item-terms-ins box-100 text-center relative\">\n\t\t\t\t\t\t\t\t<img style=\"width: 16px; height: 16px;\" src=\"\/wp-content\/themes\/mercury\/female-organs-vagina-svgrepo-com.svg\"> Female Members: <b>48%<\/b><br>\n\t\t\t\t\t\t\t\t\t<img style=\"width: 16px; height: 16px;\" src=\"\/wp-content\/themes\/mercury\/time-svgrepo-com.svg\"> Sign Up Speed: <b>Veloce<\/b><br>\n\t\t\t\t\t\t\t\t\t<img style=\"width: 16px; height: 16px;\" src=\"\/wp-content\/themes\/mercury\/woman-svgrepo-com.svg\"> Age Range: <b>18-75<\/b><br>\n\t\t\t\t\t\t\t\t\t<img style=\"width: 16px; height: 16px;\" src=\"\/wp-content\/themes\/mercury\/money-svgrepo-com.svg\"> Free Trial: <b>Yes<\/b><br>\n\t\t\t\t\t\t\t<\/div>\n\t\t\t\t\t\t<\/div>\n\t\t\t\t\t\t<div class=\"space-casinos-3-archive-item-rating box-25 relative\">\n\t\t\t\t\t\t\t<div class=\"space-casinos-3-archive-item-rating-ins box-100 text-center relative\">\n\t\t\t\t\t\t\t\t\t\t\t\t\t\t\t\t<div class=\"space-casinos-3-archive-item-rating-box relative\">\n\t\t\t\t\t\t\t\t\t<div class=\"star-rating\"><span class=\"screen-reader-text\">3,8 rating<\/span><div class=\"star star-full\" aria-hidden=\"true\"><\/div><div class=\"star star-full\" aria-hidden=\"true\"><\/div><div class=\"star star-full\" aria-hidden=\"true\"><\/div><div class=\"star star-half\" aria-hidden=\"true\"><\/div><div class=\"star star-empty\" aria-hidden=\"true\"><\/div><\/div>\t\t\t\t\t\t\t\t\t<span>3.8<\/span>\n\t\t\t\t\t\t\t\t<\/div>\n\n\t\t\t\t\t\t\t\t\t\t\t\t\t\t\t\t\n\t\t\t\t\t\t\t<\/div>\n\t\t\t\t\t\t<\/div>\n\t\t\t\t\t\t<div class=\"space-casinos-3-archive-item-button box-25 relative\">\n\t\t\t\t\t\t\t<div class=\"space-casinos-3-archive-item-button-ins box-100 text-center relative\">\n\t\t\t\t\t\t\t\t<a style=\"background-color: #ef3024 !important;\" href=\"\/links\/milfplay\" title=\"Iscrizione gratuita\" target=\"_blank\" rel=\"nofollow\"><i class=\"fas fa-check-circle\"><\/i> Iscrizione gratuita<\/a>\n\n\t\t\t\t\t\t\t<\/div>\n\t\t\t\t\t\t<\/div>\n\t\t\t\t\t<\/div>\n\t\t\t\t<\/div>\n\n\t\t\t\t\t\t\t\t\n\t\t\t\t\t\t\t\n\t\t\t\t<div class=\"space-casinos-3-archive-item box-100 relative\">\n\t\t\t\t\t<div class=\"space-casinos-3-archive-item-ins relative\">\n\t\t\t\t\t\t<div class=\"space-casinos-3-archive-item-logo box-25 relative\">\n\t\t\t\t\t\t\t<div class=\"space-casinos-3-archive-item-logo-ins box-100 text-center relative\">\n\t\t\t\t\t\t\t\t\t\t\t\t\t\t\t\t<a href=\"\/links\/waystomeet\" title=\"Metodo WaysToMeet\" target=\"_blank\" rel=\"nofollow\">\n\t\t\t\t\t\t\t\t\t<img src=\"https:\/\/adultxxxdate.net\/wp-content\/uploads\/2021\/07\/waystomeet-dark-80x80.png\" alt=\"Metodo WaysToMeet\">\n\t\t\t\t\t\t\t\t<\/a>\n\t\t\t\t\t\t\t\t\t\t\t\t\t\t\t<\/div>\n\t\t\t\t\t\t\t<div class=\"space-casinos-3-archive-item-count absolute\">\n\t\t\t\t\t\t\t\t<span>4<\/span>\n\t\t\t\t\t\t\t<\/div>\n\t\t\t\t\t\t<\/div>\n\t\t\t\t\t\t<div class=\"space-casinos-3-archive-item-terms box-25 relative\">\n\t\t\t\t\t\t\t<div class=\"space-casinos-3-archive-item-terms-ins box-100 text-center relative\">\n\t\t\t\t\t\t\t\t<img style=\"width: 16px; height: 16px;\" src=\"\/wp-content\/themes\/mercury\/female-organs-vagina-svgrepo-com.svg\"> Female Members: <b>48%<\/b><br>\n\t\t\t\t\t\t\t\t\t<img style=\"width: 16px; height: 16px;\" src=\"\/wp-content\/themes\/mercury\/time-svgrepo-com.svg\"> Sign Up Speed: <b>Veloce<\/b><br>\n\t\t\t\t\t\t\t\t\t<img style=\"width: 16px; height: 16px;\" src=\"\/wp-content\/themes\/mercury\/woman-svgrepo-com.svg\"> Age Range: <b>18-75<\/b><br>\n\t\t\t\t\t\t\t\t\t<img style=\"width: 16px; height: 16px;\" src=\"\/wp-content\/themes\/mercury\/money-svgrepo-com.svg\"> Free Trial: <b>Yes<\/b><br>\n\t\t\t\t\t\t\t<\/div>\n\t\t\t\t\t\t<\/div>\n\t\t\t\t\t\t<div class=\"space-casinos-3-archive-item-rating box-25 relative\">\n\t\t\t\t\t\t\t<div class=\"space-casinos-3-archive-item-rating-ins box-100 text-center relative\">\n\t\t\t\t\t\t\t\t\t\t\t\t\t\t\t\t<div class=\"space-casinos-3-archive-item-rating-box relative\">\n\t\t\t\t\t\t\t\t\t<div class=\"star-rating\"><span class=\"screen-reader-text\">3,8 rating<\/span><div class=\"star star-full\" aria-hidden=\"true\"><\/div><div class=\"star star-full\" aria-hidden=\"true\"><\/div><div class=\"star star-full\" aria-hidden=\"true\"><\/div><div class=\"star star-half\" aria-hidden=\"true\"><\/div><div class=\"star star-empty\" aria-hidden=\"true\"><\/div><\/div>\t\t\t\t\t\t\t\t\t<span>3.8<\/span>\n\t\t\t\t\t\t\t\t<\/div>\n\n\t\t\t\t\t\t\t\t\t\t\t\t\t\t\t\t\n\t\t\t\t\t\t\t<\/div>\n\t\t\t\t\t\t<\/div>\n\t\t\t\t\t\t<div class=\"space-casinos-3-archive-item-button box-25 relative\">\n\t\t\t\t\t\t\t<div class=\"space-casinos-3-archive-item-button-ins box-100 text-center relative\">\n\t\t\t\t\t\t\t\t<a style=\"background-color: #ef3024 !important;\" href=\"\/links\/waystomeet\" title=\"Iscrizione gratuita\" target=\"_blank\" rel=\"nofollow\"><i class=\"fas fa-check-circle\"><\/i> Iscrizione gratuita<\/a>\n\n\t\t\t\t\t\t\t<\/div>\n\t\t\t\t\t\t<\/div>\n\t\t\t\t\t<\/div>\n\t\t\t\t<\/div>\n\n\t\t\t\t\t\t\t\t\n\t\t\t\t\t\t\t\n\t\t\t\t<div class=\"space-casinos-3-archive-item box-100 relative\">\n\t\t\t\t\t<div class=\"space-casinos-3-archive-item-ins relative\">\n\t\t\t\t\t\t<div class=\"space-casinos-3-archive-item-logo box-25 relative\">\n\t\t\t\t\t\t\t<div class=\"space-casinos-3-archive-item-logo-ins box-100 text-center relative\">\n\t\t\t\t\t\t\t\t\t\t\t\t\t\t\t\t<a href=\"\/links\/comewithyou\" title=\"ComeWithYou\" target=\"_blank\" rel=\"nofollow\">\n\t\t\t\t\t\t\t\t\t<img src=\"https:\/\/adultxxxdate.net\/wp-content\/uploads\/2021\/07\/comewithyou-logo.png\" alt=\"ComeWithYou\">\n\t\t\t\t\t\t\t\t<\/a>\n\t\t\t\t\t\t\t\t\t\t\t\t\t\t\t<\/div>\n\t\t\t\t\t\t\t<div class=\"space-casinos-3-archive-item-count absolute\">\n\t\t\t\t\t\t\t\t<span>5<\/span>\n\t\t\t\t\t\t\t<\/div>\n\t\t\t\t\t\t<\/div>\n\t\t\t\t\t\t<div class=\"space-casinos-3-archive-item-terms box-25 relative\">\n\t\t\t\t\t\t\t<div class=\"space-casinos-3-archive-item-terms-ins box-100 text-center relative\">\n\t\t\t\t\t\t\t\t<img style=\"width: 16px; height: 16px;\" src=\"\/wp-content\/themes\/mercury\/female-organs-vagina-svgrepo-com.svg\"> Female Members: <b>51%<\/b><br>\n\t\t\t\t\t\t\t\t\t<img style=\"width: 16px; height: 16px;\" src=\"\/wp-content\/themes\/mercury\/time-svgrepo-com.svg\"> Sign Up Speed: <b>Veloce<\/b><br>\n\t\t\t\t\t\t\t\t\t<img style=\"width: 16px; height: 16px;\" src=\"\/wp-content\/themes\/mercury\/woman-svgrepo-com.svg\"> Age Range: <b>18-65<\/b><br>\n\t\t\t\t\t\t\t\t\t<img style=\"width: 16px; height: 16px;\" src=\"\/wp-content\/themes\/mercury\/money-svgrepo-com.svg\"> Free Trial: <b>Yes<\/b><br>\n\t\t\t\t\t\t\t<\/div>\n\t\t\t\t\t\t<\/div>\n\t\t\t\t\t\t<div class=\"space-casinos-3-archive-item-rating box-25 relative\">\n\t\t\t\t\t\t\t<div class=\"space-casinos-3-archive-item-rating-ins box-100 text-center relative\">\n\t\t\t\t\t\t\t\t\t\t\t\t\t\t\t\t<div class=\"space-casinos-3-archive-item-rating-box relative\">\n\t\t\t\t\t\t\t\t\t<div class=\"star-rating\"><span class=\"screen-reader-text\">4,0 rating<\/span><div class=\"star star-full\" aria-hidden=\"true\"><\/div><div class=\"star star-full\" aria-hidden=\"true\"><\/div><div class=\"star star-full\" aria-hidden=\"true\"><\/div><div class=\"star star-full\" aria-hidden=\"true\"><\/div><div class=\"star star-empty\" aria-hidden=\"true\"><\/div><\/div>\t\t\t\t\t\t\t\t\t<span>4.0<\/span>\n\t\t\t\t\t\t\t\t<\/div>\n\n\t\t\t\t\t\t\t\t\t\t\t\t\t\t\t\t\n\t\t\t\t\t\t\t<\/div>\n\t\t\t\t\t\t<\/div>\n\t\t\t\t\t\t<div class=\"space-casinos-3-archive-item-button box-25 relative\">\n\t\t\t\t\t\t\t<div class=\"space-casinos-3-archive-item-button-ins box-100 text-center relative\">\n\t\t\t\t\t\t\t\t<a style=\"background-color: #ef3024 !important;\" href=\"\/links\/comewithyou\" title=\"Iscrizione gratuita\" target=\"_blank\" rel=\"nofollow\"><i class=\"fas fa-check-circle\"><\/i> Iscrizione gratuita<\/a>\n\n\t\t\t\t\t\t\t<\/div>\n\t\t\t\t\t\t<\/div>\n\t\t\t\t\t<\/div>\n\t\t\t\t<\/div>\n\n\t\t\t\t\n\t\t\t<\/div>\n\t\t\t\n\t\t<\/div>\n\t<\/div>\n\n\n<h3>\ud83d\udc49 Pronto a incontrare troie locali?<\/h3>\n<p>Inizia ora iscrivendoti a una (o pi\u00f9!) delle migliori piattaforme di incontri:<\/p>\n<ul>\n<li>Sii cattivo<\/li>\n<li>Ashley Madison<\/li>\n<li>AdultFriendFinder<\/li>\n<li>Cougar Vita<\/li>\n<li>Il club di incontri MILF<\/li>\n<\/ul>\n<p>\ud83d\udccd Lei \u00e8 del posto \ud83d\udcac Lei \u00e8 online \ud83d\udd25 E sta cercando qualcuno che lo capisca<\/p>\n<p>Invia il messaggio. Avvia la chat. E lascia che le cose diventino divertenti, velocemente. \ud83d\udc8b\ud83d\udcf1\ud83d\ude08   <\/p>\n","protected":false},"excerpt":{"rendered":"<p>Siti di scopate gratuiti senza carta di credito &#8211; Incontra troie arrapate vicino a te \ud83d\udc8b\ud83d\udcf1\ud83d\udd25 Saltiamo le chiacchiere: se stai cercando incontri divertenti e casuali con donne sicure di s\u00e9 e sessualmente aperte, non sei solo &#8211; e s\u00ec, \u00e8 assolutamente possibile trovarle vicino a te. Che si tratti di MILF avventurose, puma audaci, [&hellip;]<\/p>\n","protected":false},"author":1,"featured_media":0,"parent":0,"menu_order":0,"comment_status":"closed","ping_status":"closed","template":"page-without-title.php","meta":[],"_links":{"self":[{"href":"https:\/\/adultxxxdate.net\/it\/wp-json\/wp\/v2\/pages\/2937"}],"collection":[{"href":"https:\/\/adultxxxdate.net\/it\/wp-json\/wp\/v2\/pages"}],"about":[{"href":"https:\/\/adultxxxdate.net\/it\/wp-json\/wp\/v2\/types\/page"}],"author":[{"embeddable":true,"href":"https:\/\/adultxxxdate.net\/it\/wp-json\/wp\/v2\/users\/1"}],"replies":[{"embeddable":true,"href":"https:\/\/adultxxxdate.net\/it\/wp-json\/wp\/v2\/comments?post=2937"}],"version-history":[{"count":1,"href":"https:\/\/adultxxxdate.net\/it\/wp-json\/wp\/v2\/pages\/2937\/revisions"}],"predecessor-version":[{"id":3333,"href":"https:\/\/adultxxxdate.net\/it\/wp-json\/wp\/v2\/pages\/2937\/revisions\/3333"}],"wp:attachment":[{"href":"https:\/\/adultxxxdate.net\/it\/wp-json\/wp\/v2\/media?parent=2937"}],"curies":[{"name":"wp","href":"https:\/\/api.w.org\/{rel}","templated":true}]}}