{"id":2930,"date":"2021-08-31T12:37:41","date_gmt":"2021-08-31T12:37:41","guid":{"rendered":"https:\/\/adultxxxdate.net\/sites-de-sexe-gratuits-sans-carte-de-credit\/"},"modified":"2025-09-21T15:02:32","modified_gmt":"2025-09-21T15:02:32","slug":"sites-de-sexe-gratuits-sans-carte-de-credit","status":"publish","type":"page","link":"https:\/\/adultxxxdate.net\/fr\/sites-de-sexe-gratuits-sans-carte-de-credit\/","title":{"rendered":"Sites de sexe gratuits sans carte de cr\u00e9dit"},"content":{"rendered":"<h1>Sites de baise gratuits sans carte de cr\u00e9dit &#8211; Rencontrez des salopes excit\u00e9es pr\u00e8s de chez vous \ud83d\udc8b\ud83d\udcf1\ud83d\udd25<\/h1>\n<p>\u00c9vitons les petites conversations&nbsp;: si vous recherchez des rencontres amusantes et d\u00e9contract\u00e9es avec des femmes confiantes et sexuellement ouvertes, vous n\u2019\u00eates pas seul &#8211; et oui, il est tout \u00e0 fait possible de les trouver pr\u00e8s de chez vous. Qu\u2019il s\u2019agisse de MILF aventureuses, de cougars audacieuses, de divorc\u00e9es s\u00e9duisantes ou de femmes excit\u00e9es qui viennent d\u2019en finir avec le drame, il y a des tonnes de salopes chaudes ouvertes d\u2019esprit \u00e0 proximit\u00e9 qui veulent la m\u00eame chose que vous : pas de pression, pas d\u2019attentes &#8211; juste de la chimie, du flirt et des nuits inoubliables. Pour ceux qui recherchent les meilleures plateformes pour se connecter avec de telles personnes, l\u2019exploration de divers <a href=\"https:\/\/adultxxxdate.net\/free-meet-and-fuck-sites\/\">sites de baise<\/a> peut \u00eatre un excellent point de d\u00e9part, offrant une pl\u00e9thore d\u2019options pour r\u00e9pondre \u00e0 toutes les pr\u00e9f\u00e9rences. <strong>Ce guide vous aidera&nbsp;:<\/strong> \u2705 Trouvez de vraies salopes locales chaudes dans votre r\u00e9gion \u2705<br \/>\nUtilisez les meilleures applications de rencontres pour des rencontres occasionnelles<br \/>\n\u2705 D\u00e9marquez-vous avec des messages qui obtiennent des r\u00e9ponses<br \/>\n\u2705 Passez de \u00ab&nbsp;hey&nbsp;\u00bb \u00e0 la connexion &#8211; sans ressembler \u00e0 tout le monde    <\/p>\n<p>Les salopes confiantes d\u2019aujourd\u2019hui dans votre r\u00e9gion savent ce qu\u2019elles veulent &#8211; et elles n\u2019ont pas peur de le demander. Et ce que beaucoup veulent, c\u2019est : <\/p>\n<p>\u2714\ufe0f S\u2019amuser sans la pression \u2714\ufe0f<br \/>\nde la relation Des conversations s\u00e9duisantes qui se transforment en une v\u00e9ritable alchimie<br \/>\n\u2714\ufe0f Des hommes plus jeunes qui sont confiants et sans<br \/>\n\u2714\ufe0f drame Excitation de fin de soir\u00e9e sans conditions t\u00f4t le matin  <\/p>\n<p>Qu\u2019elle soit une m\u00e8re c\u00e9libataire, une cougar curieuse ou une femme qui explore son c\u00f4t\u00e9 sauvage, elle cherche quelqu\u2019un qui comprend &#8211; et cela pourrait \u00eatre vous. Explorez les possibilit\u00e9s sur les <a href=\"https:\/\/adultxxxdate.net\/\">sites de rencontres occasionnelles<\/a> pour trouver le match parfait pour vos d\u00e9sirs. <\/p>\n<h2>\ud83d\udcf1 Meilleures applications de rencontres pour rencontrer des salopes locales pr\u00e8s de chez vous<\/h2>\n<p>Vous voulez \u00e9viter les conjectures et passer directement \u00e0 la partie amusante ? Ces applications regorgent de salopes locales et sexy \u00e0 la recherche de connexions occasionnelles &#8211; et elles sont gratuites \u00e0 parcourir ou \u00e0 rejoindre :<br \/>\nId\u00e9al pour : Des discussions rapides et s\u00e9duisantes avec des dateurs occasionnels et des MILF <\/p>\n<p>\u2714\ufe0f Id\u00e9al pour les rencontres spontan\u00e9es<br \/>\n\u2714\ufe0f Les femmes ouvertes, audacieuses et ludiques<br \/>\n\u2714\ufe0f Interface simple et correspondance rapide<\/p>\n<h3>\ud83d\udc60 Ashley Madison<\/h3>\n<p>Id\u00e9al pour : Connexions discr\u00e8tes avec des femmes mari\u00e9es ou curieuses<\/p>\n<p>\u2714\ufe0f Con\u00e7u pour les aventures secr\u00e8tes et le plaisir<br \/>\n\u2714\ufe0f priv\u00e9 De nombreuses femmes de 30+ ans \u00e0 la recherche d\u2019une romance<br \/>\n\u2714\ufe0f occasionnelle Espace de chat s\u00e9curis\u00e9 et sans jugement<\/p>\n<h3>\ud83d\udd25 AdultFriendFinder<\/h3>\n<p>Id\u00e9al pour : Chats sauvages, rencontres et tout ce qui se trouve entre les deux<\/p>\n<p>\u2714\ufe0f Communaut\u00e9 ouverte d\u2019esprit de MILF, de cougars et de c\u00e9libataires<br \/>\n\u2714\ufe0f aventureux Id\u00e9al pour le chat cam, les fantasmes et les<br \/>\n\u2714\ufe0f rencontres dans la vie r\u00e9elle Beaucoup de matchs locaux pr\u00eats \u00e0 parler ce soir<\/p>\n<h3>\ud83d\udc8b La vie des cougars<\/h3>\n<p>Id\u00e9al pour&nbsp;: Salopes plus \u00e2g\u00e9es et exp\u00e9riment\u00e9es qui aiment les hommes plus jeunes<\/p>\n<p>\u2714\ufe0f Plein de MILF et de cougars \u00e0 la recherche de plaisir<br \/>\n\u2714\ufe0f Les filtres locaux vous aident \u00e0 vous connecter \u00e0 proximit\u00e9<br \/>\n\u2714\ufe0f Les femmes ici prennent les devants &#8211; et aiment quand vous suivez<\/p>\n<h3>\ud83e\udde1 Le club de rencontres MILF<\/h3>\n<p>Id\u00e9al pour&nbsp;: Salopes sophistiqu\u00e9es \u00e0 la recherche d\u2019aventures d\u2019\u00e9cart d\u2019\u00e2ge<\/p>\n<p>\u2714\ufe0f Des membres<br \/>\n\u2714\ufe0f f\u00e9minins matures et v\u00e9rifi\u00e9s Plateforme<br \/>\n\u2714\ufe0f discr\u00e8te, s\u00e9duisante et respectueuse Id\u00e9al pour des rencontres sexy sans pression<\/p>\n<h2>\ud83d\udcac Astuces s\u00e9duisantes pour attirer le bon type d\u2019attention<\/h2>\n<p>Si vous recherchez du plaisir sans engagements, vous devez l\u2019aborder de la bonne mani\u00e8re : confiant, s\u00e9duisant et respectueux.<\/p>\n<h3>\u2705 1. A\u00e9roport Pr\u00e9parez votre profil pour la connexion (sans grincer des dents) <\/h3>\n<p>Soyez clair sur votre ambiance, mais gardez la classe.<\/p>\n<p><strong>Exemple de biographie :  <\/strong><em>D\u00e9contract\u00e9, sans drame, et tout au sujet d\u2019une grande \u00e9nergie et d\u2019une forte alchimie. Cherchant \u00e0 se connecter avec quelqu\u2019un qui sait ce qu\u2019elle veut &#8211; et qui n\u2019a pas peur de s\u2019amuser. <\/em><\/p>\n<p>\ud83d\udcf8 Utilisez une photo propre et r\u00e9cente. Montrez votre visage. Sourire. Flexibilit\u00e9 de la confiance &gt; .   <\/p>\n<h3>\u2705 deux. Envoyez-lui un message comme si vous le pensiez <\/h3>\n<p>N\u2019envoyez pas de \u00ab h\u00e9 \u00bb. Faites-la se sentir sexy, pas spamm\u00e9e. <\/p>\n<p><strong>Essayer:<\/strong><\/p>\n<ul>\n<li><em>Vous avez ce look &#8211; confiant, amusant et juste assez dangereux pour \u00eatre int\u00e9ressant. Je suis dedans. <\/em><\/li>\n<li><em>Je ne suis pas ici pour perdre votre temps, mais j\u2019aimerais vous aider \u00e0 perdre votre soir\u00e9e.<\/em><\/li>\n<\/ul>\n<p>Affectueux. Enjou\u00e9. Direct.  <\/p>\n<h3>\u2705 3. Acc\u00e8s Laissez-la diriger &#8211; et soyez pr\u00eat quand elle le fera <\/h3>\n<p>Les femmes ouvertes d\u2019esprit aiment les hommes qui ne compliquent pas trop les choses. Une fois que l\u2019\u00e9nergie est l\u00e0, dites quelque chose comme : <em>Arr\u00eatons-y &#8211; buvons ce week-end, ou devrions-nous sauter les boissons et voir ce qui se passe ?<\/em> <\/p>\n<p>La confiance l\u2019excite. Il suffit de lire l\u2019ambiance &#8211; et de respecter ses limites. <\/p>\n<h2>\ud83d\udca6 Que recherchent r\u00e9ellement ces salopes dans votre r\u00e9gion ?<\/h2>\n<p>Cela d\u00e9pend &#8211; mais la plupart sont apr\u00e8s :<\/p>\n<p>\u2714\ufe0f Une vraie alchimie \u2714\ufe0f<br \/>\nDes conversations chaudes qui m\u00e8nent quelque part<br \/>\n\u2714\ufe0f Pas de pression, des rencontres<br \/>\n\u2714\ufe0f amusantes d\u2019abord Des gars qui flirtent bien et gardent les choses l\u00e9g\u00e8res  <\/p>\n<p>Que ce soit une fois ou continuellement, elle est l\u00e0 pour s\u2019amuser <a href=\"https:\/\/adultxxxdate.net\/free-hookup-ads\/\">sans aucune condition<\/a> &#8211; et s\u2019assurer que vous le faites aussi.<\/p>\n<h2>\u2705 R\u00e9flexions finales ! Elle est \u00e0 proximit\u00e9&#8230; et Pr\u00eat <\/h2>\n<p>Si vous en avez assez de glisser sans fin et que vous recherchez une v\u00e9ritable connexion avec une femme amusante et ouverte d\u2019esprit pr\u00e8s de chez vous, c\u2019est votre moment. Vous n\u2019avez pas besoin de lignes de ramassage. <\/p>\n<p><strong>Vous avez juste besoin de :<\/strong><\/p>\n<p>\u2705 Un profil<br \/>\n\u2705 s\u00e9duisant et r\u00e9el Un message qui la fait sourire<br \/>\n\u2705 Et la bonne application de rencontre pour la trouver rapidement<\/p>\n\n\t<div class=\"space-shortcode-wrap space-shortcode-4 relative\">\n\t\t<div class=\"space-shortcode-wrap-ins relative\">\n\n\t\t\t\n\t\t\t<div class=\"space-casinos-3-archive-items box-100 relative\">\n\n\t\t\t\t\t\t\t\t\n\t\t\t\t\t\t\t\n\t\t\t\t<div class=\"space-casinos-3-archive-item box-100 relative\">\n\t\t\t\t\t<div class=\"space-casinos-3-archive-item-ins relative\">\n\t\t\t\t\t\t<div class=\"space-casinos-3-archive-item-logo box-25 relative\">\n\t\t\t\t\t\t\t<div class=\"space-casinos-3-archive-item-logo-ins box-100 text-center relative\">\n\t\t\t\t\t\t\t\t\t\t\t\t\t\t\t\t<a href=\"\/links\/onenightfriend\" title=\"OneNightFriend\" target=\"_blank\" rel=\"nofollow\">\n\t\t\t\t\t\t\t\t\t<img src=\"https:\/\/adultxxxdate.net\/wp-content\/uploads\/2021\/07\/onenightfriend-logo-132x80.png\" alt=\"OneNightFriend\">\n\t\t\t\t\t\t\t\t<\/a>\n\t\t\t\t\t\t\t\t\t\t\t\t\t\t\t<\/div>\n\t\t\t\t\t\t\t<div class=\"space-casinos-3-archive-item-count absolute\">\n\t\t\t\t\t\t\t\t<span>1<\/span>\n\t\t\t\t\t\t\t<\/div>\n\t\t\t\t\t\t<\/div>\n\t\t\t\t\t\t<div class=\"space-casinos-3-archive-item-terms box-25 relative\">\n\t\t\t\t\t\t\t<div class=\"space-casinos-3-archive-item-terms-ins box-100 text-center relative\">\n\t\t\t\t\t\t\t\t<img style=\"width: 16px; height: 16px;\" src=\"\/wp-content\/themes\/mercury\/female-organs-vagina-svgrepo-com.svg\"> Female Members: <b>49%<\/b><br>\n\t\t\t\t\t\t\t\t\t<img style=\"width: 16px; height: 16px;\" src=\"\/wp-content\/themes\/mercury\/time-svgrepo-com.svg\"> Sign Up Speed: <b>Rapide<\/b><br>\n\t\t\t\t\t\t\t\t\t<img style=\"width: 16px; height: 16px;\" src=\"\/wp-content\/themes\/mercury\/woman-svgrepo-com.svg\"> Age Range: <b>18-68<\/b><br>\n\t\t\t\t\t\t\t\t\t<img style=\"width: 16px; height: 16px;\" src=\"\/wp-content\/themes\/mercury\/money-svgrepo-com.svg\"> Free Trial: <b>Yes<\/b><br>\n\t\t\t\t\t\t\t<\/div>\n\t\t\t\t\t\t<\/div>\n\t\t\t\t\t\t<div class=\"space-casinos-3-archive-item-rating box-25 relative\">\n\t\t\t\t\t\t\t<div class=\"space-casinos-3-archive-item-rating-ins box-100 text-center relative\">\n\t\t\t\t\t\t\t\t\t\t\t\t\t\t\t\t<div class=\"space-casinos-3-archive-item-rating-box relative\">\n\t\t\t\t\t\t\t\t\t<div class=\"star-rating\"><span class=\"screen-reader-text\">3,8 rating<\/span><div class=\"star star-full\" aria-hidden=\"true\"><\/div><div class=\"star star-full\" aria-hidden=\"true\"><\/div><div class=\"star star-full\" aria-hidden=\"true\"><\/div><div class=\"star star-half\" aria-hidden=\"true\"><\/div><div class=\"star star-empty\" aria-hidden=\"true\"><\/div><\/div>\t\t\t\t\t\t\t\t\t<span>3.8<\/span>\n\t\t\t\t\t\t\t\t<\/div>\n\n\t\t\t\t\t\t\t\t\t\t\t\t\t\t\t\t\n\t\t\t\t\t\t\t<\/div>\n\t\t\t\t\t\t<\/div>\n\t\t\t\t\t\t<div class=\"space-casinos-3-archive-item-button box-25 relative\">\n\t\t\t\t\t\t\t<div class=\"space-casinos-3-archive-item-button-ins box-100 text-center relative\">\n\t\t\t\t\t\t\t\t<a style=\"background-color: #ef3024 !important;\" href=\"\/links\/onenightfriend\" title=\"Inscription gratuite\" target=\"_blank\" rel=\"nofollow\"><i class=\"fas fa-check-circle\"><\/i> Inscription gratuite<\/a>\n\n\t\t\t\t\t\t\t<\/div>\n\t\t\t\t\t\t<\/div>\n\t\t\t\t\t<\/div>\n\t\t\t\t<\/div>\n\n\t\t\t\t\t\t\t\t\n\t\t\t\t\t\t\t\n\t\t\t\t<div class=\"space-casinos-3-archive-item box-100 relative\">\n\t\t\t\t\t<div class=\"space-casinos-3-archive-item-ins relative\">\n\t\t\t\t\t\t<div class=\"space-casinos-3-archive-item-logo box-25 relative\">\n\t\t\t\t\t\t\t<div class=\"space-casinos-3-archive-item-logo-ins box-100 text-center relative\">\n\t\t\t\t\t\t\t\t\t\t\t\t\t\t\t\t<a href=\"\/links\/banglocals\" title=\"Habitants de Bang\" target=\"_blank\" rel=\"nofollow\">\n\t\t\t\t\t\t\t\t\t<img src=\"https:\/\/adultxxxdate.net\/wp-content\/uploads\/2021\/07\/banglocals-logo2-190x80.png\" alt=\"Habitants de Bang\">\n\t\t\t\t\t\t\t\t<\/a>\n\t\t\t\t\t\t\t\t\t\t\t\t\t\t\t<\/div>\n\t\t\t\t\t\t\t<div class=\"space-casinos-3-archive-item-count absolute\">\n\t\t\t\t\t\t\t\t<span>2<\/span>\n\t\t\t\t\t\t\t<\/div>\n\t\t\t\t\t\t<\/div>\n\t\t\t\t\t\t<div class=\"space-casinos-3-archive-item-terms box-25 relative\">\n\t\t\t\t\t\t\t<div class=\"space-casinos-3-archive-item-terms-ins box-100 text-center relative\">\n\t\t\t\t\t\t\t\t<img style=\"width: 16px; height: 16px;\" src=\"\/wp-content\/themes\/mercury\/female-organs-vagina-svgrepo-com.svg\"> Female Members: <b>48%<\/b><br>\n\t\t\t\t\t\t\t\t\t<img style=\"width: 16px; height: 16px;\" src=\"\/wp-content\/themes\/mercury\/time-svgrepo-com.svg\"> Sign Up Speed: <b>Rapide<\/b><br>\n\t\t\t\t\t\t\t\t\t<img style=\"width: 16px; height: 16px;\" src=\"\/wp-content\/themes\/mercury\/woman-svgrepo-com.svg\"> Age Range: <b>18-75<\/b><br>\n\t\t\t\t\t\t\t\t\t<img style=\"width: 16px; height: 16px;\" src=\"\/wp-content\/themes\/mercury\/money-svgrepo-com.svg\"> Free Trial: <b>Yes<\/b><br>\n\t\t\t\t\t\t\t<\/div>\n\t\t\t\t\t\t<\/div>\n\t\t\t\t\t\t<div class=\"space-casinos-3-archive-item-rating box-25 relative\">\n\t\t\t\t\t\t\t<div class=\"space-casinos-3-archive-item-rating-ins box-100 text-center relative\">\n\t\t\t\t\t\t\t\t\t\t\t\t\t\t\t\t<div class=\"space-casinos-3-archive-item-rating-box relative\">\n\t\t\t\t\t\t\t\t\t<div class=\"star-rating\"><span class=\"screen-reader-text\">3,8 rating<\/span><div class=\"star star-full\" aria-hidden=\"true\"><\/div><div class=\"star star-full\" aria-hidden=\"true\"><\/div><div class=\"star star-full\" aria-hidden=\"true\"><\/div><div class=\"star star-half\" aria-hidden=\"true\"><\/div><div class=\"star star-empty\" aria-hidden=\"true\"><\/div><\/div>\t\t\t\t\t\t\t\t\t<span>3.8<\/span>\n\t\t\t\t\t\t\t\t<\/div>\n\n\t\t\t\t\t\t\t\t\t\t\t\t\t\t\t\t\n\t\t\t\t\t\t\t<\/div>\n\t\t\t\t\t\t<\/div>\n\t\t\t\t\t\t<div class=\"space-casinos-3-archive-item-button box-25 relative\">\n\t\t\t\t\t\t\t<div class=\"space-casinos-3-archive-item-button-ins box-100 text-center relative\">\n\t\t\t\t\t\t\t\t<a style=\"background-color: #ef3024 !important;\" href=\"\/links\/banglocals\" title=\"Inscription gratuite\" target=\"_blank\" rel=\"nofollow\"><i class=\"fas fa-check-circle\"><\/i> Inscription gratuite<\/a>\n\n\t\t\t\t\t\t\t<\/div>\n\t\t\t\t\t\t<\/div>\n\t\t\t\t\t<\/div>\n\t\t\t\t<\/div>\n\n\t\t\t\t\t\t\t\t\n\t\t\t\t\t\t\t\n\t\t\t\t<div class=\"space-casinos-3-archive-item box-100 relative\">\n\t\t\t\t\t<div class=\"space-casinos-3-archive-item-ins relative\">\n\t\t\t\t\t\t<div class=\"space-casinos-3-archive-item-logo box-25 relative\">\n\t\t\t\t\t\t\t<div class=\"space-casinos-3-archive-item-logo-ins box-100 text-center relative\">\n\t\t\t\t\t\t\t\t\t\t\t\t\t\t\t\t<a href=\"\/links\/milfplay\" title=\"MilfPlay\" target=\"_blank\" rel=\"nofollow\">\n\t\t\t\t\t\t\t\t\t<img src=\"https:\/\/adultxxxdate.net\/wp-content\/uploads\/2021\/07\/milfplay-logo.png\" alt=\"MilfPlay\">\n\t\t\t\t\t\t\t\t<\/a>\n\t\t\t\t\t\t\t\t\t\t\t\t\t\t\t<\/div>\n\t\t\t\t\t\t\t<div class=\"space-casinos-3-archive-item-count absolute\">\n\t\t\t\t\t\t\t\t<span>3<\/span>\n\t\t\t\t\t\t\t<\/div>\n\t\t\t\t\t\t<\/div>\n\t\t\t\t\t\t<div class=\"space-casinos-3-archive-item-terms box-25 relative\">\n\t\t\t\t\t\t\t<div class=\"space-casinos-3-archive-item-terms-ins box-100 text-center relative\">\n\t\t\t\t\t\t\t\t<img style=\"width: 16px; height: 16px;\" src=\"\/wp-content\/themes\/mercury\/female-organs-vagina-svgrepo-com.svg\"> Female Members: <b>48%<\/b><br>\n\t\t\t\t\t\t\t\t\t<img style=\"width: 16px; height: 16px;\" src=\"\/wp-content\/themes\/mercury\/time-svgrepo-com.svg\"> Sign Up Speed: <b>Rapide<\/b><br>\n\t\t\t\t\t\t\t\t\t<img style=\"width: 16px; height: 16px;\" src=\"\/wp-content\/themes\/mercury\/woman-svgrepo-com.svg\"> Age Range: <b>18-75<\/b><br>\n\t\t\t\t\t\t\t\t\t<img style=\"width: 16px; height: 16px;\" src=\"\/wp-content\/themes\/mercury\/money-svgrepo-com.svg\"> Free Trial: <b>Yes<\/b><br>\n\t\t\t\t\t\t\t<\/div>\n\t\t\t\t\t\t<\/div>\n\t\t\t\t\t\t<div class=\"space-casinos-3-archive-item-rating box-25 relative\">\n\t\t\t\t\t\t\t<div class=\"space-casinos-3-archive-item-rating-ins box-100 text-center relative\">\n\t\t\t\t\t\t\t\t\t\t\t\t\t\t\t\t<div class=\"space-casinos-3-archive-item-rating-box relative\">\n\t\t\t\t\t\t\t\t\t<div class=\"star-rating\"><span class=\"screen-reader-text\">3,8 rating<\/span><div class=\"star star-full\" aria-hidden=\"true\"><\/div><div class=\"star star-full\" aria-hidden=\"true\"><\/div><div class=\"star star-full\" aria-hidden=\"true\"><\/div><div class=\"star star-half\" aria-hidden=\"true\"><\/div><div class=\"star star-empty\" aria-hidden=\"true\"><\/div><\/div>\t\t\t\t\t\t\t\t\t<span>3.8<\/span>\n\t\t\t\t\t\t\t\t<\/div>\n\n\t\t\t\t\t\t\t\t\t\t\t\t\t\t\t\t\n\t\t\t\t\t\t\t<\/div>\n\t\t\t\t\t\t<\/div>\n\t\t\t\t\t\t<div class=\"space-casinos-3-archive-item-button box-25 relative\">\n\t\t\t\t\t\t\t<div class=\"space-casinos-3-archive-item-button-ins box-100 text-center relative\">\n\t\t\t\t\t\t\t\t<a style=\"background-color: #ef3024 !important;\" href=\"\/links\/milfplay\" title=\"Inscription gratuite\" target=\"_blank\" rel=\"nofollow\"><i class=\"fas fa-check-circle\"><\/i> Inscription gratuite<\/a>\n\n\t\t\t\t\t\t\t<\/div>\n\t\t\t\t\t\t<\/div>\n\t\t\t\t\t<\/div>\n\t\t\t\t<\/div>\n\n\t\t\t\t\t\t\t\t\n\t\t\t\t\t\t\t\n\t\t\t\t<div class=\"space-casinos-3-archive-item box-100 relative\">\n\t\t\t\t\t<div class=\"space-casinos-3-archive-item-ins relative\">\n\t\t\t\t\t\t<div class=\"space-casinos-3-archive-item-logo box-25 relative\">\n\t\t\t\t\t\t\t<div class=\"space-casinos-3-archive-item-logo-ins box-100 text-center relative\">\n\t\t\t\t\t\t\t\t\t\t\t\t\t\t\t\t<a href=\"\/links\/waystomeet\" title=\"WaysToMeet\" target=\"_blank\" rel=\"nofollow\">\n\t\t\t\t\t\t\t\t\t<img src=\"https:\/\/adultxxxdate.net\/wp-content\/uploads\/2021\/07\/waystomeet-dark-80x80.png\" alt=\"WaysToMeet\">\n\t\t\t\t\t\t\t\t<\/a>\n\t\t\t\t\t\t\t\t\t\t\t\t\t\t\t<\/div>\n\t\t\t\t\t\t\t<div class=\"space-casinos-3-archive-item-count absolute\">\n\t\t\t\t\t\t\t\t<span>4<\/span>\n\t\t\t\t\t\t\t<\/div>\n\t\t\t\t\t\t<\/div>\n\t\t\t\t\t\t<div class=\"space-casinos-3-archive-item-terms box-25 relative\">\n\t\t\t\t\t\t\t<div class=\"space-casinos-3-archive-item-terms-ins box-100 text-center relative\">\n\t\t\t\t\t\t\t\t<img style=\"width: 16px; height: 16px;\" src=\"\/wp-content\/themes\/mercury\/female-organs-vagina-svgrepo-com.svg\"> Female Members: <b>48%<\/b><br>\n\t\t\t\t\t\t\t\t\t<img style=\"width: 16px; height: 16px;\" src=\"\/wp-content\/themes\/mercury\/time-svgrepo-com.svg\"> Sign Up Speed: <b>Rapide<\/b><br>\n\t\t\t\t\t\t\t\t\t<img style=\"width: 16px; height: 16px;\" src=\"\/wp-content\/themes\/mercury\/woman-svgrepo-com.svg\"> Age Range: <b>18-75<\/b><br>\n\t\t\t\t\t\t\t\t\t<img style=\"width: 16px; height: 16px;\" src=\"\/wp-content\/themes\/mercury\/money-svgrepo-com.svg\"> Free Trial: <b>Yes<\/b><br>\n\t\t\t\t\t\t\t<\/div>\n\t\t\t\t\t\t<\/div>\n\t\t\t\t\t\t<div class=\"space-casinos-3-archive-item-rating box-25 relative\">\n\t\t\t\t\t\t\t<div class=\"space-casinos-3-archive-item-rating-ins box-100 text-center relative\">\n\t\t\t\t\t\t\t\t\t\t\t\t\t\t\t\t<div class=\"space-casinos-3-archive-item-rating-box relative\">\n\t\t\t\t\t\t\t\t\t<div class=\"star-rating\"><span class=\"screen-reader-text\">3,8 rating<\/span><div class=\"star star-full\" aria-hidden=\"true\"><\/div><div class=\"star star-full\" aria-hidden=\"true\"><\/div><div class=\"star star-full\" aria-hidden=\"true\"><\/div><div class=\"star star-half\" aria-hidden=\"true\"><\/div><div class=\"star star-empty\" aria-hidden=\"true\"><\/div><\/div>\t\t\t\t\t\t\t\t\t<span>3.8<\/span>\n\t\t\t\t\t\t\t\t<\/div>\n\n\t\t\t\t\t\t\t\t\t\t\t\t\t\t\t\t\n\t\t\t\t\t\t\t<\/div>\n\t\t\t\t\t\t<\/div>\n\t\t\t\t\t\t<div class=\"space-casinos-3-archive-item-button box-25 relative\">\n\t\t\t\t\t\t\t<div class=\"space-casinos-3-archive-item-button-ins box-100 text-center relative\">\n\t\t\t\t\t\t\t\t<a style=\"background-color: #ef3024 !important;\" href=\"\/links\/waystomeet\" title=\"Inscription gratuite\" target=\"_blank\" rel=\"nofollow\"><i class=\"fas fa-check-circle\"><\/i> Inscription gratuite<\/a>\n\n\t\t\t\t\t\t\t<\/div>\n\t\t\t\t\t\t<\/div>\n\t\t\t\t\t<\/div>\n\t\t\t\t<\/div>\n\n\t\t\t\t\t\t\t\t\n\t\t\t\t\t\t\t\n\t\t\t\t<div class=\"space-casinos-3-archive-item box-100 relative\">\n\t\t\t\t\t<div class=\"space-casinos-3-archive-item-ins relative\">\n\t\t\t\t\t\t<div class=\"space-casinos-3-archive-item-logo box-25 relative\">\n\t\t\t\t\t\t\t<div class=\"space-casinos-3-archive-item-logo-ins box-100 text-center relative\">\n\t\t\t\t\t\t\t\t\t\t\t\t\t\t\t\t<a href=\"\/links\/comewithyou\" title=\"ComeWithYou\" target=\"_blank\" rel=\"nofollow\">\n\t\t\t\t\t\t\t\t\t<img src=\"https:\/\/adultxxxdate.net\/wp-content\/uploads\/2021\/07\/comewithyou-logo.png\" alt=\"ComeWithYou\">\n\t\t\t\t\t\t\t\t<\/a>\n\t\t\t\t\t\t\t\t\t\t\t\t\t\t\t<\/div>\n\t\t\t\t\t\t\t<div class=\"space-casinos-3-archive-item-count absolute\">\n\t\t\t\t\t\t\t\t<span>5<\/span>\n\t\t\t\t\t\t\t<\/div>\n\t\t\t\t\t\t<\/div>\n\t\t\t\t\t\t<div class=\"space-casinos-3-archive-item-terms box-25 relative\">\n\t\t\t\t\t\t\t<div class=\"space-casinos-3-archive-item-terms-ins box-100 text-center relative\">\n\t\t\t\t\t\t\t\t<img style=\"width: 16px; height: 16px;\" src=\"\/wp-content\/themes\/mercury\/female-organs-vagina-svgrepo-com.svg\"> Female Members: <b>51%<\/b><br>\n\t\t\t\t\t\t\t\t\t<img style=\"width: 16px; height: 16px;\" src=\"\/wp-content\/themes\/mercury\/time-svgrepo-com.svg\"> Sign Up Speed: <b>Rapide<\/b><br>\n\t\t\t\t\t\t\t\t\t<img style=\"width: 16px; height: 16px;\" src=\"\/wp-content\/themes\/mercury\/woman-svgrepo-com.svg\"> Age Range: <b>18-65<\/b><br>\n\t\t\t\t\t\t\t\t\t<img style=\"width: 16px; height: 16px;\" src=\"\/wp-content\/themes\/mercury\/money-svgrepo-com.svg\"> Free Trial: <b>Yes<\/b><br>\n\t\t\t\t\t\t\t<\/div>\n\t\t\t\t\t\t<\/div>\n\t\t\t\t\t\t<div class=\"space-casinos-3-archive-item-rating box-25 relative\">\n\t\t\t\t\t\t\t<div class=\"space-casinos-3-archive-item-rating-ins box-100 text-center relative\">\n\t\t\t\t\t\t\t\t\t\t\t\t\t\t\t\t<div class=\"space-casinos-3-archive-item-rating-box relative\">\n\t\t\t\t\t\t\t\t\t<div class=\"star-rating\"><span class=\"screen-reader-text\">4,0 rating<\/span><div class=\"star star-full\" aria-hidden=\"true\"><\/div><div class=\"star star-full\" aria-hidden=\"true\"><\/div><div class=\"star star-full\" aria-hidden=\"true\"><\/div><div class=\"star star-full\" aria-hidden=\"true\"><\/div><div class=\"star star-empty\" aria-hidden=\"true\"><\/div><\/div>\t\t\t\t\t\t\t\t\t<span>4.0<\/span>\n\t\t\t\t\t\t\t\t<\/div>\n\n\t\t\t\t\t\t\t\t\t\t\t\t\t\t\t\t\n\t\t\t\t\t\t\t<\/div>\n\t\t\t\t\t\t<\/div>\n\t\t\t\t\t\t<div class=\"space-casinos-3-archive-item-button box-25 relative\">\n\t\t\t\t\t\t\t<div class=\"space-casinos-3-archive-item-button-ins box-100 text-center relative\">\n\t\t\t\t\t\t\t\t<a style=\"background-color: #ef3024 !important;\" href=\"\/links\/comewithyou\" title=\"Inscription gratuite\" target=\"_blank\" rel=\"nofollow\"><i class=\"fas fa-check-circle\"><\/i> Inscription gratuite<\/a>\n\n\t\t\t\t\t\t\t<\/div>\n\t\t\t\t\t\t<\/div>\n\t\t\t\t\t<\/div>\n\t\t\t\t<\/div>\n\n\t\t\t\t\n\t\t\t<\/div>\n\t\t\t\n\t\t<\/div>\n\t<\/div>\n\n\n<h3>\ud83d\udc49 Pr\u00eat \u00e0 rencontrer des salopes locales ?<\/h3>\n<p>Commencez d\u00e8s maintenant en rejoignant l\u2019une (ou plusieurs&nbsp;!) des meilleures plateformes de rencontres&nbsp;:<\/p>\n<ul>\n<li>Soyez m\u00e9chant<\/li>\n<li>Ashley Madison<\/li>\n<li>AdultFriendFinder<\/li>\n<li>Vie cougar<\/li>\n<li>Le club de rencontres MILF<\/li>\n<\/ul>\n<p>\ud83d\udccd Elle est locale \ud83d\udcac Elle est en ligne \ud83d\udd25 Et elle cherche quelqu\u2019un qui comprend<\/p>\n<p>Envoyez le message. D\u00e9marrez le chat. Et laissez les choses s\u2019amuser &#8211; rapidement. \ud83d\udc8b\ud83d\udcf1\ud83d\ude08   <\/p>\n","protected":false},"excerpt":{"rendered":"<p>Sites de baise gratuits sans carte de cr\u00e9dit &#8211; Rencontrez des salopes excit\u00e9es pr\u00e8s de chez vous \ud83d\udc8b\ud83d\udcf1\ud83d\udd25 \u00c9vitons les petites conversations&nbsp;: si vous recherchez des rencontres amusantes et d\u00e9contract\u00e9es avec des femmes confiantes et sexuellement ouvertes, vous n\u2019\u00eates pas seul &#8211; et oui, il est tout \u00e0 fait possible de les trouver pr\u00e8s de [&hellip;]<\/p>\n","protected":false},"author":1,"featured_media":0,"parent":0,"menu_order":0,"comment_status":"closed","ping_status":"closed","template":"page-without-title.php","meta":[],"_links":{"self":[{"href":"https:\/\/adultxxxdate.net\/fr\/wp-json\/wp\/v2\/pages\/2930"}],"collection":[{"href":"https:\/\/adultxxxdate.net\/fr\/wp-json\/wp\/v2\/pages"}],"about":[{"href":"https:\/\/adultxxxdate.net\/fr\/wp-json\/wp\/v2\/types\/page"}],"author":[{"embeddable":true,"href":"https:\/\/adultxxxdate.net\/fr\/wp-json\/wp\/v2\/users\/1"}],"replies":[{"embeddable":true,"href":"https:\/\/adultxxxdate.net\/fr\/wp-json\/wp\/v2\/comments?post=2930"}],"version-history":[{"count":1,"href":"https:\/\/adultxxxdate.net\/fr\/wp-json\/wp\/v2\/pages\/2930\/revisions"}],"predecessor-version":[{"id":3327,"href":"https:\/\/adultxxxdate.net\/fr\/wp-json\/wp\/v2\/pages\/2930\/revisions\/3327"}],"wp:attachment":[{"href":"https:\/\/adultxxxdate.net\/fr\/wp-json\/wp\/v2\/media?parent=2930"}],"curies":[{"name":"wp","href":"https:\/\/api.w.org\/{rel}","templated":true}]}}