{"id":2762,"date":"2021-12-16T16:55:31","date_gmt":"2021-12-16T16:55:31","guid":{"rendered":"https:\/\/adultxxxdate.net\/jeux-pornographiques-sans-connexion\/"},"modified":"2021-12-16T16:55:31","modified_gmt":"2021-12-16T16:55:31","slug":"jeux-pornographiques-sans-connexion","status":"publish","type":"page","link":"https:\/\/adultxxxdate.net\/fr\/jeux-pornographiques-sans-connexion\/","title":{"rendered":"Jeux pornographiques sans connexion"},"content":{"rendered":"<h1>Jeux pornographiques sans connexion<\/h1>\n\n\t<div class=\"space-shortcode-wrap space-games-shortcode-1 relative relative\">\n\t\t<div class=\"space-shortcode-wrap-ins relative\">\n\n\t\t\t\n\t\t\t<div class=\"space-games-archive-items box-100 relative\">\n\n\t\t\t\t\n\t\t\t\t<div class=\"space-games-archive-item box-50 relative\">\n\t\t\t\t\t<div class=\"space-games-archive-item-ins relative\">\n\t\t\t\t\t\t\t\t\t\t\t\t<div class=\"space-games-archive-item-img relative\">\n\t\t\t\t\t\t\t<a href=\"\/links\/hentaiheroes\" title=\"H\u00e9ros Hentai\">\n\t\t\t\t\t\t\t\t<img src=\"https:\/\/adultxxxdate.net\/wp-content\/uploads\/2021\/04\/hentaiheroes_main-review-450x317.jpg\" alt=\"H\u00e9ros Hentai\">\n\t\t\t\t\t\t\t<\/a>\n\t\t\t\t\t\t<\/div>\n\t\t\t\t\t\t\t\t\t\t\t\t<div class=\"space-games-archive-item-wrap text-center relative\">\n\t\t\t\t\t\t\t<div class=\"space-games-archive-item-title relative\">\n\t\t\t\t\t\t\t\t<a href=\"\/links\/hentaiheroes\" title=\"H\u00e9ros Hentai\">H\u00e9ros Hentai<\/a>\n\t\t\t\t\t\t\t<\/div>\n\n\t\t\t\t\t\t\t\t\t\t\t\t\t\t<div class=\"space-games-archive-item-short-desc relative\">\n\t\t\t\t\t\t\t\tUn jeu de sexe pour adultes de style anime, qui vous permet de naviguer dans un monde virtuel.\t\t\t\t\t\t\t<\/div>\n\t\t\t\t\t\t\t\n\t\t\t\t\t\t\t<div class=\"space-games-archive-item-button relative\">\n\t\t\t\t\t\t\t\t<a href=\"\/links\/hentaiheroes\" title=\"Jouer maintenant\" target=\"_blank\" rel=\"nofollow\">Jouer maintenant<\/a>\n\t\t\t\t\t\t\t<\/div>\n\n\t\t\t\t\t\t\t\t\t\t\t\t\t\n\t\t\t\t\t\t<\/div>\n\t\t\t\t\t<\/div>\n\t\t\t\t<\/div>\n\n\t\t\t\t\n\t\t\t\t<div class=\"space-games-archive-item box-50 relative\">\n\t\t\t\t\t<div class=\"space-games-archive-item-ins relative\">\n\t\t\t\t\t\t\t\t\t\t\t\t<div class=\"space-games-archive-item-img relative\">\n\t\t\t\t\t\t\t<a href=\"\/links\/sexemulator\" title=\"SexEmulator\">\n\t\t\t\t\t\t\t\t<img src=\"https:\/\/adultxxxdate.net\/wp-content\/uploads\/2021\/04\/sex-emulator-review-image-450x317.jpg\" alt=\"SexEmulator\">\n\t\t\t\t\t\t\t<\/a>\n\t\t\t\t\t\t<\/div>\n\t\t\t\t\t\t\t\t\t\t\t\t<div class=\"space-games-archive-item-wrap text-center relative\">\n\t\t\t\t\t\t\t<div class=\"space-games-archive-item-title relative\">\n\t\t\t\t\t\t\t\t<a href=\"\/links\/sexemulator\" title=\"SexEmulator\">SexEmulator<\/a>\n\t\t\t\t\t\t\t<\/div>\n\n\t\t\t\t\t\t\t\t\t\t\t\t\t\t<div class=\"space-games-archive-item-short-desc relative\">\n\t\t\t\t\t\t\t\tL\u2019un des jeux sexuels 3D les mieux not\u00e9s. Cr\u00e9ez votre personnage et \u00e9mulez vos fantasmes.\t\t\t\t\t\t\t<\/div>\n\t\t\t\t\t\t\t\n\t\t\t\t\t\t\t<div class=\"space-games-archive-item-button relative\">\n\t\t\t\t\t\t\t\t<a href=\"\/links\/sexemulator\" title=\"Jouer maintenant\" target=\"_blank\" rel=\"nofollow\">Jouer maintenant<\/a>\n\t\t\t\t\t\t\t<\/div>\n\n\t\t\t\t\t\t\t\t\t\t\t\t\t\n\t\t\t\t\t\t<\/div>\n\t\t\t\t\t<\/div>\n\t\t\t\t<\/div>\n\n\t\t\t\t\n\t\t\t<\/div>\n\t\t\n\t\t<\/div>\n\t<\/div>\n\n\n<h2>Jeux sexuels gratuits Sans inscription<\/h2>\n<p>Am\u00e9liorer la vie sexuelle est l\u2019une des t\u00e2ches les plus difficiles pour de nombreux adultes avec leur emploi du temps charg\u00e9. Si vous avez d\u00e9cid\u00e9 d\u2019am\u00e9liorer votre vie sexuelle, alors vous pouvez vous sentir libre de prendre contact avec la plate-forme sp\u00e9cialis\u00e9e et sugg\u00e9r\u00e9e pour sa grande collection de jeux pornographiques. Vous pouvez explorer les principales attractions des jeux sexuels les uns apr\u00e8s les autres et passer le loisir aussi agr\u00e9able que possible. Une fois que vous avez commenc\u00e9 \u00e0 jouer aux jeux sexuels riches en choses divertissantes pour adultes, vous pouvez obtenir une satisfaction sexuelle \u00e0 100% et r\u00e9aliser vos souhaits concernant la vie sexuelle am\u00e9lior\u00e9e.<\/p>\n<h2>Jeux porno Pas d\u2019inscription<\/h2>\n<p>Chaque joueur des jeux sexuels en trois dimensions obtient un \u00e9ventail de choses favorables. Ils obtiennent plus de plaisir sexuel que pr\u00e9vu et encourag\u00e9s \u00e0 pimenter les choses dans leur s\u00e9ance de pr\u00e9liminaires. Ils sont pr\u00eats \u00e0 jouer aux jeux sexuels 3D les plus modernes les uns apr\u00e8s les autres et \u00e0 profiter du temps libre au-del\u00e0 de leurs souhaits. Si vous lisez des t\u00e9moignages de joueurs de jeux sexuels dans cette cat\u00e9gorie, vous pouvez obtenir suffisamment d\u2019aide et vous assurer de la fa\u00e7on de choisir et de <a href=\"https:\/\/adultxxxdate.net\/fr\/xxx-jeux-pour-iphone\/\">jouer au jeu sexuel appropri\u00e9<\/a>. Vous deviendrez un fan du jeu de sexe 3D et serez encourag\u00e9 \u00e0 vous engager dans cette forme de plaisir pour adultes.<\/p>\n<p>Les joueurs des jeux sexuels en ligne comme derri\u00e8re la dune, l\u2019\u00e9cole de liste, les r\u00eaves de d\u00e9sir et d\u2019autres jeux ont de plus en plus de chances d\u2019explorer les choses divertissantes pour adultes. Ils trouvent et utilisent toutes les options pour la plus grande satisfaction sexuelle possible. Ils s\u2019assurent d\u2019une am\u00e9lioration exceptionnelle dans leur fa\u00e7on de participer au monde du jeu sexuel. Vous pouvez prendre note des suggestions sur la fa\u00e7on de choisir et de jouer aux jeux pornographiques riches en choses divertissantes pour adultes. Vous obtiendrez une aide impressionnante et aurez un \u00e9ventail de choses divertissantes pour adultes.<\/p>\n","protected":false},"excerpt":{"rendered":"<p>Jeux pornographiques sans connexion Jeux sexuels gratuits Sans inscription Am\u00e9liorer la vie sexuelle est l\u2019une des t\u00e2ches les plus difficiles pour de nombreux adultes avec leur emploi du temps charg\u00e9. Si vous avez d\u00e9cid\u00e9 d\u2019am\u00e9liorer votre vie sexuelle, alors vous pouvez vous sentir libre de prendre contact avec la plate-forme sp\u00e9cialis\u00e9e et sugg\u00e9r\u00e9e pour sa [&hellip;]<\/p>\n","protected":false},"author":1,"featured_media":0,"parent":0,"menu_order":0,"comment_status":"closed","ping_status":"closed","template":"page-without-title.php","meta":[],"_links":{"self":[{"href":"https:\/\/adultxxxdate.net\/fr\/wp-json\/wp\/v2\/pages\/2762"}],"collection":[{"href":"https:\/\/adultxxxdate.net\/fr\/wp-json\/wp\/v2\/pages"}],"about":[{"href":"https:\/\/adultxxxdate.net\/fr\/wp-json\/wp\/v2\/types\/page"}],"author":[{"embeddable":true,"href":"https:\/\/adultxxxdate.net\/fr\/wp-json\/wp\/v2\/users\/1"}],"replies":[{"embeddable":true,"href":"https:\/\/adultxxxdate.net\/fr\/wp-json\/wp\/v2\/comments?post=2762"}],"version-history":[{"count":0,"href":"https:\/\/adultxxxdate.net\/fr\/wp-json\/wp\/v2\/pages\/2762\/revisions"}],"wp:attachment":[{"href":"https:\/\/adultxxxdate.net\/fr\/wp-json\/wp\/v2\/media?parent=2762"}],"curies":[{"name":"wp","href":"https:\/\/api.w.org\/{rel}","templated":true}]}}