{"id":2715,"date":"2021-12-16T16:56:00","date_gmt":"2021-12-16T16:56:00","guid":{"rendered":"https:\/\/adultxxxdate.net\/xxx-jeux-pour-iphone\/"},"modified":"2021-12-16T16:56:00","modified_gmt":"2021-12-16T16:56:00","slug":"xxx-jeux-pour-iphone","status":"publish","type":"page","link":"https:\/\/adultxxxdate.net\/fr\/xxx-jeux-pour-iphone\/","title":{"rendered":"XXX Jeux pour iPhone"},"content":{"rendered":"<h1>XXX Jeux pour iPhone<\/h1>\n\n\t<div class=\"space-shortcode-wrap space-games-shortcode-1 relative relative\">\n\t\t<div class=\"space-shortcode-wrap-ins relative\">\n\n\t\t\t\n\t\t\t<div class=\"space-games-archive-items box-100 relative\">\n\n\t\t\t\t\n\t\t\t\t<div class=\"space-games-archive-item box-50 relative\">\n\t\t\t\t\t<div class=\"space-games-archive-item-ins relative\">\n\t\t\t\t\t\t\t\t\t\t\t\t<div class=\"space-games-archive-item-img relative\">\n\t\t\t\t\t\t\t<a href=\"\/links\/hentaiheroes\" title=\"H\u00e9ros Hentai\">\n\t\t\t\t\t\t\t\t<img src=\"https:\/\/adultxxxdate.net\/wp-content\/uploads\/2021\/04\/hentaiheroes_main-review-450x317.jpg\" alt=\"H\u00e9ros Hentai\">\n\t\t\t\t\t\t\t<\/a>\n\t\t\t\t\t\t<\/div>\n\t\t\t\t\t\t\t\t\t\t\t\t<div class=\"space-games-archive-item-wrap text-center relative\">\n\t\t\t\t\t\t\t<div class=\"space-games-archive-item-title relative\">\n\t\t\t\t\t\t\t\t<a href=\"\/links\/hentaiheroes\" title=\"H\u00e9ros Hentai\">H\u00e9ros Hentai<\/a>\n\t\t\t\t\t\t\t<\/div>\n\n\t\t\t\t\t\t\t\t\t\t\t\t\t\t<div class=\"space-games-archive-item-short-desc relative\">\n\t\t\t\t\t\t\t\tUn jeu de sexe pour adultes de style anime, qui vous permet de naviguer dans un monde virtuel.\t\t\t\t\t\t\t<\/div>\n\t\t\t\t\t\t\t\n\t\t\t\t\t\t\t<div class=\"space-games-archive-item-button relative\">\n\t\t\t\t\t\t\t\t<a href=\"\/links\/hentaiheroes\" title=\"Jouer maintenant\" target=\"_blank\" rel=\"nofollow\">Jouer maintenant<\/a>\n\t\t\t\t\t\t\t<\/div>\n\n\t\t\t\t\t\t\t\t\t\t\t\t\t\n\t\t\t\t\t\t<\/div>\n\t\t\t\t\t<\/div>\n\t\t\t\t<\/div>\n\n\t\t\t\t\n\t\t\t\t<div class=\"space-games-archive-item box-50 relative\">\n\t\t\t\t\t<div class=\"space-games-archive-item-ins relative\">\n\t\t\t\t\t\t\t\t\t\t\t\t<div class=\"space-games-archive-item-img relative\">\n\t\t\t\t\t\t\t<a href=\"\/links\/sexemulator\" title=\"SexEmulator\">\n\t\t\t\t\t\t\t\t<img src=\"https:\/\/adultxxxdate.net\/wp-content\/uploads\/2021\/04\/sex-emulator-review-image-450x317.jpg\" alt=\"SexEmulator\">\n\t\t\t\t\t\t\t<\/a>\n\t\t\t\t\t\t<\/div>\n\t\t\t\t\t\t\t\t\t\t\t\t<div class=\"space-games-archive-item-wrap text-center relative\">\n\t\t\t\t\t\t\t<div class=\"space-games-archive-item-title relative\">\n\t\t\t\t\t\t\t\t<a href=\"\/links\/sexemulator\" title=\"SexEmulator\">SexEmulator<\/a>\n\t\t\t\t\t\t\t<\/div>\n\n\t\t\t\t\t\t\t\t\t\t\t\t\t\t<div class=\"space-games-archive-item-short-desc relative\">\n\t\t\t\t\t\t\t\tL\u2019un des jeux sexuels 3D les mieux not\u00e9s. Cr\u00e9ez votre personnage et \u00e9mulez vos fantasmes.\t\t\t\t\t\t\t<\/div>\n\t\t\t\t\t\t\t\n\t\t\t\t\t\t\t<div class=\"space-games-archive-item-button relative\">\n\t\t\t\t\t\t\t\t<a href=\"\/links\/sexemulator\" title=\"Jouer maintenant\" target=\"_blank\" rel=\"nofollow\">Jouer maintenant<\/a>\n\t\t\t\t\t\t\t<\/div>\n\n\t\t\t\t\t\t\t\t\t\t\t\t\t\n\t\t\t\t\t\t<\/div>\n\t\t\t\t\t<\/div>\n\t\t\t\t<\/div>\n\n\t\t\t\t\n\t\t\t<\/div>\n\t\t\n\t\t<\/div>\n\t<\/div>\n\n\n<h2>Sex Games pour iOS<\/h2>\n<p>Chaque joueur de n\u2019importe quel <a href=\"https:\/\/adultxxxdate.net\/fr\/jeux-pornographiques-sans-connexion\/\">jeu sexuel<\/a> ne manque pas d\u2019obtenir une bonne am\u00e9lioration dans son plaisir adulte et sa vie sexuelle. De nombreux couples du monde entier jouent \u00e0 des jeux sexuels pour perfectionner leurs comp\u00e9tences en communication pour de meilleurs rapports sexuels. Ils ont int\u00e9r\u00eat \u00e0 faire de nouvelles choses et \u00e0 communiquer avec le partenaire sexuel avant, pendant et apr\u00e8s les rapports sexuels. Ils s\u2019attendent \u00e0 un sexe parfait d\u00e9pourvu de tout effort pour r\u00e9duire leur plaisir adulte. Beaucoup d\u2019adultes souhaitent avoir des situations dans lesquelles le grand sexe arrive juste au moment o\u00f9 ils s\u2019y attendent le moins. C\u2019est parce qu\u2019ils sentent qu\u2019un bon sexe demande du travail. Ils peuvent travailler sur les meilleurs jeux sexuels ci-apr\u00e8s et rendre leur vie sexuelle meilleure que maintenant.<\/p>\n<h2>Jeux de sexe iPhone<\/h2>\n<p>Yareel est un jeu de sexe en ligne \u00e9pic\u00e9 et r\u00e9put\u00e9 pour sa nature hautement addictive et pleine de surprises. En tant que joueur de ce jeu sexuel, vous devez d\u2019abord cr\u00e9er votre propre avatar et le personnaliser comme vous le souhaitez. Vous pouvez proc\u00e9der \u00e0 la r\u00e9union et aux rencontres avec d\u2019autres utilisateurs r\u00e9els sur cette plate-forme. Les fonctionnalit\u00e9s de premi\u00e8re classe de l\u2019avatar aident les joueurs \u00e0 satisfaire leurs d\u00e9sirs sexuels cach\u00e9s et offrent des chances de sexe virtuel en ligne illimit\u00e9. Des fonctionnalit\u00e9s int\u00e9ressantes et de superbes graphismes rendent ce jeu tr\u00e8s populaire et donnent 100% de satisfaction sexuelle \u00e0 chaque joueur.<\/p>\n<p>Second Life est un jeu de sexe en ligne de premier plan o\u00f9 tout le monde peut se joindre gratuitement et entrer dans le monde du sexe virtuel sans difficult\u00e9 ni retard. Il y a des personnages de premier plan dans ce jeu porno de tr\u00e8s bonne r\u00e9putation. Ce jeu rend chaque joueur ravi. C\u2019est le moment id\u00e9al pour explorer la seconde vie et utiliser toutes les chances pour pimenter les choses dans votre plaisir sexuel virtuel. Dans ce monde de jeu, les joueurs peuvent d\u00e9velopper leur entreprise et faire de grandes choses pour devenir tr\u00e8s populaires. Les personnages f\u00e9minins de ce jeu sont soigneusement con\u00e7us et de premier ordre par nature.<\/p>\n","protected":false},"excerpt":{"rendered":"<p>XXX Jeux pour iPhone Sex Games pour iOS Chaque joueur de n\u2019importe quel jeu sexuel ne manque pas d\u2019obtenir une bonne am\u00e9lioration dans son plaisir adulte et sa vie sexuelle. De nombreux couples du monde entier jouent \u00e0 des jeux sexuels pour perfectionner leurs comp\u00e9tences en communication pour de meilleurs rapports sexuels. Ils ont int\u00e9r\u00eat [&hellip;]<\/p>\n","protected":false},"author":1,"featured_media":0,"parent":0,"menu_order":0,"comment_status":"closed","ping_status":"closed","template":"page-without-title.php","meta":[],"_links":{"self":[{"href":"https:\/\/adultxxxdate.net\/fr\/wp-json\/wp\/v2\/pages\/2715"}],"collection":[{"href":"https:\/\/adultxxxdate.net\/fr\/wp-json\/wp\/v2\/pages"}],"about":[{"href":"https:\/\/adultxxxdate.net\/fr\/wp-json\/wp\/v2\/types\/page"}],"author":[{"embeddable":true,"href":"https:\/\/adultxxxdate.net\/fr\/wp-json\/wp\/v2\/users\/1"}],"replies":[{"embeddable":true,"href":"https:\/\/adultxxxdate.net\/fr\/wp-json\/wp\/v2\/comments?post=2715"}],"version-history":[{"count":0,"href":"https:\/\/adultxxxdate.net\/fr\/wp-json\/wp\/v2\/pages\/2715\/revisions"}],"wp:attachment":[{"href":"https:\/\/adultxxxdate.net\/fr\/wp-json\/wp\/v2\/media?parent=2715"}],"curies":[{"name":"wp","href":"https:\/\/api.w.org\/{rel}","templated":true}]}}