{"id":3292,"date":"2022-01-19T16:17:32","date_gmt":"2022-01-19T16:17:32","guid":{"rendered":"https:\/\/adultxxxdate.net\/encuentra-sitios-de-conexion-a-los-que-nunca-te-has-unido-antes\/"},"modified":"2022-01-19T16:17:32","modified_gmt":"2022-01-19T16:17:32","slug":"encuentra-sitios-de-conexion-a-los-que-nunca-te-has-unido-antes","status":"publish","type":"page","link":"https:\/\/adultxxxdate.net\/es\/encuentra-sitios-de-conexion-a-los-que-nunca-te-has-unido-antes\/","title":{"rendered":"Encuentra sitios de conexi\u00f3n a los que nunca te has unido antes"},"content":{"rendered":"<p>Nuestro equipo ha reunido una lista de 40 aplicaciones de citas que puedes probar ahora.<\/p>\n<p>Si tiene alguna recomendaci\u00f3n, cont\u00e1ctenos a trav\u00e9s de nuestra p\u00e1gina de contacto e intentaremos revisar cualquier aplicaci\u00f3n adicional que sugiera.<\/p>\n<h2>C\u00f3mo unirse<\/h2>\n<ol>\n<li>Encuentra la aplicaci\u00f3n que mejor se adapte a tus necesidades<\/li>\n<li>Complete la p\u00e1gina de registro<\/li>\n<li>Env\u00eda un mensaje a las chicas locales de tu \u00e1rea<\/li>\n<\/ol>\n<h2>Todas nuestras rese\u00f1as<\/h2>\n<ul class=\"wpb_page_list\"><li class=\"page_item page-item-2001\"><a href=\"https:\/\/adultxxxdate.net\/es\/encuentra-sitios-de-conexion-a-los-que-nunca-te-has-unido-antes\/revision-de-cheatingcougars\/\">Revisi\u00f3n de Cheatingcougars<\/a><\/li>\n<li class=\"page_item page-item-2005\"><a href=\"https:\/\/adultxxxdate.net\/es\/encuentra-sitios-de-conexion-a-los-que-nunca-te-has-unido-antes\/revision-de-localhussies\/\">Revisi\u00f3n de Localhussies<\/a><\/li>\n<li class=\"page_item page-item-2006\"><a href=\"https:\/\/adultxxxdate.net\/es\/encuentra-sitios-de-conexion-a-los-que-nunca-te-has-unido-antes\/revision-de-findmyflings\/\">Revisi\u00f3n de Findmyflings<\/a><\/li>\n<li class=\"page_item page-item-2051\"><a href=\"https:\/\/adultxxxdate.net\/es\/encuentra-sitios-de-conexion-a-los-que-nunca-te-has-unido-antes\/revision-de-iwantu\/\">Revisi\u00f3n de Iwantu<\/a><\/li>\n<li class=\"page_item page-item-2057\"><a href=\"https:\/\/adultxxxdate.net\/es\/encuentra-sitios-de-conexion-a-los-que-nunca-te-has-unido-antes\/revision-de-collarspace\/\">Revisi\u00f3n de Collarspace<\/a><\/li>\n<li class=\"page_item page-item-2061\"><a href=\"https:\/\/adultxxxdate.net\/es\/encuentra-sitios-de-conexion-a-los-que-nunca-te-has-unido-antes\/revision-de-fuckbook\/\">Revisi\u00f3n de Fuckbook<\/a><\/li>\n<li class=\"page_item page-item-2062\"><a href=\"https:\/\/adultxxxdate.net\/es\/encuentra-sitios-de-conexion-a-los-que-nunca-te-has-unido-antes\/revision-de-snapsext\/\">Revisi\u00f3n de Snapsext<\/a><\/li>\n<li class=\"page_item page-item-2063\"><a href=\"https:\/\/adultxxxdate.net\/es\/encuentra-sitios-de-conexion-a-los-que-nunca-te-has-unido-antes\/revision-de-uberhorny\/\">Revisi\u00f3n de Uberhorny<\/a><\/li>\n<li class=\"page_item page-item-2101\"><a href=\"https:\/\/adultxxxdate.net\/es\/encuentra-sitios-de-conexion-a-los-que-nunca-te-has-unido-antes\/revision-de-sexo-social\/\">Revisi\u00f3n de sexo social<\/a><\/li>\n<li class=\"page_item page-item-2102\"><a href=\"https:\/\/adultxxxdate.net\/es\/encuentra-sitios-de-conexion-a-los-que-nunca-te-has-unido-antes\/revision-de-xcheaters\/\">Revisi\u00f3n de Xcheaters<\/a><\/li>\n<li class=\"page_item page-item-2111\"><a href=\"https:\/\/adultxxxdate.net\/es\/encuentra-sitios-de-conexion-a-los-que-nunca-te-has-unido-antes\/revision-de-fabswingers\/\">Revisi\u00f3n de Fabswingers<\/a><\/li>\n<li class=\"page_item page-item-2112\"><a href=\"https:\/\/adultxxxdate.net\/es\/encuentra-sitios-de-conexion-a-los-que-nunca-te-has-unido-antes\/revision-de-onenightfriend\/\">Revisi\u00f3n de Onenightfriend<\/a><\/li>\n<li class=\"page_item page-item-2115\"><a href=\"https:\/\/adultxxxdate.net\/es\/encuentra-sitios-de-conexion-a-los-que-nunca-te-has-unido-antes\/revision-de-omgchat\/\">Revisi\u00f3n de Omgchat<\/a><\/li>\n<li class=\"page_item page-item-2128\"><a href=\"https:\/\/adultxxxdate.net\/es\/encuentra-sitios-de-conexion-a-los-que-nunca-te-has-unido-antes\/revision-de-dirty-tinder\/\">Revisi\u00f3n de Dirty Tinder<\/a><\/li>\n<li class=\"page_item page-item-2129\"><a href=\"https:\/\/adultxxxdate.net\/es\/encuentra-sitios-de-conexion-a-los-que-nunca-te-has-unido-antes\/revision-de-kinkyads\/\">Revisi\u00f3n de Kinkyads<\/a><\/li>\n<li class=\"page_item page-item-2130\"><a href=\"https:\/\/adultxxxdate.net\/es\/encuentra-sitios-de-conexion-a-los-que-nunca-te-has-unido-antes\/revision-de-adult-friend-finder\/\">Revisi\u00f3n de Adult Friend Finder<\/a><\/li>\n<li class=\"page_item page-item-2131\"><a href=\"https:\/\/adultxxxdate.net\/es\/encuentra-sitios-de-conexion-a-los-que-nunca-te-has-unido-antes\/revision-de-instabang\/\">Revisi\u00f3n de Instabang<\/a><\/li>\n<li class=\"page_item page-item-2132\"><a href=\"https:\/\/adultxxxdate.net\/es\/encuentra-sitios-de-conexion-a-los-que-nunca-te-has-unido-antes\/revision-de-fling\/\">Revisi\u00f3n de Fling<\/a><\/li>\n<li class=\"page_item page-item-2178\"><a href=\"https:\/\/adultxxxdate.net\/es\/encuentra-sitios-de-conexion-a-los-que-nunca-te-has-unido-antes\/revision-de-snapleakswiki\/\">Revisi\u00f3n de Snapleakswiki<\/a><\/li>\n<li class=\"page_item page-item-2179\"><a href=\"https:\/\/adultxxxdate.net\/es\/encuentra-sitios-de-conexion-a-los-que-nunca-te-has-unido-antes\/revision-de-usa-sex-guide\/\">Revisi\u00f3n de Usa Sex Guide<\/a><\/li>\n<li class=\"page_item page-item-2184\"><a href=\"https:\/\/adultxxxdate.net\/es\/encuentra-sitios-de-conexion-a-los-que-nunca-te-has-unido-antes\/revision-de-snapmilfs\/\">Revisi\u00f3n de Snapmilfs<\/a><\/li>\n<li class=\"page_item page-item-2727\"><a href=\"https:\/\/adultxxxdate.net\/es\/encuentra-sitios-de-conexion-a-los-que-nunca-te-has-unido-antes\/revision-de-wildsmash\/\">Revisi\u00f3n de Wildsmash<\/a><\/li>\n<li class=\"page_item page-item-2729\"><a href=\"https:\/\/adultxxxdate.net\/es\/encuentra-sitios-de-conexion-a-los-que-nunca-te-has-unido-antes\/revision-de-2fuck\/\">Revisi\u00f3n de 2Fuck<\/a><\/li>\n<li class=\"page_item page-item-2730\"><a href=\"https:\/\/adultxxxdate.net\/es\/encuentra-sitios-de-conexion-a-los-que-nunca-te-has-unido-antes\/revision-de-flirt-buddies\/\">Revisi\u00f3n de Flirt Buddies<\/a><\/li>\n<li class=\"page_item page-item-2733\"><a href=\"https:\/\/adultxxxdate.net\/es\/encuentra-sitios-de-conexion-a-los-que-nunca-te-has-unido-antes\/revision-de-bang-locals\/\">Revisi\u00f3n de Bang Locals<\/a><\/li>\n<\/ul>\n<h2>C\u00f3mo clasificamos los sitios<\/h2>\n<p>Gran pregunta, clasificamos las mejores aplicaciones de citas sobre lo f\u00e1cil que es encontrar sexo casual con chicas locales cerca de ti.<\/p>\n<p>Si est\u00e1s buscando sexo, no necesitas buscar m\u00e1s all\u00e1 de las aplicaciones que hemos encontrado para ti.<\/p>\n","protected":false},"excerpt":{"rendered":"<p>Nuestro equipo ha reunido una lista de 40 aplicaciones de citas que puedes probar ahora. Si tiene alguna recomendaci\u00f3n, cont\u00e1ctenos a trav\u00e9s de nuestra p\u00e1gina de contacto e intentaremos revisar cualquier aplicaci\u00f3n adicional que sugiera. C\u00f3mo unirse Encuentra la aplicaci\u00f3n que mejor se adapte a tus necesidades Complete la p\u00e1gina de registro Env\u00eda un mensaje [&hellip;]<\/p>\n","protected":false},"author":1,"featured_media":0,"parent":0,"menu_order":0,"comment_status":"closed","ping_status":"closed","template":"page-full-width.php","meta":[],"_links":{"self":[{"href":"https:\/\/adultxxxdate.net\/es\/wp-json\/wp\/v2\/pages\/3292"}],"collection":[{"href":"https:\/\/adultxxxdate.net\/es\/wp-json\/wp\/v2\/pages"}],"about":[{"href":"https:\/\/adultxxxdate.net\/es\/wp-json\/wp\/v2\/types\/page"}],"author":[{"embeddable":true,"href":"https:\/\/adultxxxdate.net\/es\/wp-json\/wp\/v2\/users\/1"}],"replies":[{"embeddable":true,"href":"https:\/\/adultxxxdate.net\/es\/wp-json\/wp\/v2\/comments?post=3292"}],"version-history":[{"count":0,"href":"https:\/\/adultxxxdate.net\/es\/wp-json\/wp\/v2\/pages\/3292\/revisions"}],"wp:attachment":[{"href":"https:\/\/adultxxxdate.net\/es\/wp-json\/wp\/v2\/media?parent=3292"}],"curies":[{"name":"wp","href":"https:\/\/api.w.org\/{rel}","templated":true}]}}