{"id":2925,"date":"2021-08-31T12:37:41","date_gmt":"2021-08-31T12:37:41","guid":{"rendered":"https:\/\/adultxxxdate.net\/sitios-de-sexo-gratis-sin-tarjeta-de-credito\/"},"modified":"2025-09-21T15:02:35","modified_gmt":"2025-09-21T15:02:35","slug":"sitios-de-sexo-gratis-sin-tarjeta-de-credito","status":"publish","type":"page","link":"https:\/\/adultxxxdate.net\/es\/sitios-de-sexo-gratis-sin-tarjeta-de-credito\/","title":{"rendered":"Sitios de sexo gratis sin tarjeta de cr\u00e9dito"},"content":{"rendered":"<h1>Sitios de sexo gratis sin tarjeta de cr\u00e9dito: conoce putas cachondas cerca de ti \ud83d\udc8b\ud83d\udcf1\ud83d\udd25<\/h1>\n<p>Omitamos la peque\u00f1a charla: si est\u00e1 buscando conexiones divertidas y casuales con mujeres seguras y sexualmente abiertas, no est\u00e1 solo, y s\u00ed, es absolutamente posible encontrarlas cerca de usted. Ya sean MILF aventureras, pumas audaces, divorciadas coquetas o mujeres cachondas que acaban de terminar con el drama, hay toneladas de putas calientes de mente abierta cerca que quieren lo mismo que t\u00fa: sin presi\u00f3n, sin expectativas, solo qu\u00edmica, coqueteo y noches inolvidables. Para aquellos que buscan las mejores plataformas para conectarse con tales personas, explorar varios <a href=\"https:\/\/adultxxxdate.net\/free-meet-and-fuck-sites\/\">sitios de sexo<\/a> puede ser un excelente punto de partida, ya que ofrece una gran cantidad de opciones para satisfacer todas las preferencias. <strong>Esta gu\u00eda te ayudar\u00e1 a:<\/strong> \u2705 Encuentra putas locales reales y calientes en tu \u00e1rea<br \/>\n\u2705 Usa las mejores aplicaciones de citas para encuentros casuales<br \/>\n\u2705 Destaca con mensajes que obtienen respuestas<br \/>\n\u2705 Pasa de \u00abhola\u00bb a conectarse, sin sonar como todos los dem\u00e1s    <\/p>\n<p>Las putas seguras de s\u00ed mismas de hoy en tu zona saben lo que quieren, y no tienen miedo de pedirlo. Y lo que muchos quieren es: <\/p>\n<p>\u2714\ufe0f Diversi\u00f3n sin la presi\u00f3n<br \/>\n\u2714\ufe0f de la relaci\u00f3n Conversaciones coquetas que se convierten en qu\u00edmica<br \/>\n\u2714\ufe0f real Hombres m\u00e1s j\u00f3venes que tienen confianza y no<br \/>\n\u2714\ufe0f tienen dramas Emoci\u00f3n nocturna sin ataduras matutinas  <\/p>\n<p>Ya sea que sea una madre soltera, una puma curiosa o una mujer que explora su lado salvaje, est\u00e1 buscando a alguien que lo entienda, y ese podr\u00edas ser t\u00fa. Explore las posibilidades en los <a href=\"https:\/\/adultxxxdate.net\/\">sitios de citas casuales<\/a> para encontrar la pareja perfecta para sus deseos. <\/p>\n<h2>\ud83d\udcf1 Las mejores aplicaciones de citas para conocer putas locales cerca de ti<\/h2>\n<p>\u00bfQuieres saltarte las conjeturas e ir directamente a la parte divertida? Estas aplicaciones est\u00e1n repletas de putas locales y sexys que buscan conexiones casuales, y son gratuitas para navegar o unirse:<br \/>\nIdeal para: chats r\u00e1pidos y coquetos con citas casuales y MILF <\/p>\n<p>\u2714\ufe0f Ideal para conexiones espont\u00e1neas<br \/>\n\u2714\ufe0f Mujeres abiertas, audaces y juguetonas<br \/>\n\u2714\ufe0f Interfaz simple y emparejamiento r\u00e1pido<\/p>\n<h3>\ud83d\udc60 Ashley Madison<\/h3>\n<p>Ideal para: Conexiones discretas con mujeres casadas o curiosas<\/p>\n<p>\u2714\ufe0f Construido para aventuras secretas y diversi\u00f3n<br \/>\n\u2714\ufe0f privada Muchas mujeres 30+ que buscan un romance<br \/>\n\u2714\ufe0f casual Espacio de chat seguro y libre de juicios<\/p>\n<h3>\ud83d\udd25 Buscador de amigos adultos<\/h3>\n<p>Ideal para: chats salvajes, conexiones y todo lo dem\u00e1s<\/p>\n<p>\u2714\ufe0f Comunidad de mente abierta de MILF, pumas y solteros aventureros<br \/>\n\u2714\ufe0f Ideal para chat de c\u00e1mara, fantas\u00edas y reuniones<br \/>\n\u2714\ufe0f de la vida real Un mont\u00f3n de partidos locales listos para hablar esta noche<\/p>\n<h3>\ud83d\udc8b Vida de puma<\/h3>\n<p>Ideal para: putas mayores y experimentadas que aman a los hombres m\u00e1s j\u00f3venes<\/p>\n<p>\u2714\ufe0f Lleno de MILFs y pumas en busca de diversi\u00f3n<br \/>\n\u2714\ufe0f Los filtros locales te ayudan a conectar a las mujeres cercanas<br \/>\n\u2714\ufe0f aqu\u00ed toman la iniciativa y aman cuando sigues<\/p>\n<h3>\ud83e\udde1 El club de citas MILF<\/h3>\n<p>Ideal para: Putas sofisticadas que buscan aventuras con diferencia de edad<\/p>\n<p>\u2714\ufe0f Miembros femeninos<br \/>\n\u2714\ufe0f verificados y maduros Plataforma<br \/>\n\u2714\ufe0f discreta, coqueta y respetuosa Ideal para encuentros sexys y sin presi\u00f3n<\/p>\n<h2>\ud83d\udcac Consejos para coquetear para atraer el tipo correcto de atenci\u00f3n<\/h2>\n<p>Si buscas diversi\u00f3n sin ataduras, debes abordarlo de la manera correcta: seguro, coqueto y respetuoso.<\/p>\n<h3>\u2705 1. Haga que su perfil est\u00e9 listo para conectarse (sin verg\u00fcenza) <\/h3>\n<p>S\u00e9 claro acerca de tu vibra, pero mantenla elegante.<\/p>\n<p><strong>Biograf\u00eda de ejemplo:  <\/strong><em>Relajado, sin dramas y con gran energ\u00eda y qu\u00edmica fuerte. Buscando conectarse con alguien que sepa lo que quiere y que no tenga miedo de divertirse. <\/em><\/p>\n<p>\ud83d\udcf8 Usa una foto limpia y reciente. Muestra tu cara. Sonre\u00edr. Flexionar la confianza &gt; .   <\/p>\n<h3>\u2705 n\u00famero ar\u00e1bigo. Env\u00edale un mensaje como si lo dijeras en serio <\/h3>\n<p>No env\u00edes \u00abhola\u00bb. Hazla sentir sexy, no spameada. <\/p>\n<p><strong>Probar:<\/strong><\/p>\n<ul>\n<li><em>Tienes ese aspecto: seguro, divertido y lo suficientemente peligroso como para ser interesante. Me gusta. <\/em><\/li>\n<li><em>No estoy aqu\u00ed para hacerte perder el tiempo, pero me encantar\u00eda ayudarte a perder la noche.<\/em><\/li>\n<\/ul>\n<p>Lig\u00f3n. Juguet\u00f3n. Directo.  <\/p>\n<h3>\u2705 3. D\u00e9jela liderar y est\u00e9 listo cuando lo haga <\/h3>\n<p>Las mujeres de mente abierta aman a los hombres que no complican demasiado las cosas. Una vez que la energ\u00eda est\u00e9 all\u00ed, diga algo como: <em>Vayamos a ello: bebidas este fin de semana, \u00bfo deber\u00edamos omitir las bebidas y ver qu\u00e9 pasa?<\/em> <\/p>\n<p>La confianza la excita. Solo lee el ambiente y respeta sus l\u00edmites. <\/p>\n<h2>\ud83d\udca6 \u00bfQu\u00e9 buscan realmente estas zorras en tu \u00e1rea?<\/h2>\n<p>Depende, pero la mayor\u00eda son despu\u00e9s:<\/p>\n<p>\u2714\ufe0f Qu\u00edmica \u2714\ufe0f<br \/>\nreal Conversaciones calientes que van a alg\u00fan lugar<br \/>\n\u2714\ufe0f Citas<br \/>\n\u2714\ufe0f sin presi\u00f3n, divertidas y divertidas Chicos que coquetean bien y mantienen las cosas ligeras  <\/p>\n<p>Ya sea una vez o de forma continua, ella est\u00e1 aqu\u00ed para divertirse <a href=\"https:\/\/adultxxxdate.net\/free-hookup-ads\/\">sin ataduras<\/a> , y asegurarse de que t\u00fa tambi\u00e9n lo hagas.<\/p>\n<h2>\u2705 \u00a1Pensamientos finales! Ella est\u00e1 cerca&#8230; y listo <\/h2>\n<p>Si est\u00e1s cansado de deslizar interminablemente y buscar una conexi\u00f3n real con una mujer divertida y de mente abierta cerca de ti, este es tu momento. No necesitas frases para ligar. <\/p>\n<p><strong>Solo necesitas:<\/strong><\/p>\n<p>\u2705 Un perfil<br \/>\n\u2705 coqueto y real Un mensaje que la hace sonre\u00edr<br \/>\n\u2705 Y la aplicaci\u00f3n de citas adecuada para encontrarla r\u00e1pidamente<\/p>\n\n\t<div class=\"space-shortcode-wrap space-shortcode-4 relative\">\n\t\t<div class=\"space-shortcode-wrap-ins relative\">\n\n\t\t\t\n\t\t\t<div class=\"space-casinos-3-archive-items box-100 relative\">\n\n\t\t\t\t\t\t\t\t\n\t\t\t\t\t\t\t\n\t\t\t\t<div class=\"space-casinos-3-archive-item box-100 relative\">\n\t\t\t\t\t<div class=\"space-casinos-3-archive-item-ins relative\">\n\t\t\t\t\t\t<div class=\"space-casinos-3-archive-item-logo box-25 relative\">\n\t\t\t\t\t\t\t<div class=\"space-casinos-3-archive-item-logo-ins box-100 text-center relative\">\n\t\t\t\t\t\t\t\t\t\t\t\t\t\t\t\t<a href=\"\/links\/onenightfriend\" title=\"OneNightFriend\" target=\"_blank\" rel=\"nofollow\">\n\t\t\t\t\t\t\t\t\t<img src=\"https:\/\/adultxxxdate.net\/wp-content\/uploads\/2021\/07\/onenightfriend-logo-132x80.png\" alt=\"OneNightFriend\">\n\t\t\t\t\t\t\t\t<\/a>\n\t\t\t\t\t\t\t\t\t\t\t\t\t\t\t<\/div>\n\t\t\t\t\t\t\t<div class=\"space-casinos-3-archive-item-count absolute\">\n\t\t\t\t\t\t\t\t<span>1<\/span>\n\t\t\t\t\t\t\t<\/div>\n\t\t\t\t\t\t<\/div>\n\t\t\t\t\t\t<div class=\"space-casinos-3-archive-item-terms box-25 relative\">\n\t\t\t\t\t\t\t<div class=\"space-casinos-3-archive-item-terms-ins box-100 text-center relative\">\n\t\t\t\t\t\t\t\t<img style=\"width: 16px; height: 16px;\" src=\"\/wp-content\/themes\/mercury\/female-organs-vagina-svgrepo-com.svg\"> Female Members: <b>49%<\/b><br>\n\t\t\t\t\t\t\t\t\t<img style=\"width: 16px; height: 16px;\" src=\"\/wp-content\/themes\/mercury\/time-svgrepo-com.svg\"> Sign Up Speed: <b>R\u00e1pido<\/b><br>\n\t\t\t\t\t\t\t\t\t<img style=\"width: 16px; height: 16px;\" src=\"\/wp-content\/themes\/mercury\/woman-svgrepo-com.svg\"> Age Range: <b>18-68<\/b><br>\n\t\t\t\t\t\t\t\t\t<img style=\"width: 16px; height: 16px;\" src=\"\/wp-content\/themes\/mercury\/money-svgrepo-com.svg\"> Free Trial: <b>Yes<\/b><br>\n\t\t\t\t\t\t\t<\/div>\n\t\t\t\t\t\t<\/div>\n\t\t\t\t\t\t<div class=\"space-casinos-3-archive-item-rating box-25 relative\">\n\t\t\t\t\t\t\t<div class=\"space-casinos-3-archive-item-rating-ins box-100 text-center relative\">\n\t\t\t\t\t\t\t\t\t\t\t\t\t\t\t\t<div class=\"space-casinos-3-archive-item-rating-box relative\">\n\t\t\t\t\t\t\t\t\t<div class=\"star-rating\"><span class=\"screen-reader-text\">3,8 rating<\/span><div class=\"star star-full\" aria-hidden=\"true\"><\/div><div class=\"star star-full\" aria-hidden=\"true\"><\/div><div class=\"star star-full\" aria-hidden=\"true\"><\/div><div class=\"star star-half\" aria-hidden=\"true\"><\/div><div class=\"star star-empty\" aria-hidden=\"true\"><\/div><\/div>\t\t\t\t\t\t\t\t\t<span>3.8<\/span>\n\t\t\t\t\t\t\t\t<\/div>\n\n\t\t\t\t\t\t\t\t\t\t\t\t\t\t\t\t\n\t\t\t\t\t\t\t<\/div>\n\t\t\t\t\t\t<\/div>\n\t\t\t\t\t\t<div class=\"space-casinos-3-archive-item-button box-25 relative\">\n\t\t\t\t\t\t\t<div class=\"space-casinos-3-archive-item-button-ins box-100 text-center relative\">\n\t\t\t\t\t\t\t\t<a style=\"background-color: #ef3024 !important;\" href=\"\/links\/onenightfriend\" title=\"Reg\u00edstrese gratis\" target=\"_blank\" rel=\"nofollow\"><i class=\"fas fa-check-circle\"><\/i> Reg\u00edstrese gratis<\/a>\n\n\t\t\t\t\t\t\t<\/div>\n\t\t\t\t\t\t<\/div>\n\t\t\t\t\t<\/div>\n\t\t\t\t<\/div>\n\n\t\t\t\t\t\t\t\t\n\t\t\t\t\t\t\t\n\t\t\t\t<div class=\"space-casinos-3-archive-item box-100 relative\">\n\t\t\t\t\t<div class=\"space-casinos-3-archive-item-ins relative\">\n\t\t\t\t\t\t<div class=\"space-casinos-3-archive-item-logo box-25 relative\">\n\t\t\t\t\t\t\t<div class=\"space-casinos-3-archive-item-logo-ins box-100 text-center relative\">\n\t\t\t\t\t\t\t\t\t\t\t\t\t\t\t\t<a href=\"\/links\/banglocals\" title=\"Locales de Bang\" target=\"_blank\" rel=\"nofollow\">\n\t\t\t\t\t\t\t\t\t<img src=\"https:\/\/adultxxxdate.net\/wp-content\/uploads\/2021\/07\/banglocals-logo2-190x80.png\" alt=\"Locales de Bang\">\n\t\t\t\t\t\t\t\t<\/a>\n\t\t\t\t\t\t\t\t\t\t\t\t\t\t\t<\/div>\n\t\t\t\t\t\t\t<div class=\"space-casinos-3-archive-item-count absolute\">\n\t\t\t\t\t\t\t\t<span>2<\/span>\n\t\t\t\t\t\t\t<\/div>\n\t\t\t\t\t\t<\/div>\n\t\t\t\t\t\t<div class=\"space-casinos-3-archive-item-terms box-25 relative\">\n\t\t\t\t\t\t\t<div class=\"space-casinos-3-archive-item-terms-ins box-100 text-center relative\">\n\t\t\t\t\t\t\t\t<img style=\"width: 16px; height: 16px;\" src=\"\/wp-content\/themes\/mercury\/female-organs-vagina-svgrepo-com.svg\"> Female Members: <b>48%<\/b><br>\n\t\t\t\t\t\t\t\t\t<img style=\"width: 16px; height: 16px;\" src=\"\/wp-content\/themes\/mercury\/time-svgrepo-com.svg\"> Sign Up Speed: <b>R\u00e1pido<\/b><br>\n\t\t\t\t\t\t\t\t\t<img style=\"width: 16px; height: 16px;\" src=\"\/wp-content\/themes\/mercury\/woman-svgrepo-com.svg\"> Age Range: <b>18-75<\/b><br>\n\t\t\t\t\t\t\t\t\t<img style=\"width: 16px; height: 16px;\" src=\"\/wp-content\/themes\/mercury\/money-svgrepo-com.svg\"> Free Trial: <b>Yes<\/b><br>\n\t\t\t\t\t\t\t<\/div>\n\t\t\t\t\t\t<\/div>\n\t\t\t\t\t\t<div class=\"space-casinos-3-archive-item-rating box-25 relative\">\n\t\t\t\t\t\t\t<div class=\"space-casinos-3-archive-item-rating-ins box-100 text-center relative\">\n\t\t\t\t\t\t\t\t\t\t\t\t\t\t\t\t<div class=\"space-casinos-3-archive-item-rating-box relative\">\n\t\t\t\t\t\t\t\t\t<div class=\"star-rating\"><span class=\"screen-reader-text\">3,8 rating<\/span><div class=\"star star-full\" aria-hidden=\"true\"><\/div><div class=\"star star-full\" aria-hidden=\"true\"><\/div><div class=\"star star-full\" aria-hidden=\"true\"><\/div><div class=\"star star-half\" aria-hidden=\"true\"><\/div><div class=\"star star-empty\" aria-hidden=\"true\"><\/div><\/div>\t\t\t\t\t\t\t\t\t<span>3.8<\/span>\n\t\t\t\t\t\t\t\t<\/div>\n\n\t\t\t\t\t\t\t\t\t\t\t\t\t\t\t\t\n\t\t\t\t\t\t\t<\/div>\n\t\t\t\t\t\t<\/div>\n\t\t\t\t\t\t<div class=\"space-casinos-3-archive-item-button box-25 relative\">\n\t\t\t\t\t\t\t<div class=\"space-casinos-3-archive-item-button-ins box-100 text-center relative\">\n\t\t\t\t\t\t\t\t<a style=\"background-color: #ef3024 !important;\" href=\"\/links\/banglocals\" title=\"Reg\u00edstrese gratis\" target=\"_blank\" rel=\"nofollow\"><i class=\"fas fa-check-circle\"><\/i> Reg\u00edstrese gratis<\/a>\n\n\t\t\t\t\t\t\t<\/div>\n\t\t\t\t\t\t<\/div>\n\t\t\t\t\t<\/div>\n\t\t\t\t<\/div>\n\n\t\t\t\t\t\t\t\t\n\t\t\t\t\t\t\t\n\t\t\t\t<div class=\"space-casinos-3-archive-item box-100 relative\">\n\t\t\t\t\t<div class=\"space-casinos-3-archive-item-ins relative\">\n\t\t\t\t\t\t<div class=\"space-casinos-3-archive-item-logo box-25 relative\">\n\t\t\t\t\t\t\t<div class=\"space-casinos-3-archive-item-logo-ins box-100 text-center relative\">\n\t\t\t\t\t\t\t\t\t\t\t\t\t\t\t\t<a href=\"\/links\/milfplay\" title=\"MilfPlay\" target=\"_blank\" rel=\"nofollow\">\n\t\t\t\t\t\t\t\t\t<img src=\"https:\/\/adultxxxdate.net\/wp-content\/uploads\/2021\/07\/milfplay-logo.png\" alt=\"MilfPlay\">\n\t\t\t\t\t\t\t\t<\/a>\n\t\t\t\t\t\t\t\t\t\t\t\t\t\t\t<\/div>\n\t\t\t\t\t\t\t<div class=\"space-casinos-3-archive-item-count absolute\">\n\t\t\t\t\t\t\t\t<span>3<\/span>\n\t\t\t\t\t\t\t<\/div>\n\t\t\t\t\t\t<\/div>\n\t\t\t\t\t\t<div class=\"space-casinos-3-archive-item-terms box-25 relative\">\n\t\t\t\t\t\t\t<div class=\"space-casinos-3-archive-item-terms-ins box-100 text-center relative\">\n\t\t\t\t\t\t\t\t<img style=\"width: 16px; height: 16px;\" src=\"\/wp-content\/themes\/mercury\/female-organs-vagina-svgrepo-com.svg\"> Female Members: <b>48%<\/b><br>\n\t\t\t\t\t\t\t\t\t<img style=\"width: 16px; height: 16px;\" src=\"\/wp-content\/themes\/mercury\/time-svgrepo-com.svg\"> Sign Up Speed: <b>R\u00e1pido<\/b><br>\n\t\t\t\t\t\t\t\t\t<img style=\"width: 16px; height: 16px;\" src=\"\/wp-content\/themes\/mercury\/woman-svgrepo-com.svg\"> Age Range: <b>18-75<\/b><br>\n\t\t\t\t\t\t\t\t\t<img style=\"width: 16px; height: 16px;\" src=\"\/wp-content\/themes\/mercury\/money-svgrepo-com.svg\"> Free Trial: <b>Yes<\/b><br>\n\t\t\t\t\t\t\t<\/div>\n\t\t\t\t\t\t<\/div>\n\t\t\t\t\t\t<div class=\"space-casinos-3-archive-item-rating box-25 relative\">\n\t\t\t\t\t\t\t<div class=\"space-casinos-3-archive-item-rating-ins box-100 text-center relative\">\n\t\t\t\t\t\t\t\t\t\t\t\t\t\t\t\t<div class=\"space-casinos-3-archive-item-rating-box relative\">\n\t\t\t\t\t\t\t\t\t<div class=\"star-rating\"><span class=\"screen-reader-text\">3,8 rating<\/span><div class=\"star star-full\" aria-hidden=\"true\"><\/div><div class=\"star star-full\" aria-hidden=\"true\"><\/div><div class=\"star star-full\" aria-hidden=\"true\"><\/div><div class=\"star star-half\" aria-hidden=\"true\"><\/div><div class=\"star star-empty\" aria-hidden=\"true\"><\/div><\/div>\t\t\t\t\t\t\t\t\t<span>3.8<\/span>\n\t\t\t\t\t\t\t\t<\/div>\n\n\t\t\t\t\t\t\t\t\t\t\t\t\t\t\t\t\n\t\t\t\t\t\t\t<\/div>\n\t\t\t\t\t\t<\/div>\n\t\t\t\t\t\t<div class=\"space-casinos-3-archive-item-button box-25 relative\">\n\t\t\t\t\t\t\t<div class=\"space-casinos-3-archive-item-button-ins box-100 text-center relative\">\n\t\t\t\t\t\t\t\t<a style=\"background-color: #ef3024 !important;\" href=\"\/links\/milfplay\" title=\"Reg\u00edstrese gratis\" target=\"_blank\" rel=\"nofollow\"><i class=\"fas fa-check-circle\"><\/i> Reg\u00edstrese gratis<\/a>\n\n\t\t\t\t\t\t\t<\/div>\n\t\t\t\t\t\t<\/div>\n\t\t\t\t\t<\/div>\n\t\t\t\t<\/div>\n\n\t\t\t\t\t\t\t\t\n\t\t\t\t\t\t\t\n\t\t\t\t<div class=\"space-casinos-3-archive-item box-100 relative\">\n\t\t\t\t\t<div class=\"space-casinos-3-archive-item-ins relative\">\n\t\t\t\t\t\t<div class=\"space-casinos-3-archive-item-logo box-25 relative\">\n\t\t\t\t\t\t\t<div class=\"space-casinos-3-archive-item-logo-ins box-100 text-center relative\">\n\t\t\t\t\t\t\t\t\t\t\t\t\t\t\t\t<a href=\"\/links\/waystomeet\" title=\"WaysToMeet\" target=\"_blank\" rel=\"nofollow\">\n\t\t\t\t\t\t\t\t\t<img src=\"https:\/\/adultxxxdate.net\/wp-content\/uploads\/2021\/07\/waystomeet-dark-80x80.png\" alt=\"WaysToMeet\">\n\t\t\t\t\t\t\t\t<\/a>\n\t\t\t\t\t\t\t\t\t\t\t\t\t\t\t<\/div>\n\t\t\t\t\t\t\t<div class=\"space-casinos-3-archive-item-count absolute\">\n\t\t\t\t\t\t\t\t<span>4<\/span>\n\t\t\t\t\t\t\t<\/div>\n\t\t\t\t\t\t<\/div>\n\t\t\t\t\t\t<div class=\"space-casinos-3-archive-item-terms box-25 relative\">\n\t\t\t\t\t\t\t<div class=\"space-casinos-3-archive-item-terms-ins box-100 text-center relative\">\n\t\t\t\t\t\t\t\t<img style=\"width: 16px; height: 16px;\" src=\"\/wp-content\/themes\/mercury\/female-organs-vagina-svgrepo-com.svg\"> Female Members: <b>48%<\/b><br>\n\t\t\t\t\t\t\t\t\t<img style=\"width: 16px; height: 16px;\" src=\"\/wp-content\/themes\/mercury\/time-svgrepo-com.svg\"> Sign Up Speed: <b>R\u00e1pido<\/b><br>\n\t\t\t\t\t\t\t\t\t<img style=\"width: 16px; height: 16px;\" src=\"\/wp-content\/themes\/mercury\/woman-svgrepo-com.svg\"> Age Range: <b>18-75<\/b><br>\n\t\t\t\t\t\t\t\t\t<img style=\"width: 16px; height: 16px;\" src=\"\/wp-content\/themes\/mercury\/money-svgrepo-com.svg\"> Free Trial: <b>Yes<\/b><br>\n\t\t\t\t\t\t\t<\/div>\n\t\t\t\t\t\t<\/div>\n\t\t\t\t\t\t<div class=\"space-casinos-3-archive-item-rating box-25 relative\">\n\t\t\t\t\t\t\t<div class=\"space-casinos-3-archive-item-rating-ins box-100 text-center relative\">\n\t\t\t\t\t\t\t\t\t\t\t\t\t\t\t\t<div class=\"space-casinos-3-archive-item-rating-box relative\">\n\t\t\t\t\t\t\t\t\t<div class=\"star-rating\"><span class=\"screen-reader-text\">3,8 rating<\/span><div class=\"star star-full\" aria-hidden=\"true\"><\/div><div class=\"star star-full\" aria-hidden=\"true\"><\/div><div class=\"star star-full\" aria-hidden=\"true\"><\/div><div class=\"star star-half\" aria-hidden=\"true\"><\/div><div class=\"star star-empty\" aria-hidden=\"true\"><\/div><\/div>\t\t\t\t\t\t\t\t\t<span>3.8<\/span>\n\t\t\t\t\t\t\t\t<\/div>\n\n\t\t\t\t\t\t\t\t\t\t\t\t\t\t\t\t\n\t\t\t\t\t\t\t<\/div>\n\t\t\t\t\t\t<\/div>\n\t\t\t\t\t\t<div class=\"space-casinos-3-archive-item-button box-25 relative\">\n\t\t\t\t\t\t\t<div class=\"space-casinos-3-archive-item-button-ins box-100 text-center relative\">\n\t\t\t\t\t\t\t\t<a style=\"background-color: #ef3024 !important;\" href=\"\/links\/waystomeet\" title=\"Reg\u00edstrese gratis\" target=\"_blank\" rel=\"nofollow\"><i class=\"fas fa-check-circle\"><\/i> Reg\u00edstrese gratis<\/a>\n\n\t\t\t\t\t\t\t<\/div>\n\t\t\t\t\t\t<\/div>\n\t\t\t\t\t<\/div>\n\t\t\t\t<\/div>\n\n\t\t\t\t\t\t\t\t\n\t\t\t\t\t\t\t\n\t\t\t\t<div class=\"space-casinos-3-archive-item box-100 relative\">\n\t\t\t\t\t<div class=\"space-casinos-3-archive-item-ins relative\">\n\t\t\t\t\t\t<div class=\"space-casinos-3-archive-item-logo box-25 relative\">\n\t\t\t\t\t\t\t<div class=\"space-casinos-3-archive-item-logo-ins box-100 text-center relative\">\n\t\t\t\t\t\t\t\t\t\t\t\t\t\t\t\t<a href=\"\/links\/comewithyou\" title=\"ComeWithYou\" target=\"_blank\" rel=\"nofollow\">\n\t\t\t\t\t\t\t\t\t<img src=\"https:\/\/adultxxxdate.net\/wp-content\/uploads\/2021\/07\/comewithyou-logo.png\" alt=\"ComeWithYou\">\n\t\t\t\t\t\t\t\t<\/a>\n\t\t\t\t\t\t\t\t\t\t\t\t\t\t\t<\/div>\n\t\t\t\t\t\t\t<div class=\"space-casinos-3-archive-item-count absolute\">\n\t\t\t\t\t\t\t\t<span>5<\/span>\n\t\t\t\t\t\t\t<\/div>\n\t\t\t\t\t\t<\/div>\n\t\t\t\t\t\t<div class=\"space-casinos-3-archive-item-terms box-25 relative\">\n\t\t\t\t\t\t\t<div class=\"space-casinos-3-archive-item-terms-ins box-100 text-center relative\">\n\t\t\t\t\t\t\t\t<img style=\"width: 16px; height: 16px;\" src=\"\/wp-content\/themes\/mercury\/female-organs-vagina-svgrepo-com.svg\"> Female Members: <b>51%<\/b><br>\n\t\t\t\t\t\t\t\t\t<img style=\"width: 16px; height: 16px;\" src=\"\/wp-content\/themes\/mercury\/time-svgrepo-com.svg\"> Sign Up Speed: <b>R\u00e1pido<\/b><br>\n\t\t\t\t\t\t\t\t\t<img style=\"width: 16px; height: 16px;\" src=\"\/wp-content\/themes\/mercury\/woman-svgrepo-com.svg\"> Age Range: <b>18-65<\/b><br>\n\t\t\t\t\t\t\t\t\t<img style=\"width: 16px; height: 16px;\" src=\"\/wp-content\/themes\/mercury\/money-svgrepo-com.svg\"> Free Trial: <b>Yes<\/b><br>\n\t\t\t\t\t\t\t<\/div>\n\t\t\t\t\t\t<\/div>\n\t\t\t\t\t\t<div class=\"space-casinos-3-archive-item-rating box-25 relative\">\n\t\t\t\t\t\t\t<div class=\"space-casinos-3-archive-item-rating-ins box-100 text-center relative\">\n\t\t\t\t\t\t\t\t\t\t\t\t\t\t\t\t<div class=\"space-casinos-3-archive-item-rating-box relative\">\n\t\t\t\t\t\t\t\t\t<div class=\"star-rating\"><span class=\"screen-reader-text\">4,0 rating<\/span><div class=\"star star-full\" aria-hidden=\"true\"><\/div><div class=\"star star-full\" aria-hidden=\"true\"><\/div><div class=\"star star-full\" aria-hidden=\"true\"><\/div><div class=\"star star-full\" aria-hidden=\"true\"><\/div><div class=\"star star-empty\" aria-hidden=\"true\"><\/div><\/div>\t\t\t\t\t\t\t\t\t<span>4.0<\/span>\n\t\t\t\t\t\t\t\t<\/div>\n\n\t\t\t\t\t\t\t\t\t\t\t\t\t\t\t\t\n\t\t\t\t\t\t\t<\/div>\n\t\t\t\t\t\t<\/div>\n\t\t\t\t\t\t<div class=\"space-casinos-3-archive-item-button box-25 relative\">\n\t\t\t\t\t\t\t<div class=\"space-casinos-3-archive-item-button-ins box-100 text-center relative\">\n\t\t\t\t\t\t\t\t<a style=\"background-color: #ef3024 !important;\" href=\"\/links\/comewithyou\" title=\"Reg\u00edstrese gratis\" target=\"_blank\" rel=\"nofollow\"><i class=\"fas fa-check-circle\"><\/i> Reg\u00edstrese gratis<\/a>\n\n\t\t\t\t\t\t\t<\/div>\n\t\t\t\t\t\t<\/div>\n\t\t\t\t\t<\/div>\n\t\t\t\t<\/div>\n\n\t\t\t\t\n\t\t\t<\/div>\n\t\t\t\n\t\t<\/div>\n\t<\/div>\n\n\n<h3>\ud83d\udc49 \u00bfListo para conocer putas locales?<\/h3>\n<p>Comience ahora uni\u00e9ndose a una (\u00a1o m\u00e1s!) de las principales plataformas de citas:<\/p>\n<ul>\n<li>S\u00e9 travieso<\/li>\n<li>Ashley Madison<\/li>\n<li>Buscador de amigos adultos<\/li>\n<li>Vida de puma<\/li>\n<li>El club de citas MILF<\/li>\n<\/ul>\n<p>\ud83d\udccd Ella es local \ud83d\udcac Est\u00e1 en l\u00ednea \ud83d\udd25 Y est\u00e1 buscando a alguien que lo entienda<\/p>\n<p>Env\u00eda el mensaje. Inicia el chat. Y deja que las cosas se pongan divertidas, r\u00e1pido. \ud83d\udc8b\ud83d\udcf1\ud83d\ude08   <\/p>\n","protected":false},"excerpt":{"rendered":"<p>Sitios de sexo gratis sin tarjeta de cr\u00e9dito: conoce putas cachondas cerca de ti \ud83d\udc8b\ud83d\udcf1\ud83d\udd25 Omitamos la peque\u00f1a charla: si est\u00e1 buscando conexiones divertidas y casuales con mujeres seguras y sexualmente abiertas, no est\u00e1 solo, y s\u00ed, es absolutamente posible encontrarlas cerca de usted. Ya sean MILF aventureras, pumas audaces, divorciadas coquetas o mujeres cachondas [&hellip;]<\/p>\n","protected":false},"author":1,"featured_media":0,"parent":0,"menu_order":0,"comment_status":"closed","ping_status":"closed","template":"page-without-title.php","meta":[],"_links":{"self":[{"href":"https:\/\/adultxxxdate.net\/es\/wp-json\/wp\/v2\/pages\/2925"}],"collection":[{"href":"https:\/\/adultxxxdate.net\/es\/wp-json\/wp\/v2\/pages"}],"about":[{"href":"https:\/\/adultxxxdate.net\/es\/wp-json\/wp\/v2\/types\/page"}],"author":[{"embeddable":true,"href":"https:\/\/adultxxxdate.net\/es\/wp-json\/wp\/v2\/users\/1"}],"replies":[{"embeddable":true,"href":"https:\/\/adultxxxdate.net\/es\/wp-json\/wp\/v2\/comments?post=2925"}],"version-history":[{"count":1,"href":"https:\/\/adultxxxdate.net\/es\/wp-json\/wp\/v2\/pages\/2925\/revisions"}],"predecessor-version":[{"id":3330,"href":"https:\/\/adultxxxdate.net\/es\/wp-json\/wp\/v2\/pages\/2925\/revisions\/3330"}],"wp:attachment":[{"href":"https:\/\/adultxxxdate.net\/es\/wp-json\/wp\/v2\/media?parent=2925"}],"curies":[{"name":"wp","href":"https:\/\/api.w.org\/{rel}","templated":true}]}}