{"id":2759,"date":"2021-12-16T16:55:31","date_gmt":"2021-12-16T16:55:31","guid":{"rendered":"https:\/\/adultxxxdate.net\/juegos-porno-sin-inicio-de-sesion\/"},"modified":"2021-12-16T16:55:31","modified_gmt":"2021-12-16T16:55:31","slug":"juegos-porno-sin-inicio-de-sesion","status":"publish","type":"page","link":"https:\/\/adultxxxdate.net\/es\/juegos-porno-sin-inicio-de-sesion\/","title":{"rendered":"Juegos porno Sin inicio de sesi\u00f3n"},"content":{"rendered":"<h1>Juegos porno Sin inicio de sesi\u00f3n<\/h1>\n\n\t<div class=\"space-shortcode-wrap space-games-shortcode-1 relative relative\">\n\t\t<div class=\"space-shortcode-wrap-ins relative\">\n\n\t\t\t\n\t\t\t<div class=\"space-games-archive-items box-100 relative\">\n\n\t\t\t\t\n\t\t\t\t<div class=\"space-games-archive-item box-50 relative\">\n\t\t\t\t\t<div class=\"space-games-archive-item-ins relative\">\n\t\t\t\t\t\t\t\t\t\t\t\t<div class=\"space-games-archive-item-img relative\">\n\t\t\t\t\t\t\t<a href=\"\/links\/hentaiheroes\" title=\"H\u00e9roes Hentai\">\n\t\t\t\t\t\t\t\t<img src=\"https:\/\/adultxxxdate.net\/wp-content\/uploads\/2021\/04\/hentaiheroes_main-review-450x317.jpg\" alt=\"H\u00e9roes Hentai\">\n\t\t\t\t\t\t\t<\/a>\n\t\t\t\t\t\t<\/div>\n\t\t\t\t\t\t\t\t\t\t\t\t<div class=\"space-games-archive-item-wrap text-center relative\">\n\t\t\t\t\t\t\t<div class=\"space-games-archive-item-title relative\">\n\t\t\t\t\t\t\t\t<a href=\"\/links\/hentaiheroes\" title=\"H\u00e9roes Hentai\">H\u00e9roes Hentai<\/a>\n\t\t\t\t\t\t\t<\/div>\n\n\t\t\t\t\t\t\t\t\t\t\t\t\t\t<div class=\"space-games-archive-item-short-desc relative\">\n\t\t\t\t\t\t\t\tUn juego de sexo para adultos de estilo anime, que te permite navegar por un mundo virtual.\t\t\t\t\t\t\t<\/div>\n\t\t\t\t\t\t\t\n\t\t\t\t\t\t\t<div class=\"space-games-archive-item-button relative\">\n\t\t\t\t\t\t\t\t<a href=\"\/links\/hentaiheroes\" title=\"Juega ahora\" target=\"_blank\" rel=\"nofollow\">Juega ahora<\/a>\n\t\t\t\t\t\t\t<\/div>\n\n\t\t\t\t\t\t\t\t\t\t\t\t\t\n\t\t\t\t\t\t<\/div>\n\t\t\t\t\t<\/div>\n\t\t\t\t<\/div>\n\n\t\t\t\t\n\t\t\t\t<div class=\"space-games-archive-item box-50 relative\">\n\t\t\t\t\t<div class=\"space-games-archive-item-ins relative\">\n\t\t\t\t\t\t\t\t\t\t\t\t<div class=\"space-games-archive-item-img relative\">\n\t\t\t\t\t\t\t<a href=\"\/links\/sexemulator\" title=\"SexEmulator\">\n\t\t\t\t\t\t\t\t<img src=\"https:\/\/adultxxxdate.net\/wp-content\/uploads\/2021\/04\/sex-emulator-review-image-450x317.jpg\" alt=\"SexEmulator\">\n\t\t\t\t\t\t\t<\/a>\n\t\t\t\t\t\t<\/div>\n\t\t\t\t\t\t\t\t\t\t\t\t<div class=\"space-games-archive-item-wrap text-center relative\">\n\t\t\t\t\t\t\t<div class=\"space-games-archive-item-title relative\">\n\t\t\t\t\t\t\t\t<a href=\"\/links\/sexemulator\" title=\"SexEmulator\">SexEmulator<\/a>\n\t\t\t\t\t\t\t<\/div>\n\n\t\t\t\t\t\t\t\t\t\t\t\t\t\t<div class=\"space-games-archive-item-short-desc relative\">\n\t\t\t\t\t\t\t\tUno de los juegos sexuales en 3D mejor valorados. Crea tu personaje y emula tus fantas\u00edas.\t\t\t\t\t\t\t<\/div>\n\t\t\t\t\t\t\t\n\t\t\t\t\t\t\t<div class=\"space-games-archive-item-button relative\">\n\t\t\t\t\t\t\t\t<a href=\"\/links\/sexemulator\" title=\"Juega ahora\" target=\"_blank\" rel=\"nofollow\">Juega ahora<\/a>\n\t\t\t\t\t\t\t<\/div>\n\n\t\t\t\t\t\t\t\t\t\t\t\t\t\n\t\t\t\t\t\t<\/div>\n\t\t\t\t\t<\/div>\n\t\t\t\t<\/div>\n\n\t\t\t\t\n\t\t\t<\/div>\n\t\t\n\t\t<\/div>\n\t<\/div>\n\n\n<h2>Juegos de sexo gratis No te registras<\/h2>\n<p>Mejorar la vida sexual es una de las tareas m\u00e1s desafiantes para muchos adultos con su apretada agenda. Si has decidido mejorar tu vida sexual, entonces puedes sentirte libre de ponerte en contacto con la plataforma especializada y sugerida por su gran colecci\u00f3n de juegos porno. Puede explorar las principales atracciones de los juegos sexuales uno tras otro y pasar el ocio lo m\u00e1s agradable posible. Una vez que haya comenzado a jugar los juegos sexuales ricos en cosas entretenidas para adultos, puede obtener el 100% de satisfacci\u00f3n sexual y hacer realidad sus deseos sobre la vida sexual mejorada.<\/p>\n<h2>Juegos porno Sin registro<\/h2>\n<p>Cada jugador de los juegos sexuales tridimensionales obtiene una serie de cosas favorables. Obtienen m\u00e1s diversi\u00f3n sexual de lo esperado y se animan a condimentar las cosas en su sesi\u00f3n de juegos previos. Est\u00e1n dispuestos a jugar los juegos sexuales en 3D m\u00e1s modernos uno tras otro y disfrutar del tiempo libre m\u00e1s all\u00e1 de sus deseos. Si lee testimonios de jugadores de juegos sexuales en esta categor\u00eda, puede obtener suficiente asistencia y asegurarse de c\u00f3mo elegir y <a href=\"https:\/\/adultxxxdate.net\/es\/xxx-juegos-para-iphone\/\">jugar el juego sexual adecuado<\/a>. Te convertir\u00e1s en un fan\u00e1tico del juego sexual en 3D y te animar\u00e1s a participar en esta forma de diversi\u00f3n para adultos.<\/p>\n<p>Los jugadores de los juegos sexuales en l\u00ednea como behind the dune, la escuela de la lista, los sue\u00f1os de deseo y otros juegos tienen oportunidades cada vez mayores de explorar las cosas entretenidas para adultos. Encuentran y usan todas las opciones para la mayor satisfacci\u00f3n sexual posible. Se aseguran una mejora excepcional en su forma de participar en el mundo del juego sexual. Puede tomar nota de las sugerencias sobre c\u00f3mo elegir y jugar a los juegos porno ricos en cosas entretenidas para adultos. Obtendr\u00e1 la incre\u00edble asistencia y tendr\u00e1 una variedad de cosas entretenidas para adultos.<\/p>\n","protected":false},"excerpt":{"rendered":"<p>Juegos porno Sin inicio de sesi\u00f3n Juegos de sexo gratis No te registras Mejorar la vida sexual es una de las tareas m\u00e1s desafiantes para muchos adultos con su apretada agenda. Si has decidido mejorar tu vida sexual, entonces puedes sentirte libre de ponerte en contacto con la plataforma especializada y sugerida por su gran [&hellip;]<\/p>\n","protected":false},"author":1,"featured_media":0,"parent":0,"menu_order":0,"comment_status":"closed","ping_status":"closed","template":"page-without-title.php","meta":[],"_links":{"self":[{"href":"https:\/\/adultxxxdate.net\/es\/wp-json\/wp\/v2\/pages\/2759"}],"collection":[{"href":"https:\/\/adultxxxdate.net\/es\/wp-json\/wp\/v2\/pages"}],"about":[{"href":"https:\/\/adultxxxdate.net\/es\/wp-json\/wp\/v2\/types\/page"}],"author":[{"embeddable":true,"href":"https:\/\/adultxxxdate.net\/es\/wp-json\/wp\/v2\/users\/1"}],"replies":[{"embeddable":true,"href":"https:\/\/adultxxxdate.net\/es\/wp-json\/wp\/v2\/comments?post=2759"}],"version-history":[{"count":0,"href":"https:\/\/adultxxxdate.net\/es\/wp-json\/wp\/v2\/pages\/2759\/revisions"}],"wp:attachment":[{"href":"https:\/\/adultxxxdate.net\/es\/wp-json\/wp\/v2\/media?parent=2759"}],"curies":[{"name":"wp","href":"https:\/\/api.w.org\/{rel}","templated":true}]}}