{"id":2712,"date":"2021-12-16T16:56:00","date_gmt":"2021-12-16T16:56:00","guid":{"rendered":"https:\/\/adultxxxdate.net\/xxx-juegos-para-iphone\/"},"modified":"2021-12-16T16:56:00","modified_gmt":"2021-12-16T16:56:00","slug":"xxx-juegos-para-iphone","status":"publish","type":"page","link":"https:\/\/adultxxxdate.net\/es\/xxx-juegos-para-iphone\/","title":{"rendered":"XXX Juegos para iPhone"},"content":{"rendered":"<h1>XXX Juegos para iPhone<\/h1>\n\n\t<div class=\"space-shortcode-wrap space-games-shortcode-1 relative relative\">\n\t\t<div class=\"space-shortcode-wrap-ins relative\">\n\n\t\t\t\n\t\t\t<div class=\"space-games-archive-items box-100 relative\">\n\n\t\t\t\t\n\t\t\t\t<div class=\"space-games-archive-item box-50 relative\">\n\t\t\t\t\t<div class=\"space-games-archive-item-ins relative\">\n\t\t\t\t\t\t\t\t\t\t\t\t<div class=\"space-games-archive-item-img relative\">\n\t\t\t\t\t\t\t<a href=\"\/links\/hentaiheroes\" title=\"H\u00e9roes Hentai\">\n\t\t\t\t\t\t\t\t<img src=\"https:\/\/adultxxxdate.net\/wp-content\/uploads\/2021\/04\/hentaiheroes_main-review-450x317.jpg\" alt=\"H\u00e9roes Hentai\">\n\t\t\t\t\t\t\t<\/a>\n\t\t\t\t\t\t<\/div>\n\t\t\t\t\t\t\t\t\t\t\t\t<div class=\"space-games-archive-item-wrap text-center relative\">\n\t\t\t\t\t\t\t<div class=\"space-games-archive-item-title relative\">\n\t\t\t\t\t\t\t\t<a href=\"\/links\/hentaiheroes\" title=\"H\u00e9roes Hentai\">H\u00e9roes Hentai<\/a>\n\t\t\t\t\t\t\t<\/div>\n\n\t\t\t\t\t\t\t\t\t\t\t\t\t\t<div class=\"space-games-archive-item-short-desc relative\">\n\t\t\t\t\t\t\t\tUn juego de sexo para adultos de estilo anime, que te permite navegar por un mundo virtual.\t\t\t\t\t\t\t<\/div>\n\t\t\t\t\t\t\t\n\t\t\t\t\t\t\t<div class=\"space-games-archive-item-button relative\">\n\t\t\t\t\t\t\t\t<a href=\"\/links\/hentaiheroes\" title=\"Juega ahora\" target=\"_blank\" rel=\"nofollow\">Juega ahora<\/a>\n\t\t\t\t\t\t\t<\/div>\n\n\t\t\t\t\t\t\t\t\t\t\t\t\t\n\t\t\t\t\t\t<\/div>\n\t\t\t\t\t<\/div>\n\t\t\t\t<\/div>\n\n\t\t\t\t\n\t\t\t\t<div class=\"space-games-archive-item box-50 relative\">\n\t\t\t\t\t<div class=\"space-games-archive-item-ins relative\">\n\t\t\t\t\t\t\t\t\t\t\t\t<div class=\"space-games-archive-item-img relative\">\n\t\t\t\t\t\t\t<a href=\"\/links\/sexemulator\" title=\"SexEmulator\">\n\t\t\t\t\t\t\t\t<img src=\"https:\/\/adultxxxdate.net\/wp-content\/uploads\/2021\/04\/sex-emulator-review-image-450x317.jpg\" alt=\"SexEmulator\">\n\t\t\t\t\t\t\t<\/a>\n\t\t\t\t\t\t<\/div>\n\t\t\t\t\t\t\t\t\t\t\t\t<div class=\"space-games-archive-item-wrap text-center relative\">\n\t\t\t\t\t\t\t<div class=\"space-games-archive-item-title relative\">\n\t\t\t\t\t\t\t\t<a href=\"\/links\/sexemulator\" title=\"SexEmulator\">SexEmulator<\/a>\n\t\t\t\t\t\t\t<\/div>\n\n\t\t\t\t\t\t\t\t\t\t\t\t\t\t<div class=\"space-games-archive-item-short-desc relative\">\n\t\t\t\t\t\t\t\tUno de los juegos sexuales en 3D mejor valorados. Crea tu personaje y emula tus fantas\u00edas.\t\t\t\t\t\t\t<\/div>\n\t\t\t\t\t\t\t\n\t\t\t\t\t\t\t<div class=\"space-games-archive-item-button relative\">\n\t\t\t\t\t\t\t\t<a href=\"\/links\/sexemulator\" title=\"Juega ahora\" target=\"_blank\" rel=\"nofollow\">Juega ahora<\/a>\n\t\t\t\t\t\t\t<\/div>\n\n\t\t\t\t\t\t\t\t\t\t\t\t\t\n\t\t\t\t\t\t<\/div>\n\t\t\t\t\t<\/div>\n\t\t\t\t<\/div>\n\n\t\t\t\t\n\t\t\t<\/div>\n\t\t\n\t\t<\/div>\n\t<\/div>\n\n\n<h2>Juegos sexuales para iOS<\/h2>\n<p>Cada jugador de cualquier <a href=\"https:\/\/adultxxxdate.net\/es\/juegos-porno-sin-inicio-de-sesion\/\">juego sexual<\/a> no deja de obtener una buena mejora en su diversi\u00f3n adulta y vida sexual. Muchas parejas en todo el mundo juegan juegos sexuales para perfeccionar sus habilidades de comunicaci\u00f3n para un mejor sexo. Tienen inter\u00e9s en hacer cosas nuevas y comunicarse con la pareja sexual antes, durante y despu\u00e9s del sexo. Esperan un sexo perfecto desprovisto de cualquier esfuerzo para reducir su diversi\u00f3n adulta. Muchos adultos desean tener situaciones en las que el buen sexo llegue justo cuando menos lo esperan. Esto se debe a que sienten que un gran sexo requiere trabajo. Pueden trabajar en los mejores juegos sexuales en el futuro y hacer que su vida sexual sea mejor que ahora.<\/p>\n<h2>Juegos sexuales para iPhone<\/h2>\n<p>Yareel es un juego de sexo en l\u00ednea picante y reconocido por su naturaleza altamente adictiva y llena de sorpresas. Como jugador de este juego sexual, tienes que hacer tu propio avatar al principio y personalizarlo de la manera que desees. Puede continuar con la reuni\u00f3n y las citas con otros usuarios reales en esta plataforma. Las caracter\u00edsticas de primera clase del avatar ayudan a los jugadores a satisfacer sus deseos sexuales ocultos y brindan oportunidades de sexo virtual en l\u00ednea ilimitado. Caracter\u00edsticas interesantes y excelentes gr\u00e1ficos hacen que este juego sea muy popular y brinde satisfacci\u00f3n sexual al 100% a cada jugador.<\/p>\n<p>Second Life es un juego de sexo en l\u00ednea superior donde todos pueden unirse sin costo y entrar en el mundo del sexo virtual sin dificultad y retraso. Hay personajes principales en este juego porno de muy buena reputaci\u00f3n. Este juego hace que todos los jugadores est\u00e9n encantados. Es el momento adecuado para explorar la segunda vida y aprovechar cada oportunidad para condimentar las cosas en su diversi\u00f3n sexual virtual. En este mundo de juego, los jugadores pueden hacer crecer su negocio y hacer grandes cosas para ser muy populares. Los personajes femeninos en este juego est\u00e1n cuidadosamente dise\u00f1ados y son de primera categor\u00eda por naturaleza.<\/p>\n","protected":false},"excerpt":{"rendered":"<p>XXX Juegos para iPhone Juegos sexuales para iOS Cada jugador de cualquier juego sexual no deja de obtener una buena mejora en su diversi\u00f3n adulta y vida sexual. Muchas parejas en todo el mundo juegan juegos sexuales para perfeccionar sus habilidades de comunicaci\u00f3n para un mejor sexo. Tienen inter\u00e9s en hacer cosas nuevas y comunicarse [&hellip;]<\/p>\n","protected":false},"author":1,"featured_media":0,"parent":0,"menu_order":0,"comment_status":"closed","ping_status":"closed","template":"page-without-title.php","meta":[],"_links":{"self":[{"href":"https:\/\/adultxxxdate.net\/es\/wp-json\/wp\/v2\/pages\/2712"}],"collection":[{"href":"https:\/\/adultxxxdate.net\/es\/wp-json\/wp\/v2\/pages"}],"about":[{"href":"https:\/\/adultxxxdate.net\/es\/wp-json\/wp\/v2\/types\/page"}],"author":[{"embeddable":true,"href":"https:\/\/adultxxxdate.net\/es\/wp-json\/wp\/v2\/users\/1"}],"replies":[{"embeddable":true,"href":"https:\/\/adultxxxdate.net\/es\/wp-json\/wp\/v2\/comments?post=2712"}],"version-history":[{"count":0,"href":"https:\/\/adultxxxdate.net\/es\/wp-json\/wp\/v2\/pages\/2712\/revisions"}],"wp:attachment":[{"href":"https:\/\/adultxxxdate.net\/es\/wp-json\/wp\/v2\/media?parent=2712"}],"curies":[{"name":"wp","href":"https:\/\/api.w.org\/{rel}","templated":true}]}}