{"id":3289,"date":"2022-01-19T16:17:32","date_gmt":"2022-01-19T16:17:32","guid":{"rendered":"https:\/\/adultxxxdate.net\/finden-sie-hookup-sites-denen-sie-noch-nie-zuvor-beigetreten-sind\/"},"modified":"2022-01-19T16:17:32","modified_gmt":"2022-01-19T16:17:32","slug":"finden-sie-hookup-sites-denen-sie-noch-nie-zuvor-beigetreten-sind","status":"publish","type":"page","link":"https:\/\/adultxxxdate.net\/de\/finden-sie-hookup-sites-denen-sie-noch-nie-zuvor-beigetreten-sind\/","title":{"rendered":"Finden Sie Hookup-Sites, denen Sie noch nie zuvor beigetreten sind"},"content":{"rendered":"<p>Unser Team hat eine Liste von 40 Dating-Apps zusammengestellt, die Sie jetzt ausprobieren k\u00f6nnen.<\/p>\n<p>Wenn Sie Empfehlungen haben, kontaktieren Sie uns bitte \u00fcber unsere Kontaktseite und wir werden versuchen, alle zus\u00e4tzlichen Apps zu \u00fcberpr\u00fcfen, die Sie vorschlagen.<\/p>\n<h2>Wie man beitritt<\/h2>\n<ol>\n<li>Finden Sie die App, die Ihren Bed\u00fcrfnissen am besten entspricht<\/li>\n<li>F\u00fcllen Sie die Anmeldeseite aus<\/li>\n<li>Nachricht an lokale M\u00e4dchen in deiner N\u00e4he<\/li>\n<\/ol>\n<h2>Alle unsere Bewertungen<\/h2>\n<ul class=\"wpb_page_list\"><li class=\"page_item page-item-1992\"><a href=\"https:\/\/adultxxxdate.net\/de\/finden-sie-hookup-sites-denen-sie-noch-nie-zuvor-beigetreten-sind\/cheatingcougars-bewertung\/\">Cheatingcougars Bewertung<\/a><\/li>\n<li class=\"page_item page-item-1995\"><a href=\"https:\/\/adultxxxdate.net\/de\/finden-sie-hookup-sites-denen-sie-noch-nie-zuvor-beigetreten-sind\/localhussies-bewertung\/\">Localhussies Bewertung<\/a><\/li>\n<li class=\"page_item page-item-2008\"><a href=\"https:\/\/adultxxxdate.net\/de\/finden-sie-hookup-sites-denen-sie-noch-nie-zuvor-beigetreten-sind\/findmyflings-bewertung\/\">Findmyflings Bewertung<\/a><\/li>\n<li class=\"page_item page-item-2042\"><a href=\"https:\/\/adultxxxdate.net\/de\/finden-sie-hookup-sites-denen-sie-noch-nie-zuvor-beigetreten-sind\/iwantu-bewertung\/\">Iwantu Bewertung<\/a><\/li>\n<li class=\"page_item page-item-2050\"><a href=\"https:\/\/adultxxxdate.net\/de\/finden-sie-hookup-sites-denen-sie-noch-nie-zuvor-beigetreten-sind\/collarspace-bewertung\/\">Collarspace Bewertung<\/a><\/li>\n<li class=\"page_item page-item-2053\"><a href=\"https:\/\/adultxxxdate.net\/de\/finden-sie-hookup-sites-denen-sie-noch-nie-zuvor-beigetreten-sind\/snapsext-bewertung\/\">Snapsext Bewertung<\/a><\/li>\n<li class=\"page_item page-item-2054\"><a href=\"https:\/\/adultxxxdate.net\/de\/finden-sie-hookup-sites-denen-sie-noch-nie-zuvor-beigetreten-sind\/uberhorny-bewertung\/\">Uberhorny Bewertung<\/a><\/li>\n<li class=\"page_item page-item-2055\"><a href=\"https:\/\/adultxxxdate.net\/de\/finden-sie-hookup-sites-denen-sie-noch-nie-zuvor-beigetreten-sind\/fuckbook-rezension\/\">Fuckbook Rezension<\/a><\/li>\n<li class=\"page_item page-item-2098\"><a href=\"https:\/\/adultxxxdate.net\/de\/finden-sie-hookup-sites-denen-sie-noch-nie-zuvor-beigetreten-sind\/xcheaters-bewertung\/\">Xcheaters Bewertung<\/a><\/li>\n<li class=\"page_item page-item-2099\"><a href=\"https:\/\/adultxxxdate.net\/de\/finden-sie-hookup-sites-denen-sie-noch-nie-zuvor-beigetreten-sind\/social-sex-bewertung\/\">Social Sex Bewertung<\/a><\/li>\n<li class=\"page_item page-item-2103\"><a href=\"https:\/\/adultxxxdate.net\/de\/finden-sie-hookup-sites-denen-sie-noch-nie-zuvor-beigetreten-sind\/fabswingers-bewertung\/\">Fabswingers Bewertung<\/a><\/li>\n<li class=\"page_item page-item-2105\"><a href=\"https:\/\/adultxxxdate.net\/de\/finden-sie-hookup-sites-denen-sie-noch-nie-zuvor-beigetreten-sind\/onenightfriend-bewertung\/\">Onenightfriend Bewertung<\/a><\/li>\n<li class=\"page_item page-item-2108\"><a href=\"https:\/\/adultxxxdate.net\/de\/finden-sie-hookup-sites-denen-sie-noch-nie-zuvor-beigetreten-sind\/omgchat-bewertung\/\">Omgchat Bewertung<\/a><\/li>\n<li class=\"page_item page-item-2119\"><a href=\"https:\/\/adultxxxdate.net\/de\/finden-sie-hookup-sites-denen-sie-noch-nie-zuvor-beigetreten-sind\/dirty-tinder-bewertung\/\">Dirty Tinder Bewertung<\/a><\/li>\n<li class=\"page_item page-item-2120\"><a href=\"https:\/\/adultxxxdate.net\/de\/finden-sie-hookup-sites-denen-sie-noch-nie-zuvor-beigetreten-sind\/kinkyads-bewertung\/\">Kinkyads Bewertung<\/a><\/li>\n<li class=\"page_item page-item-2121\"><a href=\"https:\/\/adultxxxdate.net\/de\/finden-sie-hookup-sites-denen-sie-noch-nie-zuvor-beigetreten-sind\/fling-bewertung\/\">Fling Bewertung<\/a><\/li>\n<li class=\"page_item page-item-2122\"><a href=\"https:\/\/adultxxxdate.net\/de\/finden-sie-hookup-sites-denen-sie-noch-nie-zuvor-beigetreten-sind\/instabang-bewertung\/\">Instabang Bewertung<\/a><\/li>\n<li class=\"page_item page-item-2123\"><a href=\"https:\/\/adultxxxdate.net\/de\/finden-sie-hookup-sites-denen-sie-noch-nie-zuvor-beigetreten-sind\/adult-friend-finder-bewertung\/\">Adult Friend Finder Bewertung<\/a><\/li>\n<li class=\"page_item page-item-2168\"><a href=\"https:\/\/adultxxxdate.net\/de\/finden-sie-hookup-sites-denen-sie-noch-nie-zuvor-beigetreten-sind\/snapmilfs-bewertung\/\">Snapmilfs Bewertung<\/a><\/li>\n<li class=\"page_item page-item-2170\"><a href=\"https:\/\/adultxxxdate.net\/de\/finden-sie-hookup-sites-denen-sie-noch-nie-zuvor-beigetreten-sind\/usa-sex-guide-bewertung\/\">Usa Sex Guide Bewertung<\/a><\/li>\n<li class=\"page_item page-item-2171\"><a href=\"https:\/\/adultxxxdate.net\/de\/finden-sie-hookup-sites-denen-sie-noch-nie-zuvor-beigetreten-sind\/snapleakswiki-bewertung\/\">Snapleakswiki Bewertung<\/a><\/li>\n<li class=\"page_item page-item-2742\"><a href=\"https:\/\/adultxxxdate.net\/de\/finden-sie-hookup-sites-denen-sie-noch-nie-zuvor-beigetreten-sind\/flirt-buddies-bewertung\/\">Flirt Buddies Bewertung<\/a><\/li>\n<li class=\"page_item page-item-2743\"><a href=\"https:\/\/adultxxxdate.net\/de\/finden-sie-hookup-sites-denen-sie-noch-nie-zuvor-beigetreten-sind\/2fuck-bewertung\/\">2Fuck Bewertung<\/a><\/li>\n<li class=\"page_item page-item-2745\"><a href=\"https:\/\/adultxxxdate.net\/de\/finden-sie-hookup-sites-denen-sie-noch-nie-zuvor-beigetreten-sind\/wildsmash-bewertung\/\">Wildsmash Bewertung<\/a><\/li>\n<li class=\"page_item page-item-2748\"><a href=\"https:\/\/adultxxxdate.net\/de\/finden-sie-hookup-sites-denen-sie-noch-nie-zuvor-beigetreten-sind\/bang-locals-bewertung\/\">Bang Locals Bewertung<\/a><\/li>\n<\/ul>\n<h2>Wie wir die Websites bewerten<\/h2>\n<p>Gute Frage, wir bewerten die besten Dating-Apps danach, wie einfach es ist, gelegenheitslosen Sex mit einheimischen M\u00e4dchen in Ihrer N\u00e4he zu finden.<\/p>\n<p>Wenn Sie nach Sex suchen, m\u00fcssen Sie nicht weiter suchen als die Apps, die wir f\u00fcr Sie gefunden haben.<\/p>\n","protected":false},"excerpt":{"rendered":"<p>Unser Team hat eine Liste von 40 Dating-Apps zusammengestellt, die Sie jetzt ausprobieren k\u00f6nnen. Wenn Sie Empfehlungen haben, kontaktieren Sie uns bitte \u00fcber unsere Kontaktseite und wir werden versuchen, alle zus\u00e4tzlichen Apps zu \u00fcberpr\u00fcfen, die Sie vorschlagen. Wie man beitritt Finden Sie die App, die Ihren Bed\u00fcrfnissen am besten entspricht F\u00fcllen Sie die Anmeldeseite aus [&hellip;]<\/p>\n","protected":false},"author":1,"featured_media":0,"parent":0,"menu_order":0,"comment_status":"closed","ping_status":"closed","template":"page-full-width.php","meta":[],"_links":{"self":[{"href":"https:\/\/adultxxxdate.net\/de\/wp-json\/wp\/v2\/pages\/3289"}],"collection":[{"href":"https:\/\/adultxxxdate.net\/de\/wp-json\/wp\/v2\/pages"}],"about":[{"href":"https:\/\/adultxxxdate.net\/de\/wp-json\/wp\/v2\/types\/page"}],"author":[{"embeddable":true,"href":"https:\/\/adultxxxdate.net\/de\/wp-json\/wp\/v2\/users\/1"}],"replies":[{"embeddable":true,"href":"https:\/\/adultxxxdate.net\/de\/wp-json\/wp\/v2\/comments?post=3289"}],"version-history":[{"count":0,"href":"https:\/\/adultxxxdate.net\/de\/wp-json\/wp\/v2\/pages\/3289\/revisions"}],"wp:attachment":[{"href":"https:\/\/adultxxxdate.net\/de\/wp-json\/wp\/v2\/media?parent=3289"}],"curies":[{"name":"wp","href":"https:\/\/api.w.org\/{rel}","templated":true}]}}