{"id":2935,"date":"2021-08-31T12:37:41","date_gmt":"2021-08-31T12:37:41","guid":{"rendered":"https:\/\/adultxxxdate.net\/kostenlose-sexseiten-keine-kreditkarte\/"},"modified":"2025-09-21T15:02:32","modified_gmt":"2025-09-21T15:02:32","slug":"kostenlose-sexseiten-keine-kreditkarte","status":"publish","type":"page","link":"https:\/\/adultxxxdate.net\/de\/kostenlose-sexseiten-keine-kreditkarte\/","title":{"rendered":"Kostenlose Sexseiten Keine Kreditkarte"},"content":{"rendered":"<h1>Kostenlose Fickseiten ohne Kreditkarte &#8211; Treffen Sie geile Schlampen in Ihrer N\u00e4he \ud83d\udc8b\ud83d\udcf1\ud83d\udd25<\/h1>\n<p>Lassen wir den Smalltalk: Wenn du auf der Suche nach lustigen, ungezwungenen Kontakten mit selbstbewussten, sexuell offenen Frauen bist, bist du nicht allein &#8211; und ja, es ist absolut m\u00f6glich, sie in deiner N\u00e4he zu finden. Egal, ob es sich um abenteuerlustige MILFs, mutige Pumas, flirtende Geschiedene oder geile Frauen handelt, die gerade mit dem Drama fertig sind, es gibt tonnenweise aufgeschlossene hei\u00dfe Schlampen in der N\u00e4he, die das Gleiche wollen wie du: keinen Druck, keine Erwartungen &#8211; nur Chemie, Flirten und unvergessliche N\u00e4chte. F\u00fcr diejenigen, die nach den besten Plattformen suchen, um mit solchen Personen in Kontakt zu treten, kann die Erkundung verschiedener <a href=\"https:\/\/adultxxxdate.net\/free-meet-and-fuck-sites\/\">Fickseiten<\/a> ein ausgezeichneter Ausgangspunkt sein, der eine F\u00fclle von Optionen f\u00fcr jeden Geschmack bietet. <strong>Dieser Leitfaden wird dir helfen:<\/strong> \u2705 Finde echte, hei\u00dfe lokale Schlampen in deiner N\u00e4he<br \/>\n\u2705 Nutze die besten Dating-Apps f\u00fcr ungezwungene Begegnungen<br \/>\n\u2705 Hebe dich mit Nachrichten ab, die Antworten<br \/>\n\u2705 erhalten Gehe von &#8222;Hey&#8220; zu Hookup &#8211; ohne wie alle anderen zu klingen    <\/p>\n<p>Die selbstbewussten Schlampen von heute in deiner Gegend wissen, was sie wollen &#8211; und sie haben keine Angst, danach zu fragen. Und was viele wollen, ist: <\/p>\n<p>\u2714\ufe0f Spa\u00df ohne Beziehungsdruck<br \/>\n\u2714\ufe0f Flirty Gespr\u00e4che, die sich in echte Chemie<br \/>\n\u2714\ufe0f verwandeln J\u00fcngere M\u00e4nner, die selbstbewusst und ohne<br \/>\n\u2714\ufe0f Drama sind Aufregung bis sp\u00e4t in die Nacht ohne fr\u00fchmorgendliche Bedingungen  <\/p>\n<p>Egal, ob sie eine alleinerziehende Mutter, ein neugieriger Puma oder eine Frau ist, die ihre wilde Seite entdeckt, sie sucht jemanden, der es versteht &#8211; und das k\u00f6nnten Sie sein. Entdecken Sie die M\u00f6glichkeiten auf <a href=\"https:\/\/adultxxxdate.net\/\">Casual-Dating-Sites<\/a> , um die perfekte \u00dcbereinstimmung f\u00fcr Ihre W\u00fcnsche zu finden. <\/p>\n<h2>\ud83d\udcf1 Die besten Dating-Apps, um lokale Schlampen in Ihrer N\u00e4he zu treffen<\/h2>\n<p>M\u00f6chten Sie das R\u00e4tselraten \u00fcberspringen und direkt zum lustigen Teil \u00fcbergehen? Diese Apps sind vollgepackt mit lokalen, sexy Schlampen, die nach ungezwungenen Verbindungen suchen &#8211; und sie k\u00f6nnen kostenlos st\u00f6bern oder beitreten:<br \/>\n Am besten f\u00fcr: Schnelle, flirty Chats mit Gelegenheitsdaten und MILFs <\/p>\n<p>\u2714\ufe0f Ideal f\u00fcr spontane<br \/>\n\u2714\ufe0f Kontakte Frauen, die offen, mutig und verspielt<br \/>\n\u2714\ufe0f sind Einfache Benutzeroberfl\u00e4che und schnelles Matching<\/p>\n<h3>\ud83d\udc60 Ashley Madison<\/h3>\n<p>Am besten geeignet f\u00fcr: Diskrete Verbindungen mit verheirateten oder neugierigen Frauen<\/p>\n<p>\u2714\ufe0f Gebaut f\u00fcr heimliche Aff\u00e4ren und privaten Spa\u00df<br \/>\n\u2714\ufe0f Viele Frauen 30+ auf der Suche nach ungezwungener Romantik<br \/>\n\u2714\ufe0f Sicherer, urteilsfreier Chat-Raum<\/p>\n<h3>\ud83d\udd25 AdultFriendFinder<\/h3>\n<p>Am besten f\u00fcr: Wilde Chats, Verabredungen und alles dazwischen<\/p>\n<p>\u2714\ufe0f Aufgeschlossene Community von MILFs, Pumas und abenteuerlustigen Singles<br \/>\n\u2714\ufe0f Ideal f\u00fcr Cam-Chats, Fantasien und Treffen<br \/>\n\u2714\ufe0f im wirklichen Leben Viele lokale Matches, die heute Abend zum Reden bereit sind<\/p>\n<h3>\ud83d\udc8b Das Leben der Pumas<\/h3>\n<p>Am besten geeignet f\u00fcr: \u00c4ltere, erfahrene Schlampen, die j\u00fcngere M\u00e4nner lieben<\/p>\n<p>\u2714\ufe0f Voller MILFs und Pumas, die auf der Suche nach Spa\u00df<br \/>\n\u2714\ufe0f sind Lokale Filter helfen dir, dich in der N\u00e4he<br \/>\n\u2714\ufe0f zu vernetzen Frauen hier \u00fcbernehmen die F\u00fchrung &#8211; und lieben, wenn du folgst<\/p>\n<h3>\ud83e\udde1 Der MILF-Dating-Club<\/h3>\n<p>Am besten geeignet f\u00fcr: Anspruchsvolle Schlampen, die auf der Suche nach Aff\u00e4ren mit Altersunterschied sind<\/p>\n<p>\u2714\ufe0f Verifizierte, reife weibliche Mitglieder<br \/>\n\u2714\ufe0f Diskrete, flirtende und respektvolle Plattform<br \/>\n\u2714\ufe0f Ideal f\u00fcr sexye Begegnungen ohne Druck<\/p>\n<h2>\ud83d\udcac Flirty Tipps, um die richtige Art von Aufmerksamkeit zu erregen<\/h2>\n<p>Wenn du auf der Suche nach unverbindlichem Spa\u00df bist, musst du es auf die richtige Art und Weise angehen: selbstbewusst, flirty und respektvoll.<\/p>\n<h3>\u2705 1. Urheberrecht Machen Sie Ihr Profil anschlussbereit (ohne zu erschrecken) <\/h3>\n<p>Seien Sie sich \u00fcber Ihre Ausstrahlung im Klaren &#8211; aber halten Sie sie stilvoll.<\/p>\n<p><strong>Beispiel-Biografie:  <\/strong><em>Entspannt, ohne Drama und alles dreht sich um gro\u00dfartige Energie und eine starke Chemie. Auf der Suche nach jemandem, der wei\u00df, was er will &#8211; und keine Angst davor hat, Spa\u00df zu haben. <\/em><\/p>\n<p>\ud83d\udcf8 Verwenden Sie ein sauberes, aktuelles Foto. Zeigen Sie Ihr Gesicht. L\u00e4cheln. Selbstvertrauen &gt; beugt sich.   <\/p>\n<h3>\u2705 arabische Ziffer. Schreibe ihr so, wie du es meinst <\/h3>\n<p>Senden Sie kein &#8222;Hey&#8220;. Gib ihr das Gef\u00fchl, sexy zu sein, nicht gespammt. <\/p>\n<p><strong>Versuchen:<\/strong><\/p>\n<ul>\n<li><em>Du hast diesen Look &#8211; selbstbewusst, lustig und gerade gef\u00e4hrlich genug, um interessant zu sein. Ich stehe darauf. <\/em><\/li>\n<li><em>Nicht hier, um deine Zeit zu verschwenden &#8211; aber ich w\u00fcrde dir gerne helfen, deinen Abend zu verschwenden.<\/em><\/li>\n<\/ul>\n<p>Flirty. Verspielt. Direkt.  <\/p>\n<h3>\u2705 3. Urheberrecht Lassen Sie sie f\u00fchren &#8211; und seien Sie bereit, wenn sie es tut <\/h3>\n<p>Aufgeschlossene Frauen lieben M\u00e4nner, die es nicht zu kompliziert machen. Sobald die Energie da ist, sagen Sie etwas wie: <em>Kommen wir zur Sache &#8211; trinken wir dieses Wochenende, oder sollten wir die Getr\u00e4nke auslassen und sehen, was passiert?<\/em> <\/p>\n<p>Selbstvertrauen macht sie an. Lies einfach den Vibe &#8211; und respektiere ihre Grenzen. <\/p>\n<h2>\ud83d\udca6 Wonach suchen diese Schlampen in deiner Gegend eigentlich?<\/h2>\n<p>Es kommt darauf an &#8211; aber die meisten sind danach:<\/p>\n<p>\u2714\ufe0f Echte Chemie<br \/>\n\u2714\ufe0f Hei\u00dfe Gespr\u00e4che, die irgendwohin<br \/>\n\u2714\ufe0f f\u00fchren Kein Druck, Spa\u00df zuerst Dating<br \/>\n\u2714\ufe0f Jungs, die gut flirten und die Dinge locker halten  <\/p>\n<p>Ob einmalig oder lang, sie ist hier, um sich ohne <a href=\"https:\/\/adultxxxdate.net\/free-hookup-ads\/\">Bedingungen<\/a> zu am\u00fcsieren &#8211; und stellen Sie sicher, dass Sie das auch tun.<\/p>\n<h2>\u2705 Abschlie\u00dfende Gedanken! Sie ist in der N\u00e4he&#8230; und bereit <\/h2>\n<p>Wenn du es satt hast, endlos zu wischen und nach einer echten Verbindung mit einer lustigen, aufgeschlossenen Frau in deiner N\u00e4he suchst, ist dies dein Moment. Sie brauchen keine Anmachspr\u00fcche. <\/p>\n<p><strong>Sie brauchen nur:<\/strong><\/p>\n<p>\u2705 Ein flirtendes, echtes Profil<br \/>\n\u2705 Eine Nachricht, die sie zum L\u00e4cheln<br \/>\n\u2705 bringt Und die richtige Dating-App, um sie schnell zu finden<\/p>\n\n\t<div class=\"space-shortcode-wrap space-shortcode-4 relative\">\n\t\t<div class=\"space-shortcode-wrap-ins relative\">\n\n\t\t\t\n\t\t\t<div class=\"space-casinos-3-archive-items box-100 relative\">\n\n\t\t\t\t\t\t\t\t\n\t\t\t\t\t\t\t\n\t\t\t\t<div class=\"space-casinos-3-archive-item box-100 relative\">\n\t\t\t\t\t<div class=\"space-casinos-3-archive-item-ins relative\">\n\t\t\t\t\t\t<div class=\"space-casinos-3-archive-item-logo box-25 relative\">\n\t\t\t\t\t\t\t<div class=\"space-casinos-3-archive-item-logo-ins box-100 text-center relative\">\n\t\t\t\t\t\t\t\t\t\t\t\t\t\t\t\t<a href=\"\/links\/milfplay\" title=\"MilfPlay\" target=\"_blank\" rel=\"nofollow\">\n\t\t\t\t\t\t\t\t\t<img src=\"https:\/\/adultxxxdate.net\/wp-content\/uploads\/2021\/07\/milfplay-logo.png\" alt=\"MilfPlay\">\n\t\t\t\t\t\t\t\t<\/a>\n\t\t\t\t\t\t\t\t\t\t\t\t\t\t\t<\/div>\n\t\t\t\t\t\t\t<div class=\"space-casinos-3-archive-item-count absolute\">\n\t\t\t\t\t\t\t\t<span>1<\/span>\n\t\t\t\t\t\t\t<\/div>\n\t\t\t\t\t\t<\/div>\n\t\t\t\t\t\t<div class=\"space-casinos-3-archive-item-terms box-25 relative\">\n\t\t\t\t\t\t\t<div class=\"space-casinos-3-archive-item-terms-ins box-100 text-center relative\">\n\t\t\t\t\t\t\t\t<img style=\"width: 16px; height: 16px;\" src=\"\/wp-content\/themes\/mercury\/female-organs-vagina-svgrepo-com.svg\"> Female Members: <b>48%<\/b><br>\n\t\t\t\t\t\t\t\t\t<img style=\"width: 16px; height: 16px;\" src=\"\/wp-content\/themes\/mercury\/time-svgrepo-com.svg\"> Sign Up Speed: <b>Schnell<\/b><br>\n\t\t\t\t\t\t\t\t\t<img style=\"width: 16px; height: 16px;\" src=\"\/wp-content\/themes\/mercury\/woman-svgrepo-com.svg\"> Age Range: <b>18-75<\/b><br>\n\t\t\t\t\t\t\t\t\t<img style=\"width: 16px; height: 16px;\" src=\"\/wp-content\/themes\/mercury\/money-svgrepo-com.svg\"> Free Trial: <b>Yes<\/b><br>\n\t\t\t\t\t\t\t<\/div>\n\t\t\t\t\t\t<\/div>\n\t\t\t\t\t\t<div class=\"space-casinos-3-archive-item-rating box-25 relative\">\n\t\t\t\t\t\t\t<div class=\"space-casinos-3-archive-item-rating-ins box-100 text-center relative\">\n\t\t\t\t\t\t\t\t\t\t\t\t\t\t\t\t<div class=\"space-casinos-3-archive-item-rating-box relative\">\n\t\t\t\t\t\t\t\t\t<div class=\"star-rating\"><span class=\"screen-reader-text\">3,8 rating<\/span><div class=\"star star-full\" aria-hidden=\"true\"><\/div><div class=\"star star-full\" aria-hidden=\"true\"><\/div><div class=\"star star-full\" aria-hidden=\"true\"><\/div><div class=\"star star-half\" aria-hidden=\"true\"><\/div><div class=\"star star-empty\" aria-hidden=\"true\"><\/div><\/div>\t\t\t\t\t\t\t\t\t<span>3.8<\/span>\n\t\t\t\t\t\t\t\t<\/div>\n\n\t\t\t\t\t\t\t\t\t\t\t\t\t\t\t\t\n\t\t\t\t\t\t\t<\/div>\n\t\t\t\t\t\t<\/div>\n\t\t\t\t\t\t<div class=\"space-casinos-3-archive-item-button box-25 relative\">\n\t\t\t\t\t\t\t<div class=\"space-casinos-3-archive-item-button-ins box-100 text-center relative\">\n\t\t\t\t\t\t\t\t<a style=\"background-color: #ef3024 !important;\" href=\"\/links\/milfplay\" title=\"Kostenlose Anmeldung\" target=\"_blank\" rel=\"nofollow\"><i class=\"fas fa-check-circle\"><\/i> Kostenlose Anmeldung<\/a>\n\n\t\t\t\t\t\t\t<\/div>\n\t\t\t\t\t\t<\/div>\n\t\t\t\t\t<\/div>\n\t\t\t\t<\/div>\n\n\t\t\t\t\t\t\t\t\n\t\t\t\t\t\t\t\n\t\t\t\t<div class=\"space-casinos-3-archive-item box-100 relative\">\n\t\t\t\t\t<div class=\"space-casinos-3-archive-item-ins relative\">\n\t\t\t\t\t\t<div class=\"space-casinos-3-archive-item-logo box-25 relative\">\n\t\t\t\t\t\t\t<div class=\"space-casinos-3-archive-item-logo-ins box-100 text-center relative\">\n\t\t\t\t\t\t\t\t\t\t\t\t\t\t\t\t<a href=\"\/links\/waystomeet\" title=\"WaysToMeet\" target=\"_blank\" rel=\"nofollow\">\n\t\t\t\t\t\t\t\t\t<img src=\"https:\/\/adultxxxdate.net\/wp-content\/uploads\/2021\/07\/waystomeet-dark-80x80.png\" alt=\"WaysToMeet\">\n\t\t\t\t\t\t\t\t<\/a>\n\t\t\t\t\t\t\t\t\t\t\t\t\t\t\t<\/div>\n\t\t\t\t\t\t\t<div class=\"space-casinos-3-archive-item-count absolute\">\n\t\t\t\t\t\t\t\t<span>2<\/span>\n\t\t\t\t\t\t\t<\/div>\n\t\t\t\t\t\t<\/div>\n\t\t\t\t\t\t<div class=\"space-casinos-3-archive-item-terms box-25 relative\">\n\t\t\t\t\t\t\t<div class=\"space-casinos-3-archive-item-terms-ins box-100 text-center relative\">\n\t\t\t\t\t\t\t\t<img style=\"width: 16px; height: 16px;\" src=\"\/wp-content\/themes\/mercury\/female-organs-vagina-svgrepo-com.svg\"> Female Members: <b>48%<\/b><br>\n\t\t\t\t\t\t\t\t\t<img style=\"width: 16px; height: 16px;\" src=\"\/wp-content\/themes\/mercury\/time-svgrepo-com.svg\"> Sign Up Speed: <b>Schnell<\/b><br>\n\t\t\t\t\t\t\t\t\t<img style=\"width: 16px; height: 16px;\" src=\"\/wp-content\/themes\/mercury\/woman-svgrepo-com.svg\"> Age Range: <b>18-75<\/b><br>\n\t\t\t\t\t\t\t\t\t<img style=\"width: 16px; height: 16px;\" src=\"\/wp-content\/themes\/mercury\/money-svgrepo-com.svg\"> Free Trial: <b>Yes<\/b><br>\n\t\t\t\t\t\t\t<\/div>\n\t\t\t\t\t\t<\/div>\n\t\t\t\t\t\t<div class=\"space-casinos-3-archive-item-rating box-25 relative\">\n\t\t\t\t\t\t\t<div class=\"space-casinos-3-archive-item-rating-ins box-100 text-center relative\">\n\t\t\t\t\t\t\t\t\t\t\t\t\t\t\t\t<div class=\"space-casinos-3-archive-item-rating-box relative\">\n\t\t\t\t\t\t\t\t\t<div class=\"star-rating\"><span class=\"screen-reader-text\">3,8 rating<\/span><div class=\"star star-full\" aria-hidden=\"true\"><\/div><div class=\"star star-full\" aria-hidden=\"true\"><\/div><div class=\"star star-full\" aria-hidden=\"true\"><\/div><div class=\"star star-half\" aria-hidden=\"true\"><\/div><div class=\"star star-empty\" aria-hidden=\"true\"><\/div><\/div>\t\t\t\t\t\t\t\t\t<span>3.8<\/span>\n\t\t\t\t\t\t\t\t<\/div>\n\n\t\t\t\t\t\t\t\t\t\t\t\t\t\t\t\t\n\t\t\t\t\t\t\t<\/div>\n\t\t\t\t\t\t<\/div>\n\t\t\t\t\t\t<div class=\"space-casinos-3-archive-item-button box-25 relative\">\n\t\t\t\t\t\t\t<div class=\"space-casinos-3-archive-item-button-ins box-100 text-center relative\">\n\t\t\t\t\t\t\t\t<a style=\"background-color: #ef3024 !important;\" href=\"\/links\/waystomeet\" title=\"Kostenlose Anmeldung\" target=\"_blank\" rel=\"nofollow\"><i class=\"fas fa-check-circle\"><\/i> Kostenlose Anmeldung<\/a>\n\n\t\t\t\t\t\t\t<\/div>\n\t\t\t\t\t\t<\/div>\n\t\t\t\t\t<\/div>\n\t\t\t\t<\/div>\n\n\t\t\t\t\t\t\t\t\n\t\t\t\t\t\t\t\n\t\t\t\t<div class=\"space-casinos-3-archive-item box-100 relative\">\n\t\t\t\t\t<div class=\"space-casinos-3-archive-item-ins relative\">\n\t\t\t\t\t\t<div class=\"space-casinos-3-archive-item-logo box-25 relative\">\n\t\t\t\t\t\t\t<div class=\"space-casinos-3-archive-item-logo-ins box-100 text-center relative\">\n\t\t\t\t\t\t\t\t\t\t\t\t\t\t\t\t<a href=\"\/links\/onenightfriend\" title=\"OneNightFriend\" target=\"_blank\" rel=\"nofollow\">\n\t\t\t\t\t\t\t\t\t<img src=\"https:\/\/adultxxxdate.net\/wp-content\/uploads\/2021\/07\/onenightfriend-logo-132x80.png\" alt=\"OneNightFriend\">\n\t\t\t\t\t\t\t\t<\/a>\n\t\t\t\t\t\t\t\t\t\t\t\t\t\t\t<\/div>\n\t\t\t\t\t\t\t<div class=\"space-casinos-3-archive-item-count absolute\">\n\t\t\t\t\t\t\t\t<span>3<\/span>\n\t\t\t\t\t\t\t<\/div>\n\t\t\t\t\t\t<\/div>\n\t\t\t\t\t\t<div class=\"space-casinos-3-archive-item-terms box-25 relative\">\n\t\t\t\t\t\t\t<div class=\"space-casinos-3-archive-item-terms-ins box-100 text-center relative\">\n\t\t\t\t\t\t\t\t<img style=\"width: 16px; height: 16px;\" src=\"\/wp-content\/themes\/mercury\/female-organs-vagina-svgrepo-com.svg\"> Female Members: <b>49%<\/b><br>\n\t\t\t\t\t\t\t\t\t<img style=\"width: 16px; height: 16px;\" src=\"\/wp-content\/themes\/mercury\/time-svgrepo-com.svg\"> Sign Up Speed: <b>Schnell<\/b><br>\n\t\t\t\t\t\t\t\t\t<img style=\"width: 16px; height: 16px;\" src=\"\/wp-content\/themes\/mercury\/woman-svgrepo-com.svg\"> Age Range: <b>18-68<\/b><br>\n\t\t\t\t\t\t\t\t\t<img style=\"width: 16px; height: 16px;\" src=\"\/wp-content\/themes\/mercury\/money-svgrepo-com.svg\"> Free Trial: <b>Yes<\/b><br>\n\t\t\t\t\t\t\t<\/div>\n\t\t\t\t\t\t<\/div>\n\t\t\t\t\t\t<div class=\"space-casinos-3-archive-item-rating box-25 relative\">\n\t\t\t\t\t\t\t<div class=\"space-casinos-3-archive-item-rating-ins box-100 text-center relative\">\n\t\t\t\t\t\t\t\t\t\t\t\t\t\t\t\t<div class=\"space-casinos-3-archive-item-rating-box relative\">\n\t\t\t\t\t\t\t\t\t<div class=\"star-rating\"><span class=\"screen-reader-text\">3,8 rating<\/span><div class=\"star star-full\" aria-hidden=\"true\"><\/div><div class=\"star star-full\" aria-hidden=\"true\"><\/div><div class=\"star star-full\" aria-hidden=\"true\"><\/div><div class=\"star star-half\" aria-hidden=\"true\"><\/div><div class=\"star star-empty\" aria-hidden=\"true\"><\/div><\/div>\t\t\t\t\t\t\t\t\t<span>3.8<\/span>\n\t\t\t\t\t\t\t\t<\/div>\n\n\t\t\t\t\t\t\t\t\t\t\t\t\t\t\t\t\n\t\t\t\t\t\t\t<\/div>\n\t\t\t\t\t\t<\/div>\n\t\t\t\t\t\t<div class=\"space-casinos-3-archive-item-button box-25 relative\">\n\t\t\t\t\t\t\t<div class=\"space-casinos-3-archive-item-button-ins box-100 text-center relative\">\n\t\t\t\t\t\t\t\t<a style=\"background-color: #ef3024 !important;\" href=\"\/links\/onenightfriend\" title=\"Kostenlose Anmeldung\" target=\"_blank\" rel=\"nofollow\"><i class=\"fas fa-check-circle\"><\/i> Kostenlose Anmeldung<\/a>\n\n\t\t\t\t\t\t\t<\/div>\n\t\t\t\t\t\t<\/div>\n\t\t\t\t\t<\/div>\n\t\t\t\t<\/div>\n\n\t\t\t\t\t\t\t\t\n\t\t\t\t\t\t\t\n\t\t\t\t<div class=\"space-casinos-3-archive-item box-100 relative\">\n\t\t\t\t\t<div class=\"space-casinos-3-archive-item-ins relative\">\n\t\t\t\t\t\t<div class=\"space-casinos-3-archive-item-logo box-25 relative\">\n\t\t\t\t\t\t\t<div class=\"space-casinos-3-archive-item-logo-ins box-100 text-center relative\">\n\t\t\t\t\t\t\t\t\t\t\t\t\t\t\t\t<a href=\"\/links\/banglocals\" title=\"Bang Einheimische\" target=\"_blank\" rel=\"nofollow\">\n\t\t\t\t\t\t\t\t\t<img src=\"https:\/\/adultxxxdate.net\/wp-content\/uploads\/2021\/07\/banglocals-logo2-190x80.png\" alt=\"Bang Einheimische\">\n\t\t\t\t\t\t\t\t<\/a>\n\t\t\t\t\t\t\t\t\t\t\t\t\t\t\t<\/div>\n\t\t\t\t\t\t\t<div class=\"space-casinos-3-archive-item-count absolute\">\n\t\t\t\t\t\t\t\t<span>4<\/span>\n\t\t\t\t\t\t\t<\/div>\n\t\t\t\t\t\t<\/div>\n\t\t\t\t\t\t<div class=\"space-casinos-3-archive-item-terms box-25 relative\">\n\t\t\t\t\t\t\t<div class=\"space-casinos-3-archive-item-terms-ins box-100 text-center relative\">\n\t\t\t\t\t\t\t\t<img style=\"width: 16px; height: 16px;\" src=\"\/wp-content\/themes\/mercury\/female-organs-vagina-svgrepo-com.svg\"> Female Members: <b>48%<\/b><br>\n\t\t\t\t\t\t\t\t\t<img style=\"width: 16px; height: 16px;\" src=\"\/wp-content\/themes\/mercury\/time-svgrepo-com.svg\"> Sign Up Speed: <b>Schnell<\/b><br>\n\t\t\t\t\t\t\t\t\t<img style=\"width: 16px; height: 16px;\" src=\"\/wp-content\/themes\/mercury\/woman-svgrepo-com.svg\"> Age Range: <b>18-75<\/b><br>\n\t\t\t\t\t\t\t\t\t<img style=\"width: 16px; height: 16px;\" src=\"\/wp-content\/themes\/mercury\/money-svgrepo-com.svg\"> Free Trial: <b>Yes<\/b><br>\n\t\t\t\t\t\t\t<\/div>\n\t\t\t\t\t\t<\/div>\n\t\t\t\t\t\t<div class=\"space-casinos-3-archive-item-rating box-25 relative\">\n\t\t\t\t\t\t\t<div class=\"space-casinos-3-archive-item-rating-ins box-100 text-center relative\">\n\t\t\t\t\t\t\t\t\t\t\t\t\t\t\t\t<div class=\"space-casinos-3-archive-item-rating-box relative\">\n\t\t\t\t\t\t\t\t\t<div class=\"star-rating\"><span class=\"screen-reader-text\">3,8 rating<\/span><div class=\"star star-full\" aria-hidden=\"true\"><\/div><div class=\"star star-full\" aria-hidden=\"true\"><\/div><div class=\"star star-full\" aria-hidden=\"true\"><\/div><div class=\"star star-half\" aria-hidden=\"true\"><\/div><div class=\"star star-empty\" aria-hidden=\"true\"><\/div><\/div>\t\t\t\t\t\t\t\t\t<span>3.8<\/span>\n\t\t\t\t\t\t\t\t<\/div>\n\n\t\t\t\t\t\t\t\t\t\t\t\t\t\t\t\t\n\t\t\t\t\t\t\t<\/div>\n\t\t\t\t\t\t<\/div>\n\t\t\t\t\t\t<div class=\"space-casinos-3-archive-item-button box-25 relative\">\n\t\t\t\t\t\t\t<div class=\"space-casinos-3-archive-item-button-ins box-100 text-center relative\">\n\t\t\t\t\t\t\t\t<a style=\"background-color: #ef3024 !important;\" href=\"\/links\/banglocals\" title=\"Kostenlose Anmeldung\" target=\"_blank\" rel=\"nofollow\"><i class=\"fas fa-check-circle\"><\/i> Kostenlose Anmeldung<\/a>\n\n\t\t\t\t\t\t\t<\/div>\n\t\t\t\t\t\t<\/div>\n\t\t\t\t\t<\/div>\n\t\t\t\t<\/div>\n\n\t\t\t\t\t\t\t\t\n\t\t\t\t\t\t\t\n\t\t\t\t<div class=\"space-casinos-3-archive-item box-100 relative\">\n\t\t\t\t\t<div class=\"space-casinos-3-archive-item-ins relative\">\n\t\t\t\t\t\t<div class=\"space-casinos-3-archive-item-logo box-25 relative\">\n\t\t\t\t\t\t\t<div class=\"space-casinos-3-archive-item-logo-ins box-100 text-center relative\">\n\t\t\t\t\t\t\t\t\t\t\t\t\t\t\t\t<a href=\"\/links\/comewithyou\" title=\"ComeWithYou\" target=\"_blank\" rel=\"nofollow\">\n\t\t\t\t\t\t\t\t\t<img src=\"https:\/\/adultxxxdate.net\/wp-content\/uploads\/2021\/07\/comewithyou-logo.png\" alt=\"ComeWithYou\">\n\t\t\t\t\t\t\t\t<\/a>\n\t\t\t\t\t\t\t\t\t\t\t\t\t\t\t<\/div>\n\t\t\t\t\t\t\t<div class=\"space-casinos-3-archive-item-count absolute\">\n\t\t\t\t\t\t\t\t<span>5<\/span>\n\t\t\t\t\t\t\t<\/div>\n\t\t\t\t\t\t<\/div>\n\t\t\t\t\t\t<div class=\"space-casinos-3-archive-item-terms box-25 relative\">\n\t\t\t\t\t\t\t<div class=\"space-casinos-3-archive-item-terms-ins box-100 text-center relative\">\n\t\t\t\t\t\t\t\t<img style=\"width: 16px; height: 16px;\" src=\"\/wp-content\/themes\/mercury\/female-organs-vagina-svgrepo-com.svg\"> Female Members: <b>51%<\/b><br>\n\t\t\t\t\t\t\t\t\t<img style=\"width: 16px; height: 16px;\" src=\"\/wp-content\/themes\/mercury\/time-svgrepo-com.svg\"> Sign Up Speed: <b>Schnell<\/b><br>\n\t\t\t\t\t\t\t\t\t<img style=\"width: 16px; height: 16px;\" src=\"\/wp-content\/themes\/mercury\/woman-svgrepo-com.svg\"> Age Range: <b>18-65<\/b><br>\n\t\t\t\t\t\t\t\t\t<img style=\"width: 16px; height: 16px;\" src=\"\/wp-content\/themes\/mercury\/money-svgrepo-com.svg\"> Free Trial: <b>Yes<\/b><br>\n\t\t\t\t\t\t\t<\/div>\n\t\t\t\t\t\t<\/div>\n\t\t\t\t\t\t<div class=\"space-casinos-3-archive-item-rating box-25 relative\">\n\t\t\t\t\t\t\t<div class=\"space-casinos-3-archive-item-rating-ins box-100 text-center relative\">\n\t\t\t\t\t\t\t\t\t\t\t\t\t\t\t\t<div class=\"space-casinos-3-archive-item-rating-box relative\">\n\t\t\t\t\t\t\t\t\t<div class=\"star-rating\"><span class=\"screen-reader-text\">4,0 rating<\/span><div class=\"star star-full\" aria-hidden=\"true\"><\/div><div class=\"star star-full\" aria-hidden=\"true\"><\/div><div class=\"star star-full\" aria-hidden=\"true\"><\/div><div class=\"star star-full\" aria-hidden=\"true\"><\/div><div class=\"star star-empty\" aria-hidden=\"true\"><\/div><\/div>\t\t\t\t\t\t\t\t\t<span>4.0<\/span>\n\t\t\t\t\t\t\t\t<\/div>\n\n\t\t\t\t\t\t\t\t\t\t\t\t\t\t\t\t\n\t\t\t\t\t\t\t<\/div>\n\t\t\t\t\t\t<\/div>\n\t\t\t\t\t\t<div class=\"space-casinos-3-archive-item-button box-25 relative\">\n\t\t\t\t\t\t\t<div class=\"space-casinos-3-archive-item-button-ins box-100 text-center relative\">\n\t\t\t\t\t\t\t\t<a style=\"background-color: #ef3024 !important;\" href=\"\/links\/comewithyou\" title=\"Kostenlose Anmeldung\" target=\"_blank\" rel=\"nofollow\"><i class=\"fas fa-check-circle\"><\/i> Kostenlose Anmeldung<\/a>\n\n\t\t\t\t\t\t\t<\/div>\n\t\t\t\t\t\t<\/div>\n\t\t\t\t\t<\/div>\n\t\t\t\t<\/div>\n\n\t\t\t\t\n\t\t\t<\/div>\n\t\t\t\n\t\t<\/div>\n\t<\/div>\n\n\n<h3>\ud83d\udc49 Bist du bereit, lokale Schlampen zu treffen?<\/h3>\n<p>Beginnen Sie jetzt, indem Sie einer (oder mehreren!) der Top-Dating-Plattformen beitreten:<\/p>\n<ul>\n<li>Sei frech<\/li>\n<li>Ashley Madison<\/li>\n<li>AdultFriendFinder<\/li>\n<li>Cougar Leben<\/li>\n<li>Der MILF-Dating-Club<\/li>\n<\/ul>\n<p>\ud83d\udccd Sie ist vor Ort \ud83d\udcac Sie ist online \ud83d\udd25 Und sie sucht jemanden, der es versteht<\/p>\n<p>Senden Sie die Nachricht. Starten Sie den Chat. Und lassen Sie die Dinge Spa\u00df machen &#8211; schnell. \ud83d\udc8b\ud83d\udcf1\ud83d\ude08   <\/p>\n","protected":false},"excerpt":{"rendered":"<p>Kostenlose Fickseiten ohne Kreditkarte &#8211; Treffen Sie geile Schlampen in Ihrer N\u00e4he \ud83d\udc8b\ud83d\udcf1\ud83d\udd25 Lassen wir den Smalltalk: Wenn du auf der Suche nach lustigen, ungezwungenen Kontakten mit selbstbewussten, sexuell offenen Frauen bist, bist du nicht allein &#8211; und ja, es ist absolut m\u00f6glich, sie in deiner N\u00e4he zu finden. Egal, ob es sich um abenteuerlustige [&hellip;]<\/p>\n","protected":false},"author":1,"featured_media":0,"parent":0,"menu_order":0,"comment_status":"closed","ping_status":"closed","template":"page-without-title.php","meta":[],"_links":{"self":[{"href":"https:\/\/adultxxxdate.net\/de\/wp-json\/wp\/v2\/pages\/2935"}],"collection":[{"href":"https:\/\/adultxxxdate.net\/de\/wp-json\/wp\/v2\/pages"}],"about":[{"href":"https:\/\/adultxxxdate.net\/de\/wp-json\/wp\/v2\/types\/page"}],"author":[{"embeddable":true,"href":"https:\/\/adultxxxdate.net\/de\/wp-json\/wp\/v2\/users\/1"}],"replies":[{"embeddable":true,"href":"https:\/\/adultxxxdate.net\/de\/wp-json\/wp\/v2\/comments?post=2935"}],"version-history":[{"count":1,"href":"https:\/\/adultxxxdate.net\/de\/wp-json\/wp\/v2\/pages\/2935\/revisions"}],"predecessor-version":[{"id":3328,"href":"https:\/\/adultxxxdate.net\/de\/wp-json\/wp\/v2\/pages\/2935\/revisions\/3328"}],"wp:attachment":[{"href":"https:\/\/adultxxxdate.net\/de\/wp-json\/wp\/v2\/media?parent=2935"}],"curies":[{"name":"wp","href":"https:\/\/api.w.org\/{rel}","templated":true}]}}