{"id":2764,"date":"2021-12-16T16:55:31","date_gmt":"2021-12-16T16:55:31","guid":{"rendered":"https:\/\/adultxxxdate.net\/porno-spiele-kein-login\/"},"modified":"2021-12-16T16:55:31","modified_gmt":"2021-12-16T16:55:31","slug":"porno-spiele-kein-login","status":"publish","type":"page","link":"https:\/\/adultxxxdate.net\/de\/porno-spiele-kein-login\/","title":{"rendered":"Porno Spiele Kein Login"},"content":{"rendered":"<h1>Porno Spiele Kein Login<\/h1>\n\n\t<div class=\"space-shortcode-wrap space-games-shortcode-1 relative relative\">\n\t\t<div class=\"space-shortcode-wrap-ins relative\">\n\n\t\t\t\n\t\t\t<div class=\"space-games-archive-items box-100 relative\">\n\n\t\t\t\t\n\t\t\t\t<div class=\"space-games-archive-item box-50 relative\">\n\t\t\t\t\t<div class=\"space-games-archive-item-ins relative\">\n\t\t\t\t\t\t\t\t\t\t\t\t<div class=\"space-games-archive-item-img relative\">\n\t\t\t\t\t\t\t<a href=\"\/links\/hentaiheroes\" title=\"Hentai Helden\">\n\t\t\t\t\t\t\t\t<img src=\"https:\/\/adultxxxdate.net\/wp-content\/uploads\/2021\/04\/hentaiheroes_main-review-450x317.jpg\" alt=\"Hentai Helden\">\n\t\t\t\t\t\t\t<\/a>\n\t\t\t\t\t\t<\/div>\n\t\t\t\t\t\t\t\t\t\t\t\t<div class=\"space-games-archive-item-wrap text-center relative\">\n\t\t\t\t\t\t\t<div class=\"space-games-archive-item-title relative\">\n\t\t\t\t\t\t\t\t<a href=\"\/links\/hentaiheroes\" title=\"Hentai Helden\">Hentai Helden<\/a>\n\t\t\t\t\t\t\t<\/div>\n\n\t\t\t\t\t\t\t\t\t\t\t\t\t\t<div class=\"space-games-archive-item-short-desc relative\">\n\t\t\t\t\t\t\t\tEin Sexspiel f\u00fcr Erwachsene im Anime-Stil, mit dem Sie durch eine virtuelle Welt navigieren k\u00f6nnen.\t\t\t\t\t\t\t<\/div>\n\t\t\t\t\t\t\t\n\t\t\t\t\t\t\t<div class=\"space-games-archive-item-button relative\">\n\t\t\t\t\t\t\t\t<a href=\"\/links\/hentaiheroes\" title=\"Jetzt spielen\" target=\"_blank\" rel=\"nofollow\">Jetzt spielen<\/a>\n\t\t\t\t\t\t\t<\/div>\n\n\t\t\t\t\t\t\t\t\t\t\t\t\t\n\t\t\t\t\t\t<\/div>\n\t\t\t\t\t<\/div>\n\t\t\t\t<\/div>\n\n\t\t\t\t\n\t\t\t\t<div class=\"space-games-archive-item box-50 relative\">\n\t\t\t\t\t<div class=\"space-games-archive-item-ins relative\">\n\t\t\t\t\t\t\t\t\t\t\t\t<div class=\"space-games-archive-item-img relative\">\n\t\t\t\t\t\t\t<a href=\"\/links\/sexemulator\" title=\"SexEmulator\">\n\t\t\t\t\t\t\t\t<img src=\"https:\/\/adultxxxdate.net\/wp-content\/uploads\/2021\/04\/sex-emulator-review-image-450x317.jpg\" alt=\"SexEmulator\">\n\t\t\t\t\t\t\t<\/a>\n\t\t\t\t\t\t<\/div>\n\t\t\t\t\t\t\t\t\t\t\t\t<div class=\"space-games-archive-item-wrap text-center relative\">\n\t\t\t\t\t\t\t<div class=\"space-games-archive-item-title relative\">\n\t\t\t\t\t\t\t\t<a href=\"\/links\/sexemulator\" title=\"SexEmulator\">SexEmulator<\/a>\n\t\t\t\t\t\t\t<\/div>\n\n\t\t\t\t\t\t\t\t\t\t\t\t\t\t<div class=\"space-games-archive-item-short-desc relative\">\n\t\t\t\t\t\t\t\tEines der am besten bewerteten 3D-Sexspiele. Erschaffe deinen Charakter und emuliere deinen Fantasien nach.\t\t\t\t\t\t\t<\/div>\n\t\t\t\t\t\t\t\n\t\t\t\t\t\t\t<div class=\"space-games-archive-item-button relative\">\n\t\t\t\t\t\t\t\t<a href=\"\/links\/sexemulator\" title=\"Jetzt spielen\" target=\"_blank\" rel=\"nofollow\">Jetzt spielen<\/a>\n\t\t\t\t\t\t\t<\/div>\n\n\t\t\t\t\t\t\t\t\t\t\t\t\t\n\t\t\t\t\t\t<\/div>\n\t\t\t\t\t<\/div>\n\t\t\t\t<\/div>\n\n\t\t\t\t\n\t\t\t<\/div>\n\t\t\n\t\t<\/div>\n\t<\/div>\n\n\n<h2>Kostenlose Sexspiele Keine Anmeldung<\/h2>\n<p>Die Verbesserung des Sexuallebens ist eine der schwierigsten Aufgaben f\u00fcr viele Erwachsene mit ihrem vollen Terminkalender. Wenn Sie sich entschieden haben, Ihr Sexualleben zu verbessern, dann k\u00f6nnen Sie sich frei f\u00fchlen, Kontakt mit der Plattform aufzunehmen, die auf ihre gro\u00dfe Sammlung von Pornospielen spezialisiert und vorgeschlagen wurde. Sie k\u00f6nnen die Hauptattraktionen der Sexspiele nacheinander erkunden und die Freizeit so angenehm wie m\u00f6glich verbringen. Sobald Sie begonnen haben, die Sexspiele zu spielen, die reich an unterhaltsamen Dingen f\u00fcr Erwachsene sind, k\u00f6nnen Sie 100% sexuelle Befriedigung erhalten und Ihre W\u00fcnsche \u00fcber das verbesserte Sexualleben wahr werden lassen.<\/p>\n<h2>Pornospiele Keine Anmeldung<\/h2>\n<p>Jeder Spieler der dreidimensionalen Sexspiele bekommt eine Reihe von g\u00fcnstigen Dingen. Sie bekommen mehr als erwarteten sexuellen Spa\u00df und werden ermutigt, die Dinge in ihrer Vorspielsitzung zu w\u00fcrzen. Sie sind bereit, die modernsten 3D-Sexspiele nacheinander zu spielen und die Freizeit jenseits ihrer W\u00fcnsche zu genie\u00dfen. Wenn Sie Erfahrungsberichte von Spielern von Sexspielen in dieser Kategorie lesen, k\u00f6nnen Sie gen\u00fcgend Unterst\u00fctzung erhalten und sicherstellen, wie Sie <a href=\"https:\/\/adultxxxdate.net\/de\/xxx-games-fuer-iphone\/\">das geeignete Sexspiel<\/a> ausw\u00e4hlen und spielen. Sie werden ein Fan des 3D-Sexspiels und werden ermutigt, sich auf diese Form des Spa\u00dfes f\u00fcr Erwachsene einzulassen.<\/p>\n<p>Spieler der Online-Sexspiele wie Behind the Dune, School of List, Dreams of Desire und anderer Spiele erhalten immer gr\u00f6\u00dfere Chancen, die unterhaltsamen Dinge f\u00fcr Erwachsene zu erkunden. Sie finden und nutzen jede Option f\u00fcr die h\u00f6chstm\u00f6gliche sexuelle Befriedigung. Sie sorgen f\u00fcr eine au\u00dfergew\u00f6hnliche Verbesserung ihrer Art, an der Sexspielwelt teilzunehmen. Sie k\u00f6nnen Vorschl\u00e4ge zur Auswahl und zum Spielen der Pornospiele, die reich an unterhaltsamen Dingen f\u00fcr Erwachsene sind, zur Kenntnis nehmen. Sie erhalten die gro\u00dfartige Unterst\u00fctzung und haben eine Reihe von unterhaltsamen Dingen f\u00fcr Erwachsene.<\/p>\n","protected":false},"excerpt":{"rendered":"<p>Porno Spiele Kein Login Kostenlose Sexspiele Keine Anmeldung Die Verbesserung des Sexuallebens ist eine der schwierigsten Aufgaben f\u00fcr viele Erwachsene mit ihrem vollen Terminkalender. Wenn Sie sich entschieden haben, Ihr Sexualleben zu verbessern, dann k\u00f6nnen Sie sich frei f\u00fchlen, Kontakt mit der Plattform aufzunehmen, die auf ihre gro\u00dfe Sammlung von Pornospielen spezialisiert und vorgeschlagen wurde. [&hellip;]<\/p>\n","protected":false},"author":1,"featured_media":0,"parent":0,"menu_order":0,"comment_status":"closed","ping_status":"closed","template":"page-without-title.php","meta":[],"_links":{"self":[{"href":"https:\/\/adultxxxdate.net\/de\/wp-json\/wp\/v2\/pages\/2764"}],"collection":[{"href":"https:\/\/adultxxxdate.net\/de\/wp-json\/wp\/v2\/pages"}],"about":[{"href":"https:\/\/adultxxxdate.net\/de\/wp-json\/wp\/v2\/types\/page"}],"author":[{"embeddable":true,"href":"https:\/\/adultxxxdate.net\/de\/wp-json\/wp\/v2\/users\/1"}],"replies":[{"embeddable":true,"href":"https:\/\/adultxxxdate.net\/de\/wp-json\/wp\/v2\/comments?post=2764"}],"version-history":[{"count":0,"href":"https:\/\/adultxxxdate.net\/de\/wp-json\/wp\/v2\/pages\/2764\/revisions"}],"wp:attachment":[{"href":"https:\/\/adultxxxdate.net\/de\/wp-json\/wp\/v2\/media?parent=2764"}],"curies":[{"name":"wp","href":"https:\/\/api.w.org\/{rel}","templated":true}]}}