{"id":2716,"date":"2021-12-16T16:56:00","date_gmt":"2021-12-16T16:56:00","guid":{"rendered":"https:\/\/adultxxxdate.net\/xxx-games-fuer-iphone\/"},"modified":"2021-12-16T16:56:00","modified_gmt":"2021-12-16T16:56:00","slug":"xxx-games-fuer-iphone","status":"publish","type":"page","link":"https:\/\/adultxxxdate.net\/de\/xxx-games-fuer-iphone\/","title":{"rendered":"XXX Games f\u00fcr iPhone"},"content":{"rendered":"<h1>XXX Games f\u00fcr iPhone<\/h1>\n\n\t<div class=\"space-shortcode-wrap space-games-shortcode-1 relative relative\">\n\t\t<div class=\"space-shortcode-wrap-ins relative\">\n\n\t\t\t\n\t\t\t<div class=\"space-games-archive-items box-100 relative\">\n\n\t\t\t\t\n\t\t\t\t<div class=\"space-games-archive-item box-50 relative\">\n\t\t\t\t\t<div class=\"space-games-archive-item-ins relative\">\n\t\t\t\t\t\t\t\t\t\t\t\t<div class=\"space-games-archive-item-img relative\">\n\t\t\t\t\t\t\t<a href=\"\/links\/hentaiheroes\" title=\"Hentai Helden\">\n\t\t\t\t\t\t\t\t<img src=\"https:\/\/adultxxxdate.net\/wp-content\/uploads\/2021\/04\/hentaiheroes_main-review-450x317.jpg\" alt=\"Hentai Helden\">\n\t\t\t\t\t\t\t<\/a>\n\t\t\t\t\t\t<\/div>\n\t\t\t\t\t\t\t\t\t\t\t\t<div class=\"space-games-archive-item-wrap text-center relative\">\n\t\t\t\t\t\t\t<div class=\"space-games-archive-item-title relative\">\n\t\t\t\t\t\t\t\t<a href=\"\/links\/hentaiheroes\" title=\"Hentai Helden\">Hentai Helden<\/a>\n\t\t\t\t\t\t\t<\/div>\n\n\t\t\t\t\t\t\t\t\t\t\t\t\t\t<div class=\"space-games-archive-item-short-desc relative\">\n\t\t\t\t\t\t\t\tEin Sexspiel f\u00fcr Erwachsene im Anime-Stil, mit dem Sie durch eine virtuelle Welt navigieren k\u00f6nnen.\t\t\t\t\t\t\t<\/div>\n\t\t\t\t\t\t\t\n\t\t\t\t\t\t\t<div class=\"space-games-archive-item-button relative\">\n\t\t\t\t\t\t\t\t<a href=\"\/links\/hentaiheroes\" title=\"Jetzt spielen\" target=\"_blank\" rel=\"nofollow\">Jetzt spielen<\/a>\n\t\t\t\t\t\t\t<\/div>\n\n\t\t\t\t\t\t\t\t\t\t\t\t\t\n\t\t\t\t\t\t<\/div>\n\t\t\t\t\t<\/div>\n\t\t\t\t<\/div>\n\n\t\t\t\t\n\t\t\t\t<div class=\"space-games-archive-item box-50 relative\">\n\t\t\t\t\t<div class=\"space-games-archive-item-ins relative\">\n\t\t\t\t\t\t\t\t\t\t\t\t<div class=\"space-games-archive-item-img relative\">\n\t\t\t\t\t\t\t<a href=\"\/links\/sexemulator\" title=\"SexEmulator\">\n\t\t\t\t\t\t\t\t<img src=\"https:\/\/adultxxxdate.net\/wp-content\/uploads\/2021\/04\/sex-emulator-review-image-450x317.jpg\" alt=\"SexEmulator\">\n\t\t\t\t\t\t\t<\/a>\n\t\t\t\t\t\t<\/div>\n\t\t\t\t\t\t\t\t\t\t\t\t<div class=\"space-games-archive-item-wrap text-center relative\">\n\t\t\t\t\t\t\t<div class=\"space-games-archive-item-title relative\">\n\t\t\t\t\t\t\t\t<a href=\"\/links\/sexemulator\" title=\"SexEmulator\">SexEmulator<\/a>\n\t\t\t\t\t\t\t<\/div>\n\n\t\t\t\t\t\t\t\t\t\t\t\t\t\t<div class=\"space-games-archive-item-short-desc relative\">\n\t\t\t\t\t\t\t\tEines der am besten bewerteten 3D-Sexspiele. Erschaffe deinen Charakter und emuliere deinen Fantasien nach.\t\t\t\t\t\t\t<\/div>\n\t\t\t\t\t\t\t\n\t\t\t\t\t\t\t<div class=\"space-games-archive-item-button relative\">\n\t\t\t\t\t\t\t\t<a href=\"\/links\/sexemulator\" title=\"Jetzt spielen\" target=\"_blank\" rel=\"nofollow\">Jetzt spielen<\/a>\n\t\t\t\t\t\t\t<\/div>\n\n\t\t\t\t\t\t\t\t\t\t\t\t\t\n\t\t\t\t\t\t<\/div>\n\t\t\t\t\t<\/div>\n\t\t\t\t<\/div>\n\n\t\t\t\t\n\t\t\t<\/div>\n\t\t\n\t\t<\/div>\n\t<\/div>\n\n\n<h2>Sex Games f\u00fcr iOS<\/h2>\n<p>Jeder Spieler eines <a href=\"https:\/\/adultxxxdate.net\/de\/porno-spiele-kein-login\/\">Sexspiels<\/a> vers\u00e4umt es nicht, eine gute Verbesserung in seinem Erwachsenenspa\u00df und Sexualleben zu erzielen. Viele Paare weltweit spielen Sexspiele, um ihre Kommunikationsf\u00e4higkeiten f\u00fcr besseren Sex zu verbessern. Sie bekommen Interesse, neue Dinge zu tun und mit dem Sexpartner vor, w\u00e4hrend und nach dem Sex zu kommunizieren. Sie erwarten perfekten Sex ohne jede Anstrengung, um ihren Erwachsenenspa\u00df zu reduzieren. Viele Erwachsene w\u00fcnschen sich Situationen, in denen gro\u00dfartiger Sex genau dann ankommt, wenn sie es am wenigsten erwarten. Dies liegt daran, dass sie das Gef\u00fchl haben, dass gro\u00dfartiger Sex Arbeit erfordert. Sie k\u00f6nnen danach an den besten Sexspielen arbeiten und ihr Sexualleben besser machen als jetzt.<\/p>\n<h2>iPhone Sex Spiele<\/h2>\n<p>Yareel ist ein w\u00fcrziges Online-Sexspiel und bekannt f\u00fcr seine s\u00fcchtig machende Natur und voller \u00dcberraschungen. Als Spieler dieses Sexspiels m\u00fcssen Sie zuerst Ihren eigenen Avatar erstellen und ihn so personalisieren, wie Sie es w\u00fcnschen. Sie k\u00f6nnen mit dem Treffen und Dating mit anderen echten Benutzern auf dieser Plattform fortfahren. Die erstklassigen Funktionen des Avatars helfen den Spielern, ihre versteckten sexuellen W\u00fcnsche zu erf\u00fcllen und bieten Chancen f\u00fcr unbegrenzten virtuellen Online-Sex. Interessante Funktionen und gro\u00dfartige Grafiken machen dieses Spiel sehr beliebt und geben jedem Spieler 100% sexuelle Befriedigung.<\/p>\n<p>Second Life ist ein Top-Online-Sexspiel, bei dem jeder kostenlos beitreten und die virtuelle Sexwelt ohne Schwierigkeiten und Verz\u00f6gerungen betreten kann. Es gibt Top-Charaktere in diesem Pornospiel mit sehr gutem Ruf. Dieses Spiel begeistert jeden Spieler. Es ist der geeignete Zeitpunkt, um das zweite Leben zu erkunden und jede Chance zu nutzen, um die Dinge in Ihrem virtuellen sexuellen Spa\u00df aufzupeppen. In dieser Spielwelt k\u00f6nnen die Spieler ihr Gesch\u00e4ft ausbauen und gro\u00dfartige Dinge tun, um sehr beliebt zu werden. Weibliche Charaktere in diesem Spiel sind von Natur aus sorgf\u00e4ltig gestaltet und erstklassig.<\/p>\n","protected":false},"excerpt":{"rendered":"<p>XXX Games f\u00fcr iPhone Sex Games f\u00fcr iOS Jeder Spieler eines Sexspiels vers\u00e4umt es nicht, eine gute Verbesserung in seinem Erwachsenenspa\u00df und Sexualleben zu erzielen. Viele Paare weltweit spielen Sexspiele, um ihre Kommunikationsf\u00e4higkeiten f\u00fcr besseren Sex zu verbessern. Sie bekommen Interesse, neue Dinge zu tun und mit dem Sexpartner vor, w\u00e4hrend und nach dem Sex [&hellip;]<\/p>\n","protected":false},"author":1,"featured_media":0,"parent":0,"menu_order":0,"comment_status":"closed","ping_status":"closed","template":"page-without-title.php","meta":[],"_links":{"self":[{"href":"https:\/\/adultxxxdate.net\/de\/wp-json\/wp\/v2\/pages\/2716"}],"collection":[{"href":"https:\/\/adultxxxdate.net\/de\/wp-json\/wp\/v2\/pages"}],"about":[{"href":"https:\/\/adultxxxdate.net\/de\/wp-json\/wp\/v2\/types\/page"}],"author":[{"embeddable":true,"href":"https:\/\/adultxxxdate.net\/de\/wp-json\/wp\/v2\/users\/1"}],"replies":[{"embeddable":true,"href":"https:\/\/adultxxxdate.net\/de\/wp-json\/wp\/v2\/comments?post=2716"}],"version-history":[{"count":0,"href":"https:\/\/adultxxxdate.net\/de\/wp-json\/wp\/v2\/pages\/2716\/revisions"}],"wp:attachment":[{"href":"https:\/\/adultxxxdate.net\/de\/wp-json\/wp\/v2\/media?parent=2716"}],"curies":[{"name":"wp","href":"https:\/\/api.w.org\/{rel}","templated":true}]}}