{"id":3295,"date":"2022-01-19T16:17:32","date_gmt":"2022-01-19T16:17:32","guid":{"rendered":"https:\/\/adultxxxdate.net\/find-tilslutningswebsteder-du-aldrig-har-tilmeldt-dig-foer\/"},"modified":"2022-01-19T16:17:32","modified_gmt":"2022-01-19T16:17:32","slug":"find-tilslutningswebsteder-du-aldrig-har-tilmeldt-dig-foer","status":"publish","type":"page","link":"https:\/\/adultxxxdate.net\/da\/find-tilslutningswebsteder-du-aldrig-har-tilmeldt-dig-foer\/","title":{"rendered":"Find tilslutningswebsteder, du aldrig har tilmeldt dig f\u00f8r"},"content":{"rendered":"<p>Vores team har sammensat en liste over 40 dating apps, du kan pr\u00f8ve nu.<\/p>\n<p>Hvis du har nogen anbefalinger, bedes du kontakte os via vores kontaktside, s\u00e5 vil vi fors\u00f8ge at gennemg\u00e5 eventuelle yderligere apps, du foresl\u00e5r.<\/p>\n<h2>S\u00e5dan tilmelder du dig<\/h2>\n<ol>\n<li>Find den app, der passer bedst til dine behov<\/li>\n<li>Fuldf\u00f8r tilmeldingssiden<\/li>\n<li>Besked lokale piger i dit omr\u00e5de<\/li>\n<\/ol>\n<h2>Alle vores anmeldelser<\/h2>\n<ul class=\"wpb_page_list\"><li class=\"page_item page-item-1996\"><a href=\"https:\/\/adultxxxdate.net\/da\/find-tilslutningswebsteder-du-aldrig-har-tilmeldt-dig-foer\/localhussies-anmeldelse\/\">Localhussies Anmeldelse<\/a><\/li>\n<li class=\"page_item page-item-2007\"><a href=\"https:\/\/adultxxxdate.net\/da\/find-tilslutningswebsteder-du-aldrig-har-tilmeldt-dig-foer\/findmyflings-anmeldelse\/\">Findmyflings anmeldelse<\/a><\/li>\n<li class=\"page_item page-item-2017\"><a href=\"https:\/\/adultxxxdate.net\/da\/find-tilslutningswebsteder-du-aldrig-har-tilmeldt-dig-foer\/iwantu-anmeldelse\/\">Iwantu Anmeldelse<\/a><\/li>\n<li class=\"page_item page-item-2040\"><a href=\"https:\/\/adultxxxdate.net\/da\/find-tilslutningswebsteder-du-aldrig-har-tilmeldt-dig-foer\/collarspace-anmeldelse\/\">Collarspace Anmeldelse<\/a><\/li>\n<li class=\"page_item page-item-2044\"><a href=\"https:\/\/adultxxxdate.net\/da\/find-tilslutningswebsteder-du-aldrig-har-tilmeldt-dig-foer\/uberhorny-anmeldelse\/\">Uberhorny Anmeldelse<\/a><\/li>\n<li class=\"page_item page-item-2045\"><a href=\"https:\/\/adultxxxdate.net\/da\/find-tilslutningswebsteder-du-aldrig-har-tilmeldt-dig-foer\/fuckbook-anmeldelse\/\">Fuckbook anmeldelse<\/a><\/li>\n<li class=\"page_item page-item-2046\"><a href=\"https:\/\/adultxxxdate.net\/da\/find-tilslutningswebsteder-du-aldrig-har-tilmeldt-dig-foer\/snapsext-anmeldelse\/\">Snapsext anmeldelse<\/a><\/li>\n<li class=\"page_item page-item-2091\"><a href=\"https:\/\/adultxxxdate.net\/da\/find-tilslutningswebsteder-du-aldrig-har-tilmeldt-dig-foer\/fabswingers-anmeldelse\/\">Fabswingers anmeldelse<\/a><\/li>\n<li class=\"page_item page-item-2095\"><a href=\"https:\/\/adultxxxdate.net\/da\/find-tilslutningswebsteder-du-aldrig-har-tilmeldt-dig-foer\/onenightfriend-anmeldelse\/\">Onenightfriend Anmeldelse<\/a><\/li>\n<li class=\"page_item page-item-2097\"><a href=\"https:\/\/adultxxxdate.net\/da\/find-tilslutningswebsteder-du-aldrig-har-tilmeldt-dig-foer\/omgchat-anmeldelse\/\">Omgchat anmeldelse<\/a><\/li>\n<li class=\"page_item page-item-2117\"><a href=\"https:\/\/adultxxxdate.net\/da\/find-tilslutningswebsteder-du-aldrig-har-tilmeldt-dig-foer\/social-sex-anmeldelse\/\">Social Sex Anmeldelse<\/a><\/li>\n<li class=\"page_item page-item-2126\"><a href=\"https:\/\/adultxxxdate.net\/da\/find-tilslutningswebsteder-du-aldrig-har-tilmeldt-dig-foer\/xcheaters-anmeldelse\/\">Xcheaters Anmeldelse<\/a><\/li>\n<li class=\"page_item page-item-2153\"><a href=\"https:\/\/adultxxxdate.net\/da\/find-tilslutningswebsteder-du-aldrig-har-tilmeldt-dig-foer\/kinkyads-anmeldelse\/\">Kinkyads anmeldelse<\/a><\/li>\n<li class=\"page_item page-item-2154\"><a href=\"https:\/\/adultxxxdate.net\/da\/find-tilslutningswebsteder-du-aldrig-har-tilmeldt-dig-foer\/instabang-anmeldelse\/\">Instabang Anmeldelse<\/a><\/li>\n<li class=\"page_item page-item-2160\"><a href=\"https:\/\/adultxxxdate.net\/da\/find-tilslutningswebsteder-du-aldrig-har-tilmeldt-dig-foer\/slynge-anmeldelse\/\">Slynge anmeldelse<\/a><\/li>\n<li class=\"page_item page-item-2161\"><a href=\"https:\/\/adultxxxdate.net\/da\/find-tilslutningswebsteder-du-aldrig-har-tilmeldt-dig-foer\/voksen-ven-finder-anmeldelse\/\">Voksen ven Finder Anmeldelse<\/a><\/li>\n<li class=\"page_item page-item-2166\"><a href=\"https:\/\/adultxxxdate.net\/da\/find-tilslutningswebsteder-du-aldrig-har-tilmeldt-dig-foer\/dirty-tinder-anmeldelse\/\">Dirty Tinder anmeldelse<\/a><\/li>\n<li class=\"page_item page-item-2199\"><a href=\"https:\/\/adultxxxdate.net\/da\/find-tilslutningswebsteder-du-aldrig-har-tilmeldt-dig-foer\/snapleakswiki-anmeldelse\/\">Snapleakswiki anmeldelse<\/a><\/li>\n<li class=\"page_item page-item-2214\"><a href=\"https:\/\/adultxxxdate.net\/da\/find-tilslutningswebsteder-du-aldrig-har-tilmeldt-dig-foer\/usa-sex-guide-anmeldelse\/\">Usa Sex Guide Anmeldelse<\/a><\/li>\n<li class=\"page_item page-item-2215\"><a href=\"https:\/\/adultxxxdate.net\/da\/find-tilslutningswebsteder-du-aldrig-har-tilmeldt-dig-foer\/gennemgang-af-snapmilfs\/\">Gennemgang af Snapmilfs<\/a><\/li>\n<li class=\"page_item page-item-2718\"><a href=\"https:\/\/adultxxxdate.net\/da\/find-tilslutningswebsteder-du-aldrig-har-tilmeldt-dig-foer\/2fuck-anmeldelse\/\">2Fuck anmeldelse<\/a><\/li>\n<li class=\"page_item page-item-2719\"><a href=\"https:\/\/adultxxxdate.net\/da\/find-tilslutningswebsteder-du-aldrig-har-tilmeldt-dig-foer\/flirt-buddies-anmeldelse\/\">Flirt Buddies Anmeldelse<\/a><\/li>\n<li class=\"page_item page-item-2721\"><a href=\"https:\/\/adultxxxdate.net\/da\/find-tilslutningswebsteder-du-aldrig-har-tilmeldt-dig-foer\/wildsmash-anmeldelse\/\">Wildsmash Anmeldelse<\/a><\/li>\n<li class=\"page_item page-item-2724\"><a href=\"https:\/\/adultxxxdate.net\/da\/find-tilslutningswebsteder-du-aldrig-har-tilmeldt-dig-foer\/bang-lokalbefolkning-anmeldelse\/\">Bang Lokalbefolkning anmeldelse<\/a><\/li>\n<\/ul>\n<h2>Hvordan vi rangerer webstederne<\/h2>\n<p>Fantastisk sp\u00f8rgsm\u00e5l, vi rangerer de bedste dating apps om, hvor nemt det er at finde afslappet sex med lokale piger i n\u00e6rheden af dig.<\/p>\n<p>Hvis du leder efter sex, beh\u00f8ver du ikke at lede l\u00e6ngere end de apps, vi har fundet til dig.<\/p>\n","protected":false},"excerpt":{"rendered":"<p>Vores team har sammensat en liste over 40 dating apps, du kan pr\u00f8ve nu. Hvis du har nogen anbefalinger, bedes du kontakte os via vores kontaktside, s\u00e5 vil vi fors\u00f8ge at gennemg\u00e5 eventuelle yderligere apps, du foresl\u00e5r. S\u00e5dan tilmelder du dig Find den app, der passer bedst til dine behov Fuldf\u00f8r tilmeldingssiden Besked lokale piger [&hellip;]<\/p>\n","protected":false},"author":1,"featured_media":0,"parent":0,"menu_order":0,"comment_status":"closed","ping_status":"closed","template":"page-full-width.php","meta":[],"_links":{"self":[{"href":"https:\/\/adultxxxdate.net\/da\/wp-json\/wp\/v2\/pages\/3295"}],"collection":[{"href":"https:\/\/adultxxxdate.net\/da\/wp-json\/wp\/v2\/pages"}],"about":[{"href":"https:\/\/adultxxxdate.net\/da\/wp-json\/wp\/v2\/types\/page"}],"author":[{"embeddable":true,"href":"https:\/\/adultxxxdate.net\/da\/wp-json\/wp\/v2\/users\/1"}],"replies":[{"embeddable":true,"href":"https:\/\/adultxxxdate.net\/da\/wp-json\/wp\/v2\/comments?post=3295"}],"version-history":[{"count":0,"href":"https:\/\/adultxxxdate.net\/da\/wp-json\/wp\/v2\/pages\/3295\/revisions"}],"wp:attachment":[{"href":"https:\/\/adultxxxdate.net\/da\/wp-json\/wp\/v2\/media?parent=3295"}],"curies":[{"name":"wp","href":"https:\/\/api.w.org\/{rel}","templated":true}]}}