{"id":2920,"date":"2021-08-31T12:37:41","date_gmt":"2021-08-31T12:37:41","guid":{"rendered":"https:\/\/adultxxxdate.net\/gratis-sex-sites-ingen-kreditkort\/"},"modified":"2025-09-21T15:02:39","modified_gmt":"2025-09-21T15:02:39","slug":"gratis-sex-sites-ingen-kreditkort","status":"publish","type":"page","link":"https:\/\/adultxxxdate.net\/da\/gratis-sex-sites-ingen-kreditkort\/","title":{"rendered":"Gratis Sex Sites Intet kreditkort"},"content":{"rendered":"<h1>Gratis kneppesider uden kreditkort &#8211; m\u00f8d liderlige k\u00e6llinger i n\u00e6rheden af dig \ud83d\udc8b\ud83d\udcf1\ud83d\udd25<\/h1>\n<p>Lad os springe smalltalken over: Hvis du leder efter sjove, afslappede forbindelser med selvsikre, seksuelt \u00e5bne kvinder, er du ikke alene &#8211; og ja, det er absolut muligt at finde dem i n\u00e6rheden af dig. Uanset om de er eventyrlystne MILF&#8217;er, dristige pumaer, flirtende fraskilte eller liderlige kvinder, der lige er f\u00e6rdige med dramaet, er der tonsvis af fordomsfrie hotte k\u00e6llinger i n\u00e6rheden, der vil have det samme som dig: intet pres, ingen forventninger &#8211; bare kemi, flirt og uforglemmelige n\u00e6tter. For dem, der s\u00f8ger efter de bedste platforme til at komme i kontakt med s\u00e5danne personer, kan det v\u00e6re et glimrende udgangspunkt at udforske forskellige <a href=\"https:\/\/adultxxxdate.net\/free-meet-and-fuck-sites\/\">kneppesider<\/a> , der tilbyder et v\u00e6ld af muligheder, der passer til enhver pr\u00e6ference. <strong>Denne guide hj\u00e6lper dig:<\/strong> \u2705 Find rigtige, hotte lokale k\u00e6llinger i dit omr\u00e5de \u2705<br \/>\nBrug de bedste dating-apps til tilf\u00e6ldige<br \/>\n\u2705 m\u00f8der Skil dig ud med beskeder, der f\u00e5r svar<br \/>\n\u2705 G\u00e5 fra &#8220;hej&#8221; til hookup &#8211; uden at lyde som alle andre    <\/p>\n<p>Nutidens selvsikre k\u00e6llinger i dit omr\u00e5de ved, hvad de vil have &#8211; og de er ikke bange for at bede om det. Og det, mange \u00f8nsker, er: <\/p>\n<p>\u2714\ufe0f Sjov uden pres<br \/>\n\u2714\ufe0f fra forholdet Flirtende samtaler, der bliver til \u00e6gte kemi<br \/>\n\u2714\ufe0f Yngre m\u00e6nd, der er selvsikre og dramafri<br \/>\n\u2714\ufe0f Sp\u00e6nding sent om aftenen uden strenge tidligt om morgenen  <\/p>\n<p>Uanset om hun er en enlig mor, en nysgerrig puma eller en kvinde, der udforsker sin vilde side, leder hun efter en, der forst\u00e5r det &#8211; og det kunne v\u00e6re dig. Udforsk mulighederne p\u00e5 <a href=\"https:\/\/adultxxxdate.net\/\">Casual dating sites<\/a> for at finde det perfekte match til dine \u00f8nsker. <\/p>\n<h2>\ud83d\udcf1 Bedste dating-apps til at m\u00f8de lokale k\u00e6llinger i n\u00e6rheden af dig<\/h2>\n<p>Vil du springe g\u00e6tteriet over og g\u00e5 direkte til den sjove del? Disse apps er sp\u00e6kket med lokale, sexede k\u00e6llinger, der leder efter afslappede forbindelser &#8211; og de er gratis at gennemse eller deltage i:<br \/>\nBedst til: Hurtige, flirtende chats med afslappede datere og MILF&#8217;er <\/p>\n<p>\u2714\ufe0f Fantastisk til spontane hookups<br \/>\n\u2714\ufe0f Kvinder, der er \u00e5bne, dristige og legende<br \/>\n\u2714\ufe0f Enkel gr\u00e6nseflade og hurtig matchning<\/p>\n<h3>\ud83d\udc60 Ashley Madison<\/h3>\n<p>Bedst til: Diskrete forbindelser med gifte eller nysgerrige kvinder<\/p>\n<p>\u2714\ufe0f Bygget til hemmelige flirts og privat sjov<br \/>\n\u2714\ufe0f Mange kvinder 30+ p\u00e5 udkig efter afslappet romantik<br \/>\n\u2714\ufe0f Sikkert, ford\u00f8mmelsesfrit chatrum<\/p>\n<h3>\ud83d\udd25 AdultFriendFinder<\/h3>\n<p>Bedst til: Vilde chats, hookups og alt derimellem<\/p>\n<p>\u2714\ufe0f \u00c5bent f\u00e6llesskab af MILF&#8217;er, pumaer og eventyrlystne singler\u2714\ufe0f<br \/>\n Ideel til cam-chat, fantasier og m\u00f8der<br \/>\n\u2714\ufe0f i det virkelige liv Masser af lokale kampe klar til at tale i aften<\/p>\n<h3>\ud83d\udc8b Cougar Life<\/h3>\n<p>Bedst til: \u00c6ldre, erfarne k\u00e6llinger, der elsker yngre m\u00e6nd<\/p>\n<p>\u2714\ufe0f Fuld af MILF&#8217;er og pumaer p\u00e5 udkig efter sjov\u2714\ufe0f<br \/>\n Lokale filtre hj\u00e6lper dig med at forbinde n\u00e6rliggende<br \/>\n\u2714\ufe0f Kvinder her tage f\u00f8ringen &#8211; og elske, n\u00e5r du f\u00f8lger<\/p>\n<h3>\ud83e\udde1 MILF Dating Club<\/h3>\n<p>Bedst til: Sofistikerede k\u00e6llinger p\u00e5 udkig efter aldersforskelle<\/p>\n<p>\u2714\ufe0f Verificerede, modne kvindelige medlemmer\u2714\ufe0f<br \/>\n Diskret, flirtende og respektfuld platform<br \/>\n\u2714\ufe0f Ideel til sexede m\u00f8der uden pres<\/p>\n<h2>\ud83d\udcac Flirtende tips til at tiltr\u00e6kke den rigtige form for opm\u00e6rksomhed<\/h2>\n<p>Hvis du leder efter uforpligtende sjov, skal du gribe det an p\u00e5 den rigtige m\u00e5de: selvsikker, flirtende og respektfuld.<\/p>\n<h3>\u2705 1. G\u00f8r din profil klar til tilslutning (uden at v\u00e6re cringe) <\/h3>\n<p>V\u00e6r klar over din stemning &#8211; men hold den stilfuld.<\/p>\n<p><strong>Eksempel p\u00e5 bio:  <\/strong><em>Afslappet, dramafri og handler om god energi og st\u00e6rk kemi. S\u00f8ger at komme i kontakt med nogen, der ved, hvad hun vil &#8211; og ikke er bange for at have det sjovt. <\/em><\/p>\n<p>\ud83d\udcf8 Brug et rent, nyligt billede. Vis dit ansigt. Smil. Selvtillid &gt; flexer.   <\/p>\n<h3>\u2705 2. Send hende en besked, som om du mener det <\/h3>\n<p>Send ikke &#8220;hej&#8221;. F\u00e5 hende til at f\u00f8le sig sexet, ikke spammet. <\/p>\n<p><strong>Fors\u00f8ge:<\/strong><\/p>\n<ul>\n<li><em>Du har det udseende &#8211; selvsikker, sjov og lige farlig nok til at v\u00e6re interessant. Jeg er til det. <\/em><\/li>\n<li><em>Ikke her for at spilde din tid &#8211; men jeg vil meget gerne hj\u00e6lpe dig med at spilde din aften.<\/em><\/li>\n<\/ul>\n<p>Flirtende. Legende. Direkte.  <\/p>\n<h3>\u2705 3. Lad hende lede &#8211; og v\u00e6r klar, n\u00e5r hun g\u00f8r det <\/h3>\n<p>\u00c5bne kvinder elsker fyre, der ikke overkomplicerer tingene. N\u00e5r energien er der, s\u00e5 sig noget i stil med: <em>Lad os sk\u00e6re ned p\u00e5 det &#8211; drinks i weekenden, eller skal vi springe drinksene over og se, hvad der sker?<\/em> <\/p>\n<p>Selvtillid t\u00e6nder hende. Bare l\u00e6s stemningen &#8211; og respekter hendes gr\u00e6nser. <\/p>\n<h2>\ud83d\udca6 Hvad leder disse k\u00e6llinger i dit omr\u00e5de egentlig efter?<\/h2>\n<p>Det afh\u00e6nger &#8211; men de fleste er efter:<\/p>\n<p>\u2714\ufe0f \u00c6gte kemi \u2714\ufe0f<br \/>\nHede samtaler, der g\u00e5r et sted<br \/>\n\u2714\ufe0f Intet pres, sjov f\u00f8rst dating<br \/>\n\u2714\ufe0f Fyre, der flirter godt og holder tingene lette  <\/p>\n<p>Uanset om det er \u00e9n gang eller l\u00f8bende, er hun her for at hygge sig uden <a href=\"https:\/\/adultxxxdate.net\/free-hookup-ads\/\">bindinger<\/a> &#8211; og s\u00f8rg for, at du ogs\u00e5 g\u00f8r det.<\/p>\n<h2>\u2705 Afsluttende tanker! Hun er i n\u00e6rheden&#8230; og klar <\/h2>\n<p>Hvis du er tr\u00e6t af endel\u00f8se swipes og leder efter en \u00e6gte forbindelse med en sjov, fordomsfri kvinde i n\u00e6rheden af dig, er dette dit \u00f8jeblik. Du beh\u00f8ver ikke afhentningslinjer. <\/p>\n<p><strong>Du skal bare bruge:<\/strong><\/p>\n<p>\u2705 En flirtende, \u00e6gte profil<br \/>\n\u2705 En besked, der f\u00e5r hende til at smile<br \/>\n\u2705 Og den rigtige dating-app til at finde hende hurtigt<\/p>\n\n\t<div class=\"space-shortcode-wrap space-shortcode-4 relative\">\n\t\t<div class=\"space-shortcode-wrap-ins relative\">\n\n\t\t\t\n\t\t\t<div class=\"space-casinos-3-archive-items box-100 relative\">\n\n\t\t\t\t\t\t\t\t\n\t\t\t\t\t\t\t\n\t\t\t\t<div class=\"space-casinos-3-archive-item box-100 relative\">\n\t\t\t\t\t<div class=\"space-casinos-3-archive-item-ins relative\">\n\t\t\t\t\t\t<div class=\"space-casinos-3-archive-item-logo box-25 relative\">\n\t\t\t\t\t\t\t<div class=\"space-casinos-3-archive-item-logo-ins box-100 text-center relative\">\n\t\t\t\t\t\t\t\t\t\t\t\t\t\t\t\t<a href=\"\/links\/milfplay\" title=\"MilfPlay\" target=\"_blank\" rel=\"nofollow\">\n\t\t\t\t\t\t\t\t\t<img src=\"https:\/\/adultxxxdate.net\/wp-content\/uploads\/2021\/07\/milfplay-logo.png\" alt=\"MilfPlay\">\n\t\t\t\t\t\t\t\t<\/a>\n\t\t\t\t\t\t\t\t\t\t\t\t\t\t\t<\/div>\n\t\t\t\t\t\t\t<div class=\"space-casinos-3-archive-item-count absolute\">\n\t\t\t\t\t\t\t\t<span>1<\/span>\n\t\t\t\t\t\t\t<\/div>\n\t\t\t\t\t\t<\/div>\n\t\t\t\t\t\t<div class=\"space-casinos-3-archive-item-terms box-25 relative\">\n\t\t\t\t\t\t\t<div class=\"space-casinos-3-archive-item-terms-ins box-100 text-center relative\">\n\t\t\t\t\t\t\t\t<img style=\"width: 16px; height: 16px;\" src=\"\/wp-content\/themes\/mercury\/female-organs-vagina-svgrepo-com.svg\"> Female Members: <b>48%<\/b><br>\n\t\t\t\t\t\t\t\t\t<img style=\"width: 16px; height: 16px;\" src=\"\/wp-content\/themes\/mercury\/time-svgrepo-com.svg\"> Sign Up Speed: <b>Hurtig<\/b><br>\n\t\t\t\t\t\t\t\t\t<img style=\"width: 16px; height: 16px;\" src=\"\/wp-content\/themes\/mercury\/woman-svgrepo-com.svg\"> Age Range: <b>18-75<\/b><br>\n\t\t\t\t\t\t\t\t\t<img style=\"width: 16px; height: 16px;\" src=\"\/wp-content\/themes\/mercury\/money-svgrepo-com.svg\"> Free Trial: <b>Yes<\/b><br>\n\t\t\t\t\t\t\t<\/div>\n\t\t\t\t\t\t<\/div>\n\t\t\t\t\t\t<div class=\"space-casinos-3-archive-item-rating box-25 relative\">\n\t\t\t\t\t\t\t<div class=\"space-casinos-3-archive-item-rating-ins box-100 text-center relative\">\n\t\t\t\t\t\t\t\t\t\t\t\t\t\t\t\t<div class=\"space-casinos-3-archive-item-rating-box relative\">\n\t\t\t\t\t\t\t\t\t<div class=\"star-rating\"><span class=\"screen-reader-text\">3,8 rating<\/span><div class=\"star star-full\" aria-hidden=\"true\"><\/div><div class=\"star star-full\" aria-hidden=\"true\"><\/div><div class=\"star star-full\" aria-hidden=\"true\"><\/div><div class=\"star star-half\" aria-hidden=\"true\"><\/div><div class=\"star star-empty\" aria-hidden=\"true\"><\/div><\/div>\t\t\t\t\t\t\t\t\t<span>3.8<\/span>\n\t\t\t\t\t\t\t\t<\/div>\n\n\t\t\t\t\t\t\t\t\t\t\t\t\t\t\t\t\n\t\t\t\t\t\t\t<\/div>\n\t\t\t\t\t\t<\/div>\n\t\t\t\t\t\t<div class=\"space-casinos-3-archive-item-button box-25 relative\">\n\t\t\t\t\t\t\t<div class=\"space-casinos-3-archive-item-button-ins box-100 text-center relative\">\n\t\t\t\t\t\t\t\t<a style=\"background-color: #ef3024 !important;\" href=\"\/links\/milfplay\" title=\"Gratis tilmelding\" target=\"_blank\" rel=\"nofollow\"><i class=\"fas fa-check-circle\"><\/i> Gratis tilmelding<\/a>\n\n\t\t\t\t\t\t\t<\/div>\n\t\t\t\t\t\t<\/div>\n\t\t\t\t\t<\/div>\n\t\t\t\t<\/div>\n\n\t\t\t\t\t\t\t\t\n\t\t\t\t\t\t\t\n\t\t\t\t<div class=\"space-casinos-3-archive-item box-100 relative\">\n\t\t\t\t\t<div class=\"space-casinos-3-archive-item-ins relative\">\n\t\t\t\t\t\t<div class=\"space-casinos-3-archive-item-logo box-25 relative\">\n\t\t\t\t\t\t\t<div class=\"space-casinos-3-archive-item-logo-ins box-100 text-center relative\">\n\t\t\t\t\t\t\t\t\t\t\t\t\t\t\t\t<a href=\"\/links\/onenightfriend\" title=\"OneNightFriend\" target=\"_blank\" rel=\"nofollow\">\n\t\t\t\t\t\t\t\t\t<img src=\"https:\/\/adultxxxdate.net\/wp-content\/uploads\/2021\/07\/onenightfriend-logo-132x80.png\" alt=\"OneNightFriend\">\n\t\t\t\t\t\t\t\t<\/a>\n\t\t\t\t\t\t\t\t\t\t\t\t\t\t\t<\/div>\n\t\t\t\t\t\t\t<div class=\"space-casinos-3-archive-item-count absolute\">\n\t\t\t\t\t\t\t\t<span>2<\/span>\n\t\t\t\t\t\t\t<\/div>\n\t\t\t\t\t\t<\/div>\n\t\t\t\t\t\t<div class=\"space-casinos-3-archive-item-terms box-25 relative\">\n\t\t\t\t\t\t\t<div class=\"space-casinos-3-archive-item-terms-ins box-100 text-center relative\">\n\t\t\t\t\t\t\t\t<img style=\"width: 16px; height: 16px;\" src=\"\/wp-content\/themes\/mercury\/female-organs-vagina-svgrepo-com.svg\"> Female Members: <b>49%<\/b><br>\n\t\t\t\t\t\t\t\t\t<img style=\"width: 16px; height: 16px;\" src=\"\/wp-content\/themes\/mercury\/time-svgrepo-com.svg\"> Sign Up Speed: <b>Hurtig<\/b><br>\n\t\t\t\t\t\t\t\t\t<img style=\"width: 16px; height: 16px;\" src=\"\/wp-content\/themes\/mercury\/woman-svgrepo-com.svg\"> Age Range: <b>18-68<\/b><br>\n\t\t\t\t\t\t\t\t\t<img style=\"width: 16px; height: 16px;\" src=\"\/wp-content\/themes\/mercury\/money-svgrepo-com.svg\"> Free Trial: <b>Yes<\/b><br>\n\t\t\t\t\t\t\t<\/div>\n\t\t\t\t\t\t<\/div>\n\t\t\t\t\t\t<div class=\"space-casinos-3-archive-item-rating box-25 relative\">\n\t\t\t\t\t\t\t<div class=\"space-casinos-3-archive-item-rating-ins box-100 text-center relative\">\n\t\t\t\t\t\t\t\t\t\t\t\t\t\t\t\t<div class=\"space-casinos-3-archive-item-rating-box relative\">\n\t\t\t\t\t\t\t\t\t<div class=\"star-rating\"><span class=\"screen-reader-text\">3,8 rating<\/span><div class=\"star star-full\" aria-hidden=\"true\"><\/div><div class=\"star star-full\" aria-hidden=\"true\"><\/div><div class=\"star star-full\" aria-hidden=\"true\"><\/div><div class=\"star star-half\" aria-hidden=\"true\"><\/div><div class=\"star star-empty\" aria-hidden=\"true\"><\/div><\/div>\t\t\t\t\t\t\t\t\t<span>3.8<\/span>\n\t\t\t\t\t\t\t\t<\/div>\n\n\t\t\t\t\t\t\t\t\t\t\t\t\t\t\t\t\n\t\t\t\t\t\t\t<\/div>\n\t\t\t\t\t\t<\/div>\n\t\t\t\t\t\t<div class=\"space-casinos-3-archive-item-button box-25 relative\">\n\t\t\t\t\t\t\t<div class=\"space-casinos-3-archive-item-button-ins box-100 text-center relative\">\n\t\t\t\t\t\t\t\t<a style=\"background-color: #ef3024 !important;\" href=\"\/links\/onenightfriend\" title=\"Gratis tilmelding\" target=\"_blank\" rel=\"nofollow\"><i class=\"fas fa-check-circle\"><\/i> Gratis tilmelding<\/a>\n\n\t\t\t\t\t\t\t<\/div>\n\t\t\t\t\t\t<\/div>\n\t\t\t\t\t<\/div>\n\t\t\t\t<\/div>\n\n\t\t\t\t\t\t\t\t\n\t\t\t\t\t\t\t\n\t\t\t\t<div class=\"space-casinos-3-archive-item box-100 relative\">\n\t\t\t\t\t<div class=\"space-casinos-3-archive-item-ins relative\">\n\t\t\t\t\t\t<div class=\"space-casinos-3-archive-item-logo box-25 relative\">\n\t\t\t\t\t\t\t<div class=\"space-casinos-3-archive-item-logo-ins box-100 text-center relative\">\n\t\t\t\t\t\t\t\t\t\t\t\t\t\t\t\t<a href=\"\/links\/banglocals\" title=\"Bang Lokalbefolkningen\" target=\"_blank\" rel=\"nofollow\">\n\t\t\t\t\t\t\t\t\t<img src=\"https:\/\/adultxxxdate.net\/wp-content\/uploads\/2021\/07\/banglocals-logo2-190x80.png\" alt=\"Bang Lokalbefolkningen\">\n\t\t\t\t\t\t\t\t<\/a>\n\t\t\t\t\t\t\t\t\t\t\t\t\t\t\t<\/div>\n\t\t\t\t\t\t\t<div class=\"space-casinos-3-archive-item-count absolute\">\n\t\t\t\t\t\t\t\t<span>3<\/span>\n\t\t\t\t\t\t\t<\/div>\n\t\t\t\t\t\t<\/div>\n\t\t\t\t\t\t<div class=\"space-casinos-3-archive-item-terms box-25 relative\">\n\t\t\t\t\t\t\t<div class=\"space-casinos-3-archive-item-terms-ins box-100 text-center relative\">\n\t\t\t\t\t\t\t\t<img style=\"width: 16px; height: 16px;\" src=\"\/wp-content\/themes\/mercury\/female-organs-vagina-svgrepo-com.svg\"> Female Members: <b>48%<\/b><br>\n\t\t\t\t\t\t\t\t\t<img style=\"width: 16px; height: 16px;\" src=\"\/wp-content\/themes\/mercury\/time-svgrepo-com.svg\"> Sign Up Speed: <b>Hurtig<\/b><br>\n\t\t\t\t\t\t\t\t\t<img style=\"width: 16px; height: 16px;\" src=\"\/wp-content\/themes\/mercury\/woman-svgrepo-com.svg\"> Age Range: <b>18-75<\/b><br>\n\t\t\t\t\t\t\t\t\t<img style=\"width: 16px; height: 16px;\" src=\"\/wp-content\/themes\/mercury\/money-svgrepo-com.svg\"> Free Trial: <b>Yes<\/b><br>\n\t\t\t\t\t\t\t<\/div>\n\t\t\t\t\t\t<\/div>\n\t\t\t\t\t\t<div class=\"space-casinos-3-archive-item-rating box-25 relative\">\n\t\t\t\t\t\t\t<div class=\"space-casinos-3-archive-item-rating-ins box-100 text-center relative\">\n\t\t\t\t\t\t\t\t\t\t\t\t\t\t\t\t<div class=\"space-casinos-3-archive-item-rating-box relative\">\n\t\t\t\t\t\t\t\t\t<div class=\"star-rating\"><span class=\"screen-reader-text\">3,8 rating<\/span><div class=\"star star-full\" aria-hidden=\"true\"><\/div><div class=\"star star-full\" aria-hidden=\"true\"><\/div><div class=\"star star-full\" aria-hidden=\"true\"><\/div><div class=\"star star-half\" aria-hidden=\"true\"><\/div><div class=\"star star-empty\" aria-hidden=\"true\"><\/div><\/div>\t\t\t\t\t\t\t\t\t<span>3.8<\/span>\n\t\t\t\t\t\t\t\t<\/div>\n\n\t\t\t\t\t\t\t\t\t\t\t\t\t\t\t\t\n\t\t\t\t\t\t\t<\/div>\n\t\t\t\t\t\t<\/div>\n\t\t\t\t\t\t<div class=\"space-casinos-3-archive-item-button box-25 relative\">\n\t\t\t\t\t\t\t<div class=\"space-casinos-3-archive-item-button-ins box-100 text-center relative\">\n\t\t\t\t\t\t\t\t<a style=\"background-color: #ef3024 !important;\" href=\"\/links\/banglocals\" title=\"Gratis tilmelding\" target=\"_blank\" rel=\"nofollow\"><i class=\"fas fa-check-circle\"><\/i> Gratis tilmelding<\/a>\n\n\t\t\t\t\t\t\t<\/div>\n\t\t\t\t\t\t<\/div>\n\t\t\t\t\t<\/div>\n\t\t\t\t<\/div>\n\n\t\t\t\t\t\t\t\t\n\t\t\t\t\t\t\t\n\t\t\t\t<div class=\"space-casinos-3-archive-item box-100 relative\">\n\t\t\t\t\t<div class=\"space-casinos-3-archive-item-ins relative\">\n\t\t\t\t\t\t<div class=\"space-casinos-3-archive-item-logo box-25 relative\">\n\t\t\t\t\t\t\t<div class=\"space-casinos-3-archive-item-logo-ins box-100 text-center relative\">\n\t\t\t\t\t\t\t\t\t\t\t\t\t\t\t\t<a href=\"\/links\/waystomeet\" title=\"WaysToMeet\" target=\"_blank\" rel=\"nofollow\">\n\t\t\t\t\t\t\t\t\t<img src=\"https:\/\/adultxxxdate.net\/wp-content\/uploads\/2021\/07\/waystomeet-dark-80x80.png\" alt=\"WaysToMeet\">\n\t\t\t\t\t\t\t\t<\/a>\n\t\t\t\t\t\t\t\t\t\t\t\t\t\t\t<\/div>\n\t\t\t\t\t\t\t<div class=\"space-casinos-3-archive-item-count absolute\">\n\t\t\t\t\t\t\t\t<span>4<\/span>\n\t\t\t\t\t\t\t<\/div>\n\t\t\t\t\t\t<\/div>\n\t\t\t\t\t\t<div class=\"space-casinos-3-archive-item-terms box-25 relative\">\n\t\t\t\t\t\t\t<div class=\"space-casinos-3-archive-item-terms-ins box-100 text-center relative\">\n\t\t\t\t\t\t\t\t<img style=\"width: 16px; height: 16px;\" src=\"\/wp-content\/themes\/mercury\/female-organs-vagina-svgrepo-com.svg\"> Female Members: <b>48%<\/b><br>\n\t\t\t\t\t\t\t\t\t<img style=\"width: 16px; height: 16px;\" src=\"\/wp-content\/themes\/mercury\/time-svgrepo-com.svg\"> Sign Up Speed: <b>Hurtig<\/b><br>\n\t\t\t\t\t\t\t\t\t<img style=\"width: 16px; height: 16px;\" src=\"\/wp-content\/themes\/mercury\/woman-svgrepo-com.svg\"> Age Range: <b>18-75<\/b><br>\n\t\t\t\t\t\t\t\t\t<img style=\"width: 16px; height: 16px;\" src=\"\/wp-content\/themes\/mercury\/money-svgrepo-com.svg\"> Free Trial: <b>Yes<\/b><br>\n\t\t\t\t\t\t\t<\/div>\n\t\t\t\t\t\t<\/div>\n\t\t\t\t\t\t<div class=\"space-casinos-3-archive-item-rating box-25 relative\">\n\t\t\t\t\t\t\t<div class=\"space-casinos-3-archive-item-rating-ins box-100 text-center relative\">\n\t\t\t\t\t\t\t\t\t\t\t\t\t\t\t\t<div class=\"space-casinos-3-archive-item-rating-box relative\">\n\t\t\t\t\t\t\t\t\t<div class=\"star-rating\"><span class=\"screen-reader-text\">3,8 rating<\/span><div class=\"star star-full\" aria-hidden=\"true\"><\/div><div class=\"star star-full\" aria-hidden=\"true\"><\/div><div class=\"star star-full\" aria-hidden=\"true\"><\/div><div class=\"star star-half\" aria-hidden=\"true\"><\/div><div class=\"star star-empty\" aria-hidden=\"true\"><\/div><\/div>\t\t\t\t\t\t\t\t\t<span>3.8<\/span>\n\t\t\t\t\t\t\t\t<\/div>\n\n\t\t\t\t\t\t\t\t\t\t\t\t\t\t\t\t\n\t\t\t\t\t\t\t<\/div>\n\t\t\t\t\t\t<\/div>\n\t\t\t\t\t\t<div class=\"space-casinos-3-archive-item-button box-25 relative\">\n\t\t\t\t\t\t\t<div class=\"space-casinos-3-archive-item-button-ins box-100 text-center relative\">\n\t\t\t\t\t\t\t\t<a style=\"background-color: #ef3024 !important;\" href=\"\/links\/waystomeet\" title=\"Gratis tilmelding\" target=\"_blank\" rel=\"nofollow\"><i class=\"fas fa-check-circle\"><\/i> Gratis tilmelding<\/a>\n\n\t\t\t\t\t\t\t<\/div>\n\t\t\t\t\t\t<\/div>\n\t\t\t\t\t<\/div>\n\t\t\t\t<\/div>\n\n\t\t\t\t\t\t\t\t\n\t\t\t\t\t\t\t\n\t\t\t\t<div class=\"space-casinos-3-archive-item box-100 relative\">\n\t\t\t\t\t<div class=\"space-casinos-3-archive-item-ins relative\">\n\t\t\t\t\t\t<div class=\"space-casinos-3-archive-item-logo box-25 relative\">\n\t\t\t\t\t\t\t<div class=\"space-casinos-3-archive-item-logo-ins box-100 text-center relative\">\n\t\t\t\t\t\t\t\t\t\t\t\t\t\t\t\t<a href=\"\/links\/comewithyou\" title=\"ComeWithYou\" target=\"_blank\" rel=\"nofollow\">\n\t\t\t\t\t\t\t\t\t<img src=\"https:\/\/adultxxxdate.net\/wp-content\/uploads\/2021\/07\/comewithyou-logo.png\" alt=\"ComeWithYou\">\n\t\t\t\t\t\t\t\t<\/a>\n\t\t\t\t\t\t\t\t\t\t\t\t\t\t\t<\/div>\n\t\t\t\t\t\t\t<div class=\"space-casinos-3-archive-item-count absolute\">\n\t\t\t\t\t\t\t\t<span>5<\/span>\n\t\t\t\t\t\t\t<\/div>\n\t\t\t\t\t\t<\/div>\n\t\t\t\t\t\t<div class=\"space-casinos-3-archive-item-terms box-25 relative\">\n\t\t\t\t\t\t\t<div class=\"space-casinos-3-archive-item-terms-ins box-100 text-center relative\">\n\t\t\t\t\t\t\t\t<img style=\"width: 16px; height: 16px;\" src=\"\/wp-content\/themes\/mercury\/female-organs-vagina-svgrepo-com.svg\"> Female Members: <b>51%<\/b><br>\n\t\t\t\t\t\t\t\t\t<img style=\"width: 16px; height: 16px;\" src=\"\/wp-content\/themes\/mercury\/time-svgrepo-com.svg\"> Sign Up Speed: <b>Hurtig<\/b><br>\n\t\t\t\t\t\t\t\t\t<img style=\"width: 16px; height: 16px;\" src=\"\/wp-content\/themes\/mercury\/woman-svgrepo-com.svg\"> Age Range: <b>18-65<\/b><br>\n\t\t\t\t\t\t\t\t\t<img style=\"width: 16px; height: 16px;\" src=\"\/wp-content\/themes\/mercury\/money-svgrepo-com.svg\"> Free Trial: <b>Yes<\/b><br>\n\t\t\t\t\t\t\t<\/div>\n\t\t\t\t\t\t<\/div>\n\t\t\t\t\t\t<div class=\"space-casinos-3-archive-item-rating box-25 relative\">\n\t\t\t\t\t\t\t<div class=\"space-casinos-3-archive-item-rating-ins box-100 text-center relative\">\n\t\t\t\t\t\t\t\t\t\t\t\t\t\t\t\t<div class=\"space-casinos-3-archive-item-rating-box relative\">\n\t\t\t\t\t\t\t\t\t<div class=\"star-rating\"><span class=\"screen-reader-text\">4,0 rating<\/span><div class=\"star star-full\" aria-hidden=\"true\"><\/div><div class=\"star star-full\" aria-hidden=\"true\"><\/div><div class=\"star star-full\" aria-hidden=\"true\"><\/div><div class=\"star star-full\" aria-hidden=\"true\"><\/div><div class=\"star star-empty\" aria-hidden=\"true\"><\/div><\/div>\t\t\t\t\t\t\t\t\t<span>4.0<\/span>\n\t\t\t\t\t\t\t\t<\/div>\n\n\t\t\t\t\t\t\t\t\t\t\t\t\t\t\t\t\n\t\t\t\t\t\t\t<\/div>\n\t\t\t\t\t\t<\/div>\n\t\t\t\t\t\t<div class=\"space-casinos-3-archive-item-button box-25 relative\">\n\t\t\t\t\t\t\t<div class=\"space-casinos-3-archive-item-button-ins box-100 text-center relative\">\n\t\t\t\t\t\t\t\t<a style=\"background-color: #ef3024 !important;\" href=\"\/links\/comewithyou\" title=\"Gratis tilmelding\" target=\"_blank\" rel=\"nofollow\"><i class=\"fas fa-check-circle\"><\/i> Gratis tilmelding<\/a>\n\n\t\t\t\t\t\t\t<\/div>\n\t\t\t\t\t\t<\/div>\n\t\t\t\t\t<\/div>\n\t\t\t\t<\/div>\n\n\t\t\t\t\n\t\t\t<\/div>\n\t\t\t\n\t\t<\/div>\n\t<\/div>\n\n\n<h3>\ud83d\udc49 Klar til at m\u00f8de lokale k\u00e6llinger?<\/h3>\n<p>Start nu ved at tilmelde dig en (eller flere!) af de bedste datingplatforme:<\/p>\n<ul>\n<li>V\u00e6r fr\u00e6k<\/li>\n<li>Ulla T\u00f8rn\u00e6s (V)<\/li>\n<li>AdultFriendFinder<\/li>\n<li>Cougar liv<\/li>\n<li>The MILF Dating Club<\/li>\n<\/ul>\n<p>\ud83d\udccd Hun er lokal \ud83d\udcac Hun er online \ud83d\udd25 Og hun leder efter en, der forst\u00e5r det<\/p>\n<p>Send beskeden. Start chatten. Og lad tingene blive sjove &#8211; hurtigt. \ud83d\udc8b\ud83d\udcf1\ud83d\ude08   <\/p>\n","protected":false},"excerpt":{"rendered":"<p>Gratis kneppesider uden kreditkort &#8211; m\u00f8d liderlige k\u00e6llinger i n\u00e6rheden af dig \ud83d\udc8b\ud83d\udcf1\ud83d\udd25 Lad os springe smalltalken over: Hvis du leder efter sjove, afslappede forbindelser med selvsikre, seksuelt \u00e5bne kvinder, er du ikke alene &#8211; og ja, det er absolut muligt at finde dem i n\u00e6rheden af dig. Uanset om de er eventyrlystne MILF&#8217;er, dristige [&hellip;]<\/p>\n","protected":false},"author":1,"featured_media":0,"parent":0,"menu_order":0,"comment_status":"closed","ping_status":"closed","template":"page-without-title.php","meta":[],"_links":{"self":[{"href":"https:\/\/adultxxxdate.net\/da\/wp-json\/wp\/v2\/pages\/2920"}],"collection":[{"href":"https:\/\/adultxxxdate.net\/da\/wp-json\/wp\/v2\/pages"}],"about":[{"href":"https:\/\/adultxxxdate.net\/da\/wp-json\/wp\/v2\/types\/page"}],"author":[{"embeddable":true,"href":"https:\/\/adultxxxdate.net\/da\/wp-json\/wp\/v2\/users\/1"}],"replies":[{"embeddable":true,"href":"https:\/\/adultxxxdate.net\/da\/wp-json\/wp\/v2\/comments?post=2920"}],"version-history":[{"count":1,"href":"https:\/\/adultxxxdate.net\/da\/wp-json\/wp\/v2\/pages\/2920\/revisions"}],"predecessor-version":[{"id":3332,"href":"https:\/\/adultxxxdate.net\/da\/wp-json\/wp\/v2\/pages\/2920\/revisions\/3332"}],"wp:attachment":[{"href":"https:\/\/adultxxxdate.net\/da\/wp-json\/wp\/v2\/media?parent=2920"}],"curies":[{"name":"wp","href":"https:\/\/api.w.org\/{rel}","templated":true}]}}