{"id":2754,"date":"2021-12-16T16:55:31","date_gmt":"2021-12-16T16:55:31","guid":{"rendered":"https:\/\/adultxxxdate.net\/pornospil-ingen-login\/"},"modified":"2021-12-16T16:55:31","modified_gmt":"2021-12-16T16:55:31","slug":"pornospil-ingen-login","status":"publish","type":"page","link":"https:\/\/adultxxxdate.net\/da\/pornospil-ingen-login\/","title":{"rendered":"Pornospil ingen login"},"content":{"rendered":"<h1>Pornospil ingen login<\/h1>\n\n\t<div class=\"space-shortcode-wrap space-games-shortcode-1 relative relative\">\n\t\t<div class=\"space-shortcode-wrap-ins relative\">\n\n\t\t\t\n\t\t\t<div class=\"space-games-archive-items box-100 relative\">\n\n\t\t\t\t\n\t\t\t\t<div class=\"space-games-archive-item box-50 relative\">\n\t\t\t\t\t<div class=\"space-games-archive-item-ins relative\">\n\t\t\t\t\t\t\t\t\t\t\t\t<div class=\"space-games-archive-item-img relative\">\n\t\t\t\t\t\t\t<a href=\"\/links\/hentaiheroes\" title=\"Hentai-helte\">\n\t\t\t\t\t\t\t\t<img src=\"https:\/\/adultxxxdate.net\/wp-content\/uploads\/2021\/04\/hentaiheroes_main-review-450x317.jpg\" alt=\"Hentai-helte\">\n\t\t\t\t\t\t\t<\/a>\n\t\t\t\t\t\t<\/div>\n\t\t\t\t\t\t\t\t\t\t\t\t<div class=\"space-games-archive-item-wrap text-center relative\">\n\t\t\t\t\t\t\t<div class=\"space-games-archive-item-title relative\">\n\t\t\t\t\t\t\t\t<a href=\"\/links\/hentaiheroes\" title=\"Hentai-helte\">Hentai-helte<\/a>\n\t\t\t\t\t\t\t<\/div>\n\n\t\t\t\t\t\t\t\t\t\t\t\t\t\t<div class=\"space-games-archive-item-short-desc relative\">\n\t\t\t\t\t\t\t\tEn anime stil voksen sex spil, som lader dig navigere i en virtuel verden.\t\t\t\t\t\t\t<\/div>\n\t\t\t\t\t\t\t\n\t\t\t\t\t\t\t<div class=\"space-games-archive-item-button relative\">\n\t\t\t\t\t\t\t\t<a href=\"\/links\/hentaiheroes\" title=\"Spil nu\" target=\"_blank\" rel=\"nofollow\">Spil nu<\/a>\n\t\t\t\t\t\t\t<\/div>\n\n\t\t\t\t\t\t\t\t\t\t\t\t\t\n\t\t\t\t\t\t<\/div>\n\t\t\t\t\t<\/div>\n\t\t\t\t<\/div>\n\n\t\t\t\t\n\t\t\t\t<div class=\"space-games-archive-item box-50 relative\">\n\t\t\t\t\t<div class=\"space-games-archive-item-ins relative\">\n\t\t\t\t\t\t\t\t\t\t\t\t<div class=\"space-games-archive-item-img relative\">\n\t\t\t\t\t\t\t<a href=\"\/links\/sexemulator\" title=\"SexEmulator\">\n\t\t\t\t\t\t\t\t<img src=\"https:\/\/adultxxxdate.net\/wp-content\/uploads\/2021\/04\/sex-emulator-review-image-450x317.jpg\" alt=\"SexEmulator\">\n\t\t\t\t\t\t\t<\/a>\n\t\t\t\t\t\t<\/div>\n\t\t\t\t\t\t\t\t\t\t\t\t<div class=\"space-games-archive-item-wrap text-center relative\">\n\t\t\t\t\t\t\t<div class=\"space-games-archive-item-title relative\">\n\t\t\t\t\t\t\t\t<a href=\"\/links\/sexemulator\" title=\"SexEmulator\">SexEmulator<\/a>\n\t\t\t\t\t\t\t<\/div>\n\n\t\t\t\t\t\t\t\t\t\t\t\t\t\t<div class=\"space-games-archive-item-short-desc relative\">\n\t\t\t\t\t\t\t\tEt af de bedst bed\u00f8mte 3D-sexspil. Opret din karakter og emulere dine fantasier.\t\t\t\t\t\t\t<\/div>\n\t\t\t\t\t\t\t\n\t\t\t\t\t\t\t<div class=\"space-games-archive-item-button relative\">\n\t\t\t\t\t\t\t\t<a href=\"\/links\/sexemulator\" title=\"Spil nu\" target=\"_blank\" rel=\"nofollow\">Spil nu<\/a>\n\t\t\t\t\t\t\t<\/div>\n\n\t\t\t\t\t\t\t\t\t\t\t\t\t\n\t\t\t\t\t\t<\/div>\n\t\t\t\t\t<\/div>\n\t\t\t\t<\/div>\n\n\t\t\t\t\n\t\t\t<\/div>\n\t\t\n\t\t<\/div>\n\t<\/div>\n\n\n<h2>Gratis sexspil ingen tilmelding<\/h2>\n<p>Forbedring af sexlivet er en af de mest udfordrende opgaver for mange voksne med deres travle tidsplan. Hvis du har besluttet at forbedre dit sexliv, kan du v\u00e6re velkommen til at komme i kontakt med platformen specialiseret i og foresl\u00e5et til sin store samling af pornospil. Du kan udforske de vigtigste attraktioner i sexspilene den ene efter den anden og tilbringe fritiden s\u00e5 behageligt som muligt. N\u00e5r du er begyndt at spille sexspil rig p\u00e5 voksne underholdende ting, kan du f\u00e5 100% seksuel tilfredshed og g\u00f8re dine \u00f8nsker om det forbedrede sexliv til virkelighed.<\/p>\n<h2>Pornospil ingen tilmelding<\/h2>\n<p>Hver spiller i de tre-dimensionelle sex spil f\u00e5r en vifte af gunstige ting. De f\u00e5r mere end forventet seksuel sjov og opfordres til at krydre ting i deres forspil session. De er villige til at spille de mest moderne 3D-sexspil den ene efter den anden og nyde fritiden ud over deres \u00f8nsker. Hvis du l\u00e6ser udtalelser fra spillere af sexspil i denne kategori, s\u00e5 kan du f\u00e5 nok hj\u00e6lp og sikre, hvordan du v\u00e6lger og <a href=\"https:\/\/adultxxxdate.net\/da\/xxx-spil-til-iphone\/\">spiller det passende sexspil<\/a>. Du vil blive en fan af 3D sex spil og blive opfordret til at engagere sig i denne form for voksen sjov.<\/p>\n<p>Spillere af online sex spil som bag klit, skole liste, dr\u00f8mme om lyst, og andre spil f\u00e5r stadigt stigende chancer for at udforske de voksne underholdende ting. De finder og bruger alle muligheder for den h\u00f8jest mulige seksuelle tilfredshed. De g\u00f8r visse en ekstraordin\u00e6r forbedring i deres m\u00e5de at deltage i sex spil verden. Du kan notere dig forslag til, hvordan du v\u00e6lger og spiller pornospil, der er rige p\u00e5 voksne underholdende ting. Du f\u00e5r den fantastiske hj\u00e6lp og har en r\u00e6kke voksne underholdende ting.<\/p>\n","protected":false},"excerpt":{"rendered":"<p>Pornospil ingen login Gratis sexspil ingen tilmelding Forbedring af sexlivet er en af de mest udfordrende opgaver for mange voksne med deres travle tidsplan. Hvis du har besluttet at forbedre dit sexliv, kan du v\u00e6re velkommen til at komme i kontakt med platformen specialiseret i og foresl\u00e5et til sin store samling af pornospil. Du kan [&hellip;]<\/p>\n","protected":false},"author":1,"featured_media":0,"parent":0,"menu_order":0,"comment_status":"closed","ping_status":"closed","template":"page-without-title.php","meta":[],"_links":{"self":[{"href":"https:\/\/adultxxxdate.net\/da\/wp-json\/wp\/v2\/pages\/2754"}],"collection":[{"href":"https:\/\/adultxxxdate.net\/da\/wp-json\/wp\/v2\/pages"}],"about":[{"href":"https:\/\/adultxxxdate.net\/da\/wp-json\/wp\/v2\/types\/page"}],"author":[{"embeddable":true,"href":"https:\/\/adultxxxdate.net\/da\/wp-json\/wp\/v2\/users\/1"}],"replies":[{"embeddable":true,"href":"https:\/\/adultxxxdate.net\/da\/wp-json\/wp\/v2\/comments?post=2754"}],"version-history":[{"count":0,"href":"https:\/\/adultxxxdate.net\/da\/wp-json\/wp\/v2\/pages\/2754\/revisions"}],"wp:attachment":[{"href":"https:\/\/adultxxxdate.net\/da\/wp-json\/wp\/v2\/media?parent=2754"}],"curies":[{"name":"wp","href":"https:\/\/api.w.org\/{rel}","templated":true}]}}