{"id":2708,"date":"2021-12-16T16:56:00","date_gmt":"2021-12-16T16:56:00","guid":{"rendered":"https:\/\/adultxxxdate.net\/xxx-spil-til-iphone\/"},"modified":"2021-12-16T16:56:00","modified_gmt":"2021-12-16T16:56:00","slug":"xxx-spil-til-iphone","status":"publish","type":"page","link":"https:\/\/adultxxxdate.net\/da\/xxx-spil-til-iphone\/","title":{"rendered":"XXX Spil til iPhone"},"content":{"rendered":"<h1>XXX Spil til iPhone<\/h1>\n\n\t<div class=\"space-shortcode-wrap space-games-shortcode-1 relative relative\">\n\t\t<div class=\"space-shortcode-wrap-ins relative\">\n\n\t\t\t\n\t\t\t<div class=\"space-games-archive-items box-100 relative\">\n\n\t\t\t\t\n\t\t\t\t<div class=\"space-games-archive-item box-50 relative\">\n\t\t\t\t\t<div class=\"space-games-archive-item-ins relative\">\n\t\t\t\t\t\t\t\t\t\t\t\t<div class=\"space-games-archive-item-img relative\">\n\t\t\t\t\t\t\t<a href=\"\/links\/hentaiheroes\" title=\"Hentai-helte\">\n\t\t\t\t\t\t\t\t<img src=\"https:\/\/adultxxxdate.net\/wp-content\/uploads\/2021\/04\/hentaiheroes_main-review-450x317.jpg\" alt=\"Hentai-helte\">\n\t\t\t\t\t\t\t<\/a>\n\t\t\t\t\t\t<\/div>\n\t\t\t\t\t\t\t\t\t\t\t\t<div class=\"space-games-archive-item-wrap text-center relative\">\n\t\t\t\t\t\t\t<div class=\"space-games-archive-item-title relative\">\n\t\t\t\t\t\t\t\t<a href=\"\/links\/hentaiheroes\" title=\"Hentai-helte\">Hentai-helte<\/a>\n\t\t\t\t\t\t\t<\/div>\n\n\t\t\t\t\t\t\t\t\t\t\t\t\t\t<div class=\"space-games-archive-item-short-desc relative\">\n\t\t\t\t\t\t\t\tEn anime stil voksen sex spil, som lader dig navigere i en virtuel verden.\t\t\t\t\t\t\t<\/div>\n\t\t\t\t\t\t\t\n\t\t\t\t\t\t\t<div class=\"space-games-archive-item-button relative\">\n\t\t\t\t\t\t\t\t<a href=\"\/links\/hentaiheroes\" title=\"Spil nu\" target=\"_blank\" rel=\"nofollow\">Spil nu<\/a>\n\t\t\t\t\t\t\t<\/div>\n\n\t\t\t\t\t\t\t\t\t\t\t\t\t\n\t\t\t\t\t\t<\/div>\n\t\t\t\t\t<\/div>\n\t\t\t\t<\/div>\n\n\t\t\t\t\n\t\t\t\t<div class=\"space-games-archive-item box-50 relative\">\n\t\t\t\t\t<div class=\"space-games-archive-item-ins relative\">\n\t\t\t\t\t\t\t\t\t\t\t\t<div class=\"space-games-archive-item-img relative\">\n\t\t\t\t\t\t\t<a href=\"\/links\/sexemulator\" title=\"SexEmulator\">\n\t\t\t\t\t\t\t\t<img src=\"https:\/\/adultxxxdate.net\/wp-content\/uploads\/2021\/04\/sex-emulator-review-image-450x317.jpg\" alt=\"SexEmulator\">\n\t\t\t\t\t\t\t<\/a>\n\t\t\t\t\t\t<\/div>\n\t\t\t\t\t\t\t\t\t\t\t\t<div class=\"space-games-archive-item-wrap text-center relative\">\n\t\t\t\t\t\t\t<div class=\"space-games-archive-item-title relative\">\n\t\t\t\t\t\t\t\t<a href=\"\/links\/sexemulator\" title=\"SexEmulator\">SexEmulator<\/a>\n\t\t\t\t\t\t\t<\/div>\n\n\t\t\t\t\t\t\t\t\t\t\t\t\t\t<div class=\"space-games-archive-item-short-desc relative\">\n\t\t\t\t\t\t\t\tEt af de bedst bed\u00f8mte 3D-sexspil. Opret din karakter og emulere dine fantasier.\t\t\t\t\t\t\t<\/div>\n\t\t\t\t\t\t\t\n\t\t\t\t\t\t\t<div class=\"space-games-archive-item-button relative\">\n\t\t\t\t\t\t\t\t<a href=\"\/links\/sexemulator\" title=\"Spil nu\" target=\"_blank\" rel=\"nofollow\">Spil nu<\/a>\n\t\t\t\t\t\t\t<\/div>\n\n\t\t\t\t\t\t\t\t\t\t\t\t\t\n\t\t\t\t\t\t<\/div>\n\t\t\t\t\t<\/div>\n\t\t\t\t<\/div>\n\n\t\t\t\t\n\t\t\t<\/div>\n\t\t\n\t\t<\/div>\n\t<\/div>\n\n\n<h2>Sex spil til iOS<\/h2>\n<p>Hver spiller i ethvert <a href=\"https:\/\/adultxxxdate.net\/da\/pornospil-ingen-login\/\">sexspil<\/a> undlader ikke at f\u00e5 en god forbedring i deres voksne sjov og sexliv. Mange par over hele verden spiller sexspil for at finpudse deres kommunikationsevner for bedre sex. De f\u00e5r interesser til at g\u00f8re nye ting og kommunikere med sexpartneren f\u00f8r, under og efter sex. De forventer perfekt sex blottet for enhver indsats for at reducere deres voksne sjov. Mange voksne \u00f8nsker at have situationer, hvor stor sex ankommer lige n\u00e5r de mindst forventer det. Dette skyldes, at de f\u00f8ler, at stor sex tager arbejde. De kan arbejde p\u00e5 de bedste sexspil herefter og g\u00f8re deres sexliv bedre end nu.<\/p>\n<h2>iPhone Sex Spil<\/h2>\n<p>Yareel er et krydret online sexspil og kendt for sin st\u00e6rkt vanedannende natur og fuld af overraskelser. Som spiller i dette sexspil skal du f\u00f8rst lave din egen avatar og personligg\u00f8re den p\u00e5 den m\u00e5de, du \u00f8nsker. Du kan forts\u00e6tte med m\u00f8det og dating med andre rigtige brugere p\u00e5 denne platform. Avatarens f\u00f8rsteklasses funktioner hj\u00e6lper spillerne med at opfylde deres skjulte seksuelle lyster og give chancer for ubegr\u00e6nset online virtuel sex. Interessante funktioner og stor grafik g\u00f8r dette spil meget popul\u00e6rt og giver 100% seksuel tilfredshed til hver spiller.<\/p>\n<p>Second Life er en top online sex spil, hvor alle kan deltage uden omkostninger og komme ind i den virtuelle sex verden uden problemer og forsinkelse. Der er topfigurer i dette pornospil med meget godt omd\u00f8mme. Dette spil g\u00f8r hver spiller glad. Det er det passende tidspunkt at udforske det andet liv og bruge enhver chance for at krydre ting i din virtuelle seksuelle sjov op. I dette spil verden, kan spillerne vokse deres forretning og g\u00f8re store ting for at blive meget popul\u00e6re. Kvindelige figurer i dette spil er omhyggeligt designet og top-notch af naturen.<\/p>\n","protected":false},"excerpt":{"rendered":"<p>XXX Spil til iPhone Sex spil til iOS Hver spiller i ethvert sexspil undlader ikke at f\u00e5 en god forbedring i deres voksne sjov og sexliv. Mange par over hele verden spiller sexspil for at finpudse deres kommunikationsevner for bedre sex. De f\u00e5r interesser til at g\u00f8re nye ting og kommunikere med sexpartneren f\u00f8r, under [&hellip;]<\/p>\n","protected":false},"author":1,"featured_media":0,"parent":0,"menu_order":0,"comment_status":"closed","ping_status":"closed","template":"page-without-title.php","meta":[],"_links":{"self":[{"href":"https:\/\/adultxxxdate.net\/da\/wp-json\/wp\/v2\/pages\/2708"}],"collection":[{"href":"https:\/\/adultxxxdate.net\/da\/wp-json\/wp\/v2\/pages"}],"about":[{"href":"https:\/\/adultxxxdate.net\/da\/wp-json\/wp\/v2\/types\/page"}],"author":[{"embeddable":true,"href":"https:\/\/adultxxxdate.net\/da\/wp-json\/wp\/v2\/users\/1"}],"replies":[{"embeddable":true,"href":"https:\/\/adultxxxdate.net\/da\/wp-json\/wp\/v2\/comments?post=2708"}],"version-history":[{"count":0,"href":"https:\/\/adultxxxdate.net\/da\/wp-json\/wp\/v2\/pages\/2708\/revisions"}],"wp:attachment":[{"href":"https:\/\/adultxxxdate.net\/da\/wp-json\/wp\/v2\/media?parent=2708"}],"curies":[{"name":"wp","href":"https:\/\/api.w.org\/{rel}","templated":true}]}}