{"id":3297,"date":"2022-01-19T16:17:32","date_gmt":"2022-01-19T16:17:32","guid":{"rendered":"https:\/\/adultxxxdate.net\/najdete-weby-pripojeni-ke-kterym-jste-se-nikdy-predtim-nepripojili\/"},"modified":"2022-01-19T16:17:32","modified_gmt":"2022-01-19T16:17:32","slug":"najdete-weby-pripojeni-ke-kterym-jste-se-nikdy-predtim-nepripojili","status":"publish","type":"page","link":"https:\/\/adultxxxdate.net\/cs\/najdete-weby-pripojeni-ke-kterym-jste-se-nikdy-predtim-nepripojili\/","title":{"rendered":"Najd\u011bte weby p\u0159ipojen\u00ed, ke kter\u00fdm jste se nikdy p\u0159edt\u00edm nep\u0159ipojili"},"content":{"rendered":"<p>N\u00e1\u0161 t\u00fdm sestavil seznam 40 seznamovac\u00edch aplikac\u00ed, kter\u00e9 si m\u016f\u017eete vyzkou\u0161et.<\/p>\n<p>Pokud m\u00e1te n\u011bjak\u00e9 doporu\u010den\u00ed, kontaktujte n\u00e1s prost\u0159ednictv\u00edm na\u0161\u00ed kontaktn\u00ed str\u00e1nky a my se pokus\u00edme zkontrolovat v\u0161echny dal\u0161\u00ed aplikace, kter\u00e9 navrhnete.<\/p>\n<h2>Jak se p\u0159ipojit<\/h2>\n<ol>\n<li>Najd\u011bte aplikaci, kter\u00e1 nejl\u00e9pe vyhovuje va\u0161im pot\u0159eb\u00e1m<\/li>\n<li>Dokon\u010dete registra\u010dn\u00ed str\u00e1nku<\/li>\n<li>Zpr\u00e1vy m\u00edstn\u00edm d\u00edvk\u00e1m ve va\u0161\u00ed oblasti<\/li>\n<\/ol>\n<h2>V\u0161echny na\u0161e recenze<\/h2>\n<ul class=\"wpb_page_list\"><li class=\"page_item page-item-2000\"><a href=\"https:\/\/adultxxxdate.net\/cs\/najdete-weby-pripojeni-ke-kterym-jste-se-nikdy-predtim-nepripojili\/localhussies-recenze\/\">Localhussies Recenze<\/a><\/li>\n<li class=\"page_item page-item-2014\"><a href=\"https:\/\/adultxxxdate.net\/cs\/najdete-weby-pripojeni-ke-kterym-jste-se-nikdy-predtim-nepripojili\/findmyflings-recenze\/\">Findmyflings Recenze<\/a><\/li>\n<li class=\"page_item page-item-2016\"><a href=\"https:\/\/adultxxxdate.net\/cs\/najdete-weby-pripojeni-ke-kterym-jste-se-nikdy-predtim-nepripojili\/iwantu-recenze\/\">Iwantu Recenze<\/a><\/li>\n<li class=\"page_item page-item-2029\"><a href=\"https:\/\/adultxxxdate.net\/cs\/najdete-weby-pripojeni-ke-kterym-jste-se-nikdy-predtim-nepripojili\/collarspace-recenze\/\">Collarspace Recenze<\/a><\/li>\n<li class=\"page_item page-item-2032\"><a href=\"https:\/\/adultxxxdate.net\/cs\/najdete-weby-pripojeni-ke-kterym-jste-se-nikdy-predtim-nepripojili\/uberhorny-recenze\/\">Uberhorny Recenze<\/a><\/li>\n<li class=\"page_item page-item-2033\"><a href=\"https:\/\/adultxxxdate.net\/cs\/najdete-weby-pripojeni-ke-kterym-jste-se-nikdy-predtim-nepripojili\/fuckbook-recenze\/\">Fuckbook Recenze<\/a><\/li>\n<li class=\"page_item page-item-2034\"><a href=\"https:\/\/adultxxxdate.net\/cs\/najdete-weby-pripojeni-ke-kterym-jste-se-nikdy-predtim-nepripojili\/snapsext-recenze\/\">Snapsext Recenze<\/a><\/li>\n<li class=\"page_item page-item-2079\"><a href=\"https:\/\/adultxxxdate.net\/cs\/najdete-weby-pripojeni-ke-kterym-jste-se-nikdy-predtim-nepripojili\/fabswingers-recenze\/\">Fabswingers Recenze<\/a><\/li>\n<li class=\"page_item page-item-2084\"><a href=\"https:\/\/adultxxxdate.net\/cs\/najdete-weby-pripojeni-ke-kterym-jste-se-nikdy-predtim-nepripojili\/onenightfriend-recenze\/\">Onenightfriend Recenze<\/a><\/li>\n<li class=\"page_item page-item-2085\"><a href=\"https:\/\/adultxxxdate.net\/cs\/najdete-weby-pripojeni-ke-kterym-jste-se-nikdy-predtim-nepripojili\/omgchat-recenze\/\">Omgchat Recenze<\/a><\/li>\n<li class=\"page_item page-item-2086\"><a href=\"https:\/\/adultxxxdate.net\/cs\/najdete-weby-pripojeni-ke-kterym-jste-se-nikdy-predtim-nepripojili\/xcheaters-recenze\/\">Xcheaters Recenze<\/a><\/li>\n<li class=\"page_item page-item-2087\"><a href=\"https:\/\/adultxxxdate.net\/cs\/najdete-weby-pripojeni-ke-kterym-jste-se-nikdy-predtim-nepripojili\/socialni-sex-recenze\/\">Soci\u00e1ln\u00ed Sex Recenze<\/a><\/li>\n<li class=\"page_item page-item-2142\"><a href=\"https:\/\/adultxxxdate.net\/cs\/najdete-weby-pripojeni-ke-kterym-jste-se-nikdy-predtim-nepripojili\/kinkyads-recenze\/\">Kinkyads Recenze<\/a><\/li>\n<li class=\"page_item page-item-2145\"><a href=\"https:\/\/adultxxxdate.net\/cs\/najdete-weby-pripojeni-ke-kterym-jste-se-nikdy-predtim-nepripojili\/instabang-recenze\/\">Instabang Recenze<\/a><\/li>\n<li class=\"page_item page-item-2150\"><a href=\"https:\/\/adultxxxdate.net\/cs\/najdete-weby-pripojeni-ke-kterym-jste-se-nikdy-predtim-nepripojili\/recenze-adult-friend-finder\/\">Recenze Adult Friend Finder<\/a><\/li>\n<li class=\"page_item page-item-2151\"><a href=\"https:\/\/adultxxxdate.net\/cs\/najdete-weby-pripojeni-ke-kterym-jste-se-nikdy-predtim-nepripojili\/fling-recenze\/\">Fling Recenze<\/a><\/li>\n<li class=\"page_item page-item-2165\"><a href=\"https:\/\/adultxxxdate.net\/cs\/najdete-weby-pripojeni-ke-kterym-jste-se-nikdy-predtim-nepripojili\/dirty-tinder-recenze\/\">Dirty Tinder Recenze<\/a><\/li>\n<li class=\"page_item page-item-2193\"><a href=\"https:\/\/adultxxxdate.net\/cs\/najdete-weby-pripojeni-ke-kterym-jste-se-nikdy-predtim-nepripojili\/snapleakswiki-recenze\/\">Snapleakswiki Recenze<\/a><\/li>\n<li class=\"page_item page-item-2211\"><a href=\"https:\/\/adultxxxdate.net\/cs\/najdete-weby-pripojeni-ke-kterym-jste-se-nikdy-predtim-nepripojili\/usa-sex-guide-recenze\/\">Usa Sex Guide Recenze<\/a><\/li>\n<li class=\"page_item page-item-2212\"><a href=\"https:\/\/adultxxxdate.net\/cs\/najdete-weby-pripojeni-ke-kterym-jste-se-nikdy-predtim-nepripojili\/snapmilfs-recenze\/\">Snapmilfs Recenze<\/a><\/li>\n<li class=\"page_item page-item-2702\"><a href=\"https:\/\/adultxxxdate.net\/cs\/najdete-weby-pripojeni-ke-kterym-jste-se-nikdy-predtim-nepripojili\/wildsmash-recenze\/\">Wildsmash Recenze<\/a><\/li>\n<li class=\"page_item page-item-2706\"><a href=\"https:\/\/adultxxxdate.net\/cs\/najdete-weby-pripojeni-ke-kterym-jste-se-nikdy-predtim-nepripojili\/2fuck-recenze\/\">2Fuck Recenze<\/a><\/li>\n<li class=\"page_item page-item-2707\"><a href=\"https:\/\/adultxxxdate.net\/cs\/najdete-weby-pripojeni-ke-kterym-jste-se-nikdy-predtim-nepripojili\/flirt-buddies-recenze\/\">Flirt Buddies Recenze<\/a><\/li>\n<li class=\"page_item page-item-2710\"><a href=\"https:\/\/adultxxxdate.net\/cs\/najdete-weby-pripojeni-ke-kterym-jste-se-nikdy-predtim-nepripojili\/bang-locals-recenze\/\">Bang Locals Recenze<\/a><\/li>\n<\/ul>\n<h2>Jak hodnot\u00edme str\u00e1nky<\/h2>\n<p>Skv\u011bl\u00e1 ot\u00e1zka, \u0159ad\u00edme nejlep\u0161\u00ed seznamovac\u00ed aplikace o tom, jak snadn\u00e9 je naj\u00edt p\u0159\u00edle\u017eitostn\u00fd sex s m\u00edstn\u00edmi d\u00edvkami ve va\u0161em okol\u00ed.<\/p>\n<p>Pokud hled\u00e1te sex, nemus\u00edte hledat nic jin\u00e9ho ne\u017e aplikace, kter\u00e9 jsme pro v\u00e1s na\u0161li.<\/p>\n","protected":false},"excerpt":{"rendered":"<p>N\u00e1\u0161 t\u00fdm sestavil seznam 40 seznamovac\u00edch aplikac\u00ed, kter\u00e9 si m\u016f\u017eete vyzkou\u0161et. Pokud m\u00e1te n\u011bjak\u00e9 doporu\u010den\u00ed, kontaktujte n\u00e1s prost\u0159ednictv\u00edm na\u0161\u00ed kontaktn\u00ed str\u00e1nky a my se pokus\u00edme zkontrolovat v\u0161echny dal\u0161\u00ed aplikace, kter\u00e9 navrhnete. Jak se p\u0159ipojit Najd\u011bte aplikaci, kter\u00e1 nejl\u00e9pe vyhovuje va\u0161im pot\u0159eb\u00e1m Dokon\u010dete registra\u010dn\u00ed str\u00e1nku Zpr\u00e1vy m\u00edstn\u00edm d\u00edvk\u00e1m ve va\u0161\u00ed oblasti V\u0161echny na\u0161e recenze Jak hodnot\u00edme [&hellip;]<\/p>\n","protected":false},"author":1,"featured_media":0,"parent":0,"menu_order":0,"comment_status":"closed","ping_status":"closed","template":"page-full-width.php","meta":[],"_links":{"self":[{"href":"https:\/\/adultxxxdate.net\/cs\/wp-json\/wp\/v2\/pages\/3297"}],"collection":[{"href":"https:\/\/adultxxxdate.net\/cs\/wp-json\/wp\/v2\/pages"}],"about":[{"href":"https:\/\/adultxxxdate.net\/cs\/wp-json\/wp\/v2\/types\/page"}],"author":[{"embeddable":true,"href":"https:\/\/adultxxxdate.net\/cs\/wp-json\/wp\/v2\/users\/1"}],"replies":[{"embeddable":true,"href":"https:\/\/adultxxxdate.net\/cs\/wp-json\/wp\/v2\/comments?post=3297"}],"version-history":[{"count":0,"href":"https:\/\/adultxxxdate.net\/cs\/wp-json\/wp\/v2\/pages\/3297\/revisions"}],"wp:attachment":[{"href":"https:\/\/adultxxxdate.net\/cs\/wp-json\/wp\/v2\/media?parent=3297"}],"curies":[{"name":"wp","href":"https:\/\/api.w.org\/{rel}","templated":true}]}}