{"id":2918,"date":"2021-08-31T12:37:41","date_gmt":"2021-08-31T12:37:41","guid":{"rendered":"https:\/\/adultxxxdate.net\/zdarma-sex-stranky-zadna-kreditni-karta\/"},"modified":"2025-09-21T14:58:57","modified_gmt":"2025-09-21T14:58:57","slug":"zdarma-sex-stranky-zadna-kreditni-karta","status":"publish","type":"page","link":"https:\/\/adultxxxdate.net\/cs\/zdarma-sex-stranky-zadna-kreditni-karta\/","title":{"rendered":"Zdarma Sex Str\u00e1nky \u017d\u00e1dn\u00e1 kreditn\u00ed karta"},"content":{"rendered":"<h1>Zdarma Kurva Str\u00e1nky \u017d\u00e1dn\u00e1 kreditn\u00ed karta &#8211; Seznamte se s nadr\u017een\u00fdmi d\u011bvkami ve va\u0161em \ud83d\udc8b\ud83d\udcf1\ud83d\udd25 okol\u00ed<\/h1>\n<p>P\u0159esko\u010dme nez\u00e1vaznou konverzaci: pokud hled\u00e1te z\u00e1bavn\u00e9, p\u0159\u00edle\u017eitostn\u00e9 spojen\u00ed se sebev\u011bdom\u00fdmi, sexu\u00e1ln\u011b otev\u0159en\u00fdmi \u017eenami, nejste sami &#8211; a ano, je naprosto mo\u017en\u00e9 je naj\u00edt ve va\u0161em okol\u00ed. A\u0165 u\u017e jsou to dobrodru\u017en\u00e9 MILFky, odv\u00e1\u017en\u00e9 pumy, koketn\u00ed rozveden\u00ed nebo nadr\u017een\u00e9 \u017eeny, kter\u00e9 pr\u00e1v\u011b skon\u010dily s dramatem, v okol\u00ed je spousta otev\u0159en\u00fdch sexy d\u011bvek, kter\u00e9 cht\u011bj\u00ed to sam\u00e9, co vy: \u017e\u00e1dn\u00fd tlak, \u017e\u00e1dn\u00e1 o\u010dek\u00e1v\u00e1n\u00ed &#8211; jen chemii, flirtov\u00e1n\u00ed a nezapomenuteln\u00e9 noci. Pro ty, kte\u0159\u00ed hledaj\u00ed nejlep\u0161\u00ed platformy pro spojen\u00ed s takov\u00fdmi jedinci, m\u016f\u017ee b\u00fdt prozkoum\u00e1v\u00e1n\u00ed r\u016fzn\u00fdch <a href=\"https:\/\/adultxxxdate.net\/free-meet-and-fuck-sites\/\">\u0161ukac\u00edch str\u00e1nek<\/a> vynikaj\u00edc\u00edm v\u00fdchoz\u00edm bodem, kter\u00fd nab\u00edz\u00ed nep\u0159ebern\u00e9 mno\u017estv\u00ed mo\u017enost\u00ed, kter\u00e9 vyhovuj\u00ed ka\u017ed\u00e9mu preferenci. <strong>Tento pr\u016fvodce v\u00e1m pom\u016f\u017ee:<\/strong> \u2705 Najd\u011bte skute\u010dn\u00e9, \u017ehav\u00e9 m\u00edstn\u00ed d\u011bvky ve va\u0161\u00ed oblasti<br \/>\n\u2705 Pou\u017eijte nejlep\u0161\u00ed seznamovac\u00ed aplikace pro p\u0159\u00edle\u017eitostn\u00e1 setk\u00e1n\u00ed<br \/>\n\u2705 Vynikn\u011bte zpr\u00e1vami, kter\u00e9 dost\u00e1vaj\u00ed odpov\u011bdi<br \/>\n\u2705 P\u0159ejd\u011bte od &#8222;ahoj&#8220; k p\u0159ipojen\u00ed &#8211; ani\u017e byste zn\u011bli jako v\u0161ichni ostatn\u00ed    <\/p>\n<p>Dne\u0161n\u00ed sebev\u011bdom\u00e9 d\u011bvky ve va\u0161em okol\u00ed v\u011bd\u00ed, co cht\u011bj\u00ed &#8211; a neboj\u00ed se o to \u0159\u00edct. A to, co mnoz\u00ed cht\u011bj\u00ed, je: <\/p>\n<p>\u2714\ufe0f Z\u00e1bava bez tlaku<br \/>\n\u2714\ufe0f ve vztahu Koketn\u00ed rozhovory, kter\u00e9 se prom\u011bn\u00ed ve skute\u010dnou chemii<br \/>\n\u2714\ufe0f Mlad\u0161\u00ed mu\u017ei, kte\u0159\u00ed jsou sebev\u011bdom\u00ed a bez<br \/>\n\u2714\ufe0f dramat Vzru\u0161en\u00ed pozd\u011b v noci bez p\u0159ipojen\u00fdch rann\u00edch \u0159et\u011bzc\u016f  <\/p>\n<p>A\u0165 u\u017e je to svobodn\u00e1 matka, zv\u011bdav\u00e1 puma nebo \u017eena, kter\u00e1 zkoum\u00e1 svou divokou str\u00e1nku, hled\u00e1 n\u011bkoho, kdo to pochop\u00ed \u2013 a to byste mohli b\u00fdt vy. Prozkoumejte mo\u017enosti <a href=\"https:\/\/adultxxxdate.net\/\">na p\u0159\u00edle\u017eitostn\u00fdch seznamovac\u00edch webech<\/a> a najd\u011bte perfektn\u00ed shodu pro va\u0161e touhy. <\/p>\n<h2>\ud83d\udcf1 Nejlep\u0161\u00ed seznamovac\u00ed aplikace pro setk\u00e1n\u00ed s m\u00edstn\u00edmi d\u011bvkami ve va\u0161em okol\u00ed<\/h2>\n<p>Chcete p\u0159esko\u010dit dohady a p\u0159ej\u00edt rovnou k z\u00e1bavn\u00e9 \u010d\u00e1sti? Tyto aplikace jsou pln\u00e9 m\u00edstn\u00edch, sexy d\u011bvek, kter\u00e9 hledaj\u00ed p\u0159\u00edle\u017eitostn\u00e9 kontakty &#8211; a m\u016f\u017eete je proch\u00e1zet nebo se k nim p\u0159ipojit zdarma:<br \/>\nNejlep\u0161\u00ed pro: Rychl\u00e9, koketn\u00ed chaty s p\u0159\u00edle\u017eitostn\u00fdmi daters a MILFkami <\/p>\n<p>\u2714\ufe0f Skv\u011bl\u00e9 pro spont\u00e1nn\u00ed p\u0159ipojen\u00ed<br \/>\n\u2714\ufe0f \u017deny, kter\u00e9 jsou otev\u0159en\u00e9, odv\u00e1\u017en\u00e9 a hrav\u00e9<br \/>\n\u2714\ufe0f Jednoduch\u00e9 rozhran\u00ed a rychl\u00e9 p\u00e1rov\u00e1n\u00ed<\/p>\n<h3>\ud83d\udc60 Ashley Madison<\/h3>\n<p>Nejlep\u0161\u00ed pro: Diskr\u00e9tn\u00ed spojen\u00ed s vdan\u00fdmi nebo zv\u011bdav\u00fdmi \u017eenami<\/p>\n<p>\u2714\ufe0f Stvo\u0159eno pro tajn\u00e9 flirty a soukromou z\u00e1bavu<br \/>\n\u2714\ufe0f Mnoho \u017een ve v\u011bku 30+ hled\u00e1 neform\u00e1ln\u00ed romantiku<br \/>\n\u2714\ufe0f Bezpe\u010dn\u00fd chat bez odsuzov\u00e1n\u00ed<\/p>\n<h3>\ud83d\udd25 AdultFriendFinder<\/h3>\n<p>Nejlep\u0161\u00ed pro: Divok\u00e9 chaty, p\u0159ipojen\u00ed a v\u0161e mezi t\u00edm<\/p>\n<p>\u2714\ufe0f Otev\u0159en\u00e1 komunita MILFek, pum a dobrodru\u017en\u00fdch singl\u016f<br \/>\n\u2714\ufe0f Ide\u00e1ln\u00ed pro chat s kamerou, fantazie a setk\u00e1n\u00ed<br \/>\n\u2714\ufe0f v re\u00e1ln\u00e9m \u017eivot\u011b Spousta m\u00edstn\u00edch z\u00e1pas\u016f p\u0159ipraven\u00fdch k rozhovoru dnes ve\u010der<\/p>\n<h3>\ud83d\udc8b Puma \u017divot<\/h3>\n<p>Nejlep\u0161\u00ed pro: Star\u0161\u00ed, zku\u0161en\u00e9 d\u011bvky, kter\u00e9 miluj\u00ed mlad\u0161\u00ed mu\u017ee<\/p>\n<p>\u2714\ufe0f Pln\u00e9 milf a pum hledaj\u00edc\u00edch z\u00e1bavu<br \/>\n\u2714\ufe0f M\u00edstn\u00ed filtry v\u00e1m pomohou spojit se v okol\u00ed<br \/>\n\u2714\ufe0f \u017deny se zde ujmou veden\u00ed &#8211; a miluj\u00ed, kdy\u017e je sledujete<\/p>\n<h3>\ud83e\udde1 MILF Seznamovac\u00ed Klub<\/h3>\n<p>Nejlep\u0161\u00ed pro: Sofistikovan\u00e9 d\u011bvky hledaj\u00edc\u00ed flirty s v\u011bkov\u00fdm rozd\u00edlem<\/p>\n<p>\u2714\ufe0f Ov\u011b\u0159en\u00e9, zral\u00e9 \u010dlenky<br \/>\n\u2714\ufe0f Diskr\u00e9tn\u00ed, koketn\u00ed a respektuj\u00edc\u00ed platforma<br \/>\n\u2714\ufe0f Ide\u00e1ln\u00ed pro sexy setk\u00e1n\u00ed bez n\u00e1tlaku<\/p>\n<h2>\ud83d\udcac Koketn\u00ed tipy, kter\u00e9 p\u0159it\u00e1hnou ten spr\u00e1vn\u00fd druh pozornosti<\/h2>\n<p>Pokud hled\u00e1te nez\u00e1vaznou z\u00e1bavu, mus\u00edte k n\u00ed p\u0159istupovat spr\u00e1vn\u00fdm zp\u016fsobem: sebev\u011bdom\u011b, koketn\u011b a s respektem.<\/p>\n<h3>\u2705 1. P\u0159ipravte sv\u016fj profil na p\u0159ipojen\u00ed (ani\u017e byste byli krkolomn\u00ed) <\/h3>\n<p>Dejte jasn\u011b najevo svou atmosf\u00e9ru \u2013 ale udr\u017eujte ji elegantn\u00ed.<\/p>\n<p><strong>P\u0159\u00edklad \u017eivotopisu:  <\/strong><em>Uvoln\u011bn\u00e9, bez dramat a v\u0161e o skv\u011bl\u00e9 energii a siln\u00e9 chemii. Chce se spojit s n\u011bk\u00fdm, kdo v\u00ed, co chce \u2013 a neboj\u00ed se bavit. <\/em><\/p>\n<p>\ud83d\udcf8 Pou\u017eijte \u010distou, aktu\u00e1ln\u00ed fotografii. Uka\u017ete svou tv\u00e1\u0159. Usm\u00edvat se. Sebed\u016fv\u011bra &gt; se oh\u00fdb\u00e1.   <\/p>\n<h3>\u2705 Ustanoven\u00ed \u010d. 2010 Pos\u00edlejte j\u00ed zpr\u00e1vy, jako byste to mysleli v\u00e1\u017en\u011b <\/h3>\n<p>Nepos\u00edlejte &#8222;hej&#8220;. Zajist\u011bte, aby se c\u00edtila sexy, ne spamovan\u00e1. <\/p>\n<p><strong>Zkusit:<\/strong><\/p>\n<ul>\n<li><em>M\u00e1te ten vzhled &#8211; sebev\u011bdom\u00fd, z\u00e1bavn\u00fd a prost\u011b dost nebezpe\u010dn\u00fd na to, abyste byl zaj\u00edmav\u00fd. Bav\u00ed m\u011b to. <\/em><\/li>\n<li><em>Ne proto, abych ztr\u00e1cel \u010das &#8211; ale r\u00e1d bych v\u00e1m pomohl promarnit v\u00e1\u0161 ve\u010der.<\/em><\/li>\n<\/ul>\n<p>Koketn\u00ed. Hrav\u00fd. Nasm\u011brovat.  <\/p>\n<h3>\u2705 3. Nechte ji v\u00e9st &#8211; a bu\u010fte p\u0159ipraveni, kdy\u017e to ud\u011bl\u00e1 <\/h3>\n<p>\u017deny s otev\u0159enou mysl\u00ed miluj\u00ed mu\u017ee, kte\u0159\u00ed v\u011bci p\u0159\u00edli\u0161 nekomplikuj\u00ed. Jakmile je energie tam, \u0159ekn\u011bte n\u011bco jako: Poj\u010fme na <em>to \u2013 tento v\u00edkend si d\u00e1me drinky, nebo bychom m\u011bli drinky vynechat a uvid\u00edme, co se stane?<\/em> <\/p>\n<p>Sebev\u011bdom\u00ed ji vzru\u0161uje. Jen si p\u0159e\u010dt\u011bte tu atmosf\u00e9ru &#8211; a respektujte jej\u00ed hranice. <\/p>\n<h2>\ud83d\udca6 Co tyhle d\u011bvky ve va\u0161em okol\u00ed vlastn\u011b hledaj\u00ed?<\/h2>\n<p>Z\u00e1le\u017e\u00ed na tom &#8211; ale v\u011bt\u0161ina z nich je po:<\/p>\n<p>\u2714\ufe0f Skute\u010dn\u00e1 chemie<br \/>\n\u2714\ufe0f \u017dhav\u00e9 rozhovory, kter\u00e9 n\u011bkam<br \/>\n\u2714\ufe0f sm\u011b\u0159uj\u00ed \u017d\u00e1dn\u00fd tlak, rand\u011bn\u00ed<br \/>\n\u2714\ufe0f se z\u00e1bavou na prvn\u00edm m\u00edst\u011b Kluci, kte\u0159\u00ed dob\u0159e flirtuj\u00ed a udr\u017euj\u00ed v\u011bci lehk\u00e9  <\/p>\n<p>A\u0165 u\u017e je to jednou nebo pr\u016fb\u011b\u017en\u011b, je tu, aby si u\u017eila bez <a href=\"https:\/\/adultxxxdate.net\/free-hookup-ads\/\">z\u00e1vazk\u016f<\/a> &#8211; a ujist\u011bte se, \u017ee vy tak\u00e9.<\/p>\n<h2>\u2705 Z\u00e1v\u011bre\u010dn\u00e9 my\u0161lenky! Ona je pobl\u00ed\u017e&#8230; a p\u0159ipraven <\/h2>\n<p>Pokud v\u00e1s u\u017e nebav\u00ed nekone\u010dn\u00e9 p\u0159ej\u00ed\u017ed\u011bn\u00ed prstem a hled\u00e1n\u00ed skute\u010dn\u00e9ho spojen\u00ed se z\u00e1bavnou a otev\u0159enou \u017eenou ve va\u0161em okol\u00ed, je to va\u0161e chv\u00edle. Nepot\u0159ebujete vyzved\u00e1vac\u00ed linky. <\/p>\n<p><strong>Sta\u010d\u00ed k tomu:<\/strong><\/p>\n<p>\u2705 Koketn\u00ed, skute\u010dn\u00fd profil<br \/>\n\u2705 Zpr\u00e1va, kter\u00e1 j\u00ed vykouzl\u00ed \u00fasm\u011bv na tv\u00e1\u0159i<br \/>\n\u2705 A spr\u00e1vn\u00e1 seznamovac\u00ed aplikace, kter\u00e1 ji rychle najde<\/p>\n\n\t<div class=\"space-shortcode-wrap space-shortcode-4 relative\">\n\t\t<div class=\"space-shortcode-wrap-ins relative\">\n\n\t\t\t\n\t\t\t<div class=\"space-casinos-3-archive-items box-100 relative\">\n\n\t\t\t\t\t\t\t\t\n\t\t\t\t\t\t\t\n\t\t\t\t<div class=\"space-casinos-3-archive-item box-100 relative\">\n\t\t\t\t\t<div class=\"space-casinos-3-archive-item-ins relative\">\n\t\t\t\t\t\t<div class=\"space-casinos-3-archive-item-logo box-25 relative\">\n\t\t\t\t\t\t\t<div class=\"space-casinos-3-archive-item-logo-ins box-100 text-center relative\">\n\t\t\t\t\t\t\t\t\t\t\t\t\t\t\t\t<a href=\"\/links\/waystomeet\" title=\"WaysToMeet\" target=\"_blank\" rel=\"nofollow\">\n\t\t\t\t\t\t\t\t\t<img src=\"https:\/\/adultxxxdate.net\/wp-content\/uploads\/2021\/07\/waystomeet-dark-80x80.png\" alt=\"WaysToMeet\">\n\t\t\t\t\t\t\t\t<\/a>\n\t\t\t\t\t\t\t\t\t\t\t\t\t\t\t<\/div>\n\t\t\t\t\t\t\t<div class=\"space-casinos-3-archive-item-count absolute\">\n\t\t\t\t\t\t\t\t<span>1<\/span>\n\t\t\t\t\t\t\t<\/div>\n\t\t\t\t\t\t<\/div>\n\t\t\t\t\t\t<div class=\"space-casinos-3-archive-item-terms box-25 relative\">\n\t\t\t\t\t\t\t<div class=\"space-casinos-3-archive-item-terms-ins box-100 text-center relative\">\n\t\t\t\t\t\t\t\t<img style=\"width: 16px; height: 16px;\" src=\"\/wp-content\/themes\/mercury\/female-organs-vagina-svgrepo-com.svg\"> Female Members: <b>48%<\/b><br>\n\t\t\t\t\t\t\t\t\t<img style=\"width: 16px; height: 16px;\" src=\"\/wp-content\/themes\/mercury\/time-svgrepo-com.svg\"> Sign Up Speed: <b>Rychl\u00fd<\/b><br>\n\t\t\t\t\t\t\t\t\t<img style=\"width: 16px; height: 16px;\" src=\"\/wp-content\/themes\/mercury\/woman-svgrepo-com.svg\"> Age Range: <b>18-75<\/b><br>\n\t\t\t\t\t\t\t\t\t<img style=\"width: 16px; height: 16px;\" src=\"\/wp-content\/themes\/mercury\/money-svgrepo-com.svg\"> Free Trial: <b>Yes<\/b><br>\n\t\t\t\t\t\t\t<\/div>\n\t\t\t\t\t\t<\/div>\n\t\t\t\t\t\t<div class=\"space-casinos-3-archive-item-rating box-25 relative\">\n\t\t\t\t\t\t\t<div class=\"space-casinos-3-archive-item-rating-ins box-100 text-center relative\">\n\t\t\t\t\t\t\t\t\t\t\t\t\t\t\t\t<div class=\"space-casinos-3-archive-item-rating-box relative\">\n\t\t\t\t\t\t\t\t\t<div class=\"star-rating\"><span class=\"screen-reader-text\">3,8 rating<\/span><div class=\"star star-full\" aria-hidden=\"true\"><\/div><div class=\"star star-full\" aria-hidden=\"true\"><\/div><div class=\"star star-full\" aria-hidden=\"true\"><\/div><div class=\"star star-half\" aria-hidden=\"true\"><\/div><div class=\"star star-empty\" aria-hidden=\"true\"><\/div><\/div>\t\t\t\t\t\t\t\t\t<span>3.8<\/span>\n\t\t\t\t\t\t\t\t<\/div>\n\n\t\t\t\t\t\t\t\t\t\t\t\t\t\t\t\t\n\t\t\t\t\t\t\t<\/div>\n\t\t\t\t\t\t<\/div>\n\t\t\t\t\t\t<div class=\"space-casinos-3-archive-item-button box-25 relative\">\n\t\t\t\t\t\t\t<div class=\"space-casinos-3-archive-item-button-ins box-100 text-center relative\">\n\t\t\t\t\t\t\t\t<a style=\"background-color: #ef3024 !important;\" href=\"\/links\/waystomeet\" title=\"Registrace zdarma\" target=\"_blank\" rel=\"nofollow\"><i class=\"fas fa-check-circle\"><\/i> Registrace zdarma<\/a>\n\n\t\t\t\t\t\t\t<\/div>\n\t\t\t\t\t\t<\/div>\n\t\t\t\t\t<\/div>\n\t\t\t\t<\/div>\n\n\t\t\t\t\t\t\t\t\n\t\t\t\t\t\t\t\n\t\t\t\t<div class=\"space-casinos-3-archive-item box-100 relative\">\n\t\t\t\t\t<div class=\"space-casinos-3-archive-item-ins relative\">\n\t\t\t\t\t\t<div class=\"space-casinos-3-archive-item-logo box-25 relative\">\n\t\t\t\t\t\t\t<div class=\"space-casinos-3-archive-item-logo-ins box-100 text-center relative\">\n\t\t\t\t\t\t\t\t\t\t\t\t\t\t\t\t<a href=\"\/links\/milfplay\" title=\"MilfPlay\" target=\"_blank\" rel=\"nofollow\">\n\t\t\t\t\t\t\t\t\t<img src=\"https:\/\/adultxxxdate.net\/wp-content\/uploads\/2021\/07\/milfplay-logo.png\" alt=\"MilfPlay\">\n\t\t\t\t\t\t\t\t<\/a>\n\t\t\t\t\t\t\t\t\t\t\t\t\t\t\t<\/div>\n\t\t\t\t\t\t\t<div class=\"space-casinos-3-archive-item-count absolute\">\n\t\t\t\t\t\t\t\t<span>2<\/span>\n\t\t\t\t\t\t\t<\/div>\n\t\t\t\t\t\t<\/div>\n\t\t\t\t\t\t<div class=\"space-casinos-3-archive-item-terms box-25 relative\">\n\t\t\t\t\t\t\t<div class=\"space-casinos-3-archive-item-terms-ins box-100 text-center relative\">\n\t\t\t\t\t\t\t\t<img style=\"width: 16px; height: 16px;\" src=\"\/wp-content\/themes\/mercury\/female-organs-vagina-svgrepo-com.svg\"> Female Members: <b>48%<\/b><br>\n\t\t\t\t\t\t\t\t\t<img style=\"width: 16px; height: 16px;\" src=\"\/wp-content\/themes\/mercury\/time-svgrepo-com.svg\"> Sign Up Speed: <b>Rychl\u00fd<\/b><br>\n\t\t\t\t\t\t\t\t\t<img style=\"width: 16px; height: 16px;\" src=\"\/wp-content\/themes\/mercury\/woman-svgrepo-com.svg\"> Age Range: <b>18-75<\/b><br>\n\t\t\t\t\t\t\t\t\t<img style=\"width: 16px; height: 16px;\" src=\"\/wp-content\/themes\/mercury\/money-svgrepo-com.svg\"> Free Trial: <b>Yes<\/b><br>\n\t\t\t\t\t\t\t<\/div>\n\t\t\t\t\t\t<\/div>\n\t\t\t\t\t\t<div class=\"space-casinos-3-archive-item-rating box-25 relative\">\n\t\t\t\t\t\t\t<div class=\"space-casinos-3-archive-item-rating-ins box-100 text-center relative\">\n\t\t\t\t\t\t\t\t\t\t\t\t\t\t\t\t<div class=\"space-casinos-3-archive-item-rating-box relative\">\n\t\t\t\t\t\t\t\t\t<div class=\"star-rating\"><span class=\"screen-reader-text\">3,8 rating<\/span><div class=\"star star-full\" aria-hidden=\"true\"><\/div><div class=\"star star-full\" aria-hidden=\"true\"><\/div><div class=\"star star-full\" aria-hidden=\"true\"><\/div><div class=\"star star-half\" aria-hidden=\"true\"><\/div><div class=\"star star-empty\" aria-hidden=\"true\"><\/div><\/div>\t\t\t\t\t\t\t\t\t<span>3.8<\/span>\n\t\t\t\t\t\t\t\t<\/div>\n\n\t\t\t\t\t\t\t\t\t\t\t\t\t\t\t\t\n\t\t\t\t\t\t\t<\/div>\n\t\t\t\t\t\t<\/div>\n\t\t\t\t\t\t<div class=\"space-casinos-3-archive-item-button box-25 relative\">\n\t\t\t\t\t\t\t<div class=\"space-casinos-3-archive-item-button-ins box-100 text-center relative\">\n\t\t\t\t\t\t\t\t<a style=\"background-color: #ef3024 !important;\" href=\"\/links\/milfplay\" title=\"Registrace zdarma\" target=\"_blank\" rel=\"nofollow\"><i class=\"fas fa-check-circle\"><\/i> Registrace zdarma<\/a>\n\n\t\t\t\t\t\t\t<\/div>\n\t\t\t\t\t\t<\/div>\n\t\t\t\t\t<\/div>\n\t\t\t\t<\/div>\n\n\t\t\t\t\t\t\t\t\n\t\t\t\t\t\t\t\n\t\t\t\t<div class=\"space-casinos-3-archive-item box-100 relative\">\n\t\t\t\t\t<div class=\"space-casinos-3-archive-item-ins relative\">\n\t\t\t\t\t\t<div class=\"space-casinos-3-archive-item-logo box-25 relative\">\n\t\t\t\t\t\t\t<div class=\"space-casinos-3-archive-item-logo-ins box-100 text-center relative\">\n\t\t\t\t\t\t\t\t\t\t\t\t\t\t\t\t<a href=\"\/links\/onenightfriend\" title=\"OneNightFriend\" target=\"_blank\" rel=\"nofollow\">\n\t\t\t\t\t\t\t\t\t<img src=\"https:\/\/adultxxxdate.net\/wp-content\/uploads\/2021\/07\/onenightfriend-logo-132x80.png\" alt=\"OneNightFriend\">\n\t\t\t\t\t\t\t\t<\/a>\n\t\t\t\t\t\t\t\t\t\t\t\t\t\t\t<\/div>\n\t\t\t\t\t\t\t<div class=\"space-casinos-3-archive-item-count absolute\">\n\t\t\t\t\t\t\t\t<span>3<\/span>\n\t\t\t\t\t\t\t<\/div>\n\t\t\t\t\t\t<\/div>\n\t\t\t\t\t\t<div class=\"space-casinos-3-archive-item-terms box-25 relative\">\n\t\t\t\t\t\t\t<div class=\"space-casinos-3-archive-item-terms-ins box-100 text-center relative\">\n\t\t\t\t\t\t\t\t<img style=\"width: 16px; height: 16px;\" src=\"\/wp-content\/themes\/mercury\/female-organs-vagina-svgrepo-com.svg\"> Female Members: <b>49%<\/b><br>\n\t\t\t\t\t\t\t\t\t<img style=\"width: 16px; height: 16px;\" src=\"\/wp-content\/themes\/mercury\/time-svgrepo-com.svg\"> Sign Up Speed: <b>Rychl\u00fd<\/b><br>\n\t\t\t\t\t\t\t\t\t<img style=\"width: 16px; height: 16px;\" src=\"\/wp-content\/themes\/mercury\/woman-svgrepo-com.svg\"> Age Range: <b>18-68<\/b><br>\n\t\t\t\t\t\t\t\t\t<img style=\"width: 16px; height: 16px;\" src=\"\/wp-content\/themes\/mercury\/money-svgrepo-com.svg\"> Free Trial: <b>Yes<\/b><br>\n\t\t\t\t\t\t\t<\/div>\n\t\t\t\t\t\t<\/div>\n\t\t\t\t\t\t<div class=\"space-casinos-3-archive-item-rating box-25 relative\">\n\t\t\t\t\t\t\t<div class=\"space-casinos-3-archive-item-rating-ins box-100 text-center relative\">\n\t\t\t\t\t\t\t\t\t\t\t\t\t\t\t\t<div class=\"space-casinos-3-archive-item-rating-box relative\">\n\t\t\t\t\t\t\t\t\t<div class=\"star-rating\"><span class=\"screen-reader-text\">3,8 rating<\/span><div class=\"star star-full\" aria-hidden=\"true\"><\/div><div class=\"star star-full\" aria-hidden=\"true\"><\/div><div class=\"star star-full\" aria-hidden=\"true\"><\/div><div class=\"star star-half\" aria-hidden=\"true\"><\/div><div class=\"star star-empty\" aria-hidden=\"true\"><\/div><\/div>\t\t\t\t\t\t\t\t\t<span>3.8<\/span>\n\t\t\t\t\t\t\t\t<\/div>\n\n\t\t\t\t\t\t\t\t\t\t\t\t\t\t\t\t\n\t\t\t\t\t\t\t<\/div>\n\t\t\t\t\t\t<\/div>\n\t\t\t\t\t\t<div class=\"space-casinos-3-archive-item-button box-25 relative\">\n\t\t\t\t\t\t\t<div class=\"space-casinos-3-archive-item-button-ins box-100 text-center relative\">\n\t\t\t\t\t\t\t\t<a style=\"background-color: #ef3024 !important;\" href=\"\/links\/onenightfriend\" title=\"Registrace zdarma\" target=\"_blank\" rel=\"nofollow\"><i class=\"fas fa-check-circle\"><\/i> Registrace zdarma<\/a>\n\n\t\t\t\t\t\t\t<\/div>\n\t\t\t\t\t\t<\/div>\n\t\t\t\t\t<\/div>\n\t\t\t\t<\/div>\n\n\t\t\t\t\t\t\t\t\n\t\t\t\t\t\t\t\n\t\t\t\t<div class=\"space-casinos-3-archive-item box-100 relative\">\n\t\t\t\t\t<div class=\"space-casinos-3-archive-item-ins relative\">\n\t\t\t\t\t\t<div class=\"space-casinos-3-archive-item-logo box-25 relative\">\n\t\t\t\t\t\t\t<div class=\"space-casinos-3-archive-item-logo-ins box-100 text-center relative\">\n\t\t\t\t\t\t\t\t\t\t\t\t\t\t\t\t<a href=\"\/links\/banglocals\" title=\"Bang M\u00edstn\u00ed obyvatel\u00e9\" target=\"_blank\" rel=\"nofollow\">\n\t\t\t\t\t\t\t\t\t<img src=\"https:\/\/adultxxxdate.net\/wp-content\/uploads\/2021\/07\/banglocals-logo2-190x80.png\" alt=\"Bang M\u00edstn\u00ed obyvatel\u00e9\">\n\t\t\t\t\t\t\t\t<\/a>\n\t\t\t\t\t\t\t\t\t\t\t\t\t\t\t<\/div>\n\t\t\t\t\t\t\t<div class=\"space-casinos-3-archive-item-count absolute\">\n\t\t\t\t\t\t\t\t<span>4<\/span>\n\t\t\t\t\t\t\t<\/div>\n\t\t\t\t\t\t<\/div>\n\t\t\t\t\t\t<div class=\"space-casinos-3-archive-item-terms box-25 relative\">\n\t\t\t\t\t\t\t<div class=\"space-casinos-3-archive-item-terms-ins box-100 text-center relative\">\n\t\t\t\t\t\t\t\t<img style=\"width: 16px; height: 16px;\" src=\"\/wp-content\/themes\/mercury\/female-organs-vagina-svgrepo-com.svg\"> Female Members: <b>48%<\/b><br>\n\t\t\t\t\t\t\t\t\t<img style=\"width: 16px; height: 16px;\" src=\"\/wp-content\/themes\/mercury\/time-svgrepo-com.svg\"> Sign Up Speed: <b>Rychl\u00fd<\/b><br>\n\t\t\t\t\t\t\t\t\t<img style=\"width: 16px; height: 16px;\" src=\"\/wp-content\/themes\/mercury\/woman-svgrepo-com.svg\"> Age Range: <b>18-75<\/b><br>\n\t\t\t\t\t\t\t\t\t<img style=\"width: 16px; height: 16px;\" src=\"\/wp-content\/themes\/mercury\/money-svgrepo-com.svg\"> Free Trial: <b>Yes<\/b><br>\n\t\t\t\t\t\t\t<\/div>\n\t\t\t\t\t\t<\/div>\n\t\t\t\t\t\t<div class=\"space-casinos-3-archive-item-rating box-25 relative\">\n\t\t\t\t\t\t\t<div class=\"space-casinos-3-archive-item-rating-ins box-100 text-center relative\">\n\t\t\t\t\t\t\t\t\t\t\t\t\t\t\t\t<div class=\"space-casinos-3-archive-item-rating-box relative\">\n\t\t\t\t\t\t\t\t\t<div class=\"star-rating\"><span class=\"screen-reader-text\">3,8 rating<\/span><div class=\"star star-full\" aria-hidden=\"true\"><\/div><div class=\"star star-full\" aria-hidden=\"true\"><\/div><div class=\"star star-full\" aria-hidden=\"true\"><\/div><div class=\"star star-half\" aria-hidden=\"true\"><\/div><div class=\"star star-empty\" aria-hidden=\"true\"><\/div><\/div>\t\t\t\t\t\t\t\t\t<span>3.8<\/span>\n\t\t\t\t\t\t\t\t<\/div>\n\n\t\t\t\t\t\t\t\t\t\t\t\t\t\t\t\t\n\t\t\t\t\t\t\t<\/div>\n\t\t\t\t\t\t<\/div>\n\t\t\t\t\t\t<div class=\"space-casinos-3-archive-item-button box-25 relative\">\n\t\t\t\t\t\t\t<div class=\"space-casinos-3-archive-item-button-ins box-100 text-center relative\">\n\t\t\t\t\t\t\t\t<a style=\"background-color: #ef3024 !important;\" href=\"\/links\/banglocals\" title=\"Registrace zdarma\" target=\"_blank\" rel=\"nofollow\"><i class=\"fas fa-check-circle\"><\/i> Registrace zdarma<\/a>\n\n\t\t\t\t\t\t\t<\/div>\n\t\t\t\t\t\t<\/div>\n\t\t\t\t\t<\/div>\n\t\t\t\t<\/div>\n\n\t\t\t\t\t\t\t\t\n\t\t\t\t\t\t\t\n\t\t\t\t<div class=\"space-casinos-3-archive-item box-100 relative\">\n\t\t\t\t\t<div class=\"space-casinos-3-archive-item-ins relative\">\n\t\t\t\t\t\t<div class=\"space-casinos-3-archive-item-logo box-25 relative\">\n\t\t\t\t\t\t\t<div class=\"space-casinos-3-archive-item-logo-ins box-100 text-center relative\">\n\t\t\t\t\t\t\t\t\t\t\t\t\t\t\t\t<a href=\"\/links\/comewithyou\" title=\"ComeWithYou\" target=\"_blank\" rel=\"nofollow\">\n\t\t\t\t\t\t\t\t\t<img src=\"https:\/\/adultxxxdate.net\/wp-content\/uploads\/2021\/07\/comewithyou-logo.png\" alt=\"ComeWithYou\">\n\t\t\t\t\t\t\t\t<\/a>\n\t\t\t\t\t\t\t\t\t\t\t\t\t\t\t<\/div>\n\t\t\t\t\t\t\t<div class=\"space-casinos-3-archive-item-count absolute\">\n\t\t\t\t\t\t\t\t<span>5<\/span>\n\t\t\t\t\t\t\t<\/div>\n\t\t\t\t\t\t<\/div>\n\t\t\t\t\t\t<div class=\"space-casinos-3-archive-item-terms box-25 relative\">\n\t\t\t\t\t\t\t<div class=\"space-casinos-3-archive-item-terms-ins box-100 text-center relative\">\n\t\t\t\t\t\t\t\t<img style=\"width: 16px; height: 16px;\" src=\"\/wp-content\/themes\/mercury\/female-organs-vagina-svgrepo-com.svg\"> Female Members: <b>51%<\/b><br>\n\t\t\t\t\t\t\t\t\t<img style=\"width: 16px; height: 16px;\" src=\"\/wp-content\/themes\/mercury\/time-svgrepo-com.svg\"> Sign Up Speed: <b>Rychl\u00fd<\/b><br>\n\t\t\t\t\t\t\t\t\t<img style=\"width: 16px; height: 16px;\" src=\"\/wp-content\/themes\/mercury\/woman-svgrepo-com.svg\"> Age Range: <b>18-65<\/b><br>\n\t\t\t\t\t\t\t\t\t<img style=\"width: 16px; height: 16px;\" src=\"\/wp-content\/themes\/mercury\/money-svgrepo-com.svg\"> Free Trial: <b>Yes<\/b><br>\n\t\t\t\t\t\t\t<\/div>\n\t\t\t\t\t\t<\/div>\n\t\t\t\t\t\t<div class=\"space-casinos-3-archive-item-rating box-25 relative\">\n\t\t\t\t\t\t\t<div class=\"space-casinos-3-archive-item-rating-ins box-100 text-center relative\">\n\t\t\t\t\t\t\t\t\t\t\t\t\t\t\t\t<div class=\"space-casinos-3-archive-item-rating-box relative\">\n\t\t\t\t\t\t\t\t\t<div class=\"star-rating\"><span class=\"screen-reader-text\">4,0 rating<\/span><div class=\"star star-full\" aria-hidden=\"true\"><\/div><div class=\"star star-full\" aria-hidden=\"true\"><\/div><div class=\"star star-full\" aria-hidden=\"true\"><\/div><div class=\"star star-full\" aria-hidden=\"true\"><\/div><div class=\"star star-empty\" aria-hidden=\"true\"><\/div><\/div>\t\t\t\t\t\t\t\t\t<span>4.0<\/span>\n\t\t\t\t\t\t\t\t<\/div>\n\n\t\t\t\t\t\t\t\t\t\t\t\t\t\t\t\t\n\t\t\t\t\t\t\t<\/div>\n\t\t\t\t\t\t<\/div>\n\t\t\t\t\t\t<div class=\"space-casinos-3-archive-item-button box-25 relative\">\n\t\t\t\t\t\t\t<div class=\"space-casinos-3-archive-item-button-ins box-100 text-center relative\">\n\t\t\t\t\t\t\t\t<a style=\"background-color: #ef3024 !important;\" href=\"\/links\/comewithyou\" title=\"Registrace zdarma\" target=\"_blank\" rel=\"nofollow\"><i class=\"fas fa-check-circle\"><\/i> Registrace zdarma<\/a>\n\n\t\t\t\t\t\t\t<\/div>\n\t\t\t\t\t\t<\/div>\n\t\t\t\t\t<\/div>\n\t\t\t\t<\/div>\n\n\t\t\t\t\n\t\t\t<\/div>\n\t\t\t\n\t\t<\/div>\n\t<\/div>\n\n\n<h3>\ud83d\udc49 Jste p\u0159ipraveni setkat se s m\u00edstn\u00edmi d\u011bvkami?<\/h3>\n<p>Za\u010dn\u011bte hned t\u00edm, \u017ee se p\u0159ipoj\u00edte k jedn\u00e9 (nebo v\u00edce!) z nejlep\u0161\u00edch seznamovac\u00edch platforem:<\/p>\n<ul>\n<li>Bu\u010f zlobiv\u00fd;<\/li>\n<li>Ashley Madison<\/li>\n<li>AdultFriendFinder<\/li>\n<li>Cougar \u017divot<\/li>\n<li>MILF Seznamovac\u00ed Klub<\/li>\n<\/ul>\n<p>\ud83d\udccd Je m\u00edstn\u00ed \ud83d\udcac Je online \ud83d\udd25 A hled\u00e1 n\u011bkoho, kdo to ch\u00e1pe<\/p>\n<p>Ode\u0161lete zpr\u00e1vu. Spus\u0165te chat. A nechte v\u011bci, aby se staly z\u00e1bavn\u00fdmi &#8211; rychle. \ud83d\udc8b\ud83d\udcf1\ud83d\ude08   <\/p>\n","protected":false},"excerpt":{"rendered":"<p>Zdarma Kurva Str\u00e1nky \u017d\u00e1dn\u00e1 kreditn\u00ed karta &#8211; Seznamte se s nadr\u017een\u00fdmi d\u011bvkami ve va\u0161em \ud83d\udc8b\ud83d\udcf1\ud83d\udd25 okol\u00ed P\u0159esko\u010dme nez\u00e1vaznou konverzaci: pokud hled\u00e1te z\u00e1bavn\u00e9, p\u0159\u00edle\u017eitostn\u00e9 spojen\u00ed se sebev\u011bdom\u00fdmi, sexu\u00e1ln\u011b otev\u0159en\u00fdmi \u017eenami, nejste sami &#8211; a ano, je naprosto mo\u017en\u00e9 je naj\u00edt ve va\u0161em okol\u00ed. A\u0165 u\u017e jsou to dobrodru\u017en\u00e9 MILFky, odv\u00e1\u017en\u00e9 pumy, koketn\u00ed rozveden\u00ed nebo nadr\u017een\u00e9 \u017eeny, [&hellip;]<\/p>\n","protected":false},"author":1,"featured_media":0,"parent":0,"menu_order":0,"comment_status":"closed","ping_status":"closed","template":"page-without-title.php","meta":[],"_links":{"self":[{"href":"https:\/\/adultxxxdate.net\/cs\/wp-json\/wp\/v2\/pages\/2918"}],"collection":[{"href":"https:\/\/adultxxxdate.net\/cs\/wp-json\/wp\/v2\/pages"}],"about":[{"href":"https:\/\/adultxxxdate.net\/cs\/wp-json\/wp\/v2\/types\/page"}],"author":[{"embeddable":true,"href":"https:\/\/adultxxxdate.net\/cs\/wp-json\/wp\/v2\/users\/1"}],"replies":[{"embeddable":true,"href":"https:\/\/adultxxxdate.net\/cs\/wp-json\/wp\/v2\/comments?post=2918"}],"version-history":[{"count":1,"href":"https:\/\/adultxxxdate.net\/cs\/wp-json\/wp\/v2\/pages\/2918\/revisions"}],"predecessor-version":[{"id":3324,"href":"https:\/\/adultxxxdate.net\/cs\/wp-json\/wp\/v2\/pages\/2918\/revisions\/3324"}],"wp:attachment":[{"href":"https:\/\/adultxxxdate.net\/cs\/wp-json\/wp\/v2\/media?parent=2918"}],"curies":[{"name":"wp","href":"https:\/\/api.w.org\/{rel}","templated":true}]}}