{"id":2796,"date":"2021-12-16T16:55:31","date_gmt":"2021-12-16T16:55:31","guid":{"rendered":"https:\/\/adultxxxdate.net\/porno-hry-bez-prihlaseni\/"},"modified":"2022-02-04T15:09:02","modified_gmt":"2022-02-04T15:09:02","slug":"porno-hry-bez-prihlaseni","status":"publish","type":"page","link":"https:\/\/adultxxxdate.net\/cs\/porno-hry-bez-prihlaseni\/","title":{"rendered":"Porno Hry Bez P\u0159ihl\u00e1\u0161en\u00ed"},"content":{"rendered":"<h1>Porno Hry Bez P\u0159ihl\u00e1\u0161en\u00ed<\/h1>\n\n\t<div class=\"space-shortcode-wrap space-games-shortcode-1 relative relative\">\n\t\t<div class=\"space-shortcode-wrap-ins relative\">\n\n\t\t\t\n\t\t\t<div class=\"space-games-archive-items box-100 relative\">\n\n\t\t\t\t\n\t\t\t\t<div class=\"space-games-archive-item box-50 relative\">\n\t\t\t\t\t<div class=\"space-games-archive-item-ins relative\">\n\t\t\t\t\t\t\t\t\t\t\t\t<div class=\"space-games-archive-item-img relative\">\n\t\t\t\t\t\t\t<a href=\"\/links\/hentaiheroes\" title=\"Hentai Hrdinov\u00e9\">\n\t\t\t\t\t\t\t\t<img src=\"https:\/\/adultxxxdate.net\/wp-content\/uploads\/2021\/04\/hentaiheroes_main-review-450x317.jpg\" alt=\"Hentai Hrdinov\u00e9\">\n\t\t\t\t\t\t\t<\/a>\n\t\t\t\t\t\t<\/div>\n\t\t\t\t\t\t\t\t\t\t\t\t<div class=\"space-games-archive-item-wrap text-center relative\">\n\t\t\t\t\t\t\t<div class=\"space-games-archive-item-title relative\">\n\t\t\t\t\t\t\t\t<a href=\"\/links\/hentaiheroes\" title=\"Hentai Hrdinov\u00e9\">Hentai Hrdinov\u00e9<\/a>\n\t\t\t\t\t\t\t<\/div>\n\n\t\t\t\t\t\t\t\t\t\t\t\t\t\t<div class=\"space-games-archive-item-short-desc relative\">\n\t\t\t\t\t\t\t\tAnime styl pro dosp\u011bl\u00e9 sexu\u00e1ln\u00ed hra, kter\u00e1 v\u00e1m umo\u017en\u00ed navigovat ve virtu\u00e1ln\u00edm sv\u011bt\u011b.\t\t\t\t\t\t\t<\/div>\n\t\t\t\t\t\t\t\n\t\t\t\t\t\t\t<div class=\"space-games-archive-item-button relative\">\n\t\t\t\t\t\t\t\t<a href=\"\/links\/hentaiheroes\" title=\"Hr\u00e1t nyn\u00ed\" target=\"_blank\" rel=\"nofollow\">Hr\u00e1t nyn\u00ed<\/a>\n\t\t\t\t\t\t\t<\/div>\n\n\t\t\t\t\t\t\t\t\t\t\t\t\t\n\t\t\t\t\t\t<\/div>\n\t\t\t\t\t<\/div>\n\t\t\t\t<\/div>\n\n\t\t\t\t\n\t\t\t\t<div class=\"space-games-archive-item box-50 relative\">\n\t\t\t\t\t<div class=\"space-games-archive-item-ins relative\">\n\t\t\t\t\t\t\t\t\t\t\t\t<div class=\"space-games-archive-item-img relative\">\n\t\t\t\t\t\t\t<a href=\"\/links\/sexemulator\" title=\"Sexu\u00e1ln\u00ed emul\u00e1tor\">\n\t\t\t\t\t\t\t\t<img src=\"https:\/\/adultxxxdate.net\/wp-content\/uploads\/2021\/04\/sex-emulator-review-image-450x317.jpg\" alt=\"Sexu\u00e1ln\u00ed emul\u00e1tor\">\n\t\t\t\t\t\t\t<\/a>\n\t\t\t\t\t\t<\/div>\n\t\t\t\t\t\t\t\t\t\t\t\t<div class=\"space-games-archive-item-wrap text-center relative\">\n\t\t\t\t\t\t\t<div class=\"space-games-archive-item-title relative\">\n\t\t\t\t\t\t\t\t<a href=\"\/links\/sexemulator\" title=\"Sexu\u00e1ln\u00ed emul\u00e1tor\">Sexu\u00e1ln\u00ed emul\u00e1tor<\/a>\n\t\t\t\t\t\t\t<\/div>\n\n\t\t\t\t\t\t\t\t\t\t\t\t\t\t<div class=\"space-games-archive-item-short-desc relative\">\n\t\t\t\t\t\t\t\tJedna z nejl\u00e9pe hodnocen\u00fdch 3D sexu\u00e1ln\u00edch her. Vytvo\u0159te si svou postavu a napodobujte sv\u00e9 fantazie.\t\t\t\t\t\t\t<\/div>\n\t\t\t\t\t\t\t\n\t\t\t\t\t\t\t<div class=\"space-games-archive-item-button relative\">\n\t\t\t\t\t\t\t\t<a href=\"\/links\/sexemulator\" title=\"Hr\u00e1t nyn\u00ed\" target=\"_blank\" rel=\"nofollow\">Hr\u00e1t nyn\u00ed<\/a>\n\t\t\t\t\t\t\t<\/div>\n\n\t\t\t\t\t\t\t\t\t\t\t\t\t\n\t\t\t\t\t\t<\/div>\n\t\t\t\t\t<\/div>\n\t\t\t\t<\/div>\n\n\t\t\t\t\n\t\t\t<\/div>\n\t\t\n\t\t<\/div>\n\t<\/div>\n\n\n<h2>Zdarma Sex Hry No Registrace<\/h2>\n<p>Zlep\u0161en\u00ed sexu\u00e1ln\u00edho \u017eivota je jedn\u00edm z nejn\u00e1ro\u010dn\u011bj\u0161\u00edch \u00fakol\u016f pro mnoho dosp\u011bl\u00fdch s jejich nabit\u00fdm programem. Pokud jste se rozhodli zlep\u0161it sv\u016fj sexu\u00e1ln\u00ed \u017eivot, pak m\u016f\u017eete bez obav kontaktovat platformu, kter\u00e1 se specializuje a navrhuje pro svou velkou sb\u00edrku porno her. M\u016f\u017eete prozkoumat hlavn\u00ed atrakce sexu\u00e1ln\u00edch her jeden po druh\u00e9m a str\u00e1vit voln\u00fd \u010das co nejp\u0159\u00edjemn\u011bj\u0161\u00ed. Jakmile za\u010dnete hr\u00e1t sexu\u00e1ln\u00ed hry bohat\u00e9 na z\u00e1bavn\u00e9 v\u011bci pro dosp\u011bl\u00e9, m\u016f\u017eete z\u00edskat 100% sexu\u00e1ln\u00ed uspokojen\u00ed a splnit si p\u0159\u00e1n\u00ed o vylep\u0161en\u00e9m sexu\u00e1ln\u00edm \u017eivot\u011b.<\/p>\n<h2>Porno Hry Bez Registrace<\/h2>\n<p>Ka\u017ed\u00fd hr\u00e1\u010d trojrozm\u011brn\u00fdch sexu\u00e1ln\u00edch her dostane \u0159adu p\u0159\u00edzniv\u00fdch v\u011bc\u00ed. Dost\u00e1vaj\u00ed v\u00edce ne\u017e o\u010dek\u00e1vanou sexu\u00e1ln\u00ed z\u00e1bavu a jsou povzbuzov\u00e1ni, aby oko\u0159enili v\u011bci ve sv\u00e9 p\u0159edeh\u0159e. Jsou ochotni hr\u00e1t nejmodern\u011bj\u0161\u00ed 3D sexu\u00e1ln\u00ed hry jeden po druh\u00e9m a u\u017e\u00edvat si voln\u00e9ho \u010dasu nad r\u00e1mec sv\u00fdch p\u0159\u00e1n\u00ed. Pokud si p\u0159e\u010dtete posudky od hr\u00e1\u010d\u016f sexu\u00e1ln\u00edch her v t\u00e9to kategorii, m\u016f\u017eete z\u00edskat dostate\u010dnou pomoc a zajistit, jak si vybrat a <a href=\"https:\/\/adultxxxdate.net\/cs\/xxx-hry-pro-iphone\/\">hr\u00e1t vhodnou sexu\u00e1ln\u00ed hru<\/a>. Stanete se fanou\u0161kem 3D sexu\u00e1ln\u00ed hry a budete povzbuzov\u00e1ni, abyste se zapojili do t\u00e9to formy z\u00e1bavy pro dosp\u011bl\u00e9.<\/p>\n<p>Hr\u00e1\u010di online sexu\u00e1ln\u00edch her, jako je za dunou, \u0161kola seznamu, sny o touze a dal\u0161\u00ed hry, maj\u00ed st\u00e1le v\u011bt\u0161\u00ed \u0161ance prozkoumat z\u00e1bavn\u00e9 v\u011bci pro dosp\u011bl\u00e9. Najdou a vyu\u017eij\u00ed ka\u017edou mo\u017enost pro nejvy\u0161\u0161\u00ed mo\u017en\u00e9 sexu\u00e1ln\u00ed uspokojen\u00ed. Zaji\u0161\u0165uj\u00ed v\u00fdjime\u010dn\u00e9 zlep\u0161en\u00ed ve sv\u00e9m zp\u016fsobu \u00fa\u010dasti ve sv\u011bt\u011b sexu\u00e1ln\u00edch her. M\u016f\u017eete si v\u0161imnout n\u00e1vrh\u016f, jak si vybrat a hr\u00e1t porno hry bohat\u00e9 na z\u00e1bavn\u00e9 v\u011bci pro dosp\u011bl\u00e9. Z\u00edsk\u00e1te \u00fa\u017easnou pomoc a budete m\u00edt \u0159adu z\u00e1bavn\u00fdch v\u011bc\u00ed pro dosp\u011bl\u00e9.<\/p>\n","protected":false},"excerpt":{"rendered":"<p>Porno Hry Bez P\u0159ihl\u00e1\u0161en\u00ed Zdarma Sex Hry No Registrace Zlep\u0161en\u00ed sexu\u00e1ln\u00edho \u017eivota je jedn\u00edm z nejn\u00e1ro\u010dn\u011bj\u0161\u00edch \u00fakol\u016f pro mnoho dosp\u011bl\u00fdch s jejich nabit\u00fdm programem. Pokud jste se rozhodli zlep\u0161it sv\u016fj sexu\u00e1ln\u00ed \u017eivot, pak m\u016f\u017eete bez obav kontaktovat platformu, kter\u00e1 se specializuje a navrhuje pro svou velkou sb\u00edrku porno her. M\u016f\u017eete prozkoumat hlavn\u00ed atrakce sexu\u00e1ln\u00edch her [&hellip;]<\/p>\n","protected":false},"author":1,"featured_media":0,"parent":0,"menu_order":0,"comment_status":"closed","ping_status":"closed","template":"page-without-title.php","meta":[],"_links":{"self":[{"href":"https:\/\/adultxxxdate.net\/cs\/wp-json\/wp\/v2\/pages\/2796"}],"collection":[{"href":"https:\/\/adultxxxdate.net\/cs\/wp-json\/wp\/v2\/pages"}],"about":[{"href":"https:\/\/adultxxxdate.net\/cs\/wp-json\/wp\/v2\/types\/page"}],"author":[{"embeddable":true,"href":"https:\/\/adultxxxdate.net\/cs\/wp-json\/wp\/v2\/users\/1"}],"replies":[{"embeddable":true,"href":"https:\/\/adultxxxdate.net\/cs\/wp-json\/wp\/v2\/comments?post=2796"}],"version-history":[{"count":1,"href":"https:\/\/adultxxxdate.net\/cs\/wp-json\/wp\/v2\/pages\/2796\/revisions"}],"predecessor-version":[{"id":2806,"href":"https:\/\/adultxxxdate.net\/cs\/wp-json\/wp\/v2\/pages\/2796\/revisions\/2806"}],"wp:attachment":[{"href":"https:\/\/adultxxxdate.net\/cs\/wp-json\/wp\/v2\/media?parent=2796"}],"curies":[{"name":"wp","href":"https:\/\/api.w.org\/{rel}","templated":true}]}}