{"id":2704,"date":"2021-12-16T16:56:00","date_gmt":"2021-12-16T16:56:00","guid":{"rendered":"https:\/\/adultxxxdate.net\/xxx-hry-pro-iphone\/"},"modified":"2021-12-16T16:56:00","modified_gmt":"2021-12-16T16:56:00","slug":"xxx-hry-pro-iphone","status":"publish","type":"page","link":"https:\/\/adultxxxdate.net\/cs\/xxx-hry-pro-iphone\/","title":{"rendered":"XXX hry pro iPhone"},"content":{"rendered":"<h1>XXX hry pro iPhone<\/h1>\n\n\t<div class=\"space-shortcode-wrap space-games-shortcode-1 relative relative\">\n\t\t<div class=\"space-shortcode-wrap-ins relative\">\n\n\t\t\t\n\t\t\t<div class=\"space-games-archive-items box-100 relative\">\n\n\t\t\t\t\n\t\t\t\t<div class=\"space-games-archive-item box-50 relative\">\n\t\t\t\t\t<div class=\"space-games-archive-item-ins relative\">\n\t\t\t\t\t\t\t\t\t\t\t\t<div class=\"space-games-archive-item-img relative\">\n\t\t\t\t\t\t\t<a href=\"\/links\/hentaiheroes\" title=\"Hentai Hrdinov\u00e9\">\n\t\t\t\t\t\t\t\t<img src=\"https:\/\/adultxxxdate.net\/wp-content\/uploads\/2021\/04\/hentaiheroes_main-review-450x317.jpg\" alt=\"Hentai Hrdinov\u00e9\">\n\t\t\t\t\t\t\t<\/a>\n\t\t\t\t\t\t<\/div>\n\t\t\t\t\t\t\t\t\t\t\t\t<div class=\"space-games-archive-item-wrap text-center relative\">\n\t\t\t\t\t\t\t<div class=\"space-games-archive-item-title relative\">\n\t\t\t\t\t\t\t\t<a href=\"\/links\/hentaiheroes\" title=\"Hentai Hrdinov\u00e9\">Hentai Hrdinov\u00e9<\/a>\n\t\t\t\t\t\t\t<\/div>\n\n\t\t\t\t\t\t\t\t\t\t\t\t\t\t<div class=\"space-games-archive-item-short-desc relative\">\n\t\t\t\t\t\t\t\tAnime styl pro dosp\u011bl\u00e9 sexu\u00e1ln\u00ed hra, kter\u00e1 v\u00e1m umo\u017en\u00ed navigovat ve virtu\u00e1ln\u00edm sv\u011bt\u011b.\t\t\t\t\t\t\t<\/div>\n\t\t\t\t\t\t\t\n\t\t\t\t\t\t\t<div class=\"space-games-archive-item-button relative\">\n\t\t\t\t\t\t\t\t<a href=\"\/links\/hentaiheroes\" title=\"Hr\u00e1t nyn\u00ed\" target=\"_blank\" rel=\"nofollow\">Hr\u00e1t nyn\u00ed<\/a>\n\t\t\t\t\t\t\t<\/div>\n\n\t\t\t\t\t\t\t\t\t\t\t\t\t\n\t\t\t\t\t\t<\/div>\n\t\t\t\t\t<\/div>\n\t\t\t\t<\/div>\n\n\t\t\t\t\n\t\t\t\t<div class=\"space-games-archive-item box-50 relative\">\n\t\t\t\t\t<div class=\"space-games-archive-item-ins relative\">\n\t\t\t\t\t\t\t\t\t\t\t\t<div class=\"space-games-archive-item-img relative\">\n\t\t\t\t\t\t\t<a href=\"\/links\/sexemulator\" title=\"Sexu\u00e1ln\u00ed emul\u00e1tor\">\n\t\t\t\t\t\t\t\t<img src=\"https:\/\/adultxxxdate.net\/wp-content\/uploads\/2021\/04\/sex-emulator-review-image-450x317.jpg\" alt=\"Sexu\u00e1ln\u00ed emul\u00e1tor\">\n\t\t\t\t\t\t\t<\/a>\n\t\t\t\t\t\t<\/div>\n\t\t\t\t\t\t\t\t\t\t\t\t<div class=\"space-games-archive-item-wrap text-center relative\">\n\t\t\t\t\t\t\t<div class=\"space-games-archive-item-title relative\">\n\t\t\t\t\t\t\t\t<a href=\"\/links\/sexemulator\" title=\"Sexu\u00e1ln\u00ed emul\u00e1tor\">Sexu\u00e1ln\u00ed emul\u00e1tor<\/a>\n\t\t\t\t\t\t\t<\/div>\n\n\t\t\t\t\t\t\t\t\t\t\t\t\t\t<div class=\"space-games-archive-item-short-desc relative\">\n\t\t\t\t\t\t\t\tJedna z nejl\u00e9pe hodnocen\u00fdch 3D sexu\u00e1ln\u00edch her. Vytvo\u0159te si svou postavu a napodobujte sv\u00e9 fantazie.\t\t\t\t\t\t\t<\/div>\n\t\t\t\t\t\t\t\n\t\t\t\t\t\t\t<div class=\"space-games-archive-item-button relative\">\n\t\t\t\t\t\t\t\t<a href=\"\/links\/sexemulator\" title=\"Hr\u00e1t nyn\u00ed\" target=\"_blank\" rel=\"nofollow\">Hr\u00e1t nyn\u00ed<\/a>\n\t\t\t\t\t\t\t<\/div>\n\n\t\t\t\t\t\t\t\t\t\t\t\t\t\n\t\t\t\t\t\t<\/div>\n\t\t\t\t\t<\/div>\n\t\t\t\t<\/div>\n\n\t\t\t\t\n\t\t\t<\/div>\n\t\t\n\t\t<\/div>\n\t<\/div>\n\n\n<h2>Sexu\u00e1ln\u00ed hry pro iOS<\/h2>\n<p>Ka\u017ed\u00fd hr\u00e1\u010d jak\u00e9koli <a href=\"https:\/\/adultxxxdate.net\/cs\/porno-hry-bez-prihlaseni\/\">sexu\u00e1ln\u00ed hry<\/a> se nezklame z\u00edskat dobr\u00e9 zlep\u0161en\u00ed ve sv\u00e9 dosp\u011bl\u00e9 z\u00e1bav\u011b a sexu\u00e1ln\u00edm \u017eivot\u011b. Mnoho p\u00e1r\u016f po cel\u00e9m sv\u011bt\u011b hraje sexu\u00e1ln\u00ed hry, aby zdokonalili sv\u00e9 komunika\u010dn\u00ed dovednosti pro lep\u0161\u00ed sex. Z\u00edsk\u00e1vaj\u00ed z\u00e1jem d\u011blat nov\u00e9 v\u011bci a komunikovat se sexu\u00e1ln\u00edm partnerem p\u0159ed, b\u011bhem a po sexu. O\u010dek\u00e1vaj\u00ed dokonal\u00fd sex bez jak\u00e9koli snahy omezit z\u00e1bavu pro dosp\u011bl\u00e9. Mnoho dosp\u011bl\u00fdch si p\u0159eje m\u00edt situace, ve kter\u00fdch p\u0159ich\u00e1z\u00ed skv\u011bl\u00fd sex pr\u00e1v\u011b tehdy, kdy\u017e to nejm\u00e9n\u011b o\u010dek\u00e1vaj\u00ed. Je to proto, \u017ee maj\u00ed pocit, \u017ee skv\u011bl\u00fd sex vy\u017eaduje pr\u00e1ci. Mohou pracovat na nejlep\u0161\u00edch sexu\u00e1ln\u00edch hr\u00e1ch d\u00e1le a d\u011blat sv\u016fj sexu\u00e1ln\u00ed \u017eivot lep\u0161\u00ed ne\u017e nyn\u00ed.<\/p>\n<h2>iPhone Sex Hry<\/h2>\n<p>Yareel je pikantn\u00ed online sexu\u00e1ln\u00ed hra a proslul\u00e1 svou vysoce n\u00e1vykovou povahou a plnou p\u0159ekvapen\u00ed. Jako hr\u00e1\u010d t\u00e9to sexu\u00e1ln\u00ed hry si mus\u00edte nejprve vytvo\u0159it vlastn\u00ed avatar a p\u0159izp\u016fsobit jej tak, jak si p\u0159ejete. Na t\u00e9to platform\u011b m\u016f\u017eete pokra\u010dovat v setk\u00e1n\u00ed a datov\u00e1n\u00ed s ostatn\u00edmi skute\u010dn\u00fdmi u\u017eivateli. Prvot\u0159\u00eddn\u00ed funkce avatara pom\u00e1haj\u00ed hr\u00e1\u010d\u016fm plnit jejich skryt\u00e9 sexu\u00e1ln\u00ed touhy a poskytuj\u00ed \u0161ance na neomezen\u00fd online virtu\u00e1ln\u00ed sex. Zaj\u00edmav\u00e9 funkce a skv\u011bl\u00e1 grafika \u010din\u00ed tuto hru velmi popul\u00e1rn\u00ed a d\u00e1vaj\u00ed 100% sexu\u00e1ln\u00ed uspokojen\u00ed ka\u017ed\u00e9mu hr\u00e1\u010di.<\/p>\n<p>Second Life je \u0161pi\u010dkov\u00e1 online sexu\u00e1ln\u00ed hra, kde se ka\u017ed\u00fd m\u016f\u017ee p\u0159ipojit zdarma a vstoupit do virtu\u00e1ln\u00edho sexu\u00e1ln\u00edho sv\u011bta bez obt\u00ed\u017e\u00ed a zpo\u017ed\u011bn\u00ed. V t\u00e9to porno h\u0159e jsou \u0161pi\u010dkov\u00e9 postavy s velmi dobrou pov\u011bst\u00ed. Tato hra d\u011bl\u00e1 ka\u017ed\u00e9ho hr\u00e1\u010de pot\u011b\u0161en\u00fdm. Je to vhodn\u00fd \u010das prozkoumat druh\u00fd \u017eivot a vyu\u017e\u00edt ka\u017edou p\u0159\u00edle\u017eitost k oko\u0159en\u011bn\u00ed v\u011bc\u00ed ve va\u0161\u00ed virtu\u00e1ln\u00ed sexu\u00e1ln\u00ed z\u00e1bav\u011b. V tomto hern\u00edm sv\u011bt\u011b mohou hr\u00e1\u010di rozv\u00edjet sv\u00e9 podnik\u00e1n\u00ed a d\u011blat skv\u011bl\u00e9 v\u011bci, aby se stali velmi popul\u00e1rn\u00edmi. \u017densk\u00e9 postavy v t\u00e9to h\u0159e jsou pe\u010dliv\u011b navr\u017eeny a \u0161pi\u010dkov\u00e9 od p\u0159\u00edrody.<\/p>\n","protected":false},"excerpt":{"rendered":"<p>XXX hry pro iPhone Sexu\u00e1ln\u00ed hry pro iOS Ka\u017ed\u00fd hr\u00e1\u010d jak\u00e9koli sexu\u00e1ln\u00ed hry se nezklame z\u00edskat dobr\u00e9 zlep\u0161en\u00ed ve sv\u00e9 dosp\u011bl\u00e9 z\u00e1bav\u011b a sexu\u00e1ln\u00edm \u017eivot\u011b. Mnoho p\u00e1r\u016f po cel\u00e9m sv\u011bt\u011b hraje sexu\u00e1ln\u00ed hry, aby zdokonalili sv\u00e9 komunika\u010dn\u00ed dovednosti pro lep\u0161\u00ed sex. Z\u00edsk\u00e1vaj\u00ed z\u00e1jem d\u011blat nov\u00e9 v\u011bci a komunikovat se sexu\u00e1ln\u00edm partnerem p\u0159ed, b\u011bhem a po [&hellip;]<\/p>\n","protected":false},"author":1,"featured_media":0,"parent":0,"menu_order":0,"comment_status":"closed","ping_status":"closed","template":"page-without-title.php","meta":[],"_links":{"self":[{"href":"https:\/\/adultxxxdate.net\/cs\/wp-json\/wp\/v2\/pages\/2704"}],"collection":[{"href":"https:\/\/adultxxxdate.net\/cs\/wp-json\/wp\/v2\/pages"}],"about":[{"href":"https:\/\/adultxxxdate.net\/cs\/wp-json\/wp\/v2\/types\/page"}],"author":[{"embeddable":true,"href":"https:\/\/adultxxxdate.net\/cs\/wp-json\/wp\/v2\/users\/1"}],"replies":[{"embeddable":true,"href":"https:\/\/adultxxxdate.net\/cs\/wp-json\/wp\/v2\/comments?post=2704"}],"version-history":[{"count":0,"href":"https:\/\/adultxxxdate.net\/cs\/wp-json\/wp\/v2\/pages\/2704\/revisions"}],"wp:attachment":[{"href":"https:\/\/adultxxxdate.net\/cs\/wp-json\/wp\/v2\/media?parent=2704"}],"curies":[{"name":"wp","href":"https:\/\/api.w.org\/{rel}","templated":true}]}}